{"id":1580,"date":"2024-05-15T03:36:39","date_gmt":"2024-05-15T03:36:39","guid":{"rendered":"https:\/\/showerglasshardware.com\/?post_type=product&#038;p=1580"},"modified":"2025-08-14T08:14:37","modified_gmt":"2025-08-14T08:14:37","slug":"adjustable-shower-door-support-bar-square-tube-sgh-617a","status":"publish","type":"product","link":"https:\/\/showerglasshardware.com\/es-es\/product\/adjustable-shower-door-support-bar-square-tube-sgh-617a\/","title":{"rendered":"Barra de soporte ajustable para puerta de ducha | Tubo cuadrado | SGH-617A"},"content":{"rendered":"<p data-start=\"491\" data-end=\"652\">La barra de soporte cuadrada ajustable para puertas de ducha SGH-617A est\u00e1 dise\u00f1ada para proporcionar un refuerzo resistente y elegante para puertas y paneles de ducha de cristal sin marco.<\/p>\n<p data-start=\"654\" data-end=\"906\">Fabricada en lat\u00f3n macizo y acero inoxidable 304, esta barra de soporte garantiza durabilidad, resistencia a la corrosi\u00f3n y un moderno aspecto de tubo cuadrado. Cuenta con una conexi\u00f3n ajustable de 90\u00b0 de cristal a pared, lo que permite flexibilidad en la instalaci\u00f3n.<\/p>\n<p data-start=\"908\" data-end=\"1112\">Adecuado para cristal de 6-8 mm y 10-12 mm de grosor, la longitud puede ajustarse f\u00e1cilmente de 600 mm a 1.000 mm, lo que lo hace adaptable a diversas configuraciones de ducha en cuartos de ba\u00f1o residenciales y comerciales.<\/p>\n<p data-start=\"1114\" data-end=\"1133\"><strong data-start=\"1114\" data-end=\"1131\">Caracter\u00edsticas clave:<\/strong><\/p>\n<ul data-start=\"1134\" data-end=\"1504\">\n<li data-start=\"1134\" data-end=\"1217\">\n<p data-start=\"1136\" data-end=\"1217\"><strong data-start=\"1136\" data-end=\"1149\">Material:<\/strong> Lat\u00f3n + acero inoxidable 304 para mayor solidez y resistencia a la corrosi\u00f3n<\/p>\n<\/li>\n<li data-start=\"1218\" data-end=\"1302\">\n<p data-start=\"1220\" data-end=\"1302\"><strong data-start=\"1220\" data-end=\"1231\">Dise\u00f1o:<\/strong> Barra de soporte de tubo cuadrado ajustable con conexi\u00f3n de 90\u00b0 vidrio-pared<\/p>\n<\/li>\n<li data-start=\"1303\" data-end=\"1366\">\n<p data-start=\"1305\" data-end=\"1366\"><strong data-start=\"1305\" data-end=\"1329\">Compatibilidad de vidrio:<\/strong> Se adapta a cristales de 6-8 mm y 10-12 mm de grosor<\/p>\n<\/li>\n<li data-start=\"1367\" data-end=\"1430\">\n<p data-start=\"1369\" data-end=\"1430\"><strong data-start=\"1369\" data-end=\"1391\">Longitud ajustable:<\/strong> 600-1000 mm para una instalaci\u00f3n flexible<\/p>\n<\/li>\n<li data-start=\"1431\" data-end=\"1504\">\n<p data-start=\"1433\" data-end=\"1504\"><strong data-start=\"1433\" data-end=\"1450\">Aplicaciones:<\/strong> Refuerzo para puertas y paneles de ducha sin marco<\/p>\n<\/li>\n<\/ul>\n<p data-start=\"1506\" data-end=\"1527\"><strong data-start=\"1506\" data-end=\"1525\">Especificaciones:<\/strong><\/p>\n<ul data-start=\"1528\" data-end=\"1850\">\n<li data-start=\"1528\" data-end=\"1551\">\n<p data-start=\"1530\" data-end=\"1551\"><strong data-start=\"1530\" data-end=\"1540\">Modelo:<\/strong> SGH-617A<\/p>\n<\/li>\n<li data-start=\"1552\" data-end=\"1607\">\n<p data-start=\"1554\" data-end=\"1607\"><strong data-start=\"1554\" data-end=\"1563\">Tipo:<\/strong> Barra de soporte cuadrada ajustable para puerta de ducha<\/p>\n<\/li>\n<li data-start=\"1608\" data-end=\"1655\">\n<p data-start=\"1610\" data-end=\"1655\"><strong data-start=\"1610\" data-end=\"1623\">Material:<\/strong> Lat\u00f3n y acero inoxidable 304<\/p>\n<\/li>\n<li data-start=\"1656\" data-end=\"1702\">\n<p data-start=\"1658\" data-end=\"1702\"><strong data-start=\"1658\" data-end=\"1682\">Compatibilidad de vidrio:<\/strong> 6-8 mm y 10-12 mm<\/p>\n<\/li>\n<li data-start=\"1703\" data-end=\"1740\">\n<p data-start=\"1705\" data-end=\"1740\"><strong data-start=\"1705\" data-end=\"1727\">Ajuste de longitud:<\/strong> 600-1000 mm<\/p>\n<\/li>\n<li data-start=\"1741\" data-end=\"1795\">\n<p data-start=\"1743\" data-end=\"1795\"><strong data-start=\"1743\" data-end=\"1763\">Tipo de conexi\u00f3n:<\/strong> Cristal a pared, ajustable 90<\/p>\n<\/li>\n<li data-start=\"1796\" data-end=\"1850\">\n<p data-start=\"1798\" data-end=\"1850\"><strong data-start=\"1798\" data-end=\"1814\">Solicitud:<\/strong> Mamparas de ducha de cristal sin marco<\/p>\n<\/li>\n<\/ul>\n<p><img fetchpriority=\"high\" decoding=\"async\" src=\"https:\/\/showerglasshardware.com\/wp-content\/uploads\/2024\/05\/SGH-617A-5.jpg\" sizes=\"(max-width: 830px) 100vw, 830px\" srcset=\"https:\/\/showerglasshardware.com\/wp-content\/uploads\/2024\/05\/SGH-617A-5.jpg 830w, https:\/\/showerglasshardware.com\/wp-content\/uploads\/2024\/05\/SGH-617A-5-300x155.jpg 300w, https:\/\/showerglasshardware.com\/wp-content\/uploads\/2024\/05\/SGH-617A-5-768x396.jpg 768w, https:\/\/showerglasshardware.com\/wp-content\/uploads\/2024\/05\/SGH-617A-5-18x9.jpg 18w, https:\/\/showerglasshardware.com\/wp-content\/uploads\/2024\/05\/SGH-617A-5-600x309.jpg 600w\" alt=\"\" width=\"830\" height=\"428\" title=\"\"><\/p>\n<p>&nbsp;<\/p>\n<p>Dise\u00f1ada para una configuraci\u00f3n ajustable de 90\u00b0 de vidrio a pared, esta barra de soporte es adecuada para espesores de vidrio de 6 mm a 8 mm o de 10 mm a 12 mm, lo que brinda versatilidad en la instalaci\u00f3n. La longitud ajustable de 600 mm a 1000 mm garantiza un ajuste perfecto para su mampara de ducha.<\/p>\n<p>Para satisfacer las diferentes necesidades de los clientes, esta barra de soporte se puede combinar con varios conectores de pared.<\/p>\n<p>&nbsp;<\/p>\n<p><img decoding=\"async\" src=\"https:\/\/showerglasshardware.com\/wp-content\/uploads\/2024\/05\/RC39.jpg\" sizes=\"(max-width: 271px) 100vw, 271px\" srcset=\"https:\/\/showerglasshardware.com\/wp-content\/uploads\/2024\/05\/RC39.jpg 271w, https:\/\/showerglasshardware.com\/wp-content\/uploads\/2024\/05\/RC39-18x12.jpg 18w\" alt=\"\" width=\"271\" height=\"181\" title=\"\"><\/p>\n<h4>RC39<\/h4>\n<p>Conector ajustable tubo a pared<!-- notionvc: 551eb328-f611-40b6-bf25-57fbdb725110 --><\/p>\n<p>&nbsp;<\/p>\n<p><img decoding=\"async\" src=\"https:\/\/showerglasshardware.com\/wp-content\/uploads\/2024\/05\/RC44.jpg\" sizes=\"(max-width: 261px) 100vw, 261px\" srcset=\"https:\/\/showerglasshardware.com\/wp-content\/uploads\/2024\/05\/RC44.jpg 261w, https:\/\/showerglasshardware.com\/wp-content\/uploads\/2024\/05\/RC44-18x12.jpg 18w\" alt=\"\" width=\"261\" height=\"181\" title=\"\"><\/p>\n<h4>RC44<\/h4>\n<p>Conector tubo a pared 90\u00b0<br \/>\n<!-- notionvc: 551eb328-f611-40b6-bf25-57fbdb725110 --><\/p>\n<p>&nbsp;<\/p>\n<p><img loading=\"lazy\" decoding=\"async\" src=\"https:\/\/showerglasshardware.com\/wp-content\/uploads\/2024\/05\/RC49.jpg\" sizes=\"(max-width: 266px) 100vw, 266px\" srcset=\"https:\/\/showerglasshardware.com\/wp-content\/uploads\/2024\/05\/RC49.jpg 266w, https:\/\/showerglasshardware.com\/wp-content\/uploads\/2024\/05\/RC49-18x12.jpg 18w\" alt=\"\" width=\"266\" height=\"178\" title=\"\"><\/p>\n<h4>RC49<\/h4>\n<p>Conector tubo a pared 45\u00b0<br \/>\n<!-- notionvc: 551eb328-f611-40b6-bf25-57fbdb725110 --><\/p>\n<p>&nbsp;<\/p>\n<p>La barra de soporte ajustable para puerta de ducha SGH-617A mejorar\u00e1 su experiencia de ducha al fusionar perfectamente practicidad, durabilidad y atractivo est\u00e9tico.<\/p>","protected":false},"excerpt":{"rendered":"<ul>\n<li>Barra de soporte cuadrada ajustable;<\/li>\n<li>Vidrio a pared orientable 90\u00b0<\/li>\n<li>longitud ajustable;<\/li>\n<li>Material: Lat\u00f3n y acero inoxidable 304<\/li>\n<li>Adecuado para vidrio de 6-8 mm\/10-12 mm<\/li>\n<li>Longitud ajustable 600~1000 mm<\/li>\n<\/ul>","protected":false},"featured_media":1581,"comment_status":"open","ping_status":"closed","template":"","meta":{"_acf_changed":false},"product_brand":[],"product_cat":[47],"product_tag":[134],"class_list":{"0":"post-1580","1":"product","2":"type-product","3":"status-publish","4":"has-post-thumbnail","6":"product_cat-support-arms-and-bars","7":"product_tag-support-arms-and-bars","8":"pa_finish-brushed-nickel","9":"pa_finish-chrome","10":"pa_finish-gold","11":"pa_finish-gun-metal","12":"pa_finish-black","13":"pa_glass-thickness-suitable-for-6-8mm-10-12mm-glass","14":"pa_material-brass-and-stainless-steel-304","16":"first","17":"instock","18":"product-type-simple"},"acf":[],"_links":{"self":[{"href":"https:\/\/showerglasshardware.com\/es-es\/wp-json\/wp\/v2\/product\/1580","targetHints":{"allow":["GET"]}}],"collection":[{"href":"https:\/\/showerglasshardware.com\/es-es\/wp-json\/wp\/v2\/product"}],"about":[{"href":"https:\/\/showerglasshardware.com\/es-es\/wp-json\/wp\/v2\/types\/product"}],"replies":[{"embeddable":true,"href":"https:\/\/showerglasshardware.com\/es-es\/wp-json\/wp\/v2\/comments?post=1580"}],"version-history":[{"count":5,"href":"https:\/\/showerglasshardware.com\/es-es\/wp-json\/wp\/v2\/product\/1580\/revisions"}],"predecessor-version":[{"id":4652,"href":"https:\/\/showerglasshardware.com\/es-es\/wp-json\/wp\/v2\/product\/1580\/revisions\/4652"}],"wp:featuredmedia":[{"embeddable":true,"href":"https:\/\/showerglasshardware.com\/es-es\/wp-json\/wp\/v2\/media\/1581"}],"wp:attachment":[{"href":"https:\/\/showerglasshardware.com\/es-es\/wp-json\/wp\/v2\/media?parent=1580"}],"wp:term":[{"taxonomy":"product_brand","embeddable":true,"href":"https:\/\/showerglasshardware.com\/es-es\/wp-json\/wp\/v2\/product_brand?post=1580"},{"taxonomy":"product_cat","embeddable":true,"href":"https:\/\/showerglasshardware.com\/es-es\/wp-json\/wp\/v2\/product_cat?post=1580"},{"taxonomy":"product_tag","embeddable":true,"href":"https:\/\/showerglasshardware.com\/es-es\/wp-json\/wp\/v2\/product_tag?post=1580"}],"curies":[{"name":"wp","href":"https:\/\/api.w.org\/{rel}","templated":true}]}}