{"id":1596,"date":"2024-05-15T06:07:19","date_gmt":"2024-05-15T06:07:19","guid":{"rendered":"https:\/\/showerglasshardware.com\/?post_type=product&#038;p=1596"},"modified":"2024-12-17T09:36:23","modified_gmt":"2024-12-17T09:36:23","slug":"glass-to-glass-adjustable-shower-door-support-bar-square-tube-sgh-617d","status":"publish","type":"product","link":"https:\/\/showerglasshardware.com\/es-es\/product\/glass-to-glass-adjustable-shower-door-support-bar-square-tube-sgh-617d\/","title":{"rendered":"Barra de soporte ajustable para puerta de ducha de vidrio a vidrio | Tubo cuadrado | SGH-617D"},"content":{"rendered":"<div data-elementor-type=\"product-post\" data-elementor-id=\"1596\" class=\"elementor elementor-1596\" data-elementor-post-type=\"product\">\n\t\t\t\t<div class=\"elementor-element elementor-element-647e729 e-flex e-con-boxed e-con e-parent\" data-id=\"647e729\" data-element_type=\"container\" data-e-type=\"container\">\n\t\t\t\t\t<div class=\"e-con-inner\">\n\t\t\t\t<div class=\"elementor-element elementor-element-38d5889 elementor-widget elementor-widget-text-editor\" data-id=\"38d5889\" data-element_type=\"widget\" data-e-type=\"widget\" data-widget_type=\"text-editor.default\">\n\t\t\t\t\t\t\t\t\t<p>La barra de soporte ajustable para puerta de ducha de vidrio a vidrio SGH-617D mejorar\u00e1 su mampara de ducha. Esta barra de soporte, hecha de lat\u00f3n resistente y acero inoxidable 304, le da a la instalaci\u00f3n de su puerta de ducha resistencia y estilo.<\/p>\t\t\t\t\t\t\t\t<\/div>\n\t\t\t\t\t<\/div>\n\t\t\t\t<\/div>\n\t\t<div class=\"elementor-element elementor-element-c560227 e-flex e-con-boxed e-con e-parent\" data-id=\"c560227\" data-element_type=\"container\" data-e-type=\"container\">\n\t\t\t\t\t<div class=\"e-con-inner\">\n\t\t\t\t<div class=\"elementor-element elementor-element-cadd8a6 elementor-widget elementor-widget-text-editor\" data-id=\"cadd8a6\" data-element_type=\"widget\" data-e-type=\"widget\" data-widget_type=\"text-editor.default\">\n\t\t\t\t\t\t\t\t\t<p>Esta barra de soporte ofrece libertad de instalaci\u00f3n ya que est\u00e1 dise\u00f1ada para una configuraci\u00f3n intercambiable de 90\u00b0 de vidrio a vidrio. Es apropiado para espesores de vidrio que oscilan entre 6 mm y 8 mm o entre 10 mm y 12 mm.<\/p>\t\t\t\t\t\t\t\t<\/div>\n\t\t\t\t<div class=\"elementor-element elementor-element-eabd46a elementor-widget elementor-widget-text-editor\" data-id=\"eabd46a\" data-element_type=\"widget\" data-e-type=\"widget\" data-widget_type=\"text-editor.default\">\n\t\t\t\t\t\t\t\t\t<p>La longitud de esta barra de soporte se puede ajustar para adaptarse con precisi\u00f3n a sus necesidades, garantizando un ajuste perfecto para su mampara de ducha. Con la barra de soporte ajustable para puerta de ducha Glass To Glass SGH-617D, puede combinar sin esfuerzo durabilidad, utilidad y atractivo est\u00e9tico para mejorar su experiencia de ducha.<\/p>\t\t\t\t\t\t\t\t<\/div>\n\t\t\t\t\t<\/div>\n\t\t\t\t<\/div>\n\t\t\t\t<\/div>","protected":false},"excerpt":{"rendered":"<ul>\n<li>La longitud puede ser hecha por el cliente.<\/li>\n<li>Material: Lat\u00f3n y acero inoxidable 304<\/li>\n<li>Tipo: Barra de soporte para puerta de ducha<\/li>\n<li>Estilo: Vidrio a Vidrio ajustable 90\u00b0<\/li>\n<li>Grosor del vidrio: adecuado para vidrio de 6-8 mm\/10-12 mm<\/li>\n<\/ul>","protected":false},"featured_media":1581,"comment_status":"open","ping_status":"closed","template":"","meta":{"_acf_changed":false},"product_brand":[],"product_cat":[47],"product_tag":[134],"class_list":{"0":"post-1596","1":"product","2":"type-product","3":"status-publish","4":"has-post-thumbnail","6":"product_cat-support-arms-and-bars","7":"product_tag-support-arms-and-bars","8":"pa_finish-brushed-nickel","9":"pa_finish-chrome","10":"pa_finish-gold","11":"pa_finish-gun-metal","12":"pa_finish-black","13":"pa_glass-thickness-suitable-for-6-8mm-10-12mm-glass","14":"pa_material-brass-and-stainless-steel-304","16":"first","17":"instock","18":"product-type-simple"},"acf":[],"_links":{"self":[{"href":"https:\/\/showerglasshardware.com\/es-es\/wp-json\/wp\/v2\/product\/1596","targetHints":{"allow":["GET"]}}],"collection":[{"href":"https:\/\/showerglasshardware.com\/es-es\/wp-json\/wp\/v2\/product"}],"about":[{"href":"https:\/\/showerglasshardware.com\/es-es\/wp-json\/wp\/v2\/types\/product"}],"replies":[{"embeddable":true,"href":"https:\/\/showerglasshardware.com\/es-es\/wp-json\/wp\/v2\/comments?post=1596"}],"version-history":[{"count":1,"href":"https:\/\/showerglasshardware.com\/es-es\/wp-json\/wp\/v2\/product\/1596\/revisions"}],"predecessor-version":[{"id":4052,"href":"https:\/\/showerglasshardware.com\/es-es\/wp-json\/wp\/v2\/product\/1596\/revisions\/4052"}],"wp:featuredmedia":[{"embeddable":true,"href":"https:\/\/showerglasshardware.com\/es-es\/wp-json\/wp\/v2\/media\/1581"}],"wp:attachment":[{"href":"https:\/\/showerglasshardware.com\/es-es\/wp-json\/wp\/v2\/media?parent=1596"}],"wp:term":[{"taxonomy":"product_brand","embeddable":true,"href":"https:\/\/showerglasshardware.com\/es-es\/wp-json\/wp\/v2\/product_brand?post=1596"},{"taxonomy":"product_cat","embeddable":true,"href":"https:\/\/showerglasshardware.com\/es-es\/wp-json\/wp\/v2\/product_cat?post=1596"},{"taxonomy":"product_tag","embeddable":true,"href":"https:\/\/showerglasshardware.com\/es-es\/wp-json\/wp\/v2\/product_tag?post=1596"}],"curies":[{"name":"wp","href":"https:\/\/api.w.org\/{rel}","templated":true}]}}