{"id":207,"date":"2024-03-21T08:43:36","date_gmt":"2024-03-21T08:43:36","guid":{"rendered":"https:\/\/showerglasshardware.com\/?post_type=product&#038;p=207"},"modified":"2025-11-21T03:56:35","modified_gmt":"2025-11-21T03:56:35","slug":"90-degree-offset-brass-door-spring-hinges-a301b","status":"publish","type":"product","link":"https:\/\/showerglasshardware.com\/es-es\/product\/90-degree-offset-brass-door-spring-hinges-a301b\/","title":{"rendered":"Bisagras con muelle de 90 grados para puerta de ducha de lat\u00f3n A301B"},"content":{"rendered":"<p data-start=\"456\" data-end=\"697\">Las bisagras de muelle de lat\u00f3n para puertas de ducha A301B con desplazamiento de 90\u00b0 est\u00e1n dise\u00f1adas para un funcionamiento seguro y suave de las puertas de ducha sin marco. Fabricadas en lat\u00f3n macizo, ofrecen una fuerza superior, resistencia a la corrosi\u00f3n y un aspecto elegante y moderno.<\/p>\n<p data-start=\"699\" data-end=\"985\">Estas bisagras con muelle incorporan un mecanismo de autocierre a aproximadamente 30\u00b0, que ayuda a mantener la puerta de la ducha cerrada para un mejor control del agua. El dise\u00f1o desplazado proporciona flexibilidad en la instalaci\u00f3n, por lo que es adecuado tanto para mamparas de ducha residenciales como comerciales.<\/p>\n<p data-start=\"987\" data-end=\"1141\">Compatibles con cristales de 8 a 12 mm de grosor, dos bisagras pueden soportar un peso m\u00e1ximo de puerta de 40 kg, garantizando estabilidad y un rendimiento fiable a lo largo del tiempo.<\/p>\n<p data-start=\"1143\" data-end=\"1162\"><strong data-start=\"1143\" data-end=\"1160\">Caracter\u00edsticas clave:<\/strong><\/p>\n<ul data-start=\"1163\" data-end=\"1553\">\n<li data-start=\"1163\" data-end=\"1232\">\n<p data-start=\"1165\" data-end=\"1232\"><strong data-start=\"1165\" data-end=\"1178\">Material:<\/strong> Lat\u00f3n macizo para mayor durabilidad y resistencia a la corrosi\u00f3n<\/p>\n<\/li>\n<li data-start=\"1233\" data-end=\"1301\">\n<p data-start=\"1235\" data-end=\"1301\"><strong data-start=\"1235\" data-end=\"1246\">Dise\u00f1o:<\/strong> Bisagra de cristal a pared desplazada 90\u00b0 con mecanismo de muelle<\/p>\n<\/li>\n<li data-start=\"1302\" data-end=\"1357\">\n<p data-start=\"1304\" data-end=\"1357\"><strong data-start=\"1304\" data-end=\"1321\">Autocierre:<\/strong> Se cierra autom\u00e1ticamente a unos 30\u00b0.<\/p>\n<\/li>\n<li data-start=\"1358\" data-end=\"1410\">\n<p data-start=\"1360\" data-end=\"1410\"><strong data-start=\"1360\" data-end=\"1384\">Compatibilidad de vidrio:<\/strong> Se adapta a cristales de 8-12 mm de grosor<\/p>\n<\/li>\n<li data-start=\"1411\" data-end=\"1453\">\n<p data-start=\"1413\" data-end=\"1453\"><strong data-start=\"1413\" data-end=\"1431\">Capacidad de carga:<\/strong> 40 kg por dos bisagras<\/p>\n<\/li>\n<li data-start=\"1454\" data-end=\"1553\">\n<p data-start=\"1456\" data-end=\"1553\"><strong data-start=\"1456\" data-end=\"1473\">Aplicaciones:<\/strong> Ideal para mamparas de ducha sin marco en viviendas, hoteles y espacios comerciales<\/p>\n<\/li>\n<\/ul>\n<p data-start=\"1555\" data-end=\"1576\"><strong data-start=\"1555\" data-end=\"1574\">Especificaciones:<\/strong><\/p>\n<ul data-start=\"1577\" data-end=\"1843\">\n<li data-start=\"1577\" data-end=\"1597\">\n<p data-start=\"1579\" data-end=\"1597\"><strong data-start=\"1579\" data-end=\"1589\">Modelo:<\/strong> A301B<\/p>\n<\/li>\n<li data-start=\"1598\" data-end=\"1649\">\n<p data-start=\"1600\" data-end=\"1649\"><strong data-start=\"1600\" data-end=\"1609\">Tipo:<\/strong> Bisagra de muelle de 90\u00b0 para cristal contra pared<\/p>\n<\/li>\n<li data-start=\"1650\" data-end=\"1673\">\n<p data-start=\"1652\" data-end=\"1673\"><strong data-start=\"1652\" data-end=\"1665\">Material:<\/strong> Lat\u00f3n<\/p>\n<\/li>\n<li data-start=\"1674\" data-end=\"1710\">\n<p data-start=\"1676\" data-end=\"1710\"><strong data-start=\"1676\" data-end=\"1701\">Se adapta al grosor del cristal:<\/strong> 8-12 mm<\/p>\n<\/li>\n<li data-start=\"1711\" data-end=\"1750\">\n<p data-start=\"1713\" data-end=\"1750\"><strong data-start=\"1713\" data-end=\"1736\">\u00c1ngulo de autocierre:<\/strong> Aprox. 30<\/p>\n<\/li>\n<li data-start=\"1751\" data-end=\"1793\">\n<p data-start=\"1753\" data-end=\"1793\"><strong data-start=\"1753\" data-end=\"1771\">Capacidad de carga:<\/strong> 40 kg por dos bisagras<\/p>\n<\/li>\n<li data-start=\"1794\" data-end=\"1843\">\n<p data-start=\"1796\" data-end=\"1843\"><strong data-start=\"1796\" data-end=\"1812\">Solicitud:<\/strong> Puertas de ducha de cristal sin marco<\/p>\n<\/li>\n<\/ul>","protected":false},"excerpt":{"rendered":"<ul>\n<li>Bisagras de resorte;<\/li>\n<li>Bisagras de Vidrio a Pared de 90\u00b0;<\/li>\n<li>Lat\u00f3n<\/li>\n<li>Espesor del vidrio: 8-12 mm;<\/li>\n<li>Autocierre a unos 30\u00b0;<\/li>\n<li>Peso m\u00e1ximo de la puerta de vidrio: 40 kg (2 piezas);<\/li>\n<\/ul>","protected":false},"featured_media":2429,"comment_status":"open","ping_status":"closed","template":"","meta":{"_acf_changed":false},"product_brand":[],"product_cat":[20,21],"product_tag":[131],"class_list":{"0":"post-207","1":"product","2":"type-product","3":"status-publish","4":"has-post-thumbnail","6":"product_cat-shower-door-hinges","7":"product_cat-glass-to-wall-hinges","8":"product_tag-wall-mount-hinges","9":"pa_closing-type-self-closing-at-about-30","10":"pa_finish-brushed-nickel","11":"pa_finish-chrome","12":"pa_finish-gold","13":"pa_finish-gun-metal","14":"pa_finish-black","15":"pa_glass-thickness-8-12mm","16":"pa_hinge-swings-30","17":"pa_load-bearing-40kg","18":"pa_material-brass","20":"first","21":"instock","22":"purchasable","23":"product-type-variable","24":"has-default-attributes"},"acf":[],"_links":{"self":[{"href":"https:\/\/showerglasshardware.com\/es-es\/wp-json\/wp\/v2\/product\/207","targetHints":{"allow":["GET"]}}],"collection":[{"href":"https:\/\/showerglasshardware.com\/es-es\/wp-json\/wp\/v2\/product"}],"about":[{"href":"https:\/\/showerglasshardware.com\/es-es\/wp-json\/wp\/v2\/types\/product"}],"replies":[{"embeddable":true,"href":"https:\/\/showerglasshardware.com\/es-es\/wp-json\/wp\/v2\/comments?post=207"}],"version-history":[{"count":6,"href":"https:\/\/showerglasshardware.com\/es-es\/wp-json\/wp\/v2\/product\/207\/revisions"}],"predecessor-version":[{"id":4645,"href":"https:\/\/showerglasshardware.com\/es-es\/wp-json\/wp\/v2\/product\/207\/revisions\/4645"}],"wp:featuredmedia":[{"embeddable":true,"href":"https:\/\/showerglasshardware.com\/es-es\/wp-json\/wp\/v2\/media\/2429"}],"wp:attachment":[{"href":"https:\/\/showerglasshardware.com\/es-es\/wp-json\/wp\/v2\/media?parent=207"}],"wp:term":[{"taxonomy":"product_brand","embeddable":true,"href":"https:\/\/showerglasshardware.com\/es-es\/wp-json\/wp\/v2\/product_brand?post=207"},{"taxonomy":"product_cat","embeddable":true,"href":"https:\/\/showerglasshardware.com\/es-es\/wp-json\/wp\/v2\/product_cat?post=207"},{"taxonomy":"product_tag","embeddable":true,"href":"https:\/\/showerglasshardware.com\/es-es\/wp-json\/wp\/v2\/product_tag?post=207"}],"curies":[{"name":"wp","href":"https:\/\/api.w.org\/{rel}","templated":true}]}}