{"id":237,"date":"2024-03-22T02:56:19","date_gmt":"2024-03-22T02:56:19","guid":{"rendered":"https:\/\/showerglasshardware.com\/?post_type=product&#038;p=237"},"modified":"2025-11-21T03:54:02","modified_gmt":"2025-11-21T03:54:02","slug":"90-degree-adjustable-brass-glass-to-wall-hinge-ac1601a","status":"publish","type":"product","link":"https:\/\/showerglasshardware.com\/es-es\/product\/90-degree-adjustable-brass-glass-to-wall-hinge-ac1601a\/","title":{"rendered":"Bisagra de lat\u00f3n ajustable de 90 grados para cristal a pared SD1601A"},"content":{"rendered":"<p data-start=\"462\" data-end=\"637\">El SD1601A<strong data-start=\"466\" data-end=\"531\"> Bisagra de 90\u00b0 ajustable de lat\u00f3n para cristal a pared<\/strong> est\u00e1 dise\u00f1ado para ofrecer precisi\u00f3n, durabilidad y un aspecto moderno y elegante en instalaciones de ducha sin marco.<\/p>\n<p data-start=\"639\" data-end=\"867\">Fabricado en <strong data-start=\"652\" data-end=\"667\">lat\u00f3n macizo<\/strong>esta bisagra es compatible con <strong data-start=\"699\" data-end=\"720\">Cristal de 6-8 mm de grosor<\/strong> y cuenta con un <strong data-start=\"737\" data-end=\"758\">dise\u00f1o ajustable<\/strong> para una alineaci\u00f3n precisa de la puerta. El <strong data-start=\"791\" data-end=\"812\">cubiertas decorativas<\/strong> ocultan los herrajes de montaje para un aspecto limpio y refinado.<\/p>\n<p data-start=\"869\" data-end=\"1121\">Con un <strong data-start=\"876\" data-end=\"914\">funci\u00f3n de autocierre a unos 30<\/strong>garantiza un funcionamiento suave de la puerta al tiempo que ayuda a mantener el agua dentro de la mampara de ducha. Cada juego de dos bisagras soporta hasta <strong data-start=\"1044\" data-end=\"1052\">35 kg<\/strong>por lo que es ideal tanto para aplicaciones residenciales como comerciales.<\/p>\n<p data-start=\"1123\" data-end=\"1142\"><strong data-start=\"1123\" data-end=\"1140\">Caracter\u00edsticas clave:<\/strong><\/p>\n<ul data-start=\"1143\" data-end=\"1634\">\n<li data-start=\"1143\" data-end=\"1203\">\n<p data-start=\"1145\" data-end=\"1203\"><strong data-start=\"1145\" data-end=\"1154\">Tipo:<\/strong> Bisagra de cristal a pared ajustable 90\u00b0 con tapas<\/p>\n<\/li>\n<li data-start=\"1204\" data-end=\"1271\">\n<p data-start=\"1206\" data-end=\"1271\"><strong data-start=\"1206\" data-end=\"1219\">Material:<\/strong> Lat\u00f3n macizo resistente a la corrosi\u00f3n y fuerte<\/p>\n<\/li>\n<li data-start=\"1272\" data-end=\"1323\">\n<p data-start=\"1274\" data-end=\"1323\"><strong data-start=\"1274\" data-end=\"1298\">Compatibilidad de vidrio:<\/strong> Se adapta a cristales de 6-8 mm de grosor<\/p>\n<\/li>\n<li data-start=\"1324\" data-end=\"1381\">\n<p data-start=\"1326\" data-end=\"1381\"><strong data-start=\"1326\" data-end=\"1344\">Capacidad de carga:<\/strong> Soporta hasta 35 kg por cada dos bisagras<\/p>\n<\/li>\n<li data-start=\"1382\" data-end=\"1437\">\n<p data-start=\"1384\" data-end=\"1437\"><strong data-start=\"1384\" data-end=\"1401\">Autocierre:<\/strong> Se cierra autom\u00e1ticamente a unos 30<\/p>\n<\/li>\n<li data-start=\"1438\" data-end=\"1498\">\n<p data-start=\"1440\" data-end=\"1498\"><strong data-start=\"1440\" data-end=\"1451\">Dise\u00f1o:<\/strong> \u00c1ngulo de bisagra ajustable para una alineaci\u00f3n perfecta<\/p>\n<\/li>\n<li data-start=\"1499\" data-end=\"1562\">\n<p data-start=\"1501\" data-end=\"1562\"><strong data-start=\"1501\" data-end=\"1512\">Cubiertas:<\/strong> Las placas decorativas ocultan los tornillos para un acabado impecable<\/p>\n<\/li>\n<li data-start=\"1563\" data-end=\"1634\">\n<p data-start=\"1565\" data-end=\"1634\"><strong data-start=\"1565\" data-end=\"1582\">Aplicaciones:<\/strong> Puertas de ducha sin marco en viviendas, hoteles y spas<\/p>\n<\/li>\n<\/ul>\n<p data-start=\"1636\" data-end=\"1657\"><strong data-start=\"1636\" data-end=\"1655\">Especificaciones:<\/strong><\/p>\n<ul data-start=\"1658\" data-end=\"1947\">\n<li data-start=\"1658\" data-end=\"1681\">\n<p data-start=\"1660\" data-end=\"1681\"><strong data-start=\"1660\" data-end=\"1670\">Modelo:<\/strong> SD1601A<\/p>\n<\/li>\n<li data-start=\"1682\" data-end=\"1731\">\n<p data-start=\"1684\" data-end=\"1731\"><strong data-start=\"1684\" data-end=\"1693\">Tipo:<\/strong> Bisagra de cristal a pared, ajustable 90<\/p>\n<\/li>\n<li data-start=\"1732\" data-end=\"1755\">\n<p data-start=\"1734\" data-end=\"1755\"><strong data-start=\"1734\" data-end=\"1747\">Material:<\/strong> Lat\u00f3n<\/p>\n<\/li>\n<li data-start=\"1756\" data-end=\"1791\">\n<p data-start=\"1758\" data-end=\"1791\"><strong data-start=\"1758\" data-end=\"1783\">Se adapta al grosor del cristal:<\/strong> 6-8 mm<\/p>\n<\/li>\n<li data-start=\"1792\" data-end=\"1826\">\n<p data-start=\"1794\" data-end=\"1826\"><strong data-start=\"1794\" data-end=\"1812\">Capacidad de carga:<\/strong> 35kg \/ 2pcs<\/p>\n<\/li>\n<li data-start=\"1827\" data-end=\"1859\">\n<p data-start=\"1829\" data-end=\"1859\"><strong data-start=\"1829\" data-end=\"1852\">\u00c1ngulo de autocierre:<\/strong> ~30\u00b0<\/p>\n<\/li>\n<li data-start=\"1860\" data-end=\"1947\">\n<p data-start=\"1862\" data-end=\"1947\"><strong data-start=\"1862\" data-end=\"1881\">Opciones de acabado:<\/strong> Cromo, n\u00edquel cepillado, oro, negro mate, bronce (opcional)<\/p>\n<\/li>\n<\/ul>\n<h2 id=\"tablepress-6-name\" class=\"tablepress-table-name tablepress-table-name-id-6\">Abrazaderas de lat\u00f3n para puertas de ducha Serie SD16xx<\/h2>\n\n<table id=\"tablepress-6\" class=\"tablepress tablepress-id-6\" aria-labelledby=\"tablepress-6-name\">\n<thead>\n<tr class=\"row-1\">\n\t<th class=\"column-1\"><strong>Modelo<\/strong><\/th><th class=\"column-2\"><strong>Imagen<\/strong><\/th><th class=\"column-3\"><strong>Tipo de montaje<\/strong><\/th><th class=\"column-4\"><strong>Tipo de cierre<\/strong><\/th><th class=\"column-5\"><strong>Ajustable<\/strong><\/th><th class=\"column-6\"><strong>Caracter\u00edstica<\/strong><\/th>\n<\/tr>\n<\/thead>\n<tbody class=\"row-striping row-hover\">\n<tr class=\"row-2\">\n\t<td class=\"column-1\"><a href=\"https:\/\/showerglasshardware.com\/es-es\/product\/90-degree-adjustable-brass-glass-to-wall-hinge-ac1601a\/\">SD1601A<\/a><\/td><td class=\"column-2\"><a href=\"https:\/\/showerglasshardware.com\/wp-content\/uploads\/2024\/05\/1601-5.jpg\"><img decoding=\"async\" src=\"https:\/\/showerglasshardware.com\/wp-content\/uploads\/2024\/05\/1601-5-300x300.jpg\" alt=\"Bisagra de lat\u00f3n de 90 grados ajustable a la pared en negro mate\" width=\"60\" height=\"60\" class=\"alignnone size-medium wp-image-1846\" title=\"\" srcset=\"https:\/\/showerglasshardware.com\/wp-content\/uploads\/2024\/05\/1601-5-300x300.jpg 300w, https:\/\/showerglasshardware.com\/wp-content\/uploads\/2024\/05\/1601-5-100x100.jpg 100w, https:\/\/showerglasshardware.com\/wp-content\/uploads\/2024\/05\/1601-5-600x600.jpg 600w, https:\/\/showerglasshardware.com\/wp-content\/uploads\/2024\/05\/1601-5-150x150.jpg 150w, https:\/\/showerglasshardware.com\/wp-content\/uploads\/2024\/05\/1601-5-768x768.jpg 768w, https:\/\/showerglasshardware.com\/wp-content\/uploads\/2024\/05\/1601-5-12x12.jpg 12w, https:\/\/showerglasshardware.com\/wp-content\/uploads\/2024\/05\/1601-5.jpg 800w\" sizes=\"(max-width: 60px) 100vw, 60px\" \/><\/a><\/td><td class=\"column-3\">Cristal a pared 90\u00b0 placa completa<\/td><td class=\"column-4\">Autocierre a unos 30\u00b0<\/td><td class=\"column-5\">S\u00ed<\/td><td class=\"column-6\">Con tapa<\/td>\n<\/tr>\n<tr class=\"row-3\">\n\t<td class=\"column-1\"><a href=\"https:\/\/showerglasshardware.com\/es-es\/product\/glass-to-wall-series-shower-glass-door-offset-hinge-brass-90\/\">SD1601L<\/a><\/td><td class=\"column-2\"><a href=\"https:\/\/showerglasshardware.com\/wp-content\/uploads\/2024\/04\/1601-5.jpg\"><img decoding=\"async\" src=\"https:\/\/showerglasshardware.com\/wp-content\/uploads\/2024\/04\/1601-5-300x300.jpg\" alt=\"Bisagra compensada de lat\u00f3n para puerta de ducha de cristal a 90 grados\" width=\"60\" height=\"60\" class=\"alignnone size-medium wp-image-1994\" title=\"\" srcset=\"https:\/\/showerglasshardware.com\/wp-content\/uploads\/2024\/04\/1601-5-300x300.jpg 300w, https:\/\/showerglasshardware.com\/wp-content\/uploads\/2024\/04\/1601-5-100x100.jpg 100w, https:\/\/showerglasshardware.com\/wp-content\/uploads\/2024\/04\/1601-5-600x600.jpg 600w, https:\/\/showerglasshardware.com\/wp-content\/uploads\/2024\/04\/1601-5-150x150.jpg 150w, https:\/\/showerglasshardware.com\/wp-content\/uploads\/2024\/04\/1601-5-768x768.jpg 768w, https:\/\/showerglasshardware.com\/wp-content\/uploads\/2024\/04\/1601-5-12x12.jpg 12w, https:\/\/showerglasshardware.com\/wp-content\/uploads\/2024\/04\/1601-5.jpg 800w\" sizes=\"(max-width: 60px) 100vw, 60px\" \/><\/a><\/td><td class=\"column-3\">Placa de vidrio a pared con desplazamiento de 90\u00b0<\/td><td class=\"column-4\">Autocierre a unos 30\u00b0<\/td><td class=\"column-5\">S\u00ed<\/td><td class=\"column-6\">Con tapa<\/td>\n<\/tr>\n<tr class=\"row-4\">\n\t<td class=\"column-1\"><a href=\"https:\/\/showerglasshardware.com\/es-es\/product\/90-degree-glass-to-glass-spring-hinges-sgh-1602\/\">SD1602<\/a><\/td><td class=\"column-2\"><a href=\"https:\/\/showerglasshardware.com\/wp-content\/uploads\/2024\/05\/1602-5.jpg\"><img decoding=\"async\" src=\"https:\/\/showerglasshardware.com\/wp-content\/uploads\/2024\/05\/1602-5-300x300.jpg\" alt=\"Muelles de bisagra para puerta de ducha sin marco negro mate\" width=\"60\" height=\"60\" class=\"alignnone size-medium wp-image-1897\" title=\"\" srcset=\"https:\/\/showerglasshardware.com\/wp-content\/uploads\/2024\/05\/1602-5-300x300.jpg 300w, https:\/\/showerglasshardware.com\/wp-content\/uploads\/2024\/05\/1602-5-100x100.jpg 100w, https:\/\/showerglasshardware.com\/wp-content\/uploads\/2024\/05\/1602-5-600x600.jpg 600w, https:\/\/showerglasshardware.com\/wp-content\/uploads\/2024\/05\/1602-5-150x150.jpg 150w, https:\/\/showerglasshardware.com\/wp-content\/uploads\/2024\/05\/1602-5-768x768.jpg 768w, https:\/\/showerglasshardware.com\/wp-content\/uploads\/2024\/05\/1602-5-12x12.jpg 12w, https:\/\/showerglasshardware.com\/wp-content\/uploads\/2024\/05\/1602-5.jpg 800w\" sizes=\"(max-width: 60px) 100vw, 60px\" \/><\/a><\/td><td class=\"column-3\">Vidrio a Vidrio 90\u00b0<\/td><td class=\"column-4\">Autocierre a unos 30\u00b0<\/td><td class=\"column-5\">S\u00ed<\/td><td class=\"column-6\">Con tapa<\/td>\n<\/tr>\n<tr class=\"row-5\">\n\t<td class=\"column-1\"><a href=\"https:\/\/showerglasshardware.com\/es-es\/product\/135-degree-glass-to-glass-spring-hinges-sgh-1603\/\">SD1603<\/a><\/td><td class=\"column-2\"><a href=\"https:\/\/showerglasshardware.com\/wp-content\/uploads\/2024\/03\/1603-5.jpg\"><img loading=\"lazy\" decoding=\"async\" src=\"https:\/\/showerglasshardware.com\/wp-content\/uploads\/2024\/03\/1603-5-300x300.jpg\" alt=\"Bisagra de muelle para puerta de cristal modelo SGH-1603\" width=\"60\" height=\"60\" class=\"alignnone size-medium wp-image-1881\" title=\"\" srcset=\"https:\/\/showerglasshardware.com\/wp-content\/uploads\/2024\/03\/1603-5-300x300.jpg 300w, https:\/\/showerglasshardware.com\/wp-content\/uploads\/2024\/03\/1603-5-100x100.jpg 100w, https:\/\/showerglasshardware.com\/wp-content\/uploads\/2024\/03\/1603-5-600x600.jpg 600w, https:\/\/showerglasshardware.com\/wp-content\/uploads\/2024\/03\/1603-5-150x150.jpg 150w, https:\/\/showerglasshardware.com\/wp-content\/uploads\/2024\/03\/1603-5-768x768.jpg 768w, https:\/\/showerglasshardware.com\/wp-content\/uploads\/2024\/03\/1603-5-12x12.jpg 12w, https:\/\/showerglasshardware.com\/wp-content\/uploads\/2024\/03\/1603-5.jpg 800w\" sizes=\"(max-width: 60px) 100vw, 60px\" \/><\/a><\/td><td class=\"column-3\">Vidrio a Vidrio 135\u00b0<\/td><td class=\"column-4\">Autocierre a unos 30\u00b0<\/td><td class=\"column-5\">S\u00ed<\/td><td class=\"column-6\">Con tapa<\/td>\n<\/tr>\n<tr class=\"row-6\">\n\t<td class=\"column-1\"><a href=\"https:\/\/showerglasshardware.com\/es-es\/product\/180-glass-to-glass-spring-hinges-brass-sgh-1064\/\">SD1604<\/a><\/td><td class=\"column-2\"><a href=\"https:\/\/showerglasshardware.com\/wp-content\/uploads\/2024\/03\/GHC1604A-6.jpg\"><img loading=\"lazy\" decoding=\"async\" src=\"https:\/\/showerglasshardware.com\/wp-content\/uploads\/2024\/03\/GHC1604A-6-300x300.jpg\" alt=\"Bisagra de muelle de lat\u00f3n que conecta los paneles de cristal a 180 grados\" width=\"60\" height=\"60\" class=\"alignnone size-medium wp-image-1876\" title=\"\" srcset=\"https:\/\/showerglasshardware.com\/wp-content\/uploads\/2024\/03\/GHC1604A-6-300x300.jpg 300w, https:\/\/showerglasshardware.com\/wp-content\/uploads\/2024\/03\/GHC1604A-6-100x100.jpg 100w, https:\/\/showerglasshardware.com\/wp-content\/uploads\/2024\/03\/GHC1604A-6-600x600.jpg 600w, https:\/\/showerglasshardware.com\/wp-content\/uploads\/2024\/03\/GHC1604A-6-150x150.jpg 150w, https:\/\/showerglasshardware.com\/wp-content\/uploads\/2024\/03\/GHC1604A-6-768x768.jpg 768w, https:\/\/showerglasshardware.com\/wp-content\/uploads\/2024\/03\/GHC1604A-6-12x12.jpg 12w, https:\/\/showerglasshardware.com\/wp-content\/uploads\/2024\/03\/GHC1604A-6.jpg 800w\" sizes=\"(max-width: 60px) 100vw, 60px\" \/><\/a><\/td><td class=\"column-3\">Vidrio a Vidrio 180\u00b0<\/td><td class=\"column-4\">Autocierre a unos 30\u00b0<\/td><td class=\"column-5\">S\u00ed<\/td><td class=\"column-6\">Con tapa<\/td>\n<\/tr>\n<tr class=\"row-7\">\n\t<td class=\"column-1\"><a href=\"https:\/\/showerglasshardware.com\/es-es\/product\/180-degree-glass-to-wall-spring-hinges-sgh-1605\/\">SD1605<\/a><\/td><td class=\"column-2\"><a href=\"https:\/\/showerglasshardware.com\/wp-content\/uploads\/2024\/03\/1605-5.jpg\"><img loading=\"lazy\" decoding=\"async\" src=\"https:\/\/showerglasshardware.com\/wp-content\/uploads\/2024\/03\/1605-5-300x300.jpg\" alt=\"Bisagra de muelle de cristal a pared en posici\u00f3n de apertura de 180 grados\" width=\"60\" height=\"60\" class=\"alignnone size-medium wp-image-1902\" title=\"\" srcset=\"https:\/\/showerglasshardware.com\/wp-content\/uploads\/2024\/03\/1605-5-300x300.jpg 300w, https:\/\/showerglasshardware.com\/wp-content\/uploads\/2024\/03\/1605-5-100x100.jpg 100w, https:\/\/showerglasshardware.com\/wp-content\/uploads\/2024\/03\/1605-5-600x600.jpg 600w, https:\/\/showerglasshardware.com\/wp-content\/uploads\/2024\/03\/1605-5-150x150.jpg 150w, https:\/\/showerglasshardware.com\/wp-content\/uploads\/2024\/03\/1605-5-768x768.jpg 768w, https:\/\/showerglasshardware.com\/wp-content\/uploads\/2024\/03\/1605-5-12x12.jpg 12w, https:\/\/showerglasshardware.com\/wp-content\/uploads\/2024\/03\/1605-5.jpg 800w\" sizes=\"(max-width: 60px) 100vw, 60px\" \/><\/a><\/td><td class=\"column-3\">Vidrio a pared 180\u00b0<\/td><td class=\"column-4\">Autocierre a unos 30\u00b0<\/td><td class=\"column-5\">S\u00ed<\/td><td class=\"column-6\">Con tapa<\/td>\n<\/tr>\n<\/tbody>\n<\/table>\n<!-- #tablepress-6 from cache -->","protected":false},"excerpt":{"rendered":"<ul>\n<li>Ajustable Con Fundas<\/li>\n<li>Material de lat\u00f3n<\/li>\n<li>Grosor del vidrio 6-8 mm<\/li>\n<li>Autocierre a unos 30\u00b0<\/li>\n<li>Peso m\u00e1ximo de la puerta de vidrio 35 kg \/2 bisagras<\/li>\n<\/ul>","protected":false},"featured_media":2428,"comment_status":"closed","ping_status":"closed","template":"","meta":{"_acf_changed":false},"product_brand":[],"product_cat":[21,20],"product_tag":[131],"class_list":{"0":"post-237","1":"product","2":"type-product","3":"status-publish","4":"has-post-thumbnail","6":"product_cat-glass-to-wall-hinges","7":"product_cat-shower-door-hinges","8":"product_tag-wall-mount-hinges","9":"pa_closing-type-self-closing-at-about-30","10":"pa_finish-brushed-nickel","11":"pa_finish-chrome","12":"pa_finish-gold","13":"pa_finish-gun-metal","14":"pa_finish-black","15":"pa_glass-thickness-1-2-inch-12mm","16":"pa_glass-thickness-1-4-inch-6mm","17":"pa_glass-thickness-3-8-inch-10mm","18":"pa_glass-thickness-5-16-inch-8mm","19":"pa_hinge-swings-30","20":"pa_load-bearing-35kg-2pcs","21":"pa_material-brass","22":"pa_size-585978mm","24":"first","25":"instock","26":"purchasable","27":"product-type-variable","28":"has-default-attributes"},"acf":[],"_links":{"self":[{"href":"https:\/\/showerglasshardware.com\/es-es\/wp-json\/wp\/v2\/product\/237","targetHints":{"allow":["GET"]}}],"collection":[{"href":"https:\/\/showerglasshardware.com\/es-es\/wp-json\/wp\/v2\/product"}],"about":[{"href":"https:\/\/showerglasshardware.com\/es-es\/wp-json\/wp\/v2\/types\/product"}],"replies":[{"embeddable":true,"href":"https:\/\/showerglasshardware.com\/es-es\/wp-json\/wp\/v2\/comments?post=237"}],"version-history":[{"count":13,"href":"https:\/\/showerglasshardware.com\/es-es\/wp-json\/wp\/v2\/product\/237\/revisions"}],"predecessor-version":[{"id":4894,"href":"https:\/\/showerglasshardware.com\/es-es\/wp-json\/wp\/v2\/product\/237\/revisions\/4894"}],"wp:featuredmedia":[{"embeddable":true,"href":"https:\/\/showerglasshardware.com\/es-es\/wp-json\/wp\/v2\/media\/2428"}],"wp:attachment":[{"href":"https:\/\/showerglasshardware.com\/es-es\/wp-json\/wp\/v2\/media?parent=237"}],"wp:term":[{"taxonomy":"product_brand","embeddable":true,"href":"https:\/\/showerglasshardware.com\/es-es\/wp-json\/wp\/v2\/product_brand?post=237"},{"taxonomy":"product_cat","embeddable":true,"href":"https:\/\/showerglasshardware.com\/es-es\/wp-json\/wp\/v2\/product_cat?post=237"},{"taxonomy":"product_tag","embeddable":true,"href":"https:\/\/showerglasshardware.com\/es-es\/wp-json\/wp\/v2\/product_tag?post=237"}],"curies":[{"name":"wp","href":"https:\/\/api.w.org\/{rel}","templated":true}]}}