{"id":244,"date":"2024-03-22T03:14:40","date_gmt":"2024-03-22T03:14:40","guid":{"rendered":"https:\/\/showerglasshardware.com\/?post_type=product&#038;p=244"},"modified":"2025-11-21T03:47:51","modified_gmt":"2025-11-21T03:47:51","slug":"adjustable-brass-shower-door-spring-hinge-a201c","status":"publish","type":"product","link":"https:\/\/showerglasshardware.com\/es-es\/product\/adjustable-brass-shower-door-spring-hinge-a201c\/","title":{"rendered":"Puerta de ducha sin marco de lat\u00f3n Bisagras doradas SGH-A201C"},"content":{"rendered":"<p data-start=\"432\" data-end=\"612\">Las bisagras doradas SGH-A201C de lat\u00f3n para puertas de ducha sin marco combinan elegancia, durabilidad y un funcionamiento suave, lo que las convierte en una opci\u00f3n de primera calidad para mamparas de ducha de lujo sin marco.<\/p>\n<p data-start=\"614\" data-end=\"997\">Fabricadas en lat\u00f3n macizo con acabado pulido dorado, estas bisagras est\u00e1n dise\u00f1adas para adaptarse a cristales de entre 8 y 12 mm de grosor y soportar hasta 45 kg por cada dos bisagras. El mecanismo de autocierre a unos 30\u00b0 garantiza un cierre suave y controlado de la puerta, mientras que el dise\u00f1o de doble acci\u00f3n permite que la puerta oscile 90\u00b0 en ambas direcciones, manteni\u00e9ndose abierta en el \u00e1ngulo m\u00e1ximo para mayor comodidad.<\/p>\n<p data-start=\"999\" data-end=\"1124\">Ideal para ba\u00f1os residenciales y comerciales de lujo, el SGH-A201C ofrece un rendimiento duradero y un aspecto refinado.<\/p>\n<p data-start=\"1126\" data-end=\"1145\"><strong data-start=\"1126\" data-end=\"1143\">Caracter\u00edsticas clave:<\/strong><\/p>\n<ul data-start=\"1146\" data-end=\"1680\">\n<li data-start=\"1146\" data-end=\"1213\">\n<p data-start=\"1148\" data-end=\"1213\"><strong data-start=\"1148\" data-end=\"1157\">Tipo:<\/strong> Bisagra de doble acci\u00f3n para puerta de ducha sin marco con acabado dorado<\/p>\n<\/li>\n<li data-start=\"1214\" data-end=\"1281\">\n<p data-start=\"1216\" data-end=\"1281\"><strong data-start=\"1216\" data-end=\"1229\">Material:<\/strong> Lat\u00f3n macizo para mayor solidez y resistencia a la corrosi\u00f3n<\/p>\n<\/li>\n<li data-start=\"1282\" data-end=\"1334\">\n<p data-start=\"1284\" data-end=\"1334\"><strong data-start=\"1284\" data-end=\"1308\">Compatibilidad de vidrio:<\/strong> Se adapta a cristales de 8-12 mm de grosor<\/p>\n<\/li>\n<li data-start=\"1335\" data-end=\"1392\">\n<p data-start=\"1337\" data-end=\"1392\"><strong data-start=\"1337\" data-end=\"1355\">Capacidad de carga:<\/strong> Soporta hasta 45 kg por cada dos bisagras<\/p>\n<\/li>\n<li data-start=\"1393\" data-end=\"1448\">\n<p data-start=\"1395\" data-end=\"1448\"><strong data-start=\"1395\" data-end=\"1412\">Autocierre:<\/strong> Se cierra autom\u00e1ticamente a unos 30\u00b0.<\/p>\n<\/li>\n<li data-start=\"1449\" data-end=\"1532\">\n<p data-start=\"1451\" data-end=\"1532\"><strong data-start=\"1451\" data-end=\"1469\">Doble acci\u00f3n:<\/strong> Se abre 90\u00b0 en ambas direcciones y permanece abierta en el \u00e1ngulo m\u00e1ximo<\/p>\n<\/li>\n<li data-start=\"1533\" data-end=\"1589\">\n<p data-start=\"1535\" data-end=\"1589\"><strong data-start=\"1535\" data-end=\"1546\">Acabado:<\/strong> Oro pulido para un aspecto lujoso<\/p>\n<\/li>\n<li data-start=\"1590\" data-end=\"1680\">\n<p data-start=\"1592\" data-end=\"1680\"><strong data-start=\"1592\" data-end=\"1609\">Aplicaciones:<\/strong> Perfecto para puertas de ducha sin marco en casas de lujo, hoteles y spas<\/p>\n<\/li>\n<\/ul>\n<p data-start=\"1682\" data-end=\"1703\"><strong data-start=\"1682\" data-end=\"1701\">Especificaciones:<\/strong><\/p>\n<ul data-start=\"1704\" data-end=\"1981\">\n<li data-start=\"1704\" data-end=\"1728\">\n<p data-start=\"1706\" data-end=\"1728\"><strong data-start=\"1706\" data-end=\"1716\">Modelo:<\/strong> SGH-A201C<\/p>\n<\/li>\n<li data-start=\"1729\" data-end=\"1776\">\n<p data-start=\"1731\" data-end=\"1776\"><strong data-start=\"1731\" data-end=\"1740\">Tipo:<\/strong> Bisagra de doble acci\u00f3n cristal-pared<\/p>\n<\/li>\n<li data-start=\"1777\" data-end=\"1800\">\n<p data-start=\"1779\" data-end=\"1800\"><strong data-start=\"1779\" data-end=\"1792\">Material:<\/strong> Lat\u00f3n<\/p>\n<\/li>\n<li data-start=\"1801\" data-end=\"1837\">\n<p data-start=\"1803\" data-end=\"1837\"><strong data-start=\"1803\" data-end=\"1828\">Se adapta al grosor del cristal:<\/strong> 8-12 mm<\/p>\n<\/li>\n<li data-start=\"1838\" data-end=\"1872\">\n<p data-start=\"1840\" data-end=\"1872\"><strong data-start=\"1840\" data-end=\"1858\">Capacidad de carga:<\/strong> 45kg \/ 2pcs<\/p>\n<\/li>\n<li data-start=\"1873\" data-end=\"1905\">\n<p data-start=\"1875\" data-end=\"1905\"><strong data-start=\"1875\" data-end=\"1898\">\u00c1ngulo de autocierre:<\/strong> ~30\u00b0<\/p>\n<\/li>\n<li data-start=\"1906\" data-end=\"1951\">\n<p data-start=\"1908\" data-end=\"1951\"><strong data-start=\"1908\" data-end=\"1926\">Rango de apertura:<\/strong> 90\u00b0 en ambas direcciones<\/p>\n<\/li>\n<li data-start=\"1952\" data-end=\"1981\">\n<p data-start=\"1954\" data-end=\"1981\"><strong data-start=\"1954\" data-end=\"1965\">Acabado:<\/strong> Oro pulido<\/p>\n<\/li>\n<\/ul>","protected":false},"excerpt":{"rendered":"<ul>\n<li>Puerta de ducha sin marco bisagras doradas<\/li>\n<li>Material: lat\u00f3n<\/li>\n<li>Apto para vidrio de 8-12 mm<\/li>\n<li>Peso del rodamiento 45 kg\/2 piezas<\/li>\n<li>Autocierre a unos 30\u00b0<\/li>\n<li>Acci\u00f3n de doble cara sin manos 90\u00b0 se mantiene como m\u00e1ximo<\/li>\n<\/ul>","protected":false},"featured_media":2304,"comment_status":"closed","ping_status":"closed","template":"","meta":{"_acf_changed":false},"product_brand":[],"product_cat":[20,21],"product_tag":[129],"class_list":{"0":"post-244","1":"product","2":"type-product","3":"status-publish","4":"has-post-thumbnail","6":"product_cat-shower-door-hinges","7":"product_cat-glass-to-wall-hinges","8":"product_tag-offset-wall-mount-hinges","9":"pa_closing-type-self-closing-at-about-30","10":"pa_finish-brushed-nickel","11":"pa_finish-chrome","12":"pa_finish-gold","13":"pa_finish-gun-metal","14":"pa_finish-black","15":"pa_glass-thickness-8-12mm","16":"pa_hinge-swings-30","17":"pa_load-bearing-45kg-2pcs","18":"pa_material-brass","20":"first","21":"instock","22":"purchasable","23":"product-type-variable","24":"has-default-attributes"},"acf":[],"_links":{"self":[{"href":"https:\/\/showerglasshardware.com\/es-es\/wp-json\/wp\/v2\/product\/244","targetHints":{"allow":["GET"]}}],"collection":[{"href":"https:\/\/showerglasshardware.com\/es-es\/wp-json\/wp\/v2\/product"}],"about":[{"href":"https:\/\/showerglasshardware.com\/es-es\/wp-json\/wp\/v2\/types\/product"}],"replies":[{"embeddable":true,"href":"https:\/\/showerglasshardware.com\/es-es\/wp-json\/wp\/v2\/comments?post=244"}],"version-history":[{"count":4,"href":"https:\/\/showerglasshardware.com\/es-es\/wp-json\/wp\/v2\/product\/244\/revisions"}],"predecessor-version":[{"id":3386,"href":"https:\/\/showerglasshardware.com\/es-es\/wp-json\/wp\/v2\/product\/244\/revisions\/3386"}],"wp:featuredmedia":[{"embeddable":true,"href":"https:\/\/showerglasshardware.com\/es-es\/wp-json\/wp\/v2\/media\/2304"}],"wp:attachment":[{"href":"https:\/\/showerglasshardware.com\/es-es\/wp-json\/wp\/v2\/media?parent=244"}],"wp:term":[{"taxonomy":"product_brand","embeddable":true,"href":"https:\/\/showerglasshardware.com\/es-es\/wp-json\/wp\/v2\/product_brand?post=244"},{"taxonomy":"product_cat","embeddable":true,"href":"https:\/\/showerglasshardware.com\/es-es\/wp-json\/wp\/v2\/product_cat?post=244"},{"taxonomy":"product_tag","embeddable":true,"href":"https:\/\/showerglasshardware.com\/es-es\/wp-json\/wp\/v2\/product_tag?post=244"}],"curies":[{"name":"wp","href":"https:\/\/api.w.org\/{rel}","templated":true}]}}