{"id":2487,"date":"2024-06-20T07:20:13","date_gmt":"2024-06-20T07:20:13","guid":{"rendered":"https:\/\/showerglasshardware.com\/?post_type=product&#038;p=2487"},"modified":"2025-08-14T08:39:50","modified_gmt":"2025-08-14T08:39:50","slug":"t-shaped-round-tube-to-tube-connector-sgh-r24","status":"publish","type":"product","link":"https:\/\/showerglasshardware.com\/es-es\/product\/t-shaped-round-tube-to-tube-connector-sgh-r24\/","title":{"rendered":"Conector de tubo a tubo redondo en forma de T SGH-R24"},"content":{"rendered":"<p data-start=\"428\" data-end=\"615\">El conector de tubo redondo a tubo en forma de T SGH-R24 est\u00e1 dise\u00f1ado para crear conexiones de 90\u00b0 fuertes y precisas entre barras de soporte de ducha redondas en mamparas de ducha de cristal sin marco.<\/p>\n<p data-start=\"617\" data-end=\"872\">Fabricado en lat\u00f3n macizo, este conector garantiza durabilidad, resistencia a la corrosi\u00f3n y estabilidad a largo plazo. Es compatible con barras de soporte redondas de \u03a619 mm (3\/4\u2033) y est\u00e1 disponible en varios acabados atractivos para complementar los dise\u00f1os de ba\u00f1os modernos.<\/p>\n<p data-start=\"874\" data-end=\"1021\">Ideal para instalaciones residenciales y comerciales, este conector en forma de T ayuda a crear una estructura de soporte de ducha segura y profesional.<\/p>\n<p data-start=\"1023\" data-end=\"1042\"><strong data-start=\"1023\" data-end=\"1040\">Caracter\u00edsticas clave:<\/strong><\/p>\n<ul data-start=\"1043\" data-end=\"1388\">\n<li data-start=\"1043\" data-end=\"1110\">\n<p data-start=\"1045\" data-end=\"1110\"><strong data-start=\"1045\" data-end=\"1058\">Material:<\/strong> Lat\u00f3n macizo para mayor solidez y resistencia a la corrosi\u00f3n<\/p>\n<\/li>\n<li data-start=\"1111\" data-end=\"1166\">\n<p data-start=\"1113\" data-end=\"1166\"><strong data-start=\"1113\" data-end=\"1124\">Dise\u00f1o:<\/strong> Conector en T de 90\u00b0 para tubo redondo<\/p>\n<\/li>\n<li data-start=\"1167\" data-end=\"1226\">\n<p data-start=\"1169\" data-end=\"1226\"><strong data-start=\"1169\" data-end=\"1187\">Compatibilidad:<\/strong> Se adapta a barras de soporte redondas de \u03a619mm (3\/4\u2033).<\/p>\n<\/li>\n<li data-start=\"1227\" data-end=\"1292\">\n<p data-start=\"1229\" data-end=\"1292\"><strong data-start=\"1229\" data-end=\"1248\">Opciones de acabado:<\/strong> Disponible en m\u00faltiples y atractivos acabados<\/p>\n<\/li>\n<li data-start=\"1293\" data-end=\"1388\">\n<p data-start=\"1295\" data-end=\"1388\"><strong data-start=\"1295\" data-end=\"1312\">Aplicaciones:<\/strong> Mamparas de ducha de cristal sin marco en viviendas, hoteles y espacios comerciales<\/p>\n<\/li>\n<\/ul>\n<p data-start=\"1390\" data-end=\"1411\"><strong data-start=\"1390\" data-end=\"1409\">Especificaciones:<\/strong><\/p>\n<ul data-start=\"1412\" data-end=\"1664\">\n<li data-start=\"1412\" data-end=\"1434\">\n<p data-start=\"1414\" data-end=\"1434\"><strong data-start=\"1414\" data-end=\"1424\">Modelo:<\/strong> SGH-R24<\/p>\n<\/li>\n<li data-start=\"1435\" data-end=\"1484\">\n<p data-start=\"1437\" data-end=\"1484\"><strong data-start=\"1437\" data-end=\"1446\">Tipo:<\/strong> Conector de tubo a tubo de 90\u00b0 en forma de T<\/p>\n<\/li>\n<li data-start=\"1485\" data-end=\"1508\">\n<p data-start=\"1487\" data-end=\"1508\"><strong data-start=\"1487\" data-end=\"1500\">Material:<\/strong> Lat\u00f3n<\/p>\n<\/li>\n<li data-start=\"1509\" data-end=\"1557\">\n<p data-start=\"1511\" data-end=\"1557\"><strong data-start=\"1511\" data-end=\"1532\">Se adapta al tama\u00f1o del tubo:<\/strong> \u03a619mm (3\/4\u2033) barra redonda<\/p>\n<\/li>\n<li data-start=\"1558\" data-end=\"1601\">\n<p data-start=\"1560\" data-end=\"1601\"><strong data-start=\"1560\" data-end=\"1573\">Acabados:<\/strong> Varias opciones disponibles<\/p>\n<\/li>\n<li data-start=\"1602\" data-end=\"1664\">\n<p data-start=\"1604\" data-end=\"1664\"><strong data-start=\"1604\" data-end=\"1620\">Solicitud:<\/strong> Estructuras de soporte para duchas de cristal sin marco<\/p>\n<\/li>\n<\/ul>","protected":false},"excerpt":{"rendered":"<ul>\n<li>Conector de tubo a tubo de 90 grados<\/li>\n<li>Los soportes aceptan barra de soporte de \u03a619 mm<\/li>\n<li>Disponible en varios acabados atractivos<\/li>\n<\/ul>","protected":false},"featured_media":2488,"comment_status":"open","ping_status":"closed","template":"","meta":{"_acf_changed":false},"product_brand":[],"product_cat":[107,47],"product_tag":[133],"class_list":{"0":"post-2487","1":"product","2":"type-product","3":"status-publish","4":"has-post-thumbnail","6":"product_cat-support-bar-brackets-for-round-bars","7":"product_cat-support-arms-and-bars","8":"product_tag-support-bar-brackets-for-round-bars","9":"pa_finish-brushed-nickel","10":"pa_finish-chrome","11":"pa_finish-gold","12":"pa_finish-gun-metal","13":"pa_finish-black","14":"pa_material-304-stainless-steel","16":"first","17":"instock","18":"purchasable","19":"product-type-variable","20":"has-default-attributes"},"acf":[],"_links":{"self":[{"href":"https:\/\/showerglasshardware.com\/es-es\/wp-json\/wp\/v2\/product\/2487","targetHints":{"allow":["GET"]}}],"collection":[{"href":"https:\/\/showerglasshardware.com\/es-es\/wp-json\/wp\/v2\/product"}],"about":[{"href":"https:\/\/showerglasshardware.com\/es-es\/wp-json\/wp\/v2\/types\/product"}],"replies":[{"embeddable":true,"href":"https:\/\/showerglasshardware.com\/es-es\/wp-json\/wp\/v2\/comments?post=2487"}],"version-history":[{"count":2,"href":"https:\/\/showerglasshardware.com\/es-es\/wp-json\/wp\/v2\/product\/2487\/revisions"}],"predecessor-version":[{"id":4661,"href":"https:\/\/showerglasshardware.com\/es-es\/wp-json\/wp\/v2\/product\/2487\/revisions\/4661"}],"wp:featuredmedia":[{"embeddable":true,"href":"https:\/\/showerglasshardware.com\/es-es\/wp-json\/wp\/v2\/media\/2488"}],"wp:attachment":[{"href":"https:\/\/showerglasshardware.com\/es-es\/wp-json\/wp\/v2\/media?parent=2487"}],"wp:term":[{"taxonomy":"product_brand","embeddable":true,"href":"https:\/\/showerglasshardware.com\/es-es\/wp-json\/wp\/v2\/product_brand?post=2487"},{"taxonomy":"product_cat","embeddable":true,"href":"https:\/\/showerglasshardware.com\/es-es\/wp-json\/wp\/v2\/product_cat?post=2487"},{"taxonomy":"product_tag","embeddable":true,"href":"https:\/\/showerglasshardware.com\/es-es\/wp-json\/wp\/v2\/product_tag?post=2487"}],"curies":[{"name":"wp","href":"https:\/\/api.w.org\/{rel}","templated":true}]}}