{"id":2697,"date":"2024-06-29T13:37:08","date_gmt":"2024-06-29T13:37:08","guid":{"rendered":"https:\/\/showerglasshardware.com\/?post_type=product&#038;p=2697"},"modified":"2025-11-21T06:44:47","modified_gmt":"2025-11-21T06:44:47","slug":"bathtub-screen-brass-shower-door-hinge-sgh-1204l","status":"publish","type":"product","link":"https:\/\/showerglasshardware.com\/es-es\/product\/bathtub-screen-brass-shower-door-hinge-sgh-1204l\/","title":{"rendered":"Bisagra para puerta de ducha de lat\u00f3n con mampara para ba\u00f1era SGH-1204L"},"content":{"rendered":"<h3>Resumen de bisagras para puertas de ducha<\/h3>\n<p>Las bisagras de lat\u00f3n para mamparas de cristal de ba\u00f1era son componentes esenciales que crean una puerta de cristal de ba\u00f1era elegante y funcional. Se instalan en ambos extremos de un lado para asegurar la puerta con eficacia.<\/p>\n<h3>Caracter\u00edsticas clave<\/h3>\n<p>Estas bisagras de ducha son de construcci\u00f3n robusta y de alta calidad. <a href=\"https:\/\/showerglasshardware.com\/es-es\/material\/brass\/\">material de lat\u00f3n<\/a> que garantiza la durabilidad. Dise\u00f1adas espec\u00edficamente para grosores de cristal de entre 6 y 8 mm (0,24\u2033-0,32\u2033), estas bisagras son perfectas para ba\u00f1os modernos.<\/p>\n<h3>Mecanismo de cierre autom\u00e1tico<\/h3>\n<p>Una de las caracter\u00edsticas m\u00e1s destacadas de nuestras bisagras para puertas de ducha es su capacidad de autocierre. Con un \u00e1ngulo de cierre de aproximadamente 30\u00b0, estas bisagras mejoran la comodidad al tiempo que mantienen la est\u00e9tica de su cuarto de ba\u00f1o.<\/p>\n<h3>Key Technical Specifications<\/h3>\n<p>&nbsp;<\/p>\n<ul data-path-to-node=\"3\">\n<li>\n<p data-path-to-node=\"3,0,0\"><b>Modelo<\/b>: SGH-BT101<\/p>\n<\/li>\n<li>\n<p data-path-to-node=\"3,1,0\"><b>Instalaci\u00f3n<\/b>: Wall Mount (Glass-to-Wall)<\/p>\n<\/li>\n<li>\n<p data-path-to-node=\"3,2,0\"><b>Soporte de carga<\/b>: 50kg (approx. 110lbs) per pair \u2014 <i>Heavy Duty<\/i><\/p>\n<\/li>\n<li>\n<p data-path-to-node=\"3,3,0\"><b>Compatibilidad con vidrio<\/b>: 10mm &#8211; 12mm (3\/8&#8243; &#8211; 1\/2&#8243;)<\/p>\n<\/li>\n<li>\n<p data-path-to-node=\"3,4,0\"><b>Material<\/b>: Solid Brass<\/p>\n<\/li>\n<li>\n<p data-path-to-node=\"3,5,0\"><b>Funci\u00f3n<\/b>: Self-centering (Auto-close at ~30\u00b0)<\/p>\n<\/li>\n<\/ul>","protected":false},"excerpt":{"rendered":"<ul>\n<li>Bisagras de Ducha para Mamparas de Vidrio de Ba\u00f1era;<\/li>\n<li>Material: lat\u00f3n<\/li>\n<li>Espesor del vidrio: 6-8 mm \/ 0,24 \u2033 - 0,32 \u2033;<\/li>\n<li>Autocierre a unos 30\u00b0;<\/li>\n<\/ul>","protected":false},"featured_media":3036,"comment_status":"open","ping_status":"closed","template":"","meta":{"_acf_changed":false},"product_brand":[],"product_cat":[20,22],"product_tag":[171],"class_list":{"0":"post-2697","1":"product","2":"type-product","3":"status-publish","4":"has-post-thumbnail","6":"product_cat-shower-door-hinges","7":"product_cat-glass-to-glass-hinges","8":"product_tag-glass-to-glass-hinges","9":"pa_closing-type-self-closing-at-about-30","10":"pa_finish-brushed-nickel","11":"pa_finish-chrome","12":"pa_finish-gold","13":"pa_finish-gun-metal","14":"pa_finish-black","15":"pa_glass-thickness-6-8mm-0-24-0-32","16":"pa_hinge-swings-30","17":"pa_load-bearing-45kg-2pcs","18":"pa_material-brass","20":"first","21":"instock","22":"purchasable","23":"product-type-variable"},"acf":[],"_links":{"self":[{"href":"https:\/\/showerglasshardware.com\/es-es\/wp-json\/wp\/v2\/product\/2697","targetHints":{"allow":["GET"]}}],"collection":[{"href":"https:\/\/showerglasshardware.com\/es-es\/wp-json\/wp\/v2\/product"}],"about":[{"href":"https:\/\/showerglasshardware.com\/es-es\/wp-json\/wp\/v2\/types\/product"}],"replies":[{"embeddable":true,"href":"https:\/\/showerglasshardware.com\/es-es\/wp-json\/wp\/v2\/comments?post=2697"}],"version-history":[{"count":5,"href":"https:\/\/showerglasshardware.com\/es-es\/wp-json\/wp\/v2\/product\/2697\/revisions"}],"predecessor-version":[{"id":5021,"href":"https:\/\/showerglasshardware.com\/es-es\/wp-json\/wp\/v2\/product\/2697\/revisions\/5021"}],"wp:featuredmedia":[{"embeddable":true,"href":"https:\/\/showerglasshardware.com\/es-es\/wp-json\/wp\/v2\/media\/3036"}],"wp:attachment":[{"href":"https:\/\/showerglasshardware.com\/es-es\/wp-json\/wp\/v2\/media?parent=2697"}],"wp:term":[{"taxonomy":"product_brand","embeddable":true,"href":"https:\/\/showerglasshardware.com\/es-es\/wp-json\/wp\/v2\/product_brand?post=2697"},{"taxonomy":"product_cat","embeddable":true,"href":"https:\/\/showerglasshardware.com\/es-es\/wp-json\/wp\/v2\/product_cat?post=2697"},{"taxonomy":"product_tag","embeddable":true,"href":"https:\/\/showerglasshardware.com\/es-es\/wp-json\/wp\/v2\/product_tag?post=2697"}],"curies":[{"name":"wp","href":"https:\/\/api.w.org\/{rel}","templated":true}]}}