{"id":2727,"date":"2024-06-30T08:40:31","date_gmt":"2024-06-30T08:40:31","guid":{"rendered":"https:\/\/showerglasshardware.com\/?post_type=product&#038;p=2727"},"modified":"2025-08-14T08:36:49","modified_gmt":"2025-08-14T08:36:49","slug":"shower-square-support-bar-wall-mount-bracket-rc44","status":"publish","type":"product","link":"https:\/\/showerglasshardware.com\/es-es\/product\/shower-square-support-bar-wall-mount-bracket-rc44\/","title":{"rendered":"Barra de soporte cuadrada para ducha Soporte de montaje en pared RC44"},"content":{"rendered":"<p data-start=\"430\" data-end=\"600\">El soporte de pared para barra de apoyo cuadrada de ducha RC44 es una soluci\u00f3n duradera y elegante para fijar barras de apoyo cuadradas a la pared en mamparas de ducha sin marco.<\/p>\n<p data-start=\"602\" data-end=\"914\">Fabricado en lat\u00f3n macizo, este soporte ofrece una excelente solidez y resistencia a la corrosi\u00f3n, lo que garantiza un rendimiento duradero incluso en cuartos de ba\u00f1o h\u00famedos. Dise\u00f1ado para tubos cuadrados de 3\/4\u2033 (19 mm), proporciona un ajuste seguro y preciso, por lo que es ideal para aplicaciones residenciales y comerciales.<\/p>\n<p data-start=\"916\" data-end=\"935\"><strong data-start=\"916\" data-end=\"933\">Caracter\u00edsticas clave:<\/strong><\/p>\n<ul data-start=\"936\" data-end=\"1232\">\n<li data-start=\"936\" data-end=\"1003\">\n<p data-start=\"938\" data-end=\"1003\"><strong data-start=\"938\" data-end=\"951\">Material:<\/strong> Lat\u00f3n macizo para mayor solidez y resistencia a la corrosi\u00f3n<\/p>\n<\/li>\n<li data-start=\"1004\" data-end=\"1069\">\n<p data-start=\"1006\" data-end=\"1069\"><strong data-start=\"1006\" data-end=\"1017\">Dise\u00f1o:<\/strong> Soporte de pared para barras de ducha cuadradas<\/p>\n<\/li>\n<li data-start=\"1070\" data-end=\"1123\">\n<p data-start=\"1072\" data-end=\"1123\"><strong data-start=\"1072\" data-end=\"1090\">Compatibilidad:<\/strong> Se adapta a tubos cuadrados de 3\/4\u2033 (19 mm)<\/p>\n<\/li>\n<li data-start=\"1124\" data-end=\"1232\">\n<p data-start=\"1126\" data-end=\"1232\"><strong data-start=\"1126\" data-end=\"1143\">Aplicaciones:<\/strong> Adecuado para mamparas de ducha de cristal sin marco en viviendas, hoteles y espacios comerciales<\/p>\n<\/li>\n<\/ul>\n<p data-start=\"1234\" data-end=\"1255\"><strong data-start=\"1234\" data-end=\"1253\">Especificaciones:<\/strong><\/p>\n<ul data-start=\"1256\" data-end=\"1459\">\n<li data-start=\"1256\" data-end=\"1275\">\n<p data-start=\"1258\" data-end=\"1275\"><strong data-start=\"1258\" data-end=\"1268\">Modelo:<\/strong> RC44<\/p>\n<\/li>\n<li data-start=\"1276\" data-end=\"1334\">\n<p data-start=\"1278\" data-end=\"1334\"><strong data-start=\"1278\" data-end=\"1287\">Tipo:<\/strong> Barra soporte ducha cuadrada soporte pared<\/p>\n<\/li>\n<li data-start=\"1335\" data-end=\"1358\">\n<p data-start=\"1337\" data-end=\"1358\"><strong data-start=\"1337\" data-end=\"1350\">Material:<\/strong> Lat\u00f3n<\/p>\n<\/li>\n<li data-start=\"1359\" data-end=\"1410\">\n<p data-start=\"1361\" data-end=\"1410\"><strong data-start=\"1361\" data-end=\"1382\">Se adapta al tama\u00f1o del tubo:<\/strong> Tubo cuadrado de 3\/4\u2033 (19 mm)<\/p>\n<\/li>\n<li data-start=\"1411\" data-end=\"1459\">\n<p data-start=\"1413\" data-end=\"1459\"><strong data-start=\"1413\" data-end=\"1429\">Solicitud:<\/strong> Estructuras de ducha sin marco<\/p>\n<\/li>\n<\/ul>","protected":false},"excerpt":{"rendered":"<ul>\n<li>Material: lat\u00f3n<\/li>\n<li>Adecuado para tubos cuadrados de 3\/4\u2033 (19 mm)<\/li>\n<li>Soporte de montaje en pared para barra de soporte cuadrada para ducha<\/li>\n<\/ul>","protected":false},"featured_media":2731,"comment_status":"open","ping_status":"closed","template":"","meta":{"_acf_changed":false},"product_brand":[],"product_cat":[47,108],"product_tag":[137],"class_list":{"0":"post-2727","1":"product","2":"type-product","3":"status-publish","4":"has-post-thumbnail","6":"product_cat-support-arms-and-bars","7":"product_cat-support-bar-brackets-for-square-bars","8":"product_tag-support-bar-brackets-for-square-bars","9":"pa_finish-brushed-nickel","10":"pa_finish-chrome","11":"pa_finish-gold","12":"pa_finish-gun-metal","13":"pa_finish-black","14":"pa_material-brass","16":"first","17":"instock","18":"purchasable","19":"product-type-variable","20":"has-default-attributes"},"acf":[],"_links":{"self":[{"href":"https:\/\/showerglasshardware.com\/es-es\/wp-json\/wp\/v2\/product\/2727","targetHints":{"allow":["GET"]}}],"collection":[{"href":"https:\/\/showerglasshardware.com\/es-es\/wp-json\/wp\/v2\/product"}],"about":[{"href":"https:\/\/showerglasshardware.com\/es-es\/wp-json\/wp\/v2\/types\/product"}],"replies":[{"embeddable":true,"href":"https:\/\/showerglasshardware.com\/es-es\/wp-json\/wp\/v2\/comments?post=2727"}],"version-history":[{"count":2,"href":"https:\/\/showerglasshardware.com\/es-es\/wp-json\/wp\/v2\/product\/2727\/revisions"}],"predecessor-version":[{"id":4659,"href":"https:\/\/showerglasshardware.com\/es-es\/wp-json\/wp\/v2\/product\/2727\/revisions\/4659"}],"wp:featuredmedia":[{"embeddable":true,"href":"https:\/\/showerglasshardware.com\/es-es\/wp-json\/wp\/v2\/media\/2731"}],"wp:attachment":[{"href":"https:\/\/showerglasshardware.com\/es-es\/wp-json\/wp\/v2\/media?parent=2727"}],"wp:term":[{"taxonomy":"product_brand","embeddable":true,"href":"https:\/\/showerglasshardware.com\/es-es\/wp-json\/wp\/v2\/product_brand?post=2727"},{"taxonomy":"product_cat","embeddable":true,"href":"https:\/\/showerglasshardware.com\/es-es\/wp-json\/wp\/v2\/product_cat?post=2727"},{"taxonomy":"product_tag","embeddable":true,"href":"https:\/\/showerglasshardware.com\/es-es\/wp-json\/wp\/v2\/product_tag?post=2727"}],"curies":[{"name":"wp","href":"https:\/\/api.w.org\/{rel}","templated":true}]}}