{"id":2742,"date":"2024-06-30T09:53:14","date_gmt":"2024-06-30T09:53:14","guid":{"rendered":"https:\/\/showerglasshardware.com\/?post_type=product&#038;p=2742"},"modified":"2025-08-14T08:34:47","modified_gmt":"2025-08-14T08:34:47","slug":"square-shower-support-bar-slide-bracket","status":"publish","type":"product","link":"https:\/\/showerglasshardware.com\/es-es\/product\/square-shower-support-bar-slide-bracket\/","title":{"rendered":"Soporte deslizante de barra de soporte de ducha cuadrada para vidrio de 0,24 \u2033 - 0,39 \u2033 RC47"},"content":{"rendered":"<p data-start=\"477\" data-end=\"673\">La abrazadera deslizante para barra de soporte de ducha cuadrada RC47 est\u00e1 dise\u00f1ada para conectar barras de soporte cuadradas a paneles de cristal de ducha sin marco, a\u00f1adiendo estabilidad y refuerzo estructural a su mampara.<\/p>\n<p data-start=\"675\" data-end=\"943\">Fabricado en lat\u00f3n macizo, este soporte deslizante es compatible con tubos cuadrados de 3\/4\u2033 (19 mm) y se adapta a cristales de 0,24\u2033-0,39\u2033 (6-10 mm) de grosor. Es ideal para crear conexiones seguras y de calidad profesional en instalaciones residenciales o comerciales de duchas sin marco.<\/p>\n<p data-start=\"945\" data-end=\"964\"><strong data-start=\"945\" data-end=\"962\">Caracter\u00edsticas clave:<\/strong><\/p>\n<ul data-start=\"965\" data-end=\"1367\">\n<li data-start=\"965\" data-end=\"1032\">\n<p data-start=\"967\" data-end=\"1032\"><strong data-start=\"967\" data-end=\"980\">Material:<\/strong> Lat\u00f3n macizo para mayor solidez y resistencia a la corrosi\u00f3n<\/p>\n<\/li>\n<li data-start=\"1033\" data-end=\"1105\">\n<p data-start=\"1035\" data-end=\"1105\"><strong data-start=\"1035\" data-end=\"1046\">Dise\u00f1o:<\/strong> Estribo de deslizamiento para la conexi\u00f3n de la barra de soporte cuadrada al cristal<\/p>\n<\/li>\n<li data-start=\"1106\" data-end=\"1158\">\n<p data-start=\"1108\" data-end=\"1158\"><strong data-start=\"1108\" data-end=\"1132\">Compatibilidad de vidrio:<\/strong> Se adapta a cristales de 6-10 mm de grosor<\/p>\n<\/li>\n<li data-start=\"1159\" data-end=\"1219\">\n<p data-start=\"1161\" data-end=\"1219\"><strong data-start=\"1161\" data-end=\"1186\">Compatibilidad de tubos:<\/strong> Se adapta a tubos cuadrados de 3\/4\u2033 (19 mm)<\/p>\n<\/li>\n<li data-start=\"1220\" data-end=\"1296\">\n<p data-start=\"1222\" data-end=\"1296\"><strong data-start=\"1222\" data-end=\"1235\">Funci\u00f3n:<\/strong> Proporciona soporte estructural a las mamparas de ducha sin marco<\/p>\n<\/li>\n<li data-start=\"1297\" data-end=\"1367\">\n<p data-start=\"1299\" data-end=\"1367\"><strong data-start=\"1299\" data-end=\"1316\">Aplicaciones:<\/strong> Adecuado tanto para uso residencial como comercial<\/p>\n<\/li>\n<\/ul>\n<p data-start=\"1369\" data-end=\"1390\"><strong data-start=\"1369\" data-end=\"1388\">Especificaciones:<\/strong><\/p>\n<ul data-start=\"1391\" data-end=\"1646\">\n<li data-start=\"1391\" data-end=\"1410\">\n<p data-start=\"1393\" data-end=\"1410\"><strong data-start=\"1393\" data-end=\"1403\">Modelo:<\/strong> RC47<\/p>\n<\/li>\n<li data-start=\"1411\" data-end=\"1464\">\n<p data-start=\"1413\" data-end=\"1464\"><strong data-start=\"1413\" data-end=\"1422\">Tipo:<\/strong> Soporte cuadrado para barra de ducha<\/p>\n<\/li>\n<li data-start=\"1465\" data-end=\"1488\">\n<p data-start=\"1467\" data-end=\"1488\"><strong data-start=\"1467\" data-end=\"1480\">Material:<\/strong> Lat\u00f3n<\/p>\n<\/li>\n<li data-start=\"1489\" data-end=\"1539\">\n<p data-start=\"1491\" data-end=\"1539\"><strong data-start=\"1491\" data-end=\"1516\">Se adapta al grosor del cristal:<\/strong> 6-10 mm (0,24\u2033-0,39\u2033)<\/p>\n<\/li>\n<li data-start=\"1540\" data-end=\"1591\">\n<p data-start=\"1542\" data-end=\"1591\"><strong data-start=\"1542\" data-end=\"1563\">Se adapta al tama\u00f1o del tubo:<\/strong> Tubo cuadrado de 3\/4\u2033 (19 mm)<\/p>\n<\/li>\n<li data-start=\"1592\" data-end=\"1646\">\n<p data-start=\"1594\" data-end=\"1646\"><strong data-start=\"1594\" data-end=\"1610\">Solicitud:<\/strong> Estructuras de ducha de cristal sin marco<\/p>\n<\/li>\n<\/ul>","protected":false},"excerpt":{"rendered":"<ul>\n<li>Soporte deslizante para barra de soporte de ducha cuadrada<\/li>\n<li>Adecuado para tubos cuadrados de 3\/4\u2033 (19 mm)<\/li>\n<li>Material: lat\u00f3n<\/li>\n<li>Proporciona soporte estructural a mamparas de ducha sin marco<\/li>\n<\/ul>","protected":false},"featured_media":2751,"comment_status":"open","ping_status":"closed","template":"","meta":{"_acf_changed":false},"product_brand":[],"product_cat":[108,47],"product_tag":[137],"class_list":{"0":"post-2742","1":"product","2":"type-product","3":"status-publish","4":"has-post-thumbnail","6":"product_cat-support-bar-brackets-for-square-bars","7":"product_cat-support-arms-and-bars","8":"product_tag-support-bar-brackets-for-square-bars","9":"pa_finish-brushed-nickel","10":"pa_finish-chrome","11":"pa_finish-gold","12":"pa_finish-gun-metal","13":"pa_finish-black","14":"pa_glass-thickness-6-10-mm","15":"pa_material-brass","17":"first","18":"instock","19":"purchasable","20":"product-type-variable","21":"has-default-attributes"},"acf":[],"_links":{"self":[{"href":"https:\/\/showerglasshardware.com\/es-es\/wp-json\/wp\/v2\/product\/2742","targetHints":{"allow":["GET"]}}],"collection":[{"href":"https:\/\/showerglasshardware.com\/es-es\/wp-json\/wp\/v2\/product"}],"about":[{"href":"https:\/\/showerglasshardware.com\/es-es\/wp-json\/wp\/v2\/types\/product"}],"replies":[{"embeddable":true,"href":"https:\/\/showerglasshardware.com\/es-es\/wp-json\/wp\/v2\/comments?post=2742"}],"version-history":[{"count":1,"href":"https:\/\/showerglasshardware.com\/es-es\/wp-json\/wp\/v2\/product\/2742\/revisions"}],"predecessor-version":[{"id":4657,"href":"https:\/\/showerglasshardware.com\/es-es\/wp-json\/wp\/v2\/product\/2742\/revisions\/4657"}],"wp:featuredmedia":[{"embeddable":true,"href":"https:\/\/showerglasshardware.com\/es-es\/wp-json\/wp\/v2\/media\/2751"}],"wp:attachment":[{"href":"https:\/\/showerglasshardware.com\/es-es\/wp-json\/wp\/v2\/media?parent=2742"}],"wp:term":[{"taxonomy":"product_brand","embeddable":true,"href":"https:\/\/showerglasshardware.com\/es-es\/wp-json\/wp\/v2\/product_brand?post=2742"},{"taxonomy":"product_cat","embeddable":true,"href":"https:\/\/showerglasshardware.com\/es-es\/wp-json\/wp\/v2\/product_cat?post=2742"},{"taxonomy":"product_tag","embeddable":true,"href":"https:\/\/showerglasshardware.com\/es-es\/wp-json\/wp\/v2\/product_tag?post=2742"}],"curies":[{"name":"wp","href":"https:\/\/api.w.org\/{rel}","templated":true}]}}