{"id":2756,"date":"2024-06-30T10:10:06","date_gmt":"2024-06-30T10:10:06","guid":{"rendered":"https:\/\/showerglasshardware.com\/?post_type=product&#038;p=2756"},"modified":"2025-08-14T08:31:32","modified_gmt":"2025-08-14T08:31:32","slug":"square-shower-support-bar-adjustable-wall-mount-bracket-rc39","status":"publish","type":"product","link":"https:\/\/showerglasshardware.com\/es-es\/product\/square-shower-support-bar-adjustable-wall-mount-bracket-rc39\/","title":{"rendered":"Barra de soporte de ducha cuadrada, soporte de montaje en pared ajustable RC39"},"content":{"rendered":"<p data-start=\"457\" data-end=\"634\">El soporte de pared ajustable para barra de soporte de ducha cuadrada RC39 est\u00e1 dise\u00f1ado para proporcionar una conexi\u00f3n segura y ajustable entre las barras de soporte de ducha cuadradas y la pared.<\/p>\n<p data-start=\"636\" data-end=\"967\">Fabricado en lat\u00f3n macizo, este soporte ofrece una durabilidad excepcional, resistencia a la corrosi\u00f3n y un aspecto elegante que combina a la perfecci\u00f3n con los dise\u00f1os de ba\u00f1os modernos. Adecuado para tubos cuadrados de 19 mm, garantiza un ajuste estable y preciso para mamparas de ducha sin marco en aplicaciones residenciales y comerciales.<\/p>\n<p data-start=\"969\" data-end=\"988\"><strong data-start=\"969\" data-end=\"986\">Caracter\u00edsticas clave:<\/strong><\/p>\n<ul data-start=\"989\" data-end=\"1264\">\n<li data-start=\"989\" data-end=\"1056\">\n<p data-start=\"991\" data-end=\"1056\"><strong data-start=\"991\" data-end=\"1004\">Material:<\/strong> Lat\u00f3n macizo para mayor solidez y resistencia a la corrosi\u00f3n<\/p>\n<\/li>\n<li data-start=\"1057\" data-end=\"1126\">\n<p data-start=\"1059\" data-end=\"1126\"><strong data-start=\"1059\" data-end=\"1070\">Dise\u00f1o:<\/strong> Soporte de pared ajustable para barras de apoyo cuadradas<\/p>\n<\/li>\n<li data-start=\"1127\" data-end=\"1180\">\n<p data-start=\"1129\" data-end=\"1180\"><strong data-start=\"1129\" data-end=\"1147\">Compatibilidad:<\/strong> Se adapta a tubos cuadrados de 3\/4\u2033 (19 mm)<\/p>\n<\/li>\n<li data-start=\"1181\" data-end=\"1264\">\n<p data-start=\"1183\" data-end=\"1264\"><strong data-start=\"1183\" data-end=\"1200\">Aplicaciones:<\/strong> Proporciona un soporte seguro para las estructuras de ducha de cristal sin marco<\/p>\n<\/li>\n<\/ul>\n<p data-start=\"1266\" data-end=\"1287\"><strong data-start=\"1266\" data-end=\"1285\">Especificaciones:<\/strong><\/p>\n<ul data-start=\"1288\" data-end=\"1505\">\n<li data-start=\"1288\" data-end=\"1307\">\n<p data-start=\"1290\" data-end=\"1307\"><strong data-start=\"1290\" data-end=\"1300\">Modelo:<\/strong> RC39<\/p>\n<\/li>\n<li data-start=\"1308\" data-end=\"1374\">\n<p data-start=\"1310\" data-end=\"1374\"><strong data-start=\"1310\" data-end=\"1319\">Tipo:<\/strong> Soporte de pared ajustable para barra de apoyo cuadrada<\/p>\n<\/li>\n<li data-start=\"1375\" data-end=\"1398\">\n<p data-start=\"1377\" data-end=\"1398\"><strong data-start=\"1377\" data-end=\"1390\">Material:<\/strong> Lat\u00f3n<\/p>\n<\/li>\n<li data-start=\"1399\" data-end=\"1450\">\n<p data-start=\"1401\" data-end=\"1450\"><strong data-start=\"1401\" data-end=\"1422\">Se adapta al tama\u00f1o del tubo:<\/strong> Tubo cuadrado de 3\/4\u2033 (19 mm)<\/p>\n<\/li>\n<li data-start=\"1451\" data-end=\"1505\">\n<p data-start=\"1453\" data-end=\"1505\"><strong data-start=\"1453\" data-end=\"1469\">Solicitud:<\/strong> Mamparas de ducha de cristal sin marco<\/p>\n<\/li>\n<\/ul>","protected":false},"excerpt":{"rendered":"<ul>\n<li>Soporte de montaje en pared ajustable con barra de soporte cuadrada<\/li>\n<li>Material: lat\u00f3n<\/li>\n<li>adecuado para tubos cuadrados de 3\/4\u2033 (19 mm)<\/li>\n<\/ul>","protected":false},"featured_media":2761,"comment_status":"open","ping_status":"closed","template":"","meta":{"_acf_changed":false},"product_brand":[],"product_cat":[108,47],"product_tag":[137],"class_list":{"0":"post-2756","1":"product","2":"type-product","3":"status-publish","4":"has-post-thumbnail","6":"product_cat-support-bar-brackets-for-square-bars","7":"product_cat-support-arms-and-bars","8":"product_tag-support-bar-brackets-for-square-bars","9":"pa_finish-brushed-nickel","10":"pa_finish-chrome","11":"pa_finish-gold","12":"pa_finish-gun-metal","13":"pa_finish-black","14":"pa_material-brass","16":"first","17":"instock","18":"purchasable","19":"product-type-variable","20":"has-default-attributes"},"acf":[],"_links":{"self":[{"href":"https:\/\/showerglasshardware.com\/es-es\/wp-json\/wp\/v2\/product\/2756","targetHints":{"allow":["GET"]}}],"collection":[{"href":"https:\/\/showerglasshardware.com\/es-es\/wp-json\/wp\/v2\/product"}],"about":[{"href":"https:\/\/showerglasshardware.com\/es-es\/wp-json\/wp\/v2\/types\/product"}],"replies":[{"embeddable":true,"href":"https:\/\/showerglasshardware.com\/es-es\/wp-json\/wp\/v2\/comments?post=2756"}],"version-history":[{"count":1,"href":"https:\/\/showerglasshardware.com\/es-es\/wp-json\/wp\/v2\/product\/2756\/revisions"}],"predecessor-version":[{"id":4656,"href":"https:\/\/showerglasshardware.com\/es-es\/wp-json\/wp\/v2\/product\/2756\/revisions\/4656"}],"wp:featuredmedia":[{"embeddable":true,"href":"https:\/\/showerglasshardware.com\/es-es\/wp-json\/wp\/v2\/media\/2761"}],"wp:attachment":[{"href":"https:\/\/showerglasshardware.com\/es-es\/wp-json\/wp\/v2\/media?parent=2756"}],"wp:term":[{"taxonomy":"product_brand","embeddable":true,"href":"https:\/\/showerglasshardware.com\/es-es\/wp-json\/wp\/v2\/product_brand?post=2756"},{"taxonomy":"product_cat","embeddable":true,"href":"https:\/\/showerglasshardware.com\/es-es\/wp-json\/wp\/v2\/product_cat?post=2756"},{"taxonomy":"product_tag","embeddable":true,"href":"https:\/\/showerglasshardware.com\/es-es\/wp-json\/wp\/v2\/product_tag?post=2756"}],"curies":[{"name":"wp","href":"https:\/\/api.w.org\/{rel}","templated":true}]}}