{"id":2810,"date":"2024-07-02T07:58:27","date_gmt":"2024-07-02T07:58:27","guid":{"rendered":"https:\/\/showerglasshardware.com\/?post_type=product&#038;p=2810"},"modified":"2025-11-21T06:41:25","modified_gmt":"2025-11-21T06:41:25","slug":"heavy-duty-glass-shower-screen-hinges-wall-mount-hinges","status":"publish","type":"product","link":"https:\/\/showerglasshardware.com\/es-es\/product\/heavy-duty-glass-shower-screen-hinges-wall-mount-hinges\/","title":{"rendered":"Bisagras para mampara de ducha de vidrio resistente | Bisagras de montaje en pared SGH-BT101"},"content":{"rendered":"<p data-start=\"460\" data-end=\"625\">Las bisagras para mamparas de ducha SGH-BT101 Heavy Duty est\u00e1n dise\u00f1adas para ofrecer una resistencia superior, un funcionamiento suave y una larga durabilidad en mamparas de ducha sin marco.<\/p>\n<p data-start=\"627\" data-end=\"938\">Fabricadas en lat\u00f3n macizo para ofrecer la m\u00e1xima resistencia a la corrosi\u00f3n, estas bisagras de montaje en pared son compatibles con cristal de 10-12 mm (0,39\u2033-0,47\u2033) de grosor y pueden soportar hasta 50 kg por cada dos bisagras. Su robusta construcci\u00f3n las hace ideales para puertas de ducha de cristal pesadas, tanto en entornos residenciales como comerciales.<\/p>\n<p data-start=\"940\" data-end=\"1169\">El dise\u00f1o de montaje en pared permite una fijaci\u00f3n segura de la puerta de cristal directamente en paredes alicatadas u otras superficies estructurales, mientras que la ingenier\u00eda de precisi\u00f3n garantiza un movimiento suave y autocentrado para una experiencia de ducha de primera calidad.<\/p>\n<p data-start=\"1171\" data-end=\"1190\"><strong data-start=\"1171\" data-end=\"1188\">Caracter\u00edsticas clave:<\/strong><\/p>\n<ul data-start=\"1191\" data-end=\"1592\">\n<li data-start=\"1191\" data-end=\"1247\">\n<p data-start=\"1193\" data-end=\"1247\"><strong data-start=\"1193\" data-end=\"1202\">Tipo:<\/strong> Bisagras murales de gran resistencia para mamparas de ducha<\/p>\n<\/li>\n<li data-start=\"1248\" data-end=\"1310\">\n<p data-start=\"1250\" data-end=\"1310\"><strong data-start=\"1250\" data-end=\"1263\">Material:<\/strong> Lat\u00f3n macizo para mayor solidez y resistencia a la oxidaci\u00f3n<\/p>\n<\/li>\n<li data-start=\"1311\" data-end=\"1378\">\n<p data-start=\"1313\" data-end=\"1378\"><strong data-start=\"1313\" data-end=\"1337\">Compatibilidad de vidrio:<\/strong> Se adapta a cristales de 10-12 mm (0,39\u2033-0,47\u2033) de grosor<\/p>\n<\/li>\n<li data-start=\"1379\" data-end=\"1436\">\n<p data-start=\"1381\" data-end=\"1436\"><strong data-start=\"1381\" data-end=\"1399\">Capacidad de carga:<\/strong> Soporta hasta 50 kg por cada dos bisagras<\/p>\n<\/li>\n<li data-start=\"1437\" data-end=\"1503\">\n<p data-start=\"1439\" data-end=\"1503\"><strong data-start=\"1439\" data-end=\"1450\">Dise\u00f1o:<\/strong> Resistente, estable y adecuado para puertas de cristal pesadas<\/p>\n<\/li>\n<li data-start=\"1504\" data-end=\"1592\">\n<p data-start=\"1506\" data-end=\"1592\"><strong data-start=\"1506\" data-end=\"1523\">Aplicaciones:<\/strong> Perfecto para mamparas de ducha sin marco en viviendas, hoteles y spas<\/p>\n<\/li>\n<\/ul>\n<p data-start=\"1594\" data-end=\"1615\"><strong data-start=\"1594\" data-end=\"1613\">Especificaciones:<\/strong><\/p>\n<ul data-start=\"1616\" data-end=\"1937\">\n<li data-start=\"1616\" data-end=\"1640\">\n<p data-start=\"1618\" data-end=\"1640\"><strong data-start=\"1618\" data-end=\"1628\">Modelo:<\/strong> SGH-BT101<\/p>\n<\/li>\n<li data-start=\"1641\" data-end=\"1671\">\n<p data-start=\"1643\" data-end=\"1671\"><strong data-start=\"1643\" data-end=\"1652\">Tipo:<\/strong> Bisagra de pared<\/p>\n<\/li>\n<li data-start=\"1672\" data-end=\"1695\">\n<p data-start=\"1674\" data-end=\"1695\"><strong data-start=\"1674\" data-end=\"1687\">Material:<\/strong> Lat\u00f3n<\/p>\n<\/li>\n<li data-start=\"1696\" data-end=\"1733\">\n<p data-start=\"1698\" data-end=\"1733\"><strong data-start=\"1698\" data-end=\"1723\">Se adapta al grosor del cristal:<\/strong> 10-12 mm<\/p>\n<\/li>\n<li data-start=\"1734\" data-end=\"1768\">\n<p data-start=\"1736\" data-end=\"1768\"><strong data-start=\"1736\" data-end=\"1754\">Capacidad de carga:<\/strong> 50kg \/ 2pcs<\/p>\n<\/li>\n<li data-start=\"1769\" data-end=\"1831\">\n<p data-start=\"1771\" data-end=\"1831\"><strong data-start=\"1771\" data-end=\"1789\">Rango de apertura:<\/strong> 90\u00b0 o 180\u00b0 (seg\u00fan la instalaci\u00f3n)<\/p>\n<\/li>\n<li data-start=\"1832\" data-end=\"1937\">\n<p data-start=\"1834\" data-end=\"1937\"><strong data-start=\"1834\" data-end=\"1853\">Opciones de acabado:<\/strong> Cromo pulido, n\u00edquel cepillado, oro pulido, negro mate, Gun Metal (opcional)<\/p>\n<\/li>\n<\/ul>","protected":false},"excerpt":{"rendered":"<ul>\n<li>Bisagras de montaje en pared<\/li>\n<li>Bisagras para mampara de ducha de vidrio de alta resistencia con capacidad de carga de 50 kg \/ 2 piezas<\/li>\n<li>Espesor del vidrio 10-12 mm \/ 0,39 \u2033 \u2013 0,47 \u2033<\/li>\n<\/ul>","protected":false},"featured_media":3035,"comment_status":"open","ping_status":"closed","template":"","meta":{"_acf_changed":false},"product_brand":[],"product_cat":[20,21],"product_tag":[125],"class_list":{"0":"post-2810","1":"product","2":"type-product","3":"status-publish","4":"has-post-thumbnail","6":"product_cat-shower-door-hinges","7":"product_cat-glass-to-wall-hinges","8":"product_tag-180-degree-glass-to-glass-hinges","9":"pa_closing-type-self-closing-at-about-30","10":"pa_finish-brushed-nickel","11":"pa_finish-chrome","12":"pa_finish-gold","13":"pa_finish-gun-metal","14":"pa_finish-black","15":"pa_glass-thickness-10-12mm-0-39-0-47","16":"pa_load-bearing-50kg-2pcs","17":"pa_material-brass","19":"first","20":"instock","21":"purchasable","22":"product-type-variable","23":"has-default-attributes"},"acf":[],"_links":{"self":[{"href":"https:\/\/showerglasshardware.com\/es-es\/wp-json\/wp\/v2\/product\/2810","targetHints":{"allow":["GET"]}}],"collection":[{"href":"https:\/\/showerglasshardware.com\/es-es\/wp-json\/wp\/v2\/product"}],"about":[{"href":"https:\/\/showerglasshardware.com\/es-es\/wp-json\/wp\/v2\/types\/product"}],"replies":[{"embeddable":true,"href":"https:\/\/showerglasshardware.com\/es-es\/wp-json\/wp\/v2\/comments?post=2810"}],"version-history":[{"count":3,"href":"https:\/\/showerglasshardware.com\/es-es\/wp-json\/wp\/v2\/product\/2810\/revisions"}],"predecessor-version":[{"id":4703,"href":"https:\/\/showerglasshardware.com\/es-es\/wp-json\/wp\/v2\/product\/2810\/revisions\/4703"}],"wp:featuredmedia":[{"embeddable":true,"href":"https:\/\/showerglasshardware.com\/es-es\/wp-json\/wp\/v2\/media\/3035"}],"wp:attachment":[{"href":"https:\/\/showerglasshardware.com\/es-es\/wp-json\/wp\/v2\/media?parent=2810"}],"wp:term":[{"taxonomy":"product_brand","embeddable":true,"href":"https:\/\/showerglasshardware.com\/es-es\/wp-json\/wp\/v2\/product_brand?post=2810"},{"taxonomy":"product_cat","embeddable":true,"href":"https:\/\/showerglasshardware.com\/es-es\/wp-json\/wp\/v2\/product_cat?post=2810"},{"taxonomy":"product_tag","embeddable":true,"href":"https:\/\/showerglasshardware.com\/es-es\/wp-json\/wp\/v2\/product_tag?post=2810"}],"curies":[{"name":"wp","href":"https:\/\/api.w.org\/{rel}","templated":true}]}}