{"id":2823,"date":"2024-07-02T08:00:23","date_gmt":"2024-07-02T08:00:23","guid":{"rendered":"https:\/\/showerglasshardware.com\/?post_type=product&#038;p=2823"},"modified":"2025-11-21T06:31:19","modified_gmt":"2025-11-21T06:31:19","slug":"heavy-duty-glass-shower-screen-hinges-glass-to-glass-hinges","status":"publish","type":"product","link":"https:\/\/showerglasshardware.com\/es-es\/product\/heavy-duty-glass-shower-screen-hinges-glass-to-glass-hinges\/","title":{"rendered":"Bisagras para mampara de ducha de vidrio resistente | Bisagras de vidrio a vidrio SGH-BT104"},"content":{"rendered":"<p data-start=\"474\" data-end=\"645\">Las bisagras de ducha SGH-BT104 Heavy Duty Glass to Glass est\u00e1n dise\u00f1adas para ofrecer la m\u00e1xima resistencia, un funcionamiento suave y un aspecto de primera calidad en mamparas de ducha sin marco.<\/p>\n<p data-start=\"647\" data-end=\"879\">Fabricadas en lat\u00f3n macizo de alta calidad, estas bisagras de 180\u00b0 de cristal a cristal est\u00e1n dise\u00f1adas para cristal de 10-12 mm (0,39\u2033-0,47\u2033) de grosor y pueden soportar hasta 50 kg por cada dos bisagras, lo que las hace ideales para puertas de cristal grandes o pesadas.<\/p>\n<p data-start=\"881\" data-end=\"1065\">Su dise\u00f1o en l\u00ednea de 180\u00b0 permite una alineaci\u00f3n perfecta entre dos paneles de cristal, mientras que su resistente construcci\u00f3n garantiza su durabilidad tanto en cuartos de ba\u00f1o residenciales como comerciales.<\/p>\n<p data-start=\"1067\" data-end=\"1086\"><strong data-start=\"1067\" data-end=\"1084\">Caracter\u00edsticas clave:<\/strong><\/p>\n<ul data-start=\"1087\" data-end=\"1502\">\n<li data-start=\"1087\" data-end=\"1147\">\n<p data-start=\"1089\" data-end=\"1147\"><strong data-start=\"1089\" data-end=\"1098\">Tipo:<\/strong> Bisagras de ducha resistentes a 180\u00b0 (cristal con cristal)<\/p>\n<\/li>\n<li data-start=\"1148\" data-end=\"1227\">\n<p data-start=\"1150\" data-end=\"1227\"><strong data-start=\"1150\" data-end=\"1163\">Material:<\/strong> Lat\u00f3n macizo para una solidez y resistencia a la corrosi\u00f3n excepcionales<\/p>\n<\/li>\n<li data-start=\"1228\" data-end=\"1295\">\n<p data-start=\"1230\" data-end=\"1295\"><strong data-start=\"1230\" data-end=\"1254\">Compatibilidad de vidrio:<\/strong> Se adapta a cristales de 10-12 mm (0,39\u2033-0,47\u2033) de grosor<\/p>\n<\/li>\n<li data-start=\"1296\" data-end=\"1353\">\n<p data-start=\"1298\" data-end=\"1353\"><strong data-start=\"1298\" data-end=\"1316\">Capacidad de carga:<\/strong> Soporta hasta 50 kg por cada dos bisagras<\/p>\n<\/li>\n<li data-start=\"1354\" data-end=\"1421\">\n<p data-start=\"1356\" data-end=\"1421\"><strong data-start=\"1356\" data-end=\"1367\">Dise\u00f1o:<\/strong> Aspecto aerodin\u00e1mico para duchas modernas sin marco<\/p>\n<\/li>\n<li data-start=\"1422\" data-end=\"1502\">\n<p data-start=\"1424\" data-end=\"1502\"><strong data-start=\"1424\" data-end=\"1441\">Aplicaciones:<\/strong> Adecuado para mamparas de ducha de residencias, hoteles y spas<\/p>\n<\/li>\n<\/ul>\n<p data-start=\"1504\" data-end=\"1525\"><strong data-start=\"1504\" data-end=\"1523\">Especificaciones:<\/strong><\/p>\n<ul data-start=\"1526\" data-end=\"1822\">\n<li data-start=\"1526\" data-end=\"1550\">\n<p data-start=\"1528\" data-end=\"1550\"><strong data-start=\"1528\" data-end=\"1538\">Modelo:<\/strong> SGH-BT104<\/p>\n<\/li>\n<li data-start=\"1551\" data-end=\"1591\">\n<p data-start=\"1553\" data-end=\"1591\"><strong data-start=\"1553\" data-end=\"1562\">Tipo:<\/strong> Bisagra de cristal a cristal, 180<\/p>\n<\/li>\n<li data-start=\"1592\" data-end=\"1615\">\n<p data-start=\"1594\" data-end=\"1615\"><strong data-start=\"1594\" data-end=\"1607\">Material:<\/strong> Lat\u00f3n<\/p>\n<\/li>\n<li data-start=\"1616\" data-end=\"1653\">\n<p data-start=\"1618\" data-end=\"1653\"><strong data-start=\"1618\" data-end=\"1643\">Se adapta al grosor del cristal:<\/strong> 10-12 mm<\/p>\n<\/li>\n<li data-start=\"1654\" data-end=\"1688\">\n<p data-start=\"1656\" data-end=\"1688\"><strong data-start=\"1656\" data-end=\"1674\">Capacidad de carga:<\/strong> 50kg \/ 2pcs<\/p>\n<\/li>\n<li data-start=\"1689\" data-end=\"1716\">\n<p data-start=\"1691\" data-end=\"1716\"><strong data-start=\"1691\" data-end=\"1709\">Rango de apertura:<\/strong> 180\u00b0<\/p>\n<\/li>\n<li data-start=\"1717\" data-end=\"1822\">\n<p data-start=\"1719\" data-end=\"1822\"><strong data-start=\"1719\" data-end=\"1738\">Opciones de acabado:<\/strong> Cromo pulido, n\u00edquel cepillado, oro pulido, negro mate, Gun Metal (opcional)<\/p>\n<\/li>\n<\/ul>","protected":false},"excerpt":{"rendered":"<ul>\n<li>Bisagras de vidrio a vidrio de 180 grados<\/li>\n<li>Bisagras para mampara de ducha de vidrio de alta resistencia con capacidad de carga de 50 kg \/ 2 piezas<\/li>\n<li>Espesor del vidrio 10-12 mm \/ 0,39 \u2033 \u2013 0,47 \u2033<\/li>\n<\/ul>","protected":false},"featured_media":3034,"comment_status":"open","ping_status":"closed","template":"","meta":{"_acf_changed":false},"product_brand":[],"product_cat":[20,21],"product_tag":[131],"class_list":{"0":"post-2823","1":"product","2":"type-product","3":"status-publish","4":"has-post-thumbnail","6":"product_cat-shower-door-hinges","7":"product_cat-glass-to-wall-hinges","8":"product_tag-wall-mount-hinges","9":"pa_closing-type-self-closing-at-about-30","10":"pa_finish-brushed-nickel","11":"pa_finish-chrome","12":"pa_finish-gold","13":"pa_finish-gun-metal","14":"pa_finish-black","15":"pa_glass-thickness-10-12mm-0-39-0-47","16":"pa_load-bearing-50kg-2pcs","17":"pa_material-brass","19":"first","20":"instock","21":"purchasable","22":"product-type-variable","23":"has-default-attributes"},"acf":[],"_links":{"self":[{"href":"https:\/\/showerglasshardware.com\/es-es\/wp-json\/wp\/v2\/product\/2823","targetHints":{"allow":["GET"]}}],"collection":[{"href":"https:\/\/showerglasshardware.com\/es-es\/wp-json\/wp\/v2\/product"}],"about":[{"href":"https:\/\/showerglasshardware.com\/es-es\/wp-json\/wp\/v2\/types\/product"}],"replies":[{"embeddable":true,"href":"https:\/\/showerglasshardware.com\/es-es\/wp-json\/wp\/v2\/comments?post=2823"}],"version-history":[{"count":5,"href":"https:\/\/showerglasshardware.com\/es-es\/wp-json\/wp\/v2\/product\/2823\/revisions"}],"predecessor-version":[{"id":4702,"href":"https:\/\/showerglasshardware.com\/es-es\/wp-json\/wp\/v2\/product\/2823\/revisions\/4702"}],"wp:featuredmedia":[{"embeddable":true,"href":"https:\/\/showerglasshardware.com\/es-es\/wp-json\/wp\/v2\/media\/3034"}],"wp:attachment":[{"href":"https:\/\/showerglasshardware.com\/es-es\/wp-json\/wp\/v2\/media?parent=2823"}],"wp:term":[{"taxonomy":"product_brand","embeddable":true,"href":"https:\/\/showerglasshardware.com\/es-es\/wp-json\/wp\/v2\/product_brand?post=2823"},{"taxonomy":"product_cat","embeddable":true,"href":"https:\/\/showerglasshardware.com\/es-es\/wp-json\/wp\/v2\/product_cat?post=2823"},{"taxonomy":"product_tag","embeddable":true,"href":"https:\/\/showerglasshardware.com\/es-es\/wp-json\/wp\/v2\/product_tag?post=2823"}],"curies":[{"name":"wp","href":"https:\/\/api.w.org\/{rel}","templated":true}]}}