{"id":2855,"date":"2024-07-02T08:37:56","date_gmt":"2024-07-02T08:37:56","guid":{"rendered":"https:\/\/showerglasshardware.com\/?post_type=product&#038;p=2855"},"modified":"2025-11-21T06:28:05","modified_gmt":"2025-11-21T06:28:05","slug":"bathtub-glass-screen-hinges","status":"publish","type":"product","link":"https:\/\/showerglasshardware.com\/es-es\/product\/bathtub-glass-screen-hinges\/","title":{"rendered":"Bisagra de puerta de ducha de lat\u00f3n Bisagras de pantalla de vidrio para ba\u00f1era SGH-1204R"},"content":{"rendered":"<p data-start=\"434\" data-end=\"618\">Las bisagras para mamparas de ba\u00f1era SGH-1204R Left-Side 90\u00b0 Brass est\u00e1n especialmente dise\u00f1adas para mamparas de ba\u00f1era sin marco y combinan funcionalidad, resistencia y un aspecto refinado.<\/p>\n<p data-start=\"620\" data-end=\"904\">Fabricadas en lat\u00f3n macizo para ofrecer una excelente durabilidad y resistencia a la corrosi\u00f3n, estas bisagras se adaptan a cristales de 6-8 mm de grosor (0,24\u2033-0,32\u2033) y cuentan con un mecanismo de autocierre a aproximadamente 30\u00b0, lo que ayuda a mantener el agua dentro de la zona de la ba\u00f1era a la vez que garantiza un movimiento suave y controlado.<\/p>\n<p data-start=\"906\" data-end=\"1095\">Dise\u00f1ada para instalaciones vidrio-pared, la bisagra SGH-1204R se ha fabricado espec\u00edficamente para su orientaci\u00f3n a la izquierda, lo que facilita su adaptaci\u00f3n al dise\u00f1o de su mampara de ba\u00f1era.<\/p>\n<p data-start=\"1097\" data-end=\"1116\"><strong data-start=\"1097\" data-end=\"1114\">Caracter\u00edsticas clave:<\/strong><\/p>\n<ul data-start=\"1117\" data-end=\"1516\">\n<li data-start=\"1117\" data-end=\"1173\">\n<p data-start=\"1119\" data-end=\"1173\"><strong data-start=\"1119\" data-end=\"1128\">Tipo:<\/strong> Bisagra de 90\u00b0 para mampara de ba\u00f1era (lado izquierdo)<\/p>\n<\/li>\n<li data-start=\"1174\" data-end=\"1232\">\n<p data-start=\"1176\" data-end=\"1232\"><strong data-start=\"1176\" data-end=\"1189\">Material:<\/strong> Lat\u00f3n macizo para un rendimiento duradero<\/p>\n<\/li>\n<li data-start=\"1233\" data-end=\"1298\">\n<p data-start=\"1235\" data-end=\"1298\"><strong data-start=\"1235\" data-end=\"1259\">Compatibilidad de vidrio:<\/strong> Se adapta a cristales de 6-8 mm de grosor (0,24\u2033-0,32\u2033).<\/p>\n<\/li>\n<li data-start=\"1299\" data-end=\"1349\">\n<p data-start=\"1301\" data-end=\"1349\"><strong data-start=\"1301\" data-end=\"1318\">Autocierre:<\/strong> Se cierra autom\u00e1ticamente a ~30<\/p>\n<\/li>\n<li data-start=\"1350\" data-end=\"1426\">\n<p data-start=\"1352\" data-end=\"1426\"><strong data-start=\"1352\" data-end=\"1368\">Orientaci\u00f3n:<\/strong> Configuraci\u00f3n a la izquierda para necesidades de instalaci\u00f3n espec\u00edficas<\/p>\n<\/li>\n<li data-start=\"1427\" data-end=\"1516\">\n<p data-start=\"1429\" data-end=\"1516\"><strong data-start=\"1429\" data-end=\"1446\">Aplicaciones:<\/strong> Mamparas de ducha para ba\u00f1eras sin marco en cuartos de ba\u00f1o de viviendas y hoteles<\/p>\n<\/li>\n<\/ul>\n<p data-start=\"1518\" data-end=\"1539\"><strong data-start=\"1518\" data-end=\"1537\">Especificaciones:<\/strong><\/p>\n<ul data-start=\"1540\" data-end=\"1841\">\n<li data-start=\"1540\" data-end=\"1564\">\n<p data-start=\"1542\" data-end=\"1564\"><strong data-start=\"1542\" data-end=\"1552\">Modelo:<\/strong> SGH-1204R<\/p>\n<\/li>\n<li data-start=\"1565\" data-end=\"1615\">\n<p data-start=\"1567\" data-end=\"1615\"><strong data-start=\"1567\" data-end=\"1576\">Tipo:<\/strong> Bisagra de cristal a pared, 90\u00b0 (lado izquierdo)<\/p>\n<\/li>\n<li data-start=\"1616\" data-end=\"1639\">\n<p data-start=\"1618\" data-end=\"1639\"><strong data-start=\"1618\" data-end=\"1631\">Material:<\/strong> Lat\u00f3n<\/p>\n<\/li>\n<li data-start=\"1640\" data-end=\"1675\">\n<p data-start=\"1642\" data-end=\"1675\"><strong data-start=\"1642\" data-end=\"1667\">Se adapta al grosor del cristal:<\/strong> 6-8 mm<\/p>\n<\/li>\n<li data-start=\"1676\" data-end=\"1708\">\n<p data-start=\"1678\" data-end=\"1708\"><strong data-start=\"1678\" data-end=\"1701\">\u00c1ngulo de autocierre:<\/strong> ~30\u00b0<\/p>\n<\/li>\n<li data-start=\"1709\" data-end=\"1735\">\n<p data-start=\"1711\" data-end=\"1735\"><strong data-start=\"1711\" data-end=\"1729\">Rango de apertura:<\/strong> 90\u00b0<\/p>\n<\/li>\n<li data-start=\"1736\" data-end=\"1841\">\n<p data-start=\"1738\" data-end=\"1841\"><strong data-start=\"1738\" data-end=\"1757\">Opciones de acabado:<\/strong> Cromo pulido, n\u00edquel cepillado, oro pulido, negro mate, Gun Metal (opcional)<\/p>\n<\/li>\n<\/ul>\n<p><a href=\"https:\/\/showerglasshardware.com\/es-es\/product\/bathtub-screen-brass-shower-door-hinge-sgh-1204l\/\">Ver ahora<br \/>\n<\/a><\/p>","protected":false},"excerpt":{"rendered":"<ul>\n<li>Bisagras para mampara de vidrio para ba\u00f1era de 90 grados (izquierda)<\/li>\n<li>Material: lat\u00f3n<\/li>\n<li>Espesor del vidrio: 6-8 mm \/ 0,24 \u2033 - 0,32 \u2033;<\/li>\n<li>Autocierre a unos 30\u00b0;<\/li>\n<\/ul>","protected":false},"featured_media":3033,"comment_status":"open","ping_status":"closed","template":"","meta":{"_acf_changed":false},"product_brand":[],"product_cat":[20,22],"product_tag":[171],"class_list":{"0":"post-2855","1":"product","2":"type-product","3":"status-publish","4":"has-post-thumbnail","6":"product_cat-shower-door-hinges","7":"product_cat-glass-to-glass-hinges","8":"product_tag-glass-to-glass-hinges","9":"pa_closing-type-self-closing-at-about-30","10":"pa_finish-brushed-nickel","11":"pa_finish-chrome","12":"pa_finish-gold","13":"pa_finish-gun-metal","14":"pa_finish-black","15":"pa_glass-thickness-6-8mm-0-24-0-32","16":"pa_hinge-swings-30","17":"pa_load-bearing-45kg-2pcs","18":"pa_material-brass","20":"first","21":"instock","22":"purchasable","23":"product-type-variable"},"acf":[],"_links":{"self":[{"href":"https:\/\/showerglasshardware.com\/es-es\/wp-json\/wp\/v2\/product\/2855","targetHints":{"allow":["GET"]}}],"collection":[{"href":"https:\/\/showerglasshardware.com\/es-es\/wp-json\/wp\/v2\/product"}],"about":[{"href":"https:\/\/showerglasshardware.com\/es-es\/wp-json\/wp\/v2\/types\/product"}],"replies":[{"embeddable":true,"href":"https:\/\/showerglasshardware.com\/es-es\/wp-json\/wp\/v2\/comments?post=2855"}],"version-history":[{"count":3,"href":"https:\/\/showerglasshardware.com\/es-es\/wp-json\/wp\/v2\/product\/2855\/revisions"}],"predecessor-version":[{"id":4701,"href":"https:\/\/showerglasshardware.com\/es-es\/wp-json\/wp\/v2\/product\/2855\/revisions\/4701"}],"wp:featuredmedia":[{"embeddable":true,"href":"https:\/\/showerglasshardware.com\/es-es\/wp-json\/wp\/v2\/media\/3033"}],"wp:attachment":[{"href":"https:\/\/showerglasshardware.com\/es-es\/wp-json\/wp\/v2\/media?parent=2855"}],"wp:term":[{"taxonomy":"product_brand","embeddable":true,"href":"https:\/\/showerglasshardware.com\/es-es\/wp-json\/wp\/v2\/product_brand?post=2855"},{"taxonomy":"product_cat","embeddable":true,"href":"https:\/\/showerglasshardware.com\/es-es\/wp-json\/wp\/v2\/product_cat?post=2855"},{"taxonomy":"product_tag","embeddable":true,"href":"https:\/\/showerglasshardware.com\/es-es\/wp-json\/wp\/v2\/product_tag?post=2855"}],"curies":[{"name":"wp","href":"https:\/\/api.w.org\/{rel}","templated":true}]}}