{"id":2889,"date":"2024-07-04T06:47:08","date_gmt":"2024-07-04T06:47:08","guid":{"rendered":"https:\/\/showerglasshardware.com\/?post_type=product&#038;p=2889"},"modified":"2025-11-21T06:24:38","modified_gmt":"2025-11-21T06:24:38","slug":"brass-glass-frameless-shower-door-hinges-with-cover","status":"publish","type":"product","link":"https:\/\/showerglasshardware.com\/es-es\/product\/brass-glass-frameless-shower-door-hinges-with-cover\/","title":{"rendered":"Bisagras para puerta de ducha sin marco de vidrio de lat\u00f3n con cubierta SGH-C102"},"content":{"rendered":"<p data-start=\"485\" data-end=\"673\">Las bisagras de lat\u00f3n SGH-C102 para puertas de ducha sin marco de cristal a cristal con tapa combinan durabilidad, rendimiento suave y un aspecto refinado para instalaciones de ducha sin marco de primera calidad.<\/p>\n<p data-start=\"675\" data-end=\"1009\">Fabricadas en lat\u00f3n macizo, estas bisagras son compatibles con cristal de 8-12 mm de grosor y tienen una capacidad de carga de 40 kg por cada dos bisagras, lo que garantiza un soporte fiable para las puertas de ducha m\u00e1s pesadas. El dise\u00f1o decorativo de la tapa oculta los herrajes de montaje, creando un aspecto limpio y minimalista que mejora la est\u00e9tica del ba\u00f1o.<\/p>\n<p data-start=\"1011\" data-end=\"1176\">Perfectas para proyectos residenciales y comerciales, las bisagras SGH-C102 ofrecen solidez, resistencia a la corrosi\u00f3n y un rendimiento duradero en entornos h\u00famedos.<\/p>\n<p data-start=\"1178\" data-end=\"1197\"><strong data-start=\"1178\" data-end=\"1195\">Caracter\u00edsticas clave:<\/strong><\/p>\n<ul data-start=\"1198\" data-end=\"1584\">\n<li data-start=\"1198\" data-end=\"1265\">\n<p data-start=\"1200\" data-end=\"1265\"><strong data-start=\"1200\" data-end=\"1213\">Material:<\/strong> Lat\u00f3n macizo para mayor solidez y resistencia a la corrosi\u00f3n<\/p>\n<\/li>\n<li data-start=\"1266\" data-end=\"1323\">\n<p data-start=\"1268\" data-end=\"1323\"><strong data-start=\"1268\" data-end=\"1277\">Tipo:<\/strong> Bisagras de cristal a cristal con tapa decorativa<\/p>\n<\/li>\n<li data-start=\"1324\" data-end=\"1376\">\n<p data-start=\"1326\" data-end=\"1376\"><strong data-start=\"1326\" data-end=\"1350\">Compatibilidad de vidrio:<\/strong> Se adapta a cristales de 8-12 mm de grosor<\/p>\n<\/li>\n<li data-start=\"1377\" data-end=\"1434\">\n<p data-start=\"1379\" data-end=\"1434\"><strong data-start=\"1379\" data-end=\"1397\">Capacidad de carga:<\/strong> Soporta hasta 40 kg por cada dos bisagras<\/p>\n<\/li>\n<li data-start=\"1435\" data-end=\"1506\">\n<p data-start=\"1437\" data-end=\"1506\"><strong data-start=\"1437\" data-end=\"1448\">Dise\u00f1o:<\/strong> La elegante tapa oculta los tornillos de montaje para un acabado limpio<\/p>\n<\/li>\n<li data-start=\"1507\" data-end=\"1584\">\n<p data-start=\"1509\" data-end=\"1584\"><strong data-start=\"1509\" data-end=\"1526\">Aplicaciones:<\/strong> Puertas de ducha de cristal sin marco en viviendas, hoteles y spas<\/p>\n<\/li>\n<\/ul>\n<p data-start=\"1586\" data-end=\"1607\"><strong data-start=\"1586\" data-end=\"1605\">Especificaciones:<\/strong><\/p>\n<ul data-start=\"1608\" data-end=\"1782\">\n<li data-start=\"1608\" data-end=\"1631\">\n<p data-start=\"1610\" data-end=\"1631\"><strong data-start=\"1610\" data-end=\"1620\">Modelo:<\/strong> SGH-C102<\/p>\n<\/li>\n<li data-start=\"1632\" data-end=\"1655\">\n<p data-start=\"1634\" data-end=\"1655\"><strong data-start=\"1634\" data-end=\"1647\">Material:<\/strong> Lat\u00f3n<\/p>\n<\/li>\n<li data-start=\"1656\" data-end=\"1692\">\n<p data-start=\"1658\" data-end=\"1692\"><strong data-start=\"1658\" data-end=\"1683\">Se adapta al grosor del cristal:<\/strong> 8-12 mm<\/p>\n<\/li>\n<li data-start=\"1693\" data-end=\"1727\">\n<p data-start=\"1695\" data-end=\"1727\"><strong data-start=\"1695\" data-end=\"1713\">Capacidad de carga:<\/strong> 40kg \/ 2pcs<\/p>\n<\/li>\n<li data-start=\"1728\" data-end=\"1782\">\n<p data-start=\"1730\" data-end=\"1782\"><strong data-start=\"1730\" data-end=\"1746\">Solicitud:<\/strong> Mamparas de ducha de cristal sin marco<\/p>\n<\/li>\n<\/ul>","protected":false},"excerpt":{"rendered":"<ul>\n<li>Bisagras de vidrio a vidrio<\/li>\n<li>Bisagras de lat\u00f3n para puertas de ducha sin marco con tapa<\/li>\n<li>Espesor del vidrio 8-12 mm<\/li>\n<li>Carga de 40 kg \/ 2 piezas<\/li>\n<\/ul>","protected":false},"featured_media":3031,"comment_status":"open","ping_status":"closed","template":"","meta":{"_acf_changed":false},"product_brand":[],"product_cat":[20,21],"product_tag":[131],"class_list":{"0":"post-2889","1":"product","2":"type-product","3":"status-publish","4":"has-post-thumbnail","6":"product_cat-shower-door-hinges","7":"product_cat-glass-to-wall-hinges","8":"product_tag-wall-mount-hinges","9":"pa_finish-brushed-nickel","10":"pa_finish-chrome","11":"pa_finish-gold","12":"pa_finish-gun-metal","13":"pa_finish-black","14":"pa_glass-thickness-8-12mm","15":"pa_load-bearing-40kg","16":"pa_material-brass","18":"first","19":"instock","20":"purchasable","21":"product-type-variable"},"acf":[],"_links":{"self":[{"href":"https:\/\/showerglasshardware.com\/es-es\/wp-json\/wp\/v2\/product\/2889","targetHints":{"allow":["GET"]}}],"collection":[{"href":"https:\/\/showerglasshardware.com\/es-es\/wp-json\/wp\/v2\/product"}],"about":[{"href":"https:\/\/showerglasshardware.com\/es-es\/wp-json\/wp\/v2\/types\/product"}],"replies":[{"embeddable":true,"href":"https:\/\/showerglasshardware.com\/es-es\/wp-json\/wp\/v2\/comments?post=2889"}],"version-history":[{"count":3,"href":"https:\/\/showerglasshardware.com\/es-es\/wp-json\/wp\/v2\/product\/2889\/revisions"}],"predecessor-version":[{"id":4682,"href":"https:\/\/showerglasshardware.com\/es-es\/wp-json\/wp\/v2\/product\/2889\/revisions\/4682"}],"wp:featuredmedia":[{"embeddable":true,"href":"https:\/\/showerglasshardware.com\/es-es\/wp-json\/wp\/v2\/media\/3031"}],"wp:attachment":[{"href":"https:\/\/showerglasshardware.com\/es-es\/wp-json\/wp\/v2\/media?parent=2889"}],"wp:term":[{"taxonomy":"product_brand","embeddable":true,"href":"https:\/\/showerglasshardware.com\/es-es\/wp-json\/wp\/v2\/product_brand?post=2889"},{"taxonomy":"product_cat","embeddable":true,"href":"https:\/\/showerglasshardware.com\/es-es\/wp-json\/wp\/v2\/product_cat?post=2889"},{"taxonomy":"product_tag","embeddable":true,"href":"https:\/\/showerglasshardware.com\/es-es\/wp-json\/wp\/v2\/product_tag?post=2889"}],"curies":[{"name":"wp","href":"https:\/\/api.w.org\/{rel}","templated":true}]}}