{"id":2905,"date":"2024-07-04T07:10:11","date_gmt":"2024-07-04T07:10:11","guid":{"rendered":"https:\/\/showerglasshardware.com\/?post_type=product&#038;p=2905"},"modified":"2025-11-21T06:21:19","modified_gmt":"2025-11-21T06:21:19","slug":"heavy-duty-solid-brass-glass-to-wall-shower-hinges","status":"publish","type":"product","link":"https:\/\/showerglasshardware.com\/es-es\/product\/heavy-duty-solid-brass-glass-to-wall-shower-hinges\/","title":{"rendered":"Bisagras de ducha de vidrio a pared de lat\u00f3n macizo de alta resistencia SGH-C501"},"content":{"rendered":"<p data-start=\"450\" data-end=\"641\">Las bisagras para puertas de ducha de cristal a pared SGH-C501 de alta resistencia est\u00e1n fabricadas para ofrecer la m\u00e1xima durabilidad y un aspecto elegante y moderno, lo que las convierte en la elecci\u00f3n perfecta para mamparas de ducha sin marco.<\/p>\n<p data-start=\"643\" data-end=\"902\">Fabricadas en lat\u00f3n macizo, estas bisagras ofrecen una resistencia superior a la corrosi\u00f3n y una solidez duradera. Dise\u00f1adas para cristal de 8-12 mm de grosor, pueden soportar hasta 40 kg por cada dos bisagras, lo que garantiza un rendimiento fiable incluso en ba\u00f1os muy transitados.<\/p>\n<p data-start=\"904\" data-end=\"1107\">Con su configuraci\u00f3n vidrio-pared, las bisagras SGH-C501 permiten un montaje seguro de las puertas de ducha directamente en paredes alicatadas u otras superficies estructurales, manteniendo un aspecto limpio y minimalista.<\/p>\n<p data-start=\"1109\" data-end=\"1128\"><strong data-start=\"1109\" data-end=\"1126\">Caracter\u00edsticas clave:<\/strong><\/p>\n<ul data-start=\"1129\" data-end=\"1548\">\n<li data-start=\"1129\" data-end=\"1186\">\n<p data-start=\"1131\" data-end=\"1186\"><strong data-start=\"1131\" data-end=\"1140\">Tipo:<\/strong> Bisagras resistentes para puertas de ducha de cristal a pared<\/p>\n<\/li>\n<li data-start=\"1187\" data-end=\"1266\">\n<p data-start=\"1189\" data-end=\"1266\"><strong data-start=\"1189\" data-end=\"1202\">Material:<\/strong> Lat\u00f3n macizo para una solidez y resistencia a la corrosi\u00f3n excepcionales<\/p>\n<\/li>\n<li data-start=\"1267\" data-end=\"1319\">\n<p data-start=\"1269\" data-end=\"1319\"><strong data-start=\"1269\" data-end=\"1293\">Compatibilidad de vidrio:<\/strong> Se adapta a cristales de 8-12 mm de grosor<\/p>\n<\/li>\n<li data-start=\"1320\" data-end=\"1377\">\n<p data-start=\"1322\" data-end=\"1377\"><strong data-start=\"1322\" data-end=\"1340\">Capacidad de carga:<\/strong> Soporta hasta 40 kg por cada dos bisagras<\/p>\n<\/li>\n<li data-start=\"1378\" data-end=\"1481\">\n<p data-start=\"1380\" data-end=\"1481\"><strong data-start=\"1380\" data-end=\"1397\">Aplicaciones:<\/strong> Ideal para mamparas de ducha sin marco en entornos residenciales, hoteles y spas<\/p>\n<\/li>\n<li data-start=\"1482\" data-end=\"1548\">\n<p data-start=\"1484\" data-end=\"1548\"><strong data-start=\"1484\" data-end=\"1495\">Dise\u00f1o:<\/strong> Aspecto moderno con una s\u00f3lida integridad estructural<\/p>\n<\/li>\n<\/ul>\n<p data-start=\"1550\" data-end=\"1571\"><strong data-start=\"1550\" data-end=\"1569\">Especificaciones:<\/strong><\/p>\n<ul data-start=\"1572\" data-end=\"1906\">\n<li data-start=\"1572\" data-end=\"1595\">\n<p data-start=\"1574\" data-end=\"1595\"><strong data-start=\"1574\" data-end=\"1584\">Modelo:<\/strong> SGH-C501<\/p>\n<\/li>\n<li data-start=\"1596\" data-end=\"1629\">\n<p data-start=\"1598\" data-end=\"1629\"><strong data-start=\"1598\" data-end=\"1607\">Tipo:<\/strong> Bisagra de cristal a pared<\/p>\n<\/li>\n<li data-start=\"1630\" data-end=\"1653\">\n<p data-start=\"1632\" data-end=\"1653\"><strong data-start=\"1632\" data-end=\"1645\">Material:<\/strong> Lat\u00f3n<\/p>\n<\/li>\n<li data-start=\"1654\" data-end=\"1690\">\n<p data-start=\"1656\" data-end=\"1690\"><strong data-start=\"1656\" data-end=\"1681\">Se adapta al grosor del cristal:<\/strong> 8-12 mm<\/p>\n<\/li>\n<li data-start=\"1691\" data-end=\"1725\">\n<p data-start=\"1693\" data-end=\"1725\"><strong data-start=\"1693\" data-end=\"1711\">Capacidad de carga:<\/strong> 40kg \/ 2pcs<\/p>\n<\/li>\n<li data-start=\"1726\" data-end=\"1800\">\n<p data-start=\"1728\" data-end=\"1800\"><strong data-start=\"1728\" data-end=\"1746\">Rango de apertura:<\/strong> 90\u00b0 (hacia dentro y hacia fuera, seg\u00fan la instalaci\u00f3n)<\/p>\n<\/li>\n<li data-start=\"1801\" data-end=\"1906\">\n<p data-start=\"1803\" data-end=\"1906\"><strong data-start=\"1803\" data-end=\"1822\">Opciones de acabado:<\/strong> Cromo pulido, n\u00edquel cepillado, oro pulido, negro mate, Gun Metal (opcional)<\/p>\n<\/li>\n<\/ul>","protected":false},"excerpt":{"rendered":"<ul>\n<li>Bisagras de vidrio a pared<\/li>\n<li>Bisagras de ducha de vidrio a pared de lat\u00f3n macizo de alta resistencia<\/li>\n<li>Espesor del vidrio 8-12 mm<\/li>\n<li>Carga de 40 kg \/ 2 piezas<\/li>\n<\/ul>","protected":false},"featured_media":3030,"comment_status":"open","ping_status":"closed","template":"","meta":{"_acf_changed":false},"product_brand":[],"product_cat":[20,21],"product_tag":[131],"class_list":{"0":"post-2905","1":"product","2":"type-product","3":"status-publish","4":"has-post-thumbnail","6":"product_cat-shower-door-hinges","7":"product_cat-glass-to-wall-hinges","8":"product_tag-wall-mount-hinges","9":"pa_finish-brushed-nickel","10":"pa_finish-chrome","11":"pa_finish-gold","12":"pa_finish-gun-metal","13":"pa_finish-black","14":"pa_glass-thickness-8-12mm","15":"pa_load-bearing-40kg","16":"pa_material-brass","18":"first","19":"instock","20":"purchasable","21":"product-type-variable","22":"has-default-attributes"},"acf":[],"_links":{"self":[{"href":"https:\/\/showerglasshardware.com\/es-es\/wp-json\/wp\/v2\/product\/2905","targetHints":{"allow":["GET"]}}],"collection":[{"href":"https:\/\/showerglasshardware.com\/es-es\/wp-json\/wp\/v2\/product"}],"about":[{"href":"https:\/\/showerglasshardware.com\/es-es\/wp-json\/wp\/v2\/types\/product"}],"replies":[{"embeddable":true,"href":"https:\/\/showerglasshardware.com\/es-es\/wp-json\/wp\/v2\/comments?post=2905"}],"version-history":[{"count":3,"href":"https:\/\/showerglasshardware.com\/es-es\/wp-json\/wp\/v2\/product\/2905\/revisions"}],"predecessor-version":[{"id":4699,"href":"https:\/\/showerglasshardware.com\/es-es\/wp-json\/wp\/v2\/product\/2905\/revisions\/4699"}],"wp:featuredmedia":[{"embeddable":true,"href":"https:\/\/showerglasshardware.com\/es-es\/wp-json\/wp\/v2\/media\/3030"}],"wp:attachment":[{"href":"https:\/\/showerglasshardware.com\/es-es\/wp-json\/wp\/v2\/media?parent=2905"}],"wp:term":[{"taxonomy":"product_brand","embeddable":true,"href":"https:\/\/showerglasshardware.com\/es-es\/wp-json\/wp\/v2\/product_brand?post=2905"},{"taxonomy":"product_cat","embeddable":true,"href":"https:\/\/showerglasshardware.com\/es-es\/wp-json\/wp\/v2\/product_cat?post=2905"},{"taxonomy":"product_tag","embeddable":true,"href":"https:\/\/showerglasshardware.com\/es-es\/wp-json\/wp\/v2\/product_tag?post=2905"}],"curies":[{"name":"wp","href":"https:\/\/api.w.org\/{rel}","templated":true}]}}