{"id":2918,"date":"2024-07-04T07:15:22","date_gmt":"2024-07-04T07:15:22","guid":{"rendered":"https:\/\/showerglasshardware.com\/?post_type=product&#038;p=2918"},"modified":"2025-11-21T06:17:56","modified_gmt":"2025-11-21T06:17:56","slug":"heavy-duty-glass-door-hinges-with-covers","status":"publish","type":"product","link":"https:\/\/showerglasshardware.com\/es-es\/product\/heavy-duty-glass-door-hinges-with-covers\/","title":{"rendered":"Bisagras para puertas de vidrio de alta resistencia con cubiertas SGH-C502"},"content":{"rendered":"<p data-start=\"450\" data-end=\"640\">Las bisagras para puertas de ducha SGH-C502 Heavy Duty 180\u00b0 Glass to Glass est\u00e1n dise\u00f1adas para ofrecer resistencia, fiabilidad y un acabado limpio y moderno, lo que las hace perfectas para mamparas de ducha sin marco.<\/p>\n<p data-start=\"642\" data-end=\"946\">Fabricadas con materiales de alta calidad, estas bisagras de cristal a cristal con tapas se adaptan a cristales de 8 a 12 mm de grosor y pueden soportar hasta 40 kg por cada dos bisagras. El rango de apertura de 180\u00b0 permite una alineaci\u00f3n suave entre los paneles de vidrio en l\u00ednea, mientras que las cubiertas ocultan los tornillos para una apariencia limpia y aerodin\u00e1mica.<\/p>\n<p data-start=\"948\" data-end=\"1087\">Estas bisagras de alta resistencia son adecuadas tanto para ba\u00f1os residenciales como comerciales, donde la durabilidad y la est\u00e9tica son igual de importantes.<\/p>\n<p data-start=\"1089\" data-end=\"1108\"><strong data-start=\"1089\" data-end=\"1106\">Caracter\u00edsticas clave:<\/strong><\/p>\n<ul data-start=\"1109\" data-end=\"1529\">\n<li data-start=\"1109\" data-end=\"1184\">\n<p data-start=\"1111\" data-end=\"1184\"><strong data-start=\"1111\" data-end=\"1120\">Tipo:<\/strong> Bisagras de 180\u00b0 para puertas de ducha de cristal a cristal de alta resistencia con tapas<\/p>\n<\/li>\n<li data-start=\"1185\" data-end=\"1261\">\n<p data-start=\"1187\" data-end=\"1261\"><strong data-start=\"1187\" data-end=\"1200\">Material:<\/strong> Lat\u00f3n macizo para una mayor solidez y resistencia a la corrosi\u00f3n<\/p>\n<\/li>\n<li data-start=\"1262\" data-end=\"1314\">\n<p data-start=\"1264\" data-end=\"1314\"><strong data-start=\"1264\" data-end=\"1288\">Compatibilidad de vidrio:<\/strong> Se adapta a cristales de 8-12 mm de grosor<\/p>\n<\/li>\n<li data-start=\"1315\" data-end=\"1372\">\n<p data-start=\"1317\" data-end=\"1372\"><strong data-start=\"1317\" data-end=\"1335\">Capacidad de carga:<\/strong> Soporta hasta 40 kg por cada dos bisagras<\/p>\n<\/li>\n<li data-start=\"1373\" data-end=\"1442\">\n<p data-start=\"1375\" data-end=\"1442\"><strong data-start=\"1375\" data-end=\"1386\">Dise\u00f1o:<\/strong> Tornillos ocultos con placas de cubierta para un acabado elegante<\/p>\n<\/li>\n<li data-start=\"1443\" data-end=\"1529\">\n<p data-start=\"1445\" data-end=\"1529\"><strong data-start=\"1445\" data-end=\"1462\">Aplicaciones:<\/strong> Ideal para mamparas de ducha sin marco en viviendas, hoteles y spas<\/p>\n<\/li>\n<\/ul>\n<p data-start=\"1531\" data-end=\"1552\"><strong data-start=\"1531\" data-end=\"1550\">Especificaciones:<\/strong><\/p>\n<ul data-start=\"1553\" data-end=\"1847\">\n<li data-start=\"1553\" data-end=\"1576\">\n<p data-start=\"1555\" data-end=\"1576\"><strong data-start=\"1555\" data-end=\"1565\">Modelo:<\/strong> SGH-C502<\/p>\n<\/li>\n<li data-start=\"1577\" data-end=\"1617\">\n<p data-start=\"1579\" data-end=\"1617\"><strong data-start=\"1579\" data-end=\"1588\">Tipo:<\/strong> Bisagra de cristal a cristal, 180<\/p>\n<\/li>\n<li data-start=\"1618\" data-end=\"1641\">\n<p data-start=\"1620\" data-end=\"1641\"><strong data-start=\"1620\" data-end=\"1633\">Material:<\/strong> Lat\u00f3n<\/p>\n<\/li>\n<li data-start=\"1642\" data-end=\"1678\">\n<p data-start=\"1644\" data-end=\"1678\"><strong data-start=\"1644\" data-end=\"1669\">Se adapta al grosor del cristal:<\/strong> 8-12 mm<\/p>\n<\/li>\n<li data-start=\"1679\" data-end=\"1713\">\n<p data-start=\"1681\" data-end=\"1713\"><strong data-start=\"1681\" data-end=\"1699\">Capacidad de carga:<\/strong> 40kg \/ 2pcs<\/p>\n<\/li>\n<li data-start=\"1714\" data-end=\"1741\">\n<p data-start=\"1716\" data-end=\"1741\"><strong data-start=\"1716\" data-end=\"1734\">Rango de apertura:<\/strong> 180\u00b0<\/p>\n<\/li>\n<li data-start=\"1742\" data-end=\"1847\">\n<p data-start=\"1744\" data-end=\"1847\"><strong data-start=\"1744\" data-end=\"1763\">Opciones de acabado:<\/strong> Cromo pulido, n\u00edquel cepillado, oro pulido, negro mate, Gun Metal (opcional)<\/p>\n<\/li>\n<\/ul>","protected":false},"excerpt":{"rendered":"<ul>\n<li>Bisagras de vidrio a vidrio de 180 grados<\/li>\n<li>Bisagras para puertas de cristal resistentes con tapas<\/li>\n<li>Espesor del vidrio 8-12 mm<\/li>\n<li>Carga de 40 kg \/ 2 piezas<\/li>\n<\/ul>","protected":false},"featured_media":3029,"comment_status":"open","ping_status":"closed","template":"","meta":{"_acf_changed":false},"product_brand":[],"product_cat":[20,22],"product_tag":[171],"class_list":{"0":"post-2918","1":"product","2":"type-product","3":"status-publish","4":"has-post-thumbnail","6":"product_cat-shower-door-hinges","7":"product_cat-glass-to-glass-hinges","8":"product_tag-glass-to-glass-hinges","9":"pa_finish-brushed-nickel","10":"pa_finish-chrome","11":"pa_finish-gold","12":"pa_finish-gun-metal","13":"pa_finish-black","14":"pa_glass-thickness-8-12mm","15":"pa_load-bearing-40kg","16":"pa_material-brass","18":"first","19":"instock","20":"purchasable","21":"product-type-variable","22":"has-default-attributes"},"acf":[],"_links":{"self":[{"href":"https:\/\/showerglasshardware.com\/es-es\/wp-json\/wp\/v2\/product\/2918","targetHints":{"allow":["GET"]}}],"collection":[{"href":"https:\/\/showerglasshardware.com\/es-es\/wp-json\/wp\/v2\/product"}],"about":[{"href":"https:\/\/showerglasshardware.com\/es-es\/wp-json\/wp\/v2\/types\/product"}],"replies":[{"embeddable":true,"href":"https:\/\/showerglasshardware.com\/es-es\/wp-json\/wp\/v2\/comments?post=2918"}],"version-history":[{"count":3,"href":"https:\/\/showerglasshardware.com\/es-es\/wp-json\/wp\/v2\/product\/2918\/revisions"}],"predecessor-version":[{"id":3371,"href":"https:\/\/showerglasshardware.com\/es-es\/wp-json\/wp\/v2\/product\/2918\/revisions\/3371"}],"wp:featuredmedia":[{"embeddable":true,"href":"https:\/\/showerglasshardware.com\/es-es\/wp-json\/wp\/v2\/media\/3029"}],"wp:attachment":[{"href":"https:\/\/showerglasshardware.com\/es-es\/wp-json\/wp\/v2\/media?parent=2918"}],"wp:term":[{"taxonomy":"product_brand","embeddable":true,"href":"https:\/\/showerglasshardware.com\/es-es\/wp-json\/wp\/v2\/product_brand?post=2918"},{"taxonomy":"product_cat","embeddable":true,"href":"https:\/\/showerglasshardware.com\/es-es\/wp-json\/wp\/v2\/product_cat?post=2918"},{"taxonomy":"product_tag","embeddable":true,"href":"https:\/\/showerglasshardware.com\/es-es\/wp-json\/wp\/v2\/product_tag?post=2918"}],"curies":[{"name":"wp","href":"https:\/\/api.w.org\/{rel}","templated":true}]}}