{"id":3129,"date":"2024-08-17T02:26:40","date_gmt":"2024-08-17T02:26:40","guid":{"rendered":"https:\/\/showerglasshardware.com\/?post_type=product&#038;p=3129"},"modified":"2025-11-21T06:14:46","modified_gmt":"2025-11-21T06:14:46","slug":"heavy-duty-wall-to-glass-h-back-plate-shower-hinge-cl-101","status":"publish","type":"product","link":"https:\/\/showerglasshardware.com\/es-es\/product\/heavy-duty-wall-to-glass-h-back-plate-shower-hinge-cl-101\/","title":{"rendered":"Bisagra para puerta de ducha de pared a cristal \"H\" de alta resistencia Bisagra para plato trasero de ducha CL-101"},"content":{"rendered":"<p data-start=\"460\" data-end=\"609\">La bisagra para puertas de ducha con placa posterior en \"H\" CL-101 de alta resistencia para pared y cristal ofrece una fuerza excepcional y una sujeci\u00f3n segura para las puertas de ducha de cristal sin marco.<\/p>\n<p data-start=\"611\" data-end=\"882\">Fabricada en lat\u00f3n macizo, esta bisagra est\u00e1 dise\u00f1ada para vidrio templado de 5\/16\u2033 a 1\/2\u2033 (8-12 mm). Permite una apertura de 90\u00b0 en ambas direcciones y es autocentrante cuando se encuentra a 25\u00b0 de la posici\u00f3n cerrada, lo que garantiza un funcionamiento suave y una alineaci\u00f3n fiable de la puerta.<\/p>\n<p data-start=\"884\" data-end=\"1071\">Con m\u00faltiples acabados populares disponibles, la CL-101 se integra perfectamente en los dise\u00f1os de ba\u00f1os modernos, al tiempo que proporciona una durabilidad duradera para instalaciones residenciales y comerciales.<\/p>\n<p data-start=\"1073\" data-end=\"1092\"><strong data-start=\"1073\" data-end=\"1090\">Caracter\u00edsticas clave:<\/strong><\/p>\n<ul data-start=\"1093\" data-end=\"1569\">\n<li data-start=\"1093\" data-end=\"1162\">\n<p data-start=\"1095\" data-end=\"1162\"><strong data-start=\"1095\" data-end=\"1108\">Material:<\/strong> Lat\u00f3n macizo para mayor durabilidad y resistencia a la corrosi\u00f3n<\/p>\n<\/li>\n<li data-start=\"1163\" data-end=\"1233\">\n<p data-start=\"1165\" data-end=\"1233\"><strong data-start=\"1165\" data-end=\"1176\">Dise\u00f1o:<\/strong> Bisagra \"H\" de pared a cristal para mayor estabilidad<\/p>\n<\/li>\n<li data-start=\"1234\" data-end=\"1289\">\n<p data-start=\"1236\" data-end=\"1289\"><strong data-start=\"1236\" data-end=\"1260\">Compatibilidad de vidrio:<\/strong> Se adapta a vidrio templado de 8-12 mm<\/p>\n<\/li>\n<li data-start=\"1290\" data-end=\"1341\">\n<p data-start=\"1292\" data-end=\"1341\"><strong data-start=\"1292\" data-end=\"1310\">Rango de apertura:<\/strong> 90\u00b0 hacia dentro y 90\u00b0 hacia fuera<\/p>\n<\/li>\n<li data-start=\"1342\" data-end=\"1413\">\n<p data-start=\"1344\" data-end=\"1413\"><strong data-start=\"1344\" data-end=\"1363\">Autocentrado:<\/strong> Se centra autom\u00e1ticamente cuando se encuentra a 25\u00b0 del cierre<\/p>\n<\/li>\n<li data-start=\"1414\" data-end=\"1478\">\n<p data-start=\"1416\" data-end=\"1478\"><strong data-start=\"1416\" data-end=\"1435\">Opciones de acabado:<\/strong> M\u00faltiples acabados populares entre los que elegir<\/p>\n<\/li>\n<li data-start=\"1479\" data-end=\"1569\">\n<p data-start=\"1481\" data-end=\"1569\"><strong data-start=\"1481\" data-end=\"1498\">Aplicaciones:<\/strong> Puertas de ducha de cristal sin marco en viviendas, hoteles y espacios comerciales<\/p>\n<\/li>\n<\/ul>\n<p data-start=\"1571\" data-end=\"1592\"><strong data-start=\"1571\" data-end=\"1590\">Especificaciones:<\/strong><\/p>\n<ul data-start=\"1593\" data-end=\"1947\">\n<li data-start=\"1593\" data-end=\"1614\">\n<p data-start=\"1595\" data-end=\"1614\"><strong data-start=\"1595\" data-end=\"1605\">Modelo:<\/strong> CL-101<\/p>\n<\/li>\n<li data-start=\"1615\" data-end=\"1668\">\n<p data-start=\"1617\" data-end=\"1668\"><strong data-start=\"1617\" data-end=\"1626\">Tipo:<\/strong> Bisagra de pared a cristal con placa posterior en \"H<\/p>\n<\/li>\n<li data-start=\"1669\" data-end=\"1692\">\n<p data-start=\"1671\" data-end=\"1692\"><strong data-start=\"1671\" data-end=\"1684\">Material:<\/strong> Lat\u00f3n<\/p>\n<\/li>\n<li data-start=\"1693\" data-end=\"1729\">\n<p data-start=\"1695\" data-end=\"1729\"><strong data-start=\"1695\" data-end=\"1720\">Se adapta al grosor del cristal:<\/strong> 8-12 mm<\/p>\n<\/li>\n<li data-start=\"1730\" data-end=\"1769\">\n<p data-start=\"1732\" data-end=\"1769\"><strong data-start=\"1732\" data-end=\"1750\">Rango de apertura:<\/strong> 90\u00b0 entrada \/ 90\u00b0 salida<\/p>\n<\/li>\n<li data-start=\"1770\" data-end=\"1820\">\n<p data-start=\"1772\" data-end=\"1820\"><strong data-start=\"1772\" data-end=\"1797\">\u00c1ngulo de autocentrado:<\/strong> A menos de 25\u00b0 del cierre<\/p>\n<\/li>\n<li data-start=\"1821\" data-end=\"1892\">\n<p data-start=\"1823\" data-end=\"1892\"><strong data-start=\"1823\" data-end=\"1836\">Acabados:<\/strong> Cromo, n\u00edquel cepillado, oro, negro mate y otros<\/p>\n<\/li>\n<li data-start=\"1893\" data-end=\"1947\">\n<p data-start=\"1895\" data-end=\"1947\"><strong data-start=\"1895\" data-end=\"1911\">Solicitud:<\/strong> Mamparas de ducha de cristal sin marco<\/p>\n<\/li>\n<\/ul>\n<ul>\n<li><a href=\"https:\/\/showerglasshardware.com\/es-es\/contact\/\">P\u00f3ngase en contacto con nosotros<\/a><\/li>\n<\/ul>","protected":false},"excerpt":{"rendered":"<ul>\n<li>Bisagra para puerta de ducha de cristal a pared con placa trasera en H<\/li>\n<li>Dise\u00f1ado para vidrio templado de 5\/16\u2033 - 1\/2\u2033 (8 mm a 12 mm).<\/li>\n<li>Muchos acabados populares para elegir<\/li>\n<li>Lat\u00f3n macizo<\/li>\n<li>90 grados dentro y 90 grados fuera<\/li>\n<li>Autocentrado A 25 grados del cierre<\/li>\n<\/ul>","protected":false},"featured_media":3136,"comment_status":"open","ping_status":"closed","template":"","meta":{"_acf_changed":false},"product_brand":[],"product_cat":[21],"product_tag":[],"class_list":{"0":"post-3129","1":"product","2":"type-product","3":"status-publish","4":"has-post-thumbnail","6":"product_cat-glass-to-wall-hinges","7":"pa_finish-brushed-nickel","8":"pa_finish-chrome","9":"pa_finish-gold","10":"pa_finish-gun-metal","11":"pa_finish-black","12":"pa_glass-thickness-8-12mm","13":"pa_load-bearing-50kg-2pcs","14":"pa_material-brass","15":"pa_size-100-58-mm","17":"first","18":"instock","19":"product-type-simple"},"acf":[],"_links":{"self":[{"href":"https:\/\/showerglasshardware.com\/es-es\/wp-json\/wp\/v2\/product\/3129","targetHints":{"allow":["GET"]}}],"collection":[{"href":"https:\/\/showerglasshardware.com\/es-es\/wp-json\/wp\/v2\/product"}],"about":[{"href":"https:\/\/showerglasshardware.com\/es-es\/wp-json\/wp\/v2\/types\/product"}],"replies":[{"embeddable":true,"href":"https:\/\/showerglasshardware.com\/es-es\/wp-json\/wp\/v2\/comments?post=3129"}],"version-history":[{"count":4,"href":"https:\/\/showerglasshardware.com\/es-es\/wp-json\/wp\/v2\/product\/3129\/revisions"}],"predecessor-version":[{"id":4678,"href":"https:\/\/showerglasshardware.com\/es-es\/wp-json\/wp\/v2\/product\/3129\/revisions\/4678"}],"wp:featuredmedia":[{"embeddable":true,"href":"https:\/\/showerglasshardware.com\/es-es\/wp-json\/wp\/v2\/media\/3136"}],"wp:attachment":[{"href":"https:\/\/showerglasshardware.com\/es-es\/wp-json\/wp\/v2\/media?parent=3129"}],"wp:term":[{"taxonomy":"product_brand","embeddable":true,"href":"https:\/\/showerglasshardware.com\/es-es\/wp-json\/wp\/v2\/product_brand?post=3129"},{"taxonomy":"product_cat","embeddable":true,"href":"https:\/\/showerglasshardware.com\/es-es\/wp-json\/wp\/v2\/product_cat?post=3129"},{"taxonomy":"product_tag","embeddable":true,"href":"https:\/\/showerglasshardware.com\/es-es\/wp-json\/wp\/v2\/product_tag?post=3129"}],"curies":[{"name":"wp","href":"https:\/\/api.w.org\/{rel}","templated":true}]}}