{"id":3140,"date":"2024-08-19T01:46:23","date_gmt":"2024-08-19T01:46:23","guid":{"rendered":"https:\/\/showerglasshardware.com\/?post_type=product&#038;p=3140"},"modified":"2025-11-21T04:23:47","modified_gmt":"2025-11-21T04:23:47","slug":"offset-bracket-wall-mount-left-hand-shower-pivot-hinge","status":"publish","type":"product","link":"https:\/\/showerglasshardware.com\/es-es\/product\/offset-bracket-wall-mount-left-hand-shower-pivot-hinge\/","title":{"rendered":"Soporte desplazado para montaje en pared Bisagra pivotante izquierda para ducha HY48"},"content":{"rendered":"<p data-start=\"476\" data-end=\"628\">La bisagra pivotante para ducha izquierda de montaje en pared con soporte desplazado HY48 est\u00e1 dise\u00f1ada para una instalaci\u00f3n segura y elegante de puertas de cristal sin marco para cuartos de ba\u00f1o.<\/p>\n<p data-start=\"630\" data-end=\"960\">Fabricada en lat\u00f3n macizo, esta bisagra ofrece una fuerza excepcional, resistencia a la corrosi\u00f3n y rendimiento a largo plazo. Con unas medidas de 55\u00d790 mm y un peso de 870 g, est\u00e1 dise\u00f1ada para ofrecer estabilidad y un giro suave. Compatible con cristal de 8-12 mm de grosor, es perfecta para instalaciones de cuartos de ba\u00f1o residenciales y comerciales.<\/p>\n<p data-start=\"962\" data-end=\"1131\">Disponible en acabados cromo, n\u00edquel cepillado, dorado y negro mate, esta bisagra de montaje en \"L\" desplazada a la izquierda combina a la perfecci\u00f3n con los modernos dise\u00f1os de herrajes para cuartos de ba\u00f1o.<\/p>\n<p data-start=\"1133\" data-end=\"1152\"><strong data-start=\"1133\" data-end=\"1150\">Caracter\u00edsticas clave:<\/strong><\/p>\n<ul data-start=\"1153\" data-end=\"1558\">\n<li data-start=\"1153\" data-end=\"1220\">\n<p data-start=\"1155\" data-end=\"1220\"><strong data-start=\"1155\" data-end=\"1168\">Material:<\/strong> Lat\u00f3n macizo para mayor solidez y resistencia a la corrosi\u00f3n<\/p>\n<\/li>\n<li data-start=\"1221\" data-end=\"1306\">\n<p data-start=\"1223\" data-end=\"1306\"><strong data-start=\"1223\" data-end=\"1234\">Dise\u00f1o:<\/strong> Bisagra pivotante de montaje en \"L\" desplazada a la izquierda para instalaci\u00f3n cristal-pared<\/p>\n<\/li>\n<li data-start=\"1307\" data-end=\"1328\">\n<p data-start=\"1309\" data-end=\"1328\"><strong data-start=\"1309\" data-end=\"1318\">Tama\u00f1o:<\/strong> 55\u00d790 mm<\/p>\n<\/li>\n<li data-start=\"1329\" data-end=\"1349\">\n<p data-start=\"1331\" data-end=\"1349\"><strong data-start=\"1331\" data-end=\"1342\">Peso:<\/strong> 870g<\/p>\n<\/li>\n<li data-start=\"1350\" data-end=\"1402\">\n<p data-start=\"1352\" data-end=\"1402\"><strong data-start=\"1352\" data-end=\"1376\">Compatibilidad de vidrio:<\/strong> Se adapta a cristales de 8-12 mm de grosor<\/p>\n<\/li>\n<li data-start=\"1403\" data-end=\"1468\">\n<p data-start=\"1405\" data-end=\"1468\"><strong data-start=\"1405\" data-end=\"1424\">Opciones de acabado:<\/strong> Cromo, n\u00edquel cepillado, oro, negro mate<\/p>\n<\/li>\n<li data-start=\"1469\" data-end=\"1558\">\n<p data-start=\"1471\" data-end=\"1558\"><strong data-start=\"1471\" data-end=\"1488\">Aplicaciones:<\/strong> Puertas de ducha de cristal sin marco en entornos residenciales y comerciales<\/p>\n<\/li>\n<\/ul>\n<p data-start=\"1560\" data-end=\"1581\"><strong data-start=\"1560\" data-end=\"1579\">Especificaciones:<\/strong><\/p>\n<ul data-start=\"1582\" data-end=\"1878\">\n<li data-start=\"1582\" data-end=\"1601\">\n<p data-start=\"1584\" data-end=\"1601\"><strong data-start=\"1584\" data-end=\"1594\">Modelo:<\/strong> HY48<\/p>\n<\/li>\n<li data-start=\"1602\" data-end=\"1662\">\n<p data-start=\"1604\" data-end=\"1662\"><strong data-start=\"1604\" data-end=\"1613\">Tipo:<\/strong> Bisagra pivotante para ducha mural desplazada a la izquierda<\/p>\n<\/li>\n<li data-start=\"1663\" data-end=\"1686\">\n<p data-start=\"1665\" data-end=\"1686\"><strong data-start=\"1665\" data-end=\"1678\">Material:<\/strong> Lat\u00f3n<\/p>\n<\/li>\n<li data-start=\"1687\" data-end=\"1708\">\n<p data-start=\"1689\" data-end=\"1708\"><strong data-start=\"1689\" data-end=\"1698\">Tama\u00f1o:<\/strong> 55\u00d790 mm<\/p>\n<\/li>\n<li data-start=\"1709\" data-end=\"1729\">\n<p data-start=\"1711\" data-end=\"1729\"><strong data-start=\"1711\" data-end=\"1722\">Peso:<\/strong> 870g<\/p>\n<\/li>\n<li data-start=\"1730\" data-end=\"1766\">\n<p data-start=\"1732\" data-end=\"1766\"><strong data-start=\"1732\" data-end=\"1757\">Se adapta al grosor del cristal:<\/strong> 8-12 mm<\/p>\n<\/li>\n<li data-start=\"1767\" data-end=\"1826\">\n<p data-start=\"1769\" data-end=\"1826\"><strong data-start=\"1769\" data-end=\"1782\">Acabados:<\/strong> Cromo, n\u00edquel cepillado, oro, negro mate<\/p>\n<\/li>\n<li data-start=\"1827\" data-end=\"1878\">\n<p data-start=\"1829\" data-end=\"1878\"><strong data-start=\"1829\" data-end=\"1845\">Solicitud:<\/strong> Puertas de cristal sin marco para cuartos de ba\u00f1o<\/p>\n<\/li>\n<\/ul>","protected":false},"excerpt":{"rendered":"<ul>\n<li>Nombre: Bisagra de montaje en \"L\" desplazada a la izquierda<\/li>\n<li>Material: Lat\u00f3n macizo<\/li>\n<li>Tama\u00f1o: 55*90 mm<\/li>\n<li>Peso: 870 g<\/li>\n<li>Acabados: Cromo \/ N\u00edquel cepillado \/ Oro \/ Negro mate<\/li>\n<li>Grosor del vidrio: 8-12 mm<\/li>\n<\/ul>","protected":false},"featured_media":3141,"comment_status":"open","ping_status":"closed","template":"","meta":{"_acf_changed":false},"product_brand":[],"product_cat":[20,169],"product_tag":[],"class_list":{"0":"post-3140","1":"product","2":"type-product","3":"status-publish","4":"has-post-thumbnail","6":"product_cat-shower-door-hinges","7":"product_cat-shower-pivot-hinges","8":"pa_finish-brushed-nickel","9":"pa_finish-chrome","10":"pa_finish-gold","11":"pa_finish-black","12":"pa_glass-thickness-8-12mm","13":"pa_material-brass","14":"pa_size-5590mm","16":"first","17":"instock","18":"product-type-simple"},"acf":[],"_links":{"self":[{"href":"https:\/\/showerglasshardware.com\/es-es\/wp-json\/wp\/v2\/product\/3140","targetHints":{"allow":["GET"]}}],"collection":[{"href":"https:\/\/showerglasshardware.com\/es-es\/wp-json\/wp\/v2\/product"}],"about":[{"href":"https:\/\/showerglasshardware.com\/es-es\/wp-json\/wp\/v2\/types\/product"}],"replies":[{"embeddable":true,"href":"https:\/\/showerglasshardware.com\/es-es\/wp-json\/wp\/v2\/comments?post=3140"}],"version-history":[{"count":3,"href":"https:\/\/showerglasshardware.com\/es-es\/wp-json\/wp\/v2\/product\/3140\/revisions"}],"predecessor-version":[{"id":4675,"href":"https:\/\/showerglasshardware.com\/es-es\/wp-json\/wp\/v2\/product\/3140\/revisions\/4675"}],"wp:featuredmedia":[{"embeddable":true,"href":"https:\/\/showerglasshardware.com\/es-es\/wp-json\/wp\/v2\/media\/3141"}],"wp:attachment":[{"href":"https:\/\/showerglasshardware.com\/es-es\/wp-json\/wp\/v2\/media?parent=3140"}],"wp:term":[{"taxonomy":"product_brand","embeddable":true,"href":"https:\/\/showerglasshardware.com\/es-es\/wp-json\/wp\/v2\/product_brand?post=3140"},{"taxonomy":"product_cat","embeddable":true,"href":"https:\/\/showerglasshardware.com\/es-es\/wp-json\/wp\/v2\/product_cat?post=3140"},{"taxonomy":"product_tag","embeddable":true,"href":"https:\/\/showerglasshardware.com\/es-es\/wp-json\/wp\/v2\/product_tag?post=3140"}],"curies":[{"name":"wp","href":"https:\/\/api.w.org\/{rel}","templated":true}]}}