{"id":3146,"date":"2024-08-19T02:22:13","date_gmt":"2024-08-19T02:22:13","guid":{"rendered":"https:\/\/showerglasshardware.com\/?post_type=product&#038;p=3146"},"modified":"2025-11-21T04:09:58","modified_gmt":"2025-11-21T04:09:58","slug":"large-solid-brass-135-degree-glass-shower-door-hinge","status":"publish","type":"product","link":"https:\/\/showerglasshardware.com\/es-es\/product\/large-solid-brass-135-degree-glass-shower-door-hinge\/","title":{"rendered":"Bisagra grande de lat\u00f3n macizo para puerta de ducha de cristal de 135 grados TLW103"},"content":{"rendered":"<p data-start=\"470\" data-end=\"625\">La bisagra de lat\u00f3n macizo para puerta de ducha TLW103 de 135\u00b0 est\u00e1 fabricada para ofrecer resistencia, durabilidad y un aspecto refinado en mamparas de ducha sin marco.<\/p>\n<p data-start=\"627\" data-end=\"949\">Fabricada en lat\u00f3n macizo, esta bisagra mide 100 \u00d7 58 mm y tiene un grosor de 5,3 mm, lo que garantiza una estabilidad excepcional y un rendimiento a largo plazo. Dise\u00f1ada para cristal de 8-12 mm de grosor, cuenta con una funci\u00f3n de autocierre a aproximadamente 25\u00b0, lo que ayuda a mantener el control del agua y la comodidad en el uso diario.<\/p>\n<p data-start=\"951\" data-end=\"1092\">Disponible en acabados cromo, oro, negro mate y n\u00edquel cepillado, complementa una amplia variedad de estilos y decoraciones de ba\u00f1os modernos.<\/p>\n<p data-start=\"1094\" data-end=\"1113\"><strong data-start=\"1094\" data-end=\"1111\">Caracter\u00edsticas clave:<\/strong><\/p>\n<ul data-start=\"1114\" data-end=\"1581\">\n<li data-start=\"1114\" data-end=\"1191\">\n<p data-start=\"1116\" data-end=\"1191\"><strong data-start=\"1116\" data-end=\"1129\">Material:<\/strong> Lat\u00f3n macizo para una m\u00e1xima durabilidad y resistencia a la corrosi\u00f3n<\/p>\n<\/li>\n<li data-start=\"1192\" data-end=\"1260\">\n<p data-start=\"1194\" data-end=\"1260\"><strong data-start=\"1194\" data-end=\"1205\">Dise\u00f1o:<\/strong> Bisagra de cristal a cristal de 135\u00b0 para puertas de ducha sin marco<\/p>\n<\/li>\n<li data-start=\"1261\" data-end=\"1302\">\n<p data-start=\"1263\" data-end=\"1302\"><strong data-start=\"1263\" data-end=\"1272\">Tama\u00f1o:<\/strong> 100 \u00d7 58 mm, grosor 5,3 mm<\/p>\n<\/li>\n<li data-start=\"1303\" data-end=\"1355\">\n<p data-start=\"1305\" data-end=\"1355\"><strong data-start=\"1305\" data-end=\"1329\">Compatibilidad de vidrio:<\/strong> Se adapta a cristales de 8-12 mm de grosor<\/p>\n<\/li>\n<li data-start=\"1356\" data-end=\"1411\">\n<p data-start=\"1358\" data-end=\"1411\"><strong data-start=\"1358\" data-end=\"1375\">Autocierre:<\/strong> Se cierra autom\u00e1ticamente a unos 25\u00b0.<\/p>\n<\/li>\n<li data-start=\"1412\" data-end=\"1477\">\n<p data-start=\"1414\" data-end=\"1477\"><strong data-start=\"1414\" data-end=\"1433\">Opciones de acabado:<\/strong> Cromo, oro, negro mate, n\u00edquel cepillado<\/p>\n<\/li>\n<li data-start=\"1478\" data-end=\"1581\">\n<p data-start=\"1480\" data-end=\"1581\"><strong data-start=\"1480\" data-end=\"1497\">Aplicaciones:<\/strong> Adecuado para puertas de ducha de cristal sin marco en viviendas, hoteles y espacios comerciales<\/p>\n<\/li>\n<\/ul>\n<p data-start=\"1583\" data-end=\"1604\"><strong data-start=\"1583\" data-end=\"1602\">Especificaciones:<\/strong><\/p>\n<ul data-start=\"1605\" data-end=\"1944\">\n<li data-start=\"1605\" data-end=\"1626\">\n<p data-start=\"1607\" data-end=\"1626\"><strong data-start=\"1607\" data-end=\"1617\">Modelo:<\/strong> TLW103<\/p>\n<\/li>\n<li data-start=\"1627\" data-end=\"1678\">\n<p data-start=\"1629\" data-end=\"1678\"><strong data-start=\"1629\" data-end=\"1638\">Tipo:<\/strong> Bisagra de 135\u00b0 para puerta de ducha de cristal a cristal<\/p>\n<\/li>\n<li data-start=\"1679\" data-end=\"1702\">\n<p data-start=\"1681\" data-end=\"1702\"><strong data-start=\"1681\" data-end=\"1694\">Material:<\/strong> Lat\u00f3n<\/p>\n<\/li>\n<li data-start=\"1703\" data-end=\"1727\">\n<p data-start=\"1705\" data-end=\"1727\"><strong data-start=\"1705\" data-end=\"1714\">Tama\u00f1o:<\/strong> 100 \u00d7 58 mm<\/p>\n<\/li>\n<li data-start=\"1728\" data-end=\"1752\">\n<p data-start=\"1730\" data-end=\"1752\"><strong data-start=\"1730\" data-end=\"1744\">Grosor:<\/strong> 5,3 mm<\/p>\n<\/li>\n<li data-start=\"1753\" data-end=\"1789\">\n<p data-start=\"1755\" data-end=\"1789\"><strong data-start=\"1755\" data-end=\"1780\">Se adapta al grosor del cristal:<\/strong> 8-12 mm<\/p>\n<\/li>\n<li data-start=\"1790\" data-end=\"1829\">\n<p data-start=\"1792\" data-end=\"1829\"><strong data-start=\"1792\" data-end=\"1815\">\u00c1ngulo de autocierre:<\/strong> Aprox. 25\u00b0.<\/p>\n<\/li>\n<li data-start=\"1830\" data-end=\"1889\">\n<p data-start=\"1832\" data-end=\"1889\"><strong data-start=\"1832\" data-end=\"1845\">Acabados:<\/strong> Cromo, oro, negro mate, n\u00edquel cepillado<\/p>\n<\/li>\n<li data-start=\"1890\" data-end=\"1944\">\n<p data-start=\"1892\" data-end=\"1944\"><strong data-start=\"1892\" data-end=\"1908\">Solicitud:<\/strong> Mamparas de ducha de cristal sin marco<\/p>\n<\/li>\n<\/ul>","protected":false},"excerpt":{"rendered":"<ul>\n<li>Bisagra grande de lat\u00f3n macizo para puerta de ducha de cristal de 135 grados<\/li>\n<li>Material: Lat\u00f3n macizo<\/li>\n<li>Tama\u00f1o: 100*58 mm<\/li>\n<li>Grosor: 5,3 mm<\/li>\n<li>Grosor del vidrio: 8- 12 mm<\/li>\n<li>Acabado: Cromo \/ Oro \/ Negro mate \/ N\u00edquel cepillado<\/li>\n<li>Tipo de cierre: Autocierre a unos 25<\/li>\n<\/ul>","protected":false},"featured_media":3149,"comment_status":"open","ping_status":"closed","template":"","meta":{"_acf_changed":false},"product_brand":[],"product_cat":[20,21],"product_tag":[],"class_list":{"0":"post-3146","1":"product","2":"type-product","3":"status-publish","4":"has-post-thumbnail","6":"product_cat-shower-door-hinges","7":"product_cat-glass-to-wall-hinges","8":"pa_closing-type-self-closing-at-about-25","9":"pa_finish-brushed-nickel","10":"pa_finish-chrome","11":"pa_finish-gold","12":"pa_finish-black","13":"pa_glass-thickness-8-12mm","14":"pa_material-brass","16":"first","17":"instock","18":"product-type-simple"},"acf":[],"_links":{"self":[{"href":"https:\/\/showerglasshardware.com\/es-es\/wp-json\/wp\/v2\/product\/3146","targetHints":{"allow":["GET"]}}],"collection":[{"href":"https:\/\/showerglasshardware.com\/es-es\/wp-json\/wp\/v2\/product"}],"about":[{"href":"https:\/\/showerglasshardware.com\/es-es\/wp-json\/wp\/v2\/types\/product"}],"replies":[{"embeddable":true,"href":"https:\/\/showerglasshardware.com\/es-es\/wp-json\/wp\/v2\/comments?post=3146"}],"version-history":[{"count":3,"href":"https:\/\/showerglasshardware.com\/es-es\/wp-json\/wp\/v2\/product\/3146\/revisions"}],"predecessor-version":[{"id":4669,"href":"https:\/\/showerglasshardware.com\/es-es\/wp-json\/wp\/v2\/product\/3146\/revisions\/4669"}],"wp:featuredmedia":[{"embeddable":true,"href":"https:\/\/showerglasshardware.com\/es-es\/wp-json\/wp\/v2\/media\/3149"}],"wp:attachment":[{"href":"https:\/\/showerglasshardware.com\/es-es\/wp-json\/wp\/v2\/media?parent=3146"}],"wp:term":[{"taxonomy":"product_brand","embeddable":true,"href":"https:\/\/showerglasshardware.com\/es-es\/wp-json\/wp\/v2\/product_brand?post=3146"},{"taxonomy":"product_cat","embeddable":true,"href":"https:\/\/showerglasshardware.com\/es-es\/wp-json\/wp\/v2\/product_cat?post=3146"},{"taxonomy":"product_tag","embeddable":true,"href":"https:\/\/showerglasshardware.com\/es-es\/wp-json\/wp\/v2\/product_tag?post=3146"}],"curies":[{"name":"wp","href":"https:\/\/api.w.org\/{rel}","templated":true}]}}