{"id":3152,"date":"2024-08-19T02:37:48","date_gmt":"2024-08-19T02:37:48","guid":{"rendered":"https:\/\/showerglasshardware.com\/?post_type=product&#038;p=3152"},"modified":"2025-11-21T04:03:08","modified_gmt":"2025-11-21T04:03:08","slug":"100mm-length-180-degree-glass-shower-door-hinge-tlw-104","status":"publish","type":"product","link":"https:\/\/showerglasshardware.com\/es-es\/product\/100mm-length-180-degree-glass-shower-door-hinge-tlw-104\/","title":{"rendered":"Bisagra para puerta de ducha de cristal de 100 mm de longitud y 180 grados TLW-104"},"content":{"rendered":"<p data-start=\"455\" data-end=\"626\">La bisagra TLW-104 de 100 mm y 180\u00b0 para puertas de ducha de cristal es una soluci\u00f3n de bisagra de primera calidad para mamparas de ducha de cristal sin marco, que combina resistencia, durabilidad y un dise\u00f1o elegante.<\/p>\n<p data-start=\"628\" data-end=\"908\">Fabricada en lat\u00f3n macizo, esta bisagra mide 100 \u00d7 58 mm con un grosor de 5,3 mm, lo que garantiza estabilidad y un rendimiento duradero. Dise\u00f1ada para cristal de 8-12 mm de grosor, incorpora un mecanismo de autocierre a aproximadamente 25\u00b0 para mayor comodidad y control del agua.<\/p>\n<p data-start=\"910\" data-end=\"1047\">Disponible en acabados cromo, n\u00edquel cepillado, dorado y negro mate, combina a la perfecci\u00f3n con una gran variedad de estilos de ba\u00f1o modernos.<\/p>\n<p data-start=\"1049\" data-end=\"1068\"><strong data-start=\"1049\" data-end=\"1066\">Caracter\u00edsticas clave:<\/strong><\/p>\n<ul data-start=\"1069\" data-end=\"1513\">\n<li data-start=\"1069\" data-end=\"1136\">\n<p data-start=\"1071\" data-end=\"1136\"><strong data-start=\"1071\" data-end=\"1084\">Material:<\/strong> Lat\u00f3n macizo para mayor solidez y resistencia a la corrosi\u00f3n<\/p>\n<\/li>\n<li data-start=\"1137\" data-end=\"1178\">\n<p data-start=\"1139\" data-end=\"1178\"><strong data-start=\"1139\" data-end=\"1148\">Tama\u00f1o:<\/strong> 100 \u00d7 58 mm, grosor 5,3 mm<\/p>\n<\/li>\n<li data-start=\"1179\" data-end=\"1247\">\n<p data-start=\"1181\" data-end=\"1247\"><strong data-start=\"1181\" data-end=\"1192\">Dise\u00f1o:<\/strong> Bisagra de 180\u00b0 vidrio-vidrio para puertas de ducha sin marco<\/p>\n<\/li>\n<li data-start=\"1248\" data-end=\"1300\">\n<p data-start=\"1250\" data-end=\"1300\"><strong data-start=\"1250\" data-end=\"1274\">Compatibilidad de vidrio:<\/strong> Se adapta a cristales de 8-12 mm de grosor<\/p>\n<\/li>\n<li data-start=\"1301\" data-end=\"1356\">\n<p data-start=\"1303\" data-end=\"1356\"><strong data-start=\"1303\" data-end=\"1320\">Autocierre:<\/strong> Se cierra autom\u00e1ticamente a unos 25\u00b0.<\/p>\n<\/li>\n<li data-start=\"1357\" data-end=\"1422\">\n<p data-start=\"1359\" data-end=\"1422\"><strong data-start=\"1359\" data-end=\"1378\">Opciones de acabado:<\/strong> Cromo, n\u00edquel cepillado, oro, negro mate<\/p>\n<\/li>\n<li data-start=\"1423\" data-end=\"1513\">\n<p data-start=\"1425\" data-end=\"1513\"><strong data-start=\"1425\" data-end=\"1442\">Aplicaciones:<\/strong> Puertas de ducha de cristal sin marco en ba\u00f1os residenciales y comerciales<\/p>\n<\/li>\n<\/ul>\n<p data-start=\"1515\" data-end=\"1536\"><strong data-start=\"1515\" data-end=\"1534\">Especificaciones:<\/strong><\/p>\n<ul data-start=\"1537\" data-end=\"1877\">\n<li data-start=\"1537\" data-end=\"1559\">\n<p data-start=\"1539\" data-end=\"1559\"><strong data-start=\"1539\" data-end=\"1549\">Modelo:<\/strong> TLW-104<\/p>\n<\/li>\n<li data-start=\"1560\" data-end=\"1611\">\n<p data-start=\"1562\" data-end=\"1611\"><strong data-start=\"1562\" data-end=\"1571\">Tipo:<\/strong> Bisagra de 180\u00b0 para puerta de ducha de cristal a cristal<\/p>\n<\/li>\n<li data-start=\"1612\" data-end=\"1635\">\n<p data-start=\"1614\" data-end=\"1635\"><strong data-start=\"1614\" data-end=\"1627\">Material:<\/strong> Lat\u00f3n<\/p>\n<\/li>\n<li data-start=\"1636\" data-end=\"1660\">\n<p data-start=\"1638\" data-end=\"1660\"><strong data-start=\"1638\" data-end=\"1647\">Tama\u00f1o:<\/strong> 100 \u00d7 58 mm<\/p>\n<\/li>\n<li data-start=\"1661\" data-end=\"1685\">\n<p data-start=\"1663\" data-end=\"1685\"><strong data-start=\"1663\" data-end=\"1677\">Grosor:<\/strong> 5,3 mm<\/p>\n<\/li>\n<li data-start=\"1686\" data-end=\"1722\">\n<p data-start=\"1688\" data-end=\"1722\"><strong data-start=\"1688\" data-end=\"1713\">Se adapta al grosor del cristal:<\/strong> 8-12 mm<\/p>\n<\/li>\n<li data-start=\"1723\" data-end=\"1762\">\n<p data-start=\"1725\" data-end=\"1762\"><strong data-start=\"1725\" data-end=\"1748\">\u00c1ngulo de autocierre:<\/strong> Aprox. 25\u00b0.<\/p>\n<\/li>\n<li data-start=\"1763\" data-end=\"1822\">\n<p data-start=\"1765\" data-end=\"1822\"><strong data-start=\"1765\" data-end=\"1778\">Acabados:<\/strong> Cromo, n\u00edquel cepillado, oro, negro mate<\/p>\n<\/li>\n<li data-start=\"1823\" data-end=\"1877\">\n<p data-start=\"1825\" data-end=\"1877\"><strong data-start=\"1825\" data-end=\"1841\">Solicitud:<\/strong> Mamparas de ducha de cristal sin marco<\/p>\n<\/li>\n<\/ul>","protected":false},"excerpt":{"rendered":"<ul>\n<li>Bisagra para puerta de ducha de cristal de 100 mm de longitud y 180 grados<\/li>\n<li>Material: Lat\u00f3n macizo<\/li>\n<li>Tama\u00f1o: 100 *58 mm<\/li>\n<li>Grosor: 5,3 mm<\/li>\n<li>Grosor del vidrio: 8-12 mm<\/li>\n<li>Acabados: Cromo \/ N\u00edquel cepillado \/ Oro \/ Negro mate<\/li>\n<\/ul>","protected":false},"featured_media":3153,"comment_status":"open","ping_status":"closed","template":"","meta":{"_acf_changed":false},"product_brand":[],"product_cat":[20,22],"product_tag":[171],"class_list":{"0":"post-3152","1":"product","2":"type-product","3":"status-publish","4":"has-post-thumbnail","6":"product_cat-shower-door-hinges","7":"product_cat-glass-to-glass-hinges","8":"product_tag-glass-to-glass-hinges","9":"pa_closing-type-self-closing-at-about-25","10":"pa_finish-brushed-nickel","11":"pa_finish-chrome","12":"pa_finish-gold","13":"pa_finish-black","14":"pa_material-brass","16":"first","17":"instock","18":"product-type-simple"},"acf":[],"_links":{"self":[{"href":"https:\/\/showerglasshardware.com\/es-es\/wp-json\/wp\/v2\/product\/3152","targetHints":{"allow":["GET"]}}],"collection":[{"href":"https:\/\/showerglasshardware.com\/es-es\/wp-json\/wp\/v2\/product"}],"about":[{"href":"https:\/\/showerglasshardware.com\/es-es\/wp-json\/wp\/v2\/types\/product"}],"replies":[{"embeddable":true,"href":"https:\/\/showerglasshardware.com\/es-es\/wp-json\/wp\/v2\/comments?post=3152"}],"version-history":[{"count":3,"href":"https:\/\/showerglasshardware.com\/es-es\/wp-json\/wp\/v2\/product\/3152\/revisions"}],"predecessor-version":[{"id":4667,"href":"https:\/\/showerglasshardware.com\/es-es\/wp-json\/wp\/v2\/product\/3152\/revisions\/4667"}],"wp:featuredmedia":[{"embeddable":true,"href":"https:\/\/showerglasshardware.com\/es-es\/wp-json\/wp\/v2\/media\/3153"}],"wp:attachment":[{"href":"https:\/\/showerglasshardware.com\/es-es\/wp-json\/wp\/v2\/media?parent=3152"}],"wp:term":[{"taxonomy":"product_brand","embeddable":true,"href":"https:\/\/showerglasshardware.com\/es-es\/wp-json\/wp\/v2\/product_brand?post=3152"},{"taxonomy":"product_cat","embeddable":true,"href":"https:\/\/showerglasshardware.com\/es-es\/wp-json\/wp\/v2\/product_cat?post=3152"},{"taxonomy":"product_tag","embeddable":true,"href":"https:\/\/showerglasshardware.com\/es-es\/wp-json\/wp\/v2\/product_tag?post=3152"}],"curies":[{"name":"wp","href":"https:\/\/api.w.org\/{rel}","templated":true}]}}