{"id":3158,"date":"2024-08-19T07:11:06","date_gmt":"2024-08-19T07:11:06","guid":{"rendered":"https:\/\/showerglasshardware.com\/?post_type=product&#038;p=3158"},"modified":"2025-11-21T08:22:33","modified_gmt":"2025-11-21T08:22:33","slug":"top-or-bottom-mount-shower-pivot-hinge","status":"publish","type":"product","link":"https:\/\/showerglasshardware.com\/es-es\/product\/top-or-bottom-mount-shower-pivot-hinge\/","title":{"rendered":"Bisagra pivotante para ducha de cristal de montaje superior o inferior HY4753"},"content":{"rendered":"<p data-start=\"521\" data-end=\"746\">La bisagra pivotante para ducha de cristal de montaje superior o inferior HY4753 es una soluci\u00f3n vers\u00e1til y duradera para puertas de ducha de cristal sin marco, que permite la instalaci\u00f3n en la parte superior o inferior de la puerta para una m\u00e1xima flexibilidad de dise\u00f1o.<\/p>\n<p data-start=\"748\" data-end=\"1068\">Esta bisagra pivotante, fabricada en lat\u00f3n macizo para mayor solidez y resistencia a la corrosi\u00f3n, garantiza una fiabilidad a largo plazo incluso en cuartos de ba\u00f1o muy h\u00famedos. Admite vidrio de 8-12 mm y est\u00e1 disponible en dos tama\u00f1os -55\u00d790 mm y 80\u00d7120 mm-, lo que permite adaptarla a distintos dise\u00f1os de puertas de ducha y requisitos de carga.<\/p>\n<p data-start=\"1070\" data-end=\"1281\">Tanto si se utiliza para mamparas de ducha residenciales como comerciales, el HY4753 ofrece una acci\u00f3n pivotante suave y un aspecto limpio y minimalista. Hay disponibles varios acabados de alta calidad para combinar con la decoraci\u00f3n de cualquier cuarto de ba\u00f1o.<\/p>\n<p data-start=\"1283\" data-end=\"1302\"><strong data-start=\"1283\" data-end=\"1300\">Caracter\u00edsticas clave:<\/strong><\/p>\n<ul data-start=\"1303\" data-end=\"1821\">\n<li data-start=\"1303\" data-end=\"1378\">\n<p data-start=\"1305\" data-end=\"1378\"><strong data-start=\"1305\" data-end=\"1314\">Tipo:<\/strong> Bisagra pivotante para ducha de cristal, adecuada para montaje superior o inferior<\/p>\n<\/li>\n<li data-start=\"1379\" data-end=\"1457\">\n<p data-start=\"1381\" data-end=\"1457\"><strong data-start=\"1381\" data-end=\"1394\">Material:<\/strong> Lat\u00f3n macizo para una mayor durabilidad y resistencia a la corrosi\u00f3n<\/p>\n<\/li>\n<li data-start=\"1458\" data-end=\"1517\">\n<p data-start=\"1460\" data-end=\"1517\"><strong data-start=\"1460\" data-end=\"1480\">Tallas disponibles:<\/strong> 55\u00d790 mm (700 g) u 80\u00d7120 mm (1320 g)<\/p>\n<\/li>\n<li data-start=\"1518\" data-end=\"1570\">\n<p data-start=\"1520\" data-end=\"1570\"><strong data-start=\"1520\" data-end=\"1544\">Compatibilidad de vidrio:<\/strong> Se adapta a cristales de 8-12 mm de grosor<\/p>\n<\/li>\n<li data-start=\"1571\" data-end=\"1647\">\n<p data-start=\"1573\" data-end=\"1647\"><strong data-start=\"1573\" data-end=\"1590\">Instalaci\u00f3n:<\/strong> Puede montarse en la parte superior o inferior de la puerta de la ducha<\/p>\n<\/li>\n<li data-start=\"1648\" data-end=\"1751\">\n<p data-start=\"1650\" data-end=\"1751\"><strong data-start=\"1650\" data-end=\"1667\">Aplicaciones:<\/strong> Ideal para mamparas de ducha sin marco en viviendas, hoteles e instalaciones comerciales<\/p>\n<\/li>\n<li data-start=\"1752\" data-end=\"1821\">\n<p data-start=\"1754\" data-end=\"1821\"><strong data-start=\"1754\" data-end=\"1777\">Acabados disponibles:<\/strong> Cromo, n\u00edquel cepillado, oro, negro mate<\/p>\n<\/li>\n<\/ul>\n<p data-start=\"1823\" data-end=\"1844\"><strong data-start=\"1823\" data-end=\"1842\">Especificaciones:<\/strong><\/p>\n<ul data-start=\"1845\" data-end=\"2080\">\n<li data-start=\"1845\" data-end=\"1866\">\n<p data-start=\"1847\" data-end=\"1866\"><strong data-start=\"1847\" data-end=\"1857\">Modelo:<\/strong> HY4753<\/p>\n<\/li>\n<li data-start=\"1867\" data-end=\"1890\">\n<p data-start=\"1869\" data-end=\"1890\"><strong data-start=\"1869\" data-end=\"1882\">Material:<\/strong> Lat\u00f3n<\/p>\n<\/li>\n<li data-start=\"1891\" data-end=\"1932\">\n<p data-start=\"1893\" data-end=\"1932\"><strong data-start=\"1893\" data-end=\"1910\">Opciones de tama\u00f1o:<\/strong> 55\u00d790 mm u 80\u00d7120 mm<\/p>\n<\/li>\n<li data-start=\"1933\" data-end=\"1977\">\n<p data-start=\"1935\" data-end=\"1977\"><strong data-start=\"1935\" data-end=\"1946\">Peso:<\/strong> 700 g (peque\u00f1o) \/ 1320 g (grande)<\/p>\n<\/li>\n<li data-start=\"1978\" data-end=\"2014\">\n<p data-start=\"1980\" data-end=\"2014\"><strong data-start=\"1980\" data-end=\"2005\">Se adapta al grosor del cristal:<\/strong> 8-12 mm<\/p>\n<\/li>\n<li data-start=\"2015\" data-end=\"2080\">\n<p data-start=\"2017\" data-end=\"2080\"><strong data-start=\"2017\" data-end=\"2036\">Opciones de acabado:<\/strong> Cromo, n\u00edquel cepillado, oro, negro mate<\/p>\n<\/li>\n<\/ul>","protected":false},"excerpt":{"rendered":"<ul>\n<li>Bisagra de montaje superior o inferior HY4753<\/li>\n<li>Material: lat\u00f3n<\/li>\n<li>Tama\u00f1o: 55 *90 mm u 80 * 120 mm<\/li>\n<li>Peso: 700 g \/ 1320 g<\/li>\n<li>Grosor del vidrio: 8-12 mm<\/li>\n<li>Acabados: Cromo \/ N\u00edquel cepillado \/ Oro \/ Negro mate<\/li>\n<\/ul>","protected":false},"featured_media":3159,"comment_status":"open","ping_status":"closed","template":"","meta":{"_acf_changed":false},"product_brand":[],"product_cat":[20,169],"product_tag":[],"class_list":{"0":"post-3158","1":"product","2":"type-product","3":"status-publish","4":"has-post-thumbnail","6":"product_cat-shower-door-hinges","7":"product_cat-shower-pivot-hinges","8":"pa_finish-brushed-nickel","9":"pa_finish-chrome","10":"pa_finish-gold","11":"pa_finish-black","12":"pa_material-brass","13":"pa_size-5590mm","14":"pa_size-80120mm","16":"first","17":"instock","18":"taxable","19":"shipping-taxable","20":"product-type-simple"},"acf":[],"_links":{"self":[{"href":"https:\/\/showerglasshardware.com\/es-es\/wp-json\/wp\/v2\/product\/3158","targetHints":{"allow":["GET"]}}],"collection":[{"href":"https:\/\/showerglasshardware.com\/es-es\/wp-json\/wp\/v2\/product"}],"about":[{"href":"https:\/\/showerglasshardware.com\/es-es\/wp-json\/wp\/v2\/types\/product"}],"replies":[{"embeddable":true,"href":"https:\/\/showerglasshardware.com\/es-es\/wp-json\/wp\/v2\/comments?post=3158"}],"version-history":[{"count":4,"href":"https:\/\/showerglasshardware.com\/es-es\/wp-json\/wp\/v2\/product\/3158\/revisions"}],"predecessor-version":[{"id":4717,"href":"https:\/\/showerglasshardware.com\/es-es\/wp-json\/wp\/v2\/product\/3158\/revisions\/4717"}],"wp:featuredmedia":[{"embeddable":true,"href":"https:\/\/showerglasshardware.com\/es-es\/wp-json\/wp\/v2\/media\/3159"}],"wp:attachment":[{"href":"https:\/\/showerglasshardware.com\/es-es\/wp-json\/wp\/v2\/media?parent=3158"}],"wp:term":[{"taxonomy":"product_brand","embeddable":true,"href":"https:\/\/showerglasshardware.com\/es-es\/wp-json\/wp\/v2\/product_brand?post=3158"},{"taxonomy":"product_cat","embeddable":true,"href":"https:\/\/showerglasshardware.com\/es-es\/wp-json\/wp\/v2\/product_cat?post=3158"},{"taxonomy":"product_tag","embeddable":true,"href":"https:\/\/showerglasshardware.com\/es-es\/wp-json\/wp\/v2\/product_tag?post=3158"}],"curies":[{"name":"wp","href":"https:\/\/api.w.org\/{rel}","templated":true}]}}