{"id":3170,"date":"2024-08-21T01:46:04","date_gmt":"2024-08-21T01:46:04","guid":{"rendered":"https:\/\/showerglasshardware.com\/?post_type=product&#038;p=3170"},"modified":"2025-11-21T08:15:24","modified_gmt":"2025-11-21T08:15:24","slug":"brushed-brass-90-degree-wall-to-glass-shower-door-hinge-pk9050l","status":"publish","type":"product","link":"https:\/\/showerglasshardware.com\/es-es\/product\/brushed-brass-90-degree-wall-to-glass-shower-door-hinge-pk9050l\/","title":{"rendered":"Brushed Brass Bisagra de 90 grados para puerta de ducha de cristal a pared - PK9050L"},"content":{"rendered":"<p>Las bisagras para puertas de ducha de cristal a pared PK9050L est\u00e1n fabricadas en lat\u00f3n macizo y ofrecen durabilidad y elegancia. Con un elegante acabado cepillado, esta bisagra permite que la puerta de la ducha gire 90\u00b0 hacia fuera, por lo que es perfecta para los dise\u00f1os de ba\u00f1os modernos.<\/p>\n<p>Caracter\u00edsticas clave:<\/p>\n<ul>\n<li><strong>Material:<\/strong> Fabricado en lat\u00f3n macizo de alta calidad, lo que garantiza una solidez duradera y resistencia a la corrosi\u00f3n.<\/li>\n<li><strong>Tama\u00f1o:<\/strong> Con unas medidas de 100x90mm, se adapta a cristales templados planos de 8mm a 10mm, proporcionando una fijaci\u00f3n segura y estable.<\/li>\n<li><strong>Acabados disponibles:<\/strong> Elija entre una gama de acabados que incluye cromo brillante, dorado, lat\u00f3n pulido, n\u00edquel satinado y negro mate para combinar con la decoraci\u00f3n de su cuarto de ba\u00f1o.<\/li>\n<li><strong>Garant\u00eda de calidad:<\/strong> Se somete a rigurosas pruebas, incluida una prueba de niebla salina de 48 horas y m\u00e1s de 50.000 ciclos de apertura y cierre, para garantizar un rendimiento superior.<\/li>\n<li><strong>F\u00e1cil instalaci\u00f3n:<\/strong> Se suministra con juntas de PVC o sin amianto (1 mm\/2 mm para 2 \u00f3 4 piezas) y todas las fijaciones necesarias, lo que garantiza un proceso de instalaci\u00f3n sencillo.<\/li>\n<li><strong>Embalaje:<\/strong> Cuidadosamente embalado en una bolsa de espuma de PE, caja interior blanca y, a continuaci\u00f3n, una caja de cart\u00f3n para proteger el producto durante el transporte.<\/li>\n<li><strong>Personalizaci\u00f3n:<\/strong> Servicios OEM y ODM disponibles para satisfacer los requisitos espec\u00edficos de los clientes.<\/li>\n<\/ul>\n<p>Mejore su experiencia en la ducha con una bisagra fiable y de alta calidad que combina funcionalidad y atractivo est\u00e9tico.<\/p>\n<p><!-- notionvc: ae8041e5-18d8-45ed-b04f-f5033c46f466 --><\/p>\n<table style=\"width: 100%; border-collapse: collapse; margin: auto; font-family: Arial, sans-serif; color: #333;\">\n<thead>\n<tr style=\"background-color: #f2f2f2;\">\n<th style=\"padding: 10px; border: 1px solid #ddd; text-align: left;\">Especificaci\u00f3n<\/th>\n<th style=\"padding: 10px; border: 1px solid #ddd; text-align: left;\">Detalles<\/th>\n<\/tr>\n<\/thead>\n<tbody>\n<tr>\n<td style=\"padding: 10px; border: 1px solid #ddd;\">N\u00famero de modelo<\/td>\n<td style=\"padding: 10px; border: 1px solid #ddd;\">PK9050L<\/td>\n<\/tr>\n<tr>\n<td style=\"padding: 10px; border: 1px solid #ddd;\">Tipo<\/td>\n<td style=\"padding: 10px; border: 1px solid #ddd;\">Bisagra de pared a cristal<\/td>\n<\/tr>\n<tr>\n<td style=\"padding: 10px; border: 1px solid #ddd;\">Material<\/td>\n<td style=\"padding: 10px; border: 1px solid #ddd;\">Lat\u00f3n macizo<\/td>\n<\/tr>\n<tr>\n<td style=\"padding: 10px; border: 1px solid #ddd;\">Tama\u00f1o<\/td>\n<td style=\"padding: 10px; border: 1px solid #ddd;\">3.94\u2033 x 3.54\u2033<\/td>\n<\/tr>\n<tr>\n<td style=\"padding: 10px; border: 1px solid #ddd;\">Espesor del vidrio<\/td>\n<td style=\"padding: 10px; border: 1px solid #ddd;\">Vidrio templado plano de 5\/16\u2033 a 3\/8<\/td>\n<\/tr>\n<tr>\n<td style=\"padding: 10px; border: 1px solid #ddd;\">Funci\u00f3n<\/td>\n<td style=\"padding: 10px; border: 1px solid #ddd;\">La puerta gira 90\u00b0 hacia fuera<\/td>\n<\/tr>\n<tr>\n<td style=\"padding: 10px; border: 1px solid #ddd;\">Acabados<\/td>\n<td style=\"padding: 10px; border: 1px solid #ddd;\">Cromo brillante\/oro\/lat\u00f3n pulido\/n\u00edquel satinado\/negro mate, etc.<\/td>\n<\/tr>\n<tr>\n<td style=\"padding: 10px; border: 1px solid #ddd;\">Embalaje<\/td>\n<td style=\"padding: 10px; border: 1px solid #ddd;\">1 bolsa de espuma de PE, caja interior blanca y caja de cart\u00f3n. Juntas y fijaciones incluidas.<\/td>\n<\/tr>\n<tr>\n<td style=\"padding: 10px; border: 1px solid #ddd;\">Juntas<\/td>\n<td style=\"padding: 10px; border: 1px solid #ddd;\">PVC\/sin amianto, 1 mm\/2 mm para 2 \u00f3 4 piezas<\/td>\n<\/tr>\n<\/tbody>\n<\/table>","protected":false},"excerpt":{"rendered":"<p>Actualice su espacio de ducha con la bisagra de 90 grados de lat\u00f3n cepillado PK9050L para puerta de ducha de pared a cristal. Dise\u00f1ada para vidrio templado de 8 mm a 10 mm, esta bisagra de lat\u00f3n macizo garantiza un funcionamiento suave y fiable de la puerta, a\u00f1adiendo un toque de belleza cl\u00e1sica a su cuarto de ba\u00f1o.<\/p>","protected":false},"featured_media":3177,"comment_status":"open","ping_status":"closed","template":"","meta":{"_acf_changed":false},"product_brand":[],"product_cat":[21,20],"product_tag":[],"class_list":{"0":"post-3170","1":"product","2":"type-product","3":"status-publish","4":"has-post-thumbnail","6":"product_cat-glass-to-wall-hinges","7":"product_cat-shower-door-hinges","8":"pa_glass-thickness-8-10mm-0-32-0-39","9":"pa_material-brass","11":"first","12":"instock","13":"taxable","14":"shipping-taxable","15":"product-type-simple"},"acf":[],"_links":{"self":[{"href":"https:\/\/showerglasshardware.com\/es-es\/wp-json\/wp\/v2\/product\/3170","targetHints":{"allow":["GET"]}}],"collection":[{"href":"https:\/\/showerglasshardware.com\/es-es\/wp-json\/wp\/v2\/product"}],"about":[{"href":"https:\/\/showerglasshardware.com\/es-es\/wp-json\/wp\/v2\/types\/product"}],"replies":[{"embeddable":true,"href":"https:\/\/showerglasshardware.com\/es-es\/wp-json\/wp\/v2\/comments?post=3170"}],"version-history":[{"count":4,"href":"https:\/\/showerglasshardware.com\/es-es\/wp-json\/wp\/v2\/product\/3170\/revisions"}],"predecessor-version":[{"id":3650,"href":"https:\/\/showerglasshardware.com\/es-es\/wp-json\/wp\/v2\/product\/3170\/revisions\/3650"}],"wp:featuredmedia":[{"embeddable":true,"href":"https:\/\/showerglasshardware.com\/es-es\/wp-json\/wp\/v2\/media\/3177"}],"wp:attachment":[{"href":"https:\/\/showerglasshardware.com\/es-es\/wp-json\/wp\/v2\/media?parent=3170"}],"wp:term":[{"taxonomy":"product_brand","embeddable":true,"href":"https:\/\/showerglasshardware.com\/es-es\/wp-json\/wp\/v2\/product_brand?post=3170"},{"taxonomy":"product_cat","embeddable":true,"href":"https:\/\/showerglasshardware.com\/es-es\/wp-json\/wp\/v2\/product_cat?post=3170"},{"taxonomy":"product_tag","embeddable":true,"href":"https:\/\/showerglasshardware.com\/es-es\/wp-json\/wp\/v2\/product_tag?post=3170"}],"curies":[{"name":"wp","href":"https:\/\/api.w.org\/{rel}","templated":true}]}}