{"id":3184,"date":"2024-08-21T02:01:09","date_gmt":"2024-08-21T02:01:09","guid":{"rendered":"https:\/\/showerglasshardware.com\/?post_type=product&#038;p=3184"},"modified":"2025-11-21T08:13:29","modified_gmt":"2025-11-21T08:13:29","slug":"brass-90-degree-glass-to-glass-shower-door-hinge-pk9053l","status":"publish","type":"product","link":"https:\/\/showerglasshardware.com\/es-es\/product\/brass-90-degree-glass-to-glass-shower-door-hinge-pk9053l\/","title":{"rendered":"Bisagra de 90 grados de lat\u00f3n para puerta de ducha de cristal a cristal - PK9053L"},"content":{"rendered":"<p>El PK9053L <a href=\"https:\/\/showerglasshardware.com\/es-es\/shower-door-hinges\/glass-to-glass-hinges\/\">de cristal a cristal<\/a> es una opci\u00f3n de primer nivel para cuartos de ba\u00f1o modernos, fabricada en lat\u00f3n macizo para proporcionar una durabilidad excepcional y una est\u00e9tica atemporal. Esta bisagra permite que la puerta de la ducha gire 90\u00b0 hacia fuera, por lo que es ideal para duchas de cristal sin marco.<\/p>\n<p>Caracter\u00edsticas clave:<\/p>\n<ul>\n<li><strong>Material:<\/strong> Fabricada en lat\u00f3n macizo, esta bisagra ofrece un soporte robusto y una resistencia duradera a la corrosi\u00f3n.<\/li>\n<li><strong>Tama\u00f1o:<\/strong> Con unas dimensiones de 100x90mm, se adapta con seguridad a cristales templados planos de 8mm a 10mm, garantizando una instalaci\u00f3n estable.<\/li>\n<li><strong>Acabados disponibles:<\/strong> Disponible en varios acabados como cromo brillante, dorado, lat\u00f3n pulido, n\u00edquel satinado y negro mate para complementar a la perfecci\u00f3n la decoraci\u00f3n de su cuarto de ba\u00f1o.<\/li>\n<li><strong>Calidad superior:<\/strong> Esta bisagra se somete a un exhaustivo control de calidad, que incluye una prueba de niebla salina de 48 horas y m\u00e1s de 50.000 ciclos de apertura y cierre, superando con creces los est\u00e1ndares del sector.<\/li>\n<li><strong>F\u00e1cil instalaci\u00f3n:<\/strong> Se suministra con juntas de PVC o sin amianto (1 mm\/2 mm para 2 \u00f3 4 piezas) y todas las fijaciones necesarias, lo que garantiza un proceso de instalaci\u00f3n sin problemas.<\/li>\n<li><strong>Embalaje:<\/strong> Cuidadosamente embalado en una bolsa de espuma de PE, una caja interior blanca y un cart\u00f3n resistente para garantizar que el producto llegue en perfectas condiciones.<\/li>\n<li><strong>Personalizaci\u00f3n:<\/strong> Existen opciones OEM y ODM para satisfacer las preferencias espec\u00edficas de los clientes.<\/li>\n<\/ul>\n<p>Actualice su puerta de ducha con la bisagra PK9053L, una mezcla de elegancia cl\u00e1sica y funcionalidad de vanguardia, dise\u00f1ada para durar y rendir m\u00e1s all\u00e1 de las expectativas.<\/p>\n<p><!-- notionvc: b81fc996-dd76-40ba-a838-4730c66bf493 --><\/p>","protected":false},"excerpt":{"rendered":"<ul>\n<li>Tipo de bisagra: Bisagras de cristal a cristal<\/li>\n<li>Material: Lat\u00f3n macizo<\/li>\n<li>Tama\u00f1o: 100*90 mm<\/li>\n<li>Grosor del vidrio: vidrio templado plano de 8 mm a 10 mm<\/li>\n<li>Funci\u00f3n: La puerta gira 90\u00b0 hacia fuera<\/li>\n<li>Acabados: Cromo brillante\/oro\/lat\u00f3n pulido\/n\u00edquel satinado\/negro mate, etc.<\/li>\n<\/ul>","protected":false},"featured_media":4718,"comment_status":"open","ping_status":"closed","template":"","meta":{"_acf_changed":false},"product_brand":[],"product_cat":[20,22],"product_tag":[171],"class_list":{"0":"post-3184","1":"product","2":"type-product","3":"status-publish","4":"has-post-thumbnail","6":"product_cat-shower-door-hinges","7":"product_cat-glass-to-glass-hinges","8":"product_tag-glass-to-glass-hinges","9":"pa_finish-brushed-nickel","10":"pa_finish-chrome","11":"pa_finish-gold","12":"pa_finish-gun-metal","13":"pa_finish-black","14":"pa_glass-thickness-8-10mm-0-32-0-39","15":"pa_material-brass","17":"first","18":"instock","19":"product-type-simple"},"acf":[],"_links":{"self":[{"href":"https:\/\/showerglasshardware.com\/es-es\/wp-json\/wp\/v2\/product\/3184","targetHints":{"allow":["GET"]}}],"collection":[{"href":"https:\/\/showerglasshardware.com\/es-es\/wp-json\/wp\/v2\/product"}],"about":[{"href":"https:\/\/showerglasshardware.com\/es-es\/wp-json\/wp\/v2\/types\/product"}],"replies":[{"embeddable":true,"href":"https:\/\/showerglasshardware.com\/es-es\/wp-json\/wp\/v2\/comments?post=3184"}],"version-history":[{"count":3,"href":"https:\/\/showerglasshardware.com\/es-es\/wp-json\/wp\/v2\/product\/3184\/revisions"}],"predecessor-version":[{"id":3646,"href":"https:\/\/showerglasshardware.com\/es-es\/wp-json\/wp\/v2\/product\/3184\/revisions\/3646"}],"wp:featuredmedia":[{"embeddable":true,"href":"https:\/\/showerglasshardware.com\/es-es\/wp-json\/wp\/v2\/media\/4718"}],"wp:attachment":[{"href":"https:\/\/showerglasshardware.com\/es-es\/wp-json\/wp\/v2\/media?parent=3184"}],"wp:term":[{"taxonomy":"product_brand","embeddable":true,"href":"https:\/\/showerglasshardware.com\/es-es\/wp-json\/wp\/v2\/product_brand?post=3184"},{"taxonomy":"product_cat","embeddable":true,"href":"https:\/\/showerglasshardware.com\/es-es\/wp-json\/wp\/v2\/product_cat?post=3184"},{"taxonomy":"product_tag","embeddable":true,"href":"https:\/\/showerglasshardware.com\/es-es\/wp-json\/wp\/v2\/product_tag?post=3184"}],"curies":[{"name":"wp","href":"https:\/\/api.w.org\/{rel}","templated":true}]}}