{"id":3193,"date":"2024-08-21T02:14:58","date_gmt":"2024-08-21T02:14:58","guid":{"rendered":"https:\/\/showerglasshardware.com\/?post_type=product&#038;p=3193"},"modified":"2025-11-21T08:06:36","modified_gmt":"2025-11-21T08:06:36","slug":"heavy-duty-brass-arched-glass-to-glass-shower-door-hinge-p402a","status":"publish","type":"product","link":"https:\/\/showerglasshardware.com\/es-es\/product\/heavy-duty-brass-arched-glass-to-glass-shower-door-hinge-p402a\/","title":{"rendered":"Bisagras de ducha en arco de lat\u00f3n resistente vidrio con vidrio - P402A"},"content":{"rendered":"<p>Las bisagras de ducha P402A <a href=\"https:\/\/showerglasshardware.com\/es-es\/shower-door-hinges\/glass-to-glass-hinges\/\">De vidrio a vidrio<\/a> est\u00e1 meticulosamente fabricada para proporcionar una resistencia y elegancia superiores a sus puertas de ducha. Con su s\u00f3lida construcci\u00f3n de lat\u00f3n, esta bisagra est\u00e1 dise\u00f1ada para soportar puertas de cristal de entre 8 mm y 12 mm de grosor, permitiendo suaves oscilaciones de 90\u00b0 hacia dentro y hacia fuera. El bonito dise\u00f1o arqueado a\u00f1ade un toque de sofisticaci\u00f3n a cualquier cuarto de ba\u00f1o.<\/p>\n<p>Caracter\u00edsticas clave:<\/p>\n<ul>\n<li><strong>Material:<\/strong> Fabricado en lat\u00f3n macizo para una durabilidad sin igual, resistencia a la corrosi\u00f3n y belleza duradera.<\/li>\n<li><strong>Tama\u00f1o:<\/strong> La bisagra mide 104x70 mm y se adapta a cristales templados planos de 8 mm (5\/16\u2033) a 12 mm (1\/2\u2033) para ofrecer opciones de instalaci\u00f3n vers\u00e1tiles.<\/li>\n<li><strong>Capacidad de peso:<\/strong> Dise\u00f1adas para soportar hasta 40 kg con s\u00f3lo dos bisagras, proporcionan una resistencia fiable para las puertas de cristal m\u00e1s pesadas.<\/li>\n<li><strong>Acabados disponibles:<\/strong> Disponible en m\u00faltiples acabados, como cromo brillante, dorado, lat\u00f3n pulido, n\u00edquel satinado y negro mate, para complementar a la perfecci\u00f3n la decoraci\u00f3n de su cuarto de ba\u00f1o.<\/li>\n<li><strong>Garant\u00eda de calidad:<\/strong> Se somete a rigurosas pruebas, incluida una prueba de niebla salina de 48 horas y m\u00e1s de 50.000 ciclos de apertura y cierre, para garantizar un rendimiento y una longevidad de primera categor\u00eda.<\/li>\n<li><strong>F\u00e1cil instalaci\u00f3n:<\/strong> Se suministra con juntas de PVC o sin amianto (1 mm\/2 mm para 4 \u00f3 6 piezas) y todas las fijaciones necesarias, para que la instalaci\u00f3n sea sencilla y sin complicaciones.<\/li>\n<li><strong>Embalaje:<\/strong> Embalado de forma segura en una bolsa de espuma de PE, caja interior blanca y cart\u00f3n protector para garantizar una entrega segura.<\/li>\n<li><strong>Personalizaci\u00f3n:<\/strong> Disponemos de servicios OEM y ODM para adaptar la bisagra a las necesidades y preferencias espec\u00edficas del cliente.<\/li>\n<\/ul>\n<p>Eleve su cuarto de ba\u00f1o con la bisagra arqueada de lat\u00f3n resistente P402A, dise\u00f1ada para ofrecer tanto un atractivo est\u00e9tico como un rendimiento fiable para sus puertas de ducha de cristal.<\/p>\n<p><!-- notionvc: 3c544fa0-5063-4a7c-8fc1-49bf23ee86be --><\/p>\n<p><!-- notionvc: 547ba3ce-2d6e-42fb-a776-a983528e5523 --><\/p>","protected":false},"excerpt":{"rendered":"<ul>\n<li>Tipo de bisagra: Bisagra de cristal a cristal<\/li>\n<li>Material: Lat\u00f3n macizo<\/li>\n<li>Tama\u00f1o: 104*70mm<\/li>\n<li>Grosor del vidrio: vidrio templado plano de 8 mm(5\/16\u2033) a 12 mm(1\/2\u2033).<\/li>\n<li>Funci\u00f3n: La puerta gira 90\u00b0 hacia dentro y hacia fuera<\/li>\n<li>Acabados: Cromo brillante\/oro\/lat\u00f3n pulido\/n\u00edquel satinado\/negro mate, etc.<\/li>\n<\/ul>","protected":false},"featured_media":3194,"comment_status":"open","ping_status":"closed","template":"","meta":{"_acf_changed":false},"product_brand":[],"product_cat":[20,22],"product_tag":[171],"class_list":{"0":"post-3193","1":"product","2":"type-product","3":"status-publish","4":"has-post-thumbnail","6":"product_cat-shower-door-hinges","7":"product_cat-glass-to-glass-hinges","8":"product_tag-glass-to-glass-hinges","9":"pa_finish-brushed-nickel","10":"pa_finish-chrome","11":"pa_finish-gold","12":"pa_finish-gun-metal","13":"pa_finish-black","14":"pa_glass-thickness-8-12mm","15":"pa_load-bearing-2-hinges-maximum-loading-40kgs","16":"pa_material-brass","18":"first","19":"instock","20":"taxable","21":"shipping-taxable","22":"product-type-simple"},"acf":[],"_links":{"self":[{"href":"https:\/\/showerglasshardware.com\/es-es\/wp-json\/wp\/v2\/product\/3193","targetHints":{"allow":["GET"]}}],"collection":[{"href":"https:\/\/showerglasshardware.com\/es-es\/wp-json\/wp\/v2\/product"}],"about":[{"href":"https:\/\/showerglasshardware.com\/es-es\/wp-json\/wp\/v2\/types\/product"}],"replies":[{"embeddable":true,"href":"https:\/\/showerglasshardware.com\/es-es\/wp-json\/wp\/v2\/comments?post=3193"}],"version-history":[{"count":5,"href":"https:\/\/showerglasshardware.com\/es-es\/wp-json\/wp\/v2\/product\/3193\/revisions"}],"predecessor-version":[{"id":3643,"href":"https:\/\/showerglasshardware.com\/es-es\/wp-json\/wp\/v2\/product\/3193\/revisions\/3643"}],"wp:featuredmedia":[{"embeddable":true,"href":"https:\/\/showerglasshardware.com\/es-es\/wp-json\/wp\/v2\/media\/3194"}],"wp:attachment":[{"href":"https:\/\/showerglasshardware.com\/es-es\/wp-json\/wp\/v2\/media?parent=3193"}],"wp:term":[{"taxonomy":"product_brand","embeddable":true,"href":"https:\/\/showerglasshardware.com\/es-es\/wp-json\/wp\/v2\/product_brand?post=3193"},{"taxonomy":"product_cat","embeddable":true,"href":"https:\/\/showerglasshardware.com\/es-es\/wp-json\/wp\/v2\/product_cat?post=3193"},{"taxonomy":"product_tag","embeddable":true,"href":"https:\/\/showerglasshardware.com\/es-es\/wp-json\/wp\/v2\/product_tag?post=3193"}],"curies":[{"name":"wp","href":"https:\/\/api.w.org\/{rel}","templated":true}]}}