{"id":3201,"date":"2024-08-21T02:25:30","date_gmt":"2024-08-21T02:25:30","guid":{"rendered":"https:\/\/showerglasshardware.com\/?post_type=product&#038;p=3201"},"modified":"2025-11-21T08:04:21","modified_gmt":"2025-11-21T08:04:21","slug":"heavy-duty-180-degree-flat-brass-glass-to-glass-pivot-hinge-p603h","status":"publish","type":"product","link":"https:\/\/showerglasshardware.com\/es-es\/product\/heavy-duty-180-degree-flat-brass-glass-to-glass-pivot-hinge-p603h\/","title":{"rendered":"Bisagra pivotante plana de 180 grados de lat\u00f3n para uso industrial - P603H"},"content":{"rendered":"<p>La bisagra pivotante plana de 180 grados de cristal a cristal P603H est\u00e1 fabricada por expertos en lat\u00f3n macizo, lo que garantiza tanto durabilidad como elegancia para las puertas de su cuarto de ducha. Esta bisagra admite oscilaciones suaves de 90\u00b0 hacia fuera y est\u00e1 dise\u00f1ada para puertas de hasta 40 kg de peso, lo que la convierte en una opci\u00f3n fiable para mamparas de ducha sin marco.<\/p>\n<p>Caracter\u00edsticas clave:<\/p>\n<ul>\n<li><strong>Material:<\/strong> Fabricado en lat\u00f3n macizo para una mayor solidez, longevidad y resistencia a la corrosi\u00f3n, lo que garantiza un acabado de alta calidad que perdura.<\/li>\n<li><strong>Tama\u00f1o:<\/strong> Con unas medidas de 134x36 mm, es apto para espesores de vidrio templado plano de entre 8 mm (5\/16\u2033) y 12 mm (1\/2\u2033), lo que ofrece versatilidad en la instalaci\u00f3n.<\/li>\n<li><strong>Capacidad de peso:<\/strong> Capaz de soportar puertas de cristal de hasta 40 kg con s\u00f3lo dos bisagras, proporcionando un funcionamiento estable y seguro de la puerta.<\/li>\n<li><strong>Acabados disponibles:<\/strong> Disponible en diversos acabados, como cromo brillante, dorado, lat\u00f3n pulido, n\u00edquel satinado y negro mate, lo que permite una integraci\u00f3n perfecta con el dise\u00f1o de su cuarto de ba\u00f1o.<\/li>\n<li><strong>Calidad superior:<\/strong> Se somete a una rigurosa prueba de niebla salina de 48 horas y a m\u00e1s de 50.000 ciclos de apertura y cierre, superando los est\u00e1ndares de durabilidad del sector.<\/li>\n<li><strong>F\u00e1cil instalaci\u00f3n:<\/strong> Se suministra con juntas de PVC o sin amianto (1 mm\/2 mm para 4 \u00f3 6 piezas) y todas las fijaciones necesarias, lo que facilita y agiliza el proceso de instalaci\u00f3n.<\/li>\n<li><strong>Embalaje:<\/strong> Cuidadosamente embalado en una bolsa de espuma de PE, una caja interior blanca y un cart\u00f3n protector para garantizar una entrega segura.<\/li>\n<li><strong>Personalizaci\u00f3n:<\/strong> Opciones OEM y ODM disponibles para satisfacer las necesidades y preferencias espec\u00edficas de los clientes.<\/li>\n<\/ul>\n<p>Mejore su cuarto de ducha con la bisagra pivotante de lat\u00f3n plano de gran resistencia P603H, que combina una funcionalidad robusta con una elegancia atemporal para disfrutar de una experiencia de ba\u00f1o sin interrupciones.<\/p>","protected":false},"excerpt":{"rendered":"<ul>\n<li>Tipo de bisagra: Bisagras de cristal a cristal<\/li>\n<li>Material: Lat\u00f3n macizo<\/li>\n<li>Tama\u00f1o: 134*36 mm<\/li>\n<li>Grosor del vidrio: vidrio templado plano de 8 mm(5\/16\u2033) a 12 mm(1\/2\u2033).<\/li>\n<li>Funci\u00f3n: Puerta abatible 90<\/li>\n<li>Acabados: Cromo brillante\/oro\/lat\u00f3n pulido\/n\u00edquel satinado\/negro mate, etc.<\/li>\n<\/ul>","protected":false},"featured_media":3202,"comment_status":"open","ping_status":"closed","template":"","meta":{"_acf_changed":false},"product_brand":[],"product_cat":[20,22],"product_tag":[171],"class_list":{"0":"post-3201","1":"product","2":"type-product","3":"status-publish","4":"has-post-thumbnail","6":"product_cat-shower-door-hinges","7":"product_cat-glass-to-glass-hinges","8":"product_tag-glass-to-glass-hinges","9":"pa_finish-brushed-nickel","10":"pa_finish-chrome","11":"pa_finish-gold","12":"pa_finish-gun-metal","13":"pa_finish-black","14":"pa_glass-thickness-8-12mm","15":"pa_load-bearing-2-hinges-maximum-loading-40kgs","16":"pa_material-brass","18":"first","19":"instock","20":"taxable","21":"shipping-taxable","22":"product-type-simple"},"acf":[],"_links":{"self":[{"href":"https:\/\/showerglasshardware.com\/es-es\/wp-json\/wp\/v2\/product\/3201","targetHints":{"allow":["GET"]}}],"collection":[{"href":"https:\/\/showerglasshardware.com\/es-es\/wp-json\/wp\/v2\/product"}],"about":[{"href":"https:\/\/showerglasshardware.com\/es-es\/wp-json\/wp\/v2\/types\/product"}],"replies":[{"embeddable":true,"href":"https:\/\/showerglasshardware.com\/es-es\/wp-json\/wp\/v2\/comments?post=3201"}],"version-history":[{"count":2,"href":"https:\/\/showerglasshardware.com\/es-es\/wp-json\/wp\/v2\/product\/3201\/revisions"}],"predecessor-version":[{"id":3642,"href":"https:\/\/showerglasshardware.com\/es-es\/wp-json\/wp\/v2\/product\/3201\/revisions\/3642"}],"wp:featuredmedia":[{"embeddable":true,"href":"https:\/\/showerglasshardware.com\/es-es\/wp-json\/wp\/v2\/media\/3202"}],"wp:attachment":[{"href":"https:\/\/showerglasshardware.com\/es-es\/wp-json\/wp\/v2\/media?parent=3201"}],"wp:term":[{"taxonomy":"product_brand","embeddable":true,"href":"https:\/\/showerglasshardware.com\/es-es\/wp-json\/wp\/v2\/product_brand?post=3201"},{"taxonomy":"product_cat","embeddable":true,"href":"https:\/\/showerglasshardware.com\/es-es\/wp-json\/wp\/v2\/product_cat?post=3201"},{"taxonomy":"product_tag","embeddable":true,"href":"https:\/\/showerglasshardware.com\/es-es\/wp-json\/wp\/v2\/product_tag?post=3201"}],"curies":[{"name":"wp","href":"https:\/\/api.w.org\/{rel}","templated":true}]}}