{"id":3209,"date":"2024-08-21T03:09:08","date_gmt":"2024-08-21T03:09:08","guid":{"rendered":"https:\/\/showerglasshardware.com\/?post_type=product&#038;p=3209"},"modified":"2025-11-21T08:02:21","modified_gmt":"2025-11-21T08:02:21","slug":"brass-circular-lift-hinge-for-shower-glass-door-rd203l","status":"publish","type":"product","link":"https:\/\/showerglasshardware.com\/es-es\/product\/brass-circular-lift-hinge-for-shower-glass-door-rd203l\/","title":{"rendered":"Bisagra levadiza circular de lat\u00f3n para puerta de cristal de ducha - RD203L"},"content":{"rendered":"<p>Eleve el dise\u00f1o de su ducha con la bisagra circular elevable de lat\u00f3n RD203L para puerta de cristal de ducha, meticulosamente elaborada para instalaciones de cristal a cristal. Esta bisagra est\u00e1 dise\u00f1ada para garantizar un giro suave de 180\u00b0 de la puerta, por lo que es ideal para puertas planas de vidrio templado de entre 8 mm (5\/16\u2033) y 12 mm (1\/2\u2033) de grosor.<\/p>\n<p>Caracter\u00edsticas clave:<\/p>\n<ul>\n<li><strong>Material:<\/strong> Fabricada en lat\u00f3n macizo de alta calidad, esta bisagra elevable circular ofrece una durabilidad y resistencia inigualables, as\u00ed como un elegante acabado, perfecto para dise\u00f1os de ba\u00f1o modernos y cl\u00e1sicos.<\/li>\n<li><strong>Tama\u00f1o:<\/strong> La bisagra mide 80x80 mm, lo que la convierte en una soluci\u00f3n compacta pero eficaz para instalaciones de puertas de ducha de cristal a cristal.<\/li>\n<li><strong>Compatibilidad de vidrio:<\/strong> Dise\u00f1ado para su uso con vidrio templado plano de entre 8 mm y 12 mm de grosor, lo que proporciona flexibilidad para diversas configuraciones de ducha.<\/li>\n<li><strong>Funci\u00f3n:<\/strong> Permite que la puerta gire 180\u00b0, lo que facilita el acceso y permite disfrutar de una ducha sin interrupciones.<\/li>\n<li><strong>Capacidad de peso:<\/strong> Soporta un peso m\u00e1ximo de puerta de 35 kg cuando se utilizan dos bisagras, lo que garantiza una instalaci\u00f3n segura y estable.<\/li>\n<li><strong>Acabados disponibles:<\/strong> Elija entre una gama de acabados que incluye cromo brillante, dorado, lat\u00f3n pulido, n\u00edquel satinado y negro mate para combinar con la decoraci\u00f3n de su cuarto de ba\u00f1o.<\/li>\n<li><strong>Garant\u00eda de calidad:<\/strong> Cada bisagra se somete a rigurosas pruebas, que incluyen 48 horas de resistencia a la niebla salina y m\u00e1s de 50.000 ciclos de apertura y cierre, lo que garantiza un rendimiento y una fiabilidad duraderos.<\/li>\n<li><strong>F\u00e1cil instalaci\u00f3n:<\/strong> Incluye todas las juntas y fijaciones necesarias, embalado en una bolsa protectora de espuma de PE, una caja interior blanca y una caja exterior de cart\u00f3n, para una instalaci\u00f3n sin complicaciones.<\/li>\n<\/ul>\n<p>Mejore la funcionalidad y la est\u00e9tica de su ducha con la bisagra de elevaci\u00f3n circular de lat\u00f3n RD203L, que proporciona una soluci\u00f3n elegante y duradera para sus necesidades de puertas de ducha de cristal a cristal.<\/p>","protected":false},"excerpt":{"rendered":"<ul>\n<li>Tipo de bisagra: Bisagras de cristal a cristal<\/li>\n<li>Material: Lat\u00f3n macizo<\/li>\n<li>Tama\u00f1o: 80*80 mm<\/li>\n<li>Grosor del vidrio: vidrio templado plano de 8 mm(5\/16\u2033) a 12 mm(1\/2\u2033).<\/li>\n<li>Funci\u00f3n: Puerta abatible 180<\/li>\n<li>Acabados: Cromo brillante\/oro\/lat\u00f3n pulido\/n\u00edquel satinado\/negro mate, etc.<\/li>\n<\/ul>","protected":false},"featured_media":3212,"comment_status":"open","ping_status":"closed","template":"","meta":{"_acf_changed":false},"product_brand":[],"product_cat":[20,22],"product_tag":[171],"class_list":{"0":"post-3209","1":"product","2":"type-product","3":"status-publish","4":"has-post-thumbnail","6":"product_cat-shower-door-hinges","7":"product_cat-glass-to-glass-hinges","8":"product_tag-glass-to-glass-hinges","9":"pa_finish-brushed-nickel","10":"pa_finish-chrome","11":"pa_finish-gold","12":"pa_finish-gun-metal","13":"pa_finish-black","14":"pa_glass-thickness-8-12mm","15":"pa_load-bearing-35kg-2pcs","16":"pa_material-brass","18":"first","19":"instock","20":"taxable","21":"shipping-taxable","22":"product-type-simple"},"acf":[],"_links":{"self":[{"href":"https:\/\/showerglasshardware.com\/es-es\/wp-json\/wp\/v2\/product\/3209","targetHints":{"allow":["GET"]}}],"collection":[{"href":"https:\/\/showerglasshardware.com\/es-es\/wp-json\/wp\/v2\/product"}],"about":[{"href":"https:\/\/showerglasshardware.com\/es-es\/wp-json\/wp\/v2\/types\/product"}],"replies":[{"embeddable":true,"href":"https:\/\/showerglasshardware.com\/es-es\/wp-json\/wp\/v2\/comments?post=3209"}],"version-history":[{"count":3,"href":"https:\/\/showerglasshardware.com\/es-es\/wp-json\/wp\/v2\/product\/3209\/revisions"}],"predecessor-version":[{"id":3640,"href":"https:\/\/showerglasshardware.com\/es-es\/wp-json\/wp\/v2\/product\/3209\/revisions\/3640"}],"wp:featuredmedia":[{"embeddable":true,"href":"https:\/\/showerglasshardware.com\/es-es\/wp-json\/wp\/v2\/media\/3212"}],"wp:attachment":[{"href":"https:\/\/showerglasshardware.com\/es-es\/wp-json\/wp\/v2\/media?parent=3209"}],"wp:term":[{"taxonomy":"product_brand","embeddable":true,"href":"https:\/\/showerglasshardware.com\/es-es\/wp-json\/wp\/v2\/product_brand?post=3209"},{"taxonomy":"product_cat","embeddable":true,"href":"https:\/\/showerglasshardware.com\/es-es\/wp-json\/wp\/v2\/product_cat?post=3209"},{"taxonomy":"product_tag","embeddable":true,"href":"https:\/\/showerglasshardware.com\/es-es\/wp-json\/wp\/v2\/product_tag?post=3209"}],"curies":[{"name":"wp","href":"https:\/\/api.w.org\/{rel}","templated":true}]}}