{"id":3418,"date":"2024-09-26T03:28:06","date_gmt":"2024-09-26T03:28:06","guid":{"rendered":"https:\/\/showerglasshardware.com\/?post_type=product&#038;p=3418"},"modified":"2025-12-01T09:11:19","modified_gmt":"2025-12-01T09:11:19","slug":"frameless-shower-door-hardware-kit","status":"publish","type":"product","link":"https:\/\/showerglasshardware.com\/es-es\/product\/frameless-shower-door-hardware-kit\/","title":{"rendered":"Kit de herrajes para puertas de ducha sin marco"},"content":{"rendered":"<p>Transforma tu ba\u00f1o con nuestro kit de herrajes para puertas de ducha sin marco, dise\u00f1ado para ofrecer fuerza y estilo. Este kit todo en uno cuenta con componentes de lat\u00f3n de alta calidad, asegurando durabilidad a largo plazo y resistencia a la corrosi\u00f3n.<\/p>\n<p><strong>Qu\u00e9 incluye:<\/strong><\/p>\n<ul>\n<li><strong>3 abrazaderas de vidrio:<\/strong> Las abrazaderas cuadradas de 2 pulgadas sostienen sus paneles de vidrio de manera segura en su lugar.<\/li>\n<li><strong>2 bisagras silenciosas de 90 grados:<\/strong> Dise\u00f1ado para un funcionamiento suave con un mecanismo de cierre autom\u00e1tico, que permite una apertura y cierre silencioso y eficiente dentro de un \u00e1ngulo de +25 a -25 grados.<\/li>\n<li><strong>1 mango de puerta de ducha de doble cara:<\/strong> Ofrece un toque elegante y moderno a tu puerta de ducha.<\/li>\n<\/ul>\n<p><em>Si necesita otros kits combinados, puede <a href=\"https:\/\/showerglasshardware.com\/es-es\/contact\/\"><strong>Cont\u00e1ctenos<\/strong><\/a><\/em><\/p>\n<p><strong>Caracter\u00edsticas clave:<\/strong><\/p>\n<ul>\n<li><strong>Soporte de vidrio pesado:<\/strong> Capaz de soportar hasta 200 lbs, este kit es perfecto para vidrio de 5\/16\u2033 a 3\/8\u2033 de grosor, lo que lo hace ideal para puertas de ducha m\u00e1s grandes y personalizadas.<\/li>\n<li><strong>Kit completo:<\/strong> Proporciona todos los componentes necesarios para la instalaci\u00f3n de una puerta de ducha abatible sin marco.<\/li>\n<li><strong>F\u00e1cil instalaci\u00f3n:<\/strong> El dise\u00f1o aprobado por constructores asegura una instalaci\u00f3n sencilla, manteniendo tu puerta de ducha personalizada estable y segura.<\/li>\n<\/ul>\n<figure id=\"attachment_3425\" aria-describedby=\"caption-attachment-3425\" style=\"width: 214px\" class=\"wp-caption alignnone\"><a href=\"https:\/\/showerglasshardware.com\/wp-content\/uploads\/2024\/09\/Frameless-Shower-Door-Hardware-Kit-Install.jpg\"><img fetchpriority=\"high\" decoding=\"async\" class=\"wp-image-3425 size-medium\" src=\"https:\/\/showerglasshardware.com\/wp-content\/uploads\/2024\/09\/Frameless-Shower-Door-Hardware-Kit-Install-214x300.jpg\" alt=\"\" width=\"214\" height=\"300\" title=\"\" srcset=\"https:\/\/showerglasshardware.com\/wp-content\/uploads\/2024\/09\/Frameless-Shower-Door-Hardware-Kit-Install-214x300.jpg 214w, https:\/\/showerglasshardware.com\/wp-content\/uploads\/2024\/09\/Frameless-Shower-Door-Hardware-Kit-Install-9x12.jpg 9w, https:\/\/showerglasshardware.com\/wp-content\/uploads\/2024\/09\/Frameless-Shower-Door-Hardware-Kit-Install.jpg 277w\" sizes=\"(max-width: 214px) 100vw, 214px\" \/><\/a><figcaption id=\"caption-attachment-3425\" class=\"wp-caption-text\">Com\u00fanmente utilizado en cabinas de ducha en l\u00ednea<\/figcaption><\/figure>\n<p>&nbsp;<\/p>\n<p>Eleva tu ba\u00f1o con este vers\u00e1til y elegante kit de herrajes para puertas de ducha sin marco, que proporciona la combinaci\u00f3n perfecta de funcionalidad y atractivo est\u00e9tico.<\/p>","protected":false},"excerpt":{"rendered":"<p>Este completo kit de herrajes para puertas de ducha sin marco incluye 3 abrazaderas de vidrio, 2 bisagras silenciosas de 90 grados y un mango de doble cara, dise\u00f1ado para la durabilidad y f\u00e1cil instalaci\u00f3n.<\/p>","protected":false},"featured_media":3426,"comment_status":"open","ping_status":"closed","template":"","meta":{"_acf_changed":false},"product_brand":[],"product_cat":[20],"product_tag":[],"class_list":{"0":"post-3418","1":"product","2":"type-product","3":"status-publish","4":"has-post-thumbnail","6":"product_cat-shower-door-hinges","7":"pa_finish-brushed-nickel","8":"pa_finish-chrome","9":"pa_finish-gold","10":"pa_finish-gun-metal","11":"pa_finish-black","12":"pa_glass-thickness-8-10mm-0-32-0-39","13":"pa_material-304-stainless-steel","14":"pa_material-brass","16":"first","17":"instock","18":"product-type-variable"},"acf":[],"_links":{"self":[{"href":"https:\/\/showerglasshardware.com\/es-es\/wp-json\/wp\/v2\/product\/3418","targetHints":{"allow":["GET"]}}],"collection":[{"href":"https:\/\/showerglasshardware.com\/es-es\/wp-json\/wp\/v2\/product"}],"about":[{"href":"https:\/\/showerglasshardware.com\/es-es\/wp-json\/wp\/v2\/types\/product"}],"replies":[{"embeddable":true,"href":"https:\/\/showerglasshardware.com\/es-es\/wp-json\/wp\/v2\/comments?post=3418"}],"version-history":[{"count":3,"href":"https:\/\/showerglasshardware.com\/es-es\/wp-json\/wp\/v2\/product\/3418\/revisions"}],"predecessor-version":[{"id":3432,"href":"https:\/\/showerglasshardware.com\/es-es\/wp-json\/wp\/v2\/product\/3418\/revisions\/3432"}],"wp:featuredmedia":[{"embeddable":true,"href":"https:\/\/showerglasshardware.com\/es-es\/wp-json\/wp\/v2\/media\/3426"}],"wp:attachment":[{"href":"https:\/\/showerglasshardware.com\/es-es\/wp-json\/wp\/v2\/media?parent=3418"}],"wp:term":[{"taxonomy":"product_brand","embeddable":true,"href":"https:\/\/showerglasshardware.com\/es-es\/wp-json\/wp\/v2\/product_brand?post=3418"},{"taxonomy":"product_cat","embeddable":true,"href":"https:\/\/showerglasshardware.com\/es-es\/wp-json\/wp\/v2\/product_cat?post=3418"},{"taxonomy":"product_tag","embeddable":true,"href":"https:\/\/showerglasshardware.com\/es-es\/wp-json\/wp\/v2\/product_tag?post=3418"}],"curies":[{"name":"wp","href":"https:\/\/api.w.org\/{rel}","templated":true}]}}