{"id":3720,"date":"2024-11-05T03:30:29","date_gmt":"2024-11-05T03:30:29","guid":{"rendered":"https:\/\/showerglasshardware.com\/?post_type=product&#038;p=3720"},"modified":"2025-08-11T05:41:31","modified_gmt":"2025-08-11T05:41:31","slug":"shower-door-bottom-seal-1-4-inch-glass","status":"publish","type":"product","link":"https:\/\/showerglasshardware.com\/es-es\/product\/shower-door-bottom-seal-1-4-inch-glass\/","title":{"rendered":"Sello inferior para puerta de ducha de vidrio de 1\/4 pulgada"},"content":{"rendered":"<p data-start=\"430\" data-end=\"683\">El sello inferior para puerta de ducha de 1\/4 pulgada de vidrio est\u00e1 dise\u00f1ado para proporcionar una barrera de agua segura y eficaz para puertas de ducha de vidrio sin marco. Se adapta a 1\/4\u2033 (6 mm), 3\/8\u2033 (8 mm) y 1\/2\u2033 (12 mm) de vidrio, por lo que es una opci\u00f3n vers\u00e1til para varios dise\u00f1os de cabina de ducha.<\/p>\n<p data-start=\"685\" data-end=\"955\">Fabricada en PVC o vinilo de alta calidad, esta junta inferior ayuda a evitar fugas y salpicaduras, dirigiendo el agua de vuelta a la zona de la ducha. Es ideal para sustituir juntas desgastadas o da\u00f1adas y puede instalarse f\u00e1cilmente sin adhesivos: basta con deslizarla o encajarla en el cristal.<\/p>\n<p data-start=\"957\" data-end=\"976\"><strong data-start=\"957\" data-end=\"974\">Caracter\u00edsticas clave:<\/strong><\/p>\n<ul data-start=\"977\" data-end=\"1292\">\n<li data-start=\"977\" data-end=\"1033\">\n<p data-start=\"979\" data-end=\"1033\"><strong data-start=\"979\" data-end=\"992\">Material:<\/strong> PVC\/vinilo resistente para un uso duradero<\/p>\n<\/li>\n<li data-start=\"1034\" data-end=\"1085\">\n<p data-start=\"1036\" data-end=\"1085\"><strong data-start=\"1036\" data-end=\"1049\">Funci\u00f3n:<\/strong> Evita fugas y salpicaduras de agua<\/p>\n<\/li>\n<li data-start=\"1086\" data-end=\"1144\">\n<p data-start=\"1088\" data-end=\"1144\"><strong data-start=\"1088\" data-end=\"1112\">Compatibilidad de vidrio:<\/strong> Se adapta a cristales de 6 mm, 8 mm y 12 mm<\/p>\n<\/li>\n<li data-start=\"1145\" data-end=\"1204\">\n<p data-start=\"1147\" data-end=\"1204\"><strong data-start=\"1147\" data-end=\"1169\">F\u00e1cil instalaci\u00f3n:<\/strong> Deslizable o encajable sin cola<\/p>\n<\/li>\n<li data-start=\"1205\" data-end=\"1292\">\n<p data-start=\"1207\" data-end=\"1292\"><strong data-start=\"1207\" data-end=\"1224\">Aplicaciones:<\/strong> Puertas de ducha de cristal sin marco en espacios residenciales y comerciales<\/p>\n<\/li>\n<\/ul>\n<p data-start=\"1294\" data-end=\"1315\"><strong data-start=\"1294\" data-end=\"1313\">Especificaciones:<\/strong><\/p>\n<ul data-start=\"1316\" data-end=\"1533\">\n<li data-start=\"1316\" data-end=\"1353\">\n<p data-start=\"1318\" data-end=\"1353\"><strong data-start=\"1318\" data-end=\"1327\">Tipo:<\/strong> Junta inferior de puerta de ducha<\/p>\n<\/li>\n<li data-start=\"1354\" data-end=\"1381\">\n<p data-start=\"1356\" data-end=\"1381\"><strong data-start=\"1356\" data-end=\"1369\">Material:<\/strong> PVC\/vinilo<\/p>\n<\/li>\n<li data-start=\"1382\" data-end=\"1447\">\n<p data-start=\"1384\" data-end=\"1447\"><strong data-start=\"1384\" data-end=\"1409\">Se adapta al grosor del cristal:<\/strong> 1\/4\u2033 (6 mm), 3\/8\u2033 (8 mm), 1\/2\u2033 (12 mm)<\/p>\n<\/li>\n<li data-start=\"1448\" data-end=\"1490\">\n<p data-start=\"1450\" data-end=\"1490\"><strong data-start=\"1450\" data-end=\"1463\">Funci\u00f3n:<\/strong> Prevenci\u00f3n de fugas de agua<\/p>\n<\/li>\n<li data-start=\"1491\" data-end=\"1533\">\n<p data-start=\"1493\" data-end=\"1533\"><strong data-start=\"1493\" data-end=\"1510\">Instalaci\u00f3n:<\/strong> No necesita adhesivo<\/p>\n<\/li>\n<\/ul>","protected":false},"excerpt":{"rendered":"<ul>\n<li>Sello inferior para puerta de ducha de vidrio de 1\/4 pulgada<\/li>\n<li>Para el sello inferior de la puerta de vidrio de ducha;<\/li>\n<li>Vidrio aplicable 1\/4, 3\/8, 1\/2 o (6mm, 8mm, 10mm, 12mm);<\/li>\n<\/ul>","protected":false},"featured_media":3721,"comment_status":"open","ping_status":"closed","template":"","meta":{"_acf_changed":false},"product_brand":[],"product_cat":[152,114],"product_tag":[],"class_list":{"0":"post-3720","1":"product","2":"type-product","3":"status-publish","4":"has-post-thumbnail","6":"product_cat-drip-rail-seal","7":"product_cat-shower-door-seals","8":"pa_glass-thickness-6-12mm","9":"pa_material-vinyl","11":"first","12":"instock","13":"taxable","14":"shipping-taxable","15":"product-type-simple"},"acf":[],"_links":{"self":[{"href":"https:\/\/showerglasshardware.com\/es-es\/wp-json\/wp\/v2\/product\/3720","targetHints":{"allow":["GET"]}}],"collection":[{"href":"https:\/\/showerglasshardware.com\/es-es\/wp-json\/wp\/v2\/product"}],"about":[{"href":"https:\/\/showerglasshardware.com\/es-es\/wp-json\/wp\/v2\/types\/product"}],"replies":[{"embeddable":true,"href":"https:\/\/showerglasshardware.com\/es-es\/wp-json\/wp\/v2\/comments?post=3720"}],"version-history":[{"count":3,"href":"https:\/\/showerglasshardware.com\/es-es\/wp-json\/wp\/v2\/product\/3720\/revisions"}],"predecessor-version":[{"id":4583,"href":"https:\/\/showerglasshardware.com\/es-es\/wp-json\/wp\/v2\/product\/3720\/revisions\/4583"}],"wp:featuredmedia":[{"embeddable":true,"href":"https:\/\/showerglasshardware.com\/es-es\/wp-json\/wp\/v2\/media\/3721"}],"wp:attachment":[{"href":"https:\/\/showerglasshardware.com\/es-es\/wp-json\/wp\/v2\/media?parent=3720"}],"wp:term":[{"taxonomy":"product_brand","embeddable":true,"href":"https:\/\/showerglasshardware.com\/es-es\/wp-json\/wp\/v2\/product_brand?post=3720"},{"taxonomy":"product_cat","embeddable":true,"href":"https:\/\/showerglasshardware.com\/es-es\/wp-json\/wp\/v2\/product_cat?post=3720"},{"taxonomy":"product_tag","embeddable":true,"href":"https:\/\/showerglasshardware.com\/es-es\/wp-json\/wp\/v2\/product_tag?post=3720"}],"curies":[{"name":"wp","href":"https:\/\/api.w.org\/{rel}","templated":true}]}}