{"id":3723,"date":"2024-11-05T07:31:39","date_gmt":"2024-11-05T07:31:39","guid":{"rendered":"https:\/\/showerglasshardware.com\/?post_type=product&#038;p=3723"},"modified":"2025-08-11T05:23:38","modified_gmt":"2025-08-11T05:23:38","slug":"frameless-shower-door-bottom-seal-with-drip-rail-for-1-2-1-4-or-3-8-glass","status":"publish","type":"product","link":"https:\/\/showerglasshardware.com\/es-es\/product\/frameless-shower-door-bottom-seal-with-drip-rail-for-1-2-1-4-or-3-8-glass\/","title":{"rendered":"Sello inferior para puerta de ducha sin marco con riel de goteo para vidrio de 1\/2\u2033, 1\/4\u2033 o 3\/8\u2033"},"content":{"rendered":"<p data-start=\"519\" data-end=\"796\">La junta inferior para puertas de ducha sin marco con riel de goteo es una de nuestras soluciones m\u00e1s populares para mantener seco el suelo de su cuarto de ba\u00f1o. Dise\u00f1ado para adaptarse a 1\/4\u2033 (6 mm), 3\/8\u2033 (10 mm), y 1\/2\u2033 (12 mm) de espesor de vidrio, este sello de alta calidad es ideal para mamparas de ducha de cristal sin marco.<\/p>\n<p data-start=\"798\" data-end=\"1054\">La barra de goteo integrada redirige eficazmente el agua de vuelta a la zona de la ducha, minimizando las fugas y salpicaduras. Su dise\u00f1o de pata blanda de doble dur\u00f3metro garantiza un sellado seguro pero flexible a lo largo de la parte inferior de la puerta, mejorando la durabilidad y la resistencia al agua.<\/p>\n<p data-start=\"1056\" data-end=\"1208\">F\u00e1cil de instalar sin adhesivos, simplemente se encaja a presi\u00f3n o se desliza sobre el borde del cristal, por lo que es adecuado tanto para aplicaciones residenciales como comerciales.<\/p>\n<p data-start=\"1210\" data-end=\"1229\"><strong data-start=\"1210\" data-end=\"1227\">Caracter\u00edsticas clave:<\/strong><\/p>\n<ul data-start=\"1230\" data-end=\"1715\">\n<li data-start=\"1230\" data-end=\"1301\">\n<p data-start=\"1232\" data-end=\"1301\"><strong data-start=\"1232\" data-end=\"1254\">Modelo m\u00e1s vendido:<\/strong> Rendimiento y satisfacci\u00f3n del cliente demostrados<\/p>\n<\/li>\n<li data-start=\"1302\" data-end=\"1372\">\n<p data-start=\"1304\" data-end=\"1372\"><strong data-start=\"1304\" data-end=\"1329\">Se adapta al grosor del cristal:<\/strong> 1\/4\u2033 (6 mm), 3\/8\u2033 (10 mm) y 1\/2\u2033 (12 mm)<\/p>\n<\/li>\n<li data-start=\"1373\" data-end=\"1437\">\n<p data-start=\"1375\" data-end=\"1437\"><strong data-start=\"1375\" data-end=\"1398\">Goter\u00f3n Funci\u00f3n:<\/strong> Devuelve el agua a la ducha<\/p>\n<\/li>\n<li data-start=\"1438\" data-end=\"1542\">\n<p data-start=\"1440\" data-end=\"1542\"><strong data-start=\"1440\" data-end=\"1466\">Dise\u00f1o de doble dur\u00f3metro:<\/strong> Combina una base r\u00edgida con patas de sellado suave para mayor durabilidad y flexibilidad<\/p>\n<\/li>\n<li data-start=\"1543\" data-end=\"1624\">\n<p data-start=\"1545\" data-end=\"1624\"><strong data-start=\"1545\" data-end=\"1567\">F\u00e1cil instalaci\u00f3n:<\/strong> No necesita adhesivos: se desliza o encaja en el cristal<\/p>\n<\/li>\n<li data-start=\"1625\" data-end=\"1715\">\n<p data-start=\"1627\" data-end=\"1715\"><strong data-start=\"1627\" data-end=\"1644\">Aplicaciones:<\/strong> Puertas de ducha de cristal sin marco en viviendas, hoteles y espacios comerciales<\/p>\n<\/li>\n<\/ul>\n<p data-start=\"1717\" data-end=\"1738\"><strong data-start=\"1717\" data-end=\"1736\">Especificaciones:<\/strong><\/p>\n<ul data-start=\"1739\" data-end=\"2011\">\n<li data-start=\"1739\" data-end=\"1779\">\n<p data-start=\"1741\" data-end=\"1779\"><strong data-start=\"1741\" data-end=\"1750\">Tipo:<\/strong> Junta inferior con goter\u00f3n<\/p>\n<\/li>\n<li data-start=\"1780\" data-end=\"1824\">\n<p data-start=\"1782\" data-end=\"1824\"><strong data-start=\"1782\" data-end=\"1806\">Compatibilidad de vidrio:<\/strong> 6 mm, 10 mm, 12 mm<\/p>\n<\/li>\n<li data-start=\"1825\" data-end=\"1893\">\n<p data-start=\"1827\" data-end=\"1893\"><strong data-start=\"1827\" data-end=\"1840\">Material:<\/strong> PVC\/vinilo duradero con construcci\u00f3n de doble dur\u00f3metro<\/p>\n<\/li>\n<li data-start=\"1894\" data-end=\"1949\">\n<p data-start=\"1896\" data-end=\"1949\"><strong data-start=\"1896\" data-end=\"1909\">Funci\u00f3n:<\/strong> Redirecci\u00f3n del agua y prevenci\u00f3n de fugas<\/p>\n<\/li>\n<li data-start=\"1950\" data-end=\"2011\">\n<p data-start=\"1952\" data-end=\"2011\"><strong data-start=\"1952\" data-end=\"1969\">Instalaci\u00f3n:<\/strong> Deslizable o encajable, no necesita adhesivo<\/p>\n<\/li>\n<\/ul>","protected":false},"excerpt":{"rendered":"<ul>\n<li>Sello inferior para puerta de ducha sin marco con riel de goteo para vidrio de 1\/4\u2033, 3\/8\u2033 y 1\/2\u2033<\/li>\n<li>Nuestro sello inferior con riel de goteo m\u00e1s vendido<\/li>\n<li>Reparte el agua de vuelta a la ducha<\/li>\n<li>Dise\u00f1o de patas suaves de doble dureza<\/li>\n<\/ul>","protected":false},"featured_media":3724,"comment_status":"open","ping_status":"closed","template":"","meta":{"_acf_changed":false},"product_brand":[],"product_cat":[114,152],"product_tag":[],"class_list":{"0":"post-3723","1":"product","2":"type-product","3":"status-publish","4":"has-post-thumbnail","6":"product_cat-shower-door-seals","7":"product_cat-drip-rail-seal","8":"pa_finish-black-2","9":"pa_finish-clear","10":"pa_finish-customized-colors","11":"pa_glass-thickness-1-2-inch-12mm","12":"pa_glass-thickness-1-4-inch-6mm","13":"pa_glass-thickness-3-8-inch-10mm","14":"pa_glass-thickness-5-16-inch-8mm","15":"pa_material-vinyl","17":"first","18":"instock","19":"taxable","20":"shipping-taxable","21":"product-type-simple"},"acf":[],"_links":{"self":[{"href":"https:\/\/showerglasshardware.com\/es-es\/wp-json\/wp\/v2\/product\/3723","targetHints":{"allow":["GET"]}}],"collection":[{"href":"https:\/\/showerglasshardware.com\/es-es\/wp-json\/wp\/v2\/product"}],"about":[{"href":"https:\/\/showerglasshardware.com\/es-es\/wp-json\/wp\/v2\/types\/product"}],"replies":[{"embeddable":true,"href":"https:\/\/showerglasshardware.com\/es-es\/wp-json\/wp\/v2\/comments?post=3723"}],"version-history":[{"count":4,"href":"https:\/\/showerglasshardware.com\/es-es\/wp-json\/wp\/v2\/product\/3723\/revisions"}],"predecessor-version":[{"id":4577,"href":"https:\/\/showerglasshardware.com\/es-es\/wp-json\/wp\/v2\/product\/3723\/revisions\/4577"}],"wp:featuredmedia":[{"embeddable":true,"href":"https:\/\/showerglasshardware.com\/es-es\/wp-json\/wp\/v2\/media\/3724"}],"wp:attachment":[{"href":"https:\/\/showerglasshardware.com\/es-es\/wp-json\/wp\/v2\/media?parent=3723"}],"wp:term":[{"taxonomy":"product_brand","embeddable":true,"href":"https:\/\/showerglasshardware.com\/es-es\/wp-json\/wp\/v2\/product_brand?post=3723"},{"taxonomy":"product_cat","embeddable":true,"href":"https:\/\/showerglasshardware.com\/es-es\/wp-json\/wp\/v2\/product_cat?post=3723"},{"taxonomy":"product_tag","embeddable":true,"href":"https:\/\/showerglasshardware.com\/es-es\/wp-json\/wp\/v2\/product_tag?post=3723"}],"curies":[{"name":"wp","href":"https:\/\/api.w.org\/{rel}","templated":true}]}}