{"id":3812,"date":"2024-11-20T08:15:31","date_gmt":"2024-11-20T08:15:31","guid":{"rendered":"https:\/\/showerglasshardware.com\/?post_type=product&#038;p=3812"},"modified":"2025-08-11T05:26:46","modified_gmt":"2025-08-11T05:26:46","slug":"bathroom-shower-door-bottom-seal-flexible-pvc","status":"publish","type":"product","link":"https:\/\/showerglasshardware.com\/es-es\/product\/bathroom-shower-door-bottom-seal-flexible-pvc\/","title":{"rendered":"Junta inferior para puerta de ducha - PVC flexible"},"content":{"rendered":"<p data-start=\"442\" data-end=\"596\">La Junta Inferior para Puerta de Ducha de Ba\u00f1o - PVC Flexible es una soluci\u00f3n sencilla pero muy eficaz para evitar fugas de agua en su mampara de ducha.<\/p>\n<p data-start=\"598\" data-end=\"832\">Fabricada en PVC flexible de alta calidad, esta junta inferior est\u00e1 dise\u00f1ada para puertas de cristal de 6 mm, 8 mm, 10 mm y 12 mm. Su construcci\u00f3n flexible garantiza un ajuste perfecto y una barrera fiable contra el agua, al tiempo que mantiene un aspecto discreto y limpio.<\/p>\n<p data-start=\"834\" data-end=\"1003\">Esta junta es ideal para sustituir juntas inferiores desgastadas o da\u00f1adas y es compatible tanto con puertas de ducha con marco como sin marco en cuartos de ba\u00f1o residenciales o comerciales.<\/p>\n<p data-start=\"1005\" data-end=\"1024\"><strong data-start=\"1005\" data-end=\"1022\">Caracter\u00edsticas clave:<\/strong><\/p>\n<ul data-start=\"1025\" data-end=\"1356\">\n<li data-start=\"1025\" data-end=\"1083\">\n<p data-start=\"1027\" data-end=\"1083\"><strong data-start=\"1027\" data-end=\"1040\">Material:<\/strong> PVC flexible de larga duraci\u00f3n<\/p>\n<\/li>\n<li data-start=\"1084\" data-end=\"1137\">\n<p data-start=\"1086\" data-end=\"1137\"><strong data-start=\"1086\" data-end=\"1099\">Funci\u00f3n:<\/strong> Evita fugas de agua y salpicaduras<\/p>\n<\/li>\n<li data-start=\"1138\" data-end=\"1208\">\n<p data-start=\"1140\" data-end=\"1208\"><strong data-start=\"1140\" data-end=\"1164\">Compatibilidad de vidrio:<\/strong> Se adapta a cristales de 6 mm, 8 mm, 10 mm y 12 mm de grosor<\/p>\n<\/li>\n<li data-start=\"1209\" data-end=\"1272\">\n<p data-start=\"1211\" data-end=\"1272\"><strong data-start=\"1211\" data-end=\"1233\">F\u00e1cil instalaci\u00f3n:<\/strong> Deslizable o encajable sin adhesivo<\/p>\n<\/li>\n<li data-start=\"1273\" data-end=\"1356\">\n<p data-start=\"1275\" data-end=\"1356\"><strong data-start=\"1275\" data-end=\"1292\">Aplicaciones:<\/strong> Puertas de ducha en viviendas, hoteles y locales comerciales<\/p>\n<\/li>\n<\/ul>\n<p data-start=\"1358\" data-end=\"1379\"><strong data-start=\"1358\" data-end=\"1377\">Especificaciones:<\/strong><\/p>\n<ul data-start=\"1380\" data-end=\"1591\">\n<li data-start=\"1380\" data-end=\"1417\">\n<p data-start=\"1382\" data-end=\"1417\"><strong data-start=\"1382\" data-end=\"1391\">Tipo:<\/strong> Junta inferior de puerta de ducha<\/p>\n<\/li>\n<li data-start=\"1418\" data-end=\"1448\">\n<p data-start=\"1420\" data-end=\"1448\"><strong data-start=\"1420\" data-end=\"1433\">Material:<\/strong> PVC flexible<\/p>\n<\/li>\n<li data-start=\"1449\" data-end=\"1499\">\n<p data-start=\"1451\" data-end=\"1499\"><strong data-start=\"1451\" data-end=\"1476\">Se adapta al grosor del cristal:<\/strong> 6 mm, 8 mm, 10 mm, 12 mm<\/p>\n<\/li>\n<li data-start=\"1500\" data-end=\"1542\">\n<p data-start=\"1502\" data-end=\"1542\"><strong data-start=\"1502\" data-end=\"1515\">Funci\u00f3n:<\/strong> Prevenci\u00f3n de fugas de agua<\/p>\n<\/li>\n<li data-start=\"1543\" data-end=\"1591\">\n<p data-start=\"1545\" data-end=\"1591\"><strong data-start=\"1545\" data-end=\"1562\">Instalaci\u00f3n:<\/strong> Dise\u00f1o deslizante o a presi\u00f3n<\/p>\n<\/li>\n<\/ul>","protected":false},"excerpt":{"rendered":"<ul>\n<li>Sello inferior para puerta de ducha de ba\u00f1o;<\/li>\n<li>PVC flexible<\/li>\n<li>Sello inferior para vidrio de 6, 8, 10, 12 mm<\/li>\n<\/ul>","protected":false},"featured_media":3816,"comment_status":"open","ping_status":"closed","template":"","meta":{"_acf_changed":false},"product_brand":[],"product_cat":[114,155],"product_tag":[],"class_list":{"0":"post-3812","1":"product","2":"type-product","3":"status-publish","4":"has-post-thumbnail","6":"product_cat-shower-door-seals","7":"product_cat-one-piece-bottom-rail-seal","8":"pa_finish-black-2","9":"pa_finish-clear","10":"pa_finish-customized-colors","11":"pa_glass-thickness-1-2-inch-12mm","12":"pa_glass-thickness-1-4-inch-6mm","13":"pa_glass-thickness-3-8-inch-10mm","14":"pa_glass-thickness-5-16-inch-8mm","15":"pa_material-vinyl","17":"first","18":"instock","19":"taxable","20":"shipping-taxable","21":"product-type-simple"},"acf":[],"_links":{"self":[{"href":"https:\/\/showerglasshardware.com\/es-es\/wp-json\/wp\/v2\/product\/3812","targetHints":{"allow":["GET"]}}],"collection":[{"href":"https:\/\/showerglasshardware.com\/es-es\/wp-json\/wp\/v2\/product"}],"about":[{"href":"https:\/\/showerglasshardware.com\/es-es\/wp-json\/wp\/v2\/types\/product"}],"replies":[{"embeddable":true,"href":"https:\/\/showerglasshardware.com\/es-es\/wp-json\/wp\/v2\/comments?post=3812"}],"version-history":[{"count":4,"href":"https:\/\/showerglasshardware.com\/es-es\/wp-json\/wp\/v2\/product\/3812\/revisions"}],"predecessor-version":[{"id":4578,"href":"https:\/\/showerglasshardware.com\/es-es\/wp-json\/wp\/v2\/product\/3812\/revisions\/4578"}],"wp:featuredmedia":[{"embeddable":true,"href":"https:\/\/showerglasshardware.com\/es-es\/wp-json\/wp\/v2\/media\/3816"}],"wp:attachment":[{"href":"https:\/\/showerglasshardware.com\/es-es\/wp-json\/wp\/v2\/media?parent=3812"}],"wp:term":[{"taxonomy":"product_brand","embeddable":true,"href":"https:\/\/showerglasshardware.com\/es-es\/wp-json\/wp\/v2\/product_brand?post=3812"},{"taxonomy":"product_cat","embeddable":true,"href":"https:\/\/showerglasshardware.com\/es-es\/wp-json\/wp\/v2\/product_cat?post=3812"},{"taxonomy":"product_tag","embeddable":true,"href":"https:\/\/showerglasshardware.com\/es-es\/wp-json\/wp\/v2\/product_tag?post=3812"}],"curies":[{"name":"wp","href":"https:\/\/api.w.org\/{rel}","templated":true}]}}