{"id":3818,"date":"2024-11-20T08:40:20","date_gmt":"2024-11-20T08:40:20","guid":{"rendered":"https:\/\/showerglasshardware.com\/?post_type=product&#038;p=3818"},"modified":"2025-08-11T05:45:59","modified_gmt":"2025-08-11T05:45:59","slug":"shower-door-bottom-seal-black-short-clip","status":"publish","type":"product","link":"https:\/\/showerglasshardware.com\/es-es\/product\/shower-door-bottom-seal-black-short-clip\/","title":{"rendered":"Sello inferior negro para puerta de ducha - Clip corto"},"content":{"rendered":"<p data-start=\"441\" data-end=\"678\">La Junta Inferior para Puerta de Ducha - Clip Corto Negro est\u00e1 dise\u00f1ada para proporcionar una barrera contra el agua elegante y eficaz para puertas de ducha de cristal sin marco. Fabricada con PVC duradero en un moderno acabado negro, ofrece estilo y funcionalidad.<\/p>\n<p data-start=\"680\" data-end=\"944\">Su dise\u00f1o de clip corto permite un ajuste seguro en el borde del cristal sin adhesivos, lo que hace que la instalaci\u00f3n sea r\u00e1pida y sencilla. Esta junta es compatible con cristales de 8 mm (5\/16\u2033) y 10 mm (3\/8\u2033) de grosor, minimizando eficazmente las fugas y manteniendo seco el suelo de su cuarto de ba\u00f1o.<\/p>\n<p data-start=\"946\" data-end=\"1058\">Perfecto para dise\u00f1os de ba\u00f1os contempor\u00e1neos, el acabado en negro combina a la perfecci\u00f3n con herrajes y accesorios oscuros.<\/p>\n<p data-start=\"1060\" data-end=\"1079\"><strong data-start=\"1060\" data-end=\"1077\">Caracter\u00edsticas clave:<\/strong><\/p>\n<ul data-start=\"1080\" data-end=\"1508\">\n<li data-start=\"1080\" data-end=\"1129\">\n<p data-start=\"1082\" data-end=\"1129\"><strong data-start=\"1082\" data-end=\"1095\">Material:<\/strong> PVC de alta calidad para mayor durabilidad<\/p>\n<\/li>\n<li data-start=\"1130\" data-end=\"1183\">\n<p data-start=\"1132\" data-end=\"1183\"><strong data-start=\"1132\" data-end=\"1142\">Color:<\/strong> Negro para un aspecto moderno y elegante<\/p>\n<\/li>\n<li data-start=\"1184\" data-end=\"1238\">\n<p data-start=\"1186\" data-end=\"1238\"><strong data-start=\"1186\" data-end=\"1197\">Dise\u00f1o:<\/strong> Clip corto para una fijaci\u00f3n segura del cristal<\/p>\n<\/li>\n<li data-start=\"1239\" data-end=\"1306\">\n<p data-start=\"1241\" data-end=\"1306\"><strong data-start=\"1241\" data-end=\"1265\">Compatibilidad de vidrio:<\/strong> Se adapta a cristales de 8 mm (5\/16\u2033) y 10 mm (3\/8\u2033).<\/p>\n<\/li>\n<li data-start=\"1307\" data-end=\"1358\">\n<p data-start=\"1309\" data-end=\"1358\"><strong data-start=\"1309\" data-end=\"1322\">Funci\u00f3n:<\/strong> Evita fugas y salpicaduras de agua<\/p>\n<\/li>\n<li data-start=\"1359\" data-end=\"1417\">\n<p data-start=\"1361\" data-end=\"1417\"><strong data-start=\"1361\" data-end=\"1378\">Instalaci\u00f3n:<\/strong> Deslizable o encajable sin adhesivo<\/p>\n<\/li>\n<li data-start=\"1418\" data-end=\"1508\">\n<p data-start=\"1420\" data-end=\"1508\"><strong data-start=\"1420\" data-end=\"1437\">Aplicaciones:<\/strong> Puertas de ducha de cristal sin marco en viviendas, hoteles y espacios comerciales<\/p>\n<\/li>\n<\/ul>\n<p data-start=\"1510\" data-end=\"1531\"><strong data-start=\"1510\" data-end=\"1529\">Especificaciones:<\/strong><\/p>\n<ul data-start=\"1532\" data-end=\"1769\">\n<li data-start=\"1532\" data-end=\"1582\">\n<p data-start=\"1534\" data-end=\"1582\"><strong data-start=\"1534\" data-end=\"1543\">Tipo:<\/strong> Junta inferior de puerta de ducha - clip corto<\/p>\n<\/li>\n<li data-start=\"1583\" data-end=\"1604\">\n<p data-start=\"1585\" data-end=\"1604\"><strong data-start=\"1585\" data-end=\"1598\">Material:<\/strong> CLORURO DE POLIVINILO<\/p>\n<\/li>\n<li data-start=\"1605\" data-end=\"1625\">\n<p data-start=\"1607\" data-end=\"1625\"><strong data-start=\"1607\" data-end=\"1617\">Color:<\/strong> Negro<\/p>\n<\/li>\n<li data-start=\"1626\" data-end=\"1683\">\n<p data-start=\"1628\" data-end=\"1683\"><strong data-start=\"1628\" data-end=\"1653\">Se adapta al grosor del cristal:<\/strong> 8 mm (5\/16\u2033) y 10 mm (3\/8\u2033)<\/p>\n<\/li>\n<li data-start=\"1684\" data-end=\"1726\">\n<p data-start=\"1686\" data-end=\"1726\"><strong data-start=\"1686\" data-end=\"1699\">Funci\u00f3n:<\/strong> Prevenci\u00f3n de fugas de agua<\/p>\n<\/li>\n<li data-start=\"1727\" data-end=\"1769\">\n<p data-start=\"1729\" data-end=\"1769\"><strong data-start=\"1729\" data-end=\"1746\">Instalaci\u00f3n:<\/strong> No necesita adhesivo<\/p>\n<\/li>\n<\/ul>","protected":false},"excerpt":{"rendered":"<ul>\n<li>Sello inferior negro para puerta de ducha - Clip corto<\/li>\n<li>CLORURO DE POLIVINILO<\/li>\n<li>Para vidrio de 8 mm (5\/16), 10 mm (3\/8);<\/li>\n<\/ul>","protected":false},"featured_media":3819,"comment_status":"open","ping_status":"closed","template":"","meta":{"_acf_changed":false},"product_brand":[],"product_cat":[114,155,156],"product_tag":[],"class_list":{"0":"post-3818","1":"product","2":"type-product","3":"status-publish","4":"has-post-thumbnail","6":"product_cat-shower-door-seals","7":"product_cat-one-piece-bottom-rail-seal","8":"product_cat-black-shower-door-seal","9":"pa_finish-black-2","10":"pa_finish-clear","11":"pa_finish-customized-colors","12":"pa_glass-thickness-10mm-or-0-39","13":"pa_glass-thickness-8mm-or-0-32","14":"pa_material-vinyl","16":"first","17":"instock","18":"taxable","19":"shipping-taxable","20":"product-type-simple"},"acf":[],"_links":{"self":[{"href":"https:\/\/showerglasshardware.com\/es-es\/wp-json\/wp\/v2\/product\/3818","targetHints":{"allow":["GET"]}}],"collection":[{"href":"https:\/\/showerglasshardware.com\/es-es\/wp-json\/wp\/v2\/product"}],"about":[{"href":"https:\/\/showerglasshardware.com\/es-es\/wp-json\/wp\/v2\/types\/product"}],"replies":[{"embeddable":true,"href":"https:\/\/showerglasshardware.com\/es-es\/wp-json\/wp\/v2\/comments?post=3818"}],"version-history":[{"count":3,"href":"https:\/\/showerglasshardware.com\/es-es\/wp-json\/wp\/v2\/product\/3818\/revisions"}],"predecessor-version":[{"id":4585,"href":"https:\/\/showerglasshardware.com\/es-es\/wp-json\/wp\/v2\/product\/3818\/revisions\/4585"}],"wp:featuredmedia":[{"embeddable":true,"href":"https:\/\/showerglasshardware.com\/es-es\/wp-json\/wp\/v2\/media\/3819"}],"wp:attachment":[{"href":"https:\/\/showerglasshardware.com\/es-es\/wp-json\/wp\/v2\/media?parent=3818"}],"wp:term":[{"taxonomy":"product_brand","embeddable":true,"href":"https:\/\/showerglasshardware.com\/es-es\/wp-json\/wp\/v2\/product_brand?post=3818"},{"taxonomy":"product_cat","embeddable":true,"href":"https:\/\/showerglasshardware.com\/es-es\/wp-json\/wp\/v2\/product_cat?post=3818"},{"taxonomy":"product_tag","embeddable":true,"href":"https:\/\/showerglasshardware.com\/es-es\/wp-json\/wp\/v2\/product_tag?post=3818"}],"curies":[{"name":"wp","href":"https:\/\/api.w.org\/{rel}","templated":true}]}}