{"id":4274,"date":"2025-02-14T06:30:17","date_gmt":"2025-02-14T06:30:17","guid":{"rendered":"https:\/\/showerglasshardware.com\/?post_type=product&#038;p=4274"},"modified":"2025-08-11T05:33:49","modified_gmt":"2025-08-11T05:33:49","slug":"glass-shower-door-bottom-seal-strip-yp188","status":"publish","type":"product","link":"https:\/\/showerglasshardware.com\/es-es\/product\/glass-shower-door-bottom-seal-strip-yp188\/","title":{"rendered":"Tira de sellado inferior para puerta de ducha de cristal - YP188"},"content":{"rendered":"<p data-start=\"419\" data-end=\"701\">El <strong data-start=\"423\" data-end=\"468\">YP188 Tira de sellado inferior para puerta de ducha de cristal<\/strong> est\u00e1 dise\u00f1ado para proporcionar una barrera fiable contra el agua para las puertas de ducha de cristal sin marco. Fabricado en <strong data-start=\"561\" data-end=\"581\">PVC de alta calidad<\/strong>, se ajusta perfectamente al borde inferior de la puerta para minimizar las fugas y salpicaduras, manteniendo su cuarto de ba\u00f1o seco y limpio.<\/p>\n<p data-start=\"703\" data-end=\"939\">Compatible con <strong data-start=\"719\" data-end=\"764\">5\/16\u2033 (8 mm), 3\/8\u2033 (10 mm) y 1\/2\u2033 (12 mm)<\/strong> de grosor, esta tira de sellado es f\u00e1cil de instalar sin adhesivos: basta con deslizarla o encajarla en su sitio. Su dise\u00f1o claro y minimalista combina a la perfecci\u00f3n con cualquier estilo de ba\u00f1o.<\/p>\n<p data-start=\"941\" data-end=\"960\"><strong data-start=\"941\" data-end=\"958\">Caracter\u00edsticas clave:<\/strong><\/p>\n<ul data-start=\"961\" data-end=\"1347\">\n<li data-start=\"961\" data-end=\"1021\">\n<p data-start=\"963\" data-end=\"1021\"><strong data-start=\"963\" data-end=\"976\">Material:<\/strong> PVC de primera calidad para mayor durabilidad y flexibilidad<\/p>\n<\/li>\n<li data-start=\"1022\" data-end=\"1073\">\n<p data-start=\"1024\" data-end=\"1073\"><strong data-start=\"1024\" data-end=\"1037\">Funci\u00f3n:<\/strong> Evita fugas y salpicaduras de agua<\/p>\n<\/li>\n<li data-start=\"1074\" data-end=\"1139\">\n<p data-start=\"1076\" data-end=\"1139\"><strong data-start=\"1076\" data-end=\"1100\">Compatibilidad de vidrio:<\/strong> Se adapta a cristales de 8 mm, 10 mm y 12 mm de grosor<\/p>\n<\/li>\n<li data-start=\"1140\" data-end=\"1197\">\n<p data-start=\"1142\" data-end=\"1197\"><strong data-start=\"1142\" data-end=\"1157\">Apariencia:<\/strong> Dise\u00f1o claro para un aspecto limpio y moderno<\/p>\n<\/li>\n<li data-start=\"1198\" data-end=\"1256\">\n<p data-start=\"1200\" data-end=\"1256\"><strong data-start=\"1200\" data-end=\"1217\">Instalaci\u00f3n:<\/strong> Deslizable o encajable sin adhesivo<\/p>\n<\/li>\n<li data-start=\"1257\" data-end=\"1347\">\n<p data-start=\"1259\" data-end=\"1347\"><strong data-start=\"1259\" data-end=\"1276\">Aplicaciones:<\/strong> Puertas de ducha de cristal sin marco en viviendas, hoteles y espacios comerciales<\/p>\n<\/li>\n<\/ul>\n<p data-start=\"1349\" data-end=\"1370\"><strong data-start=\"1349\" data-end=\"1368\">Especificaciones:<\/strong><\/p>\n<ul data-start=\"1371\" data-end=\"1617\">\n<li data-start=\"1371\" data-end=\"1391\">\n<p data-start=\"1373\" data-end=\"1391\"><strong data-start=\"1373\" data-end=\"1383\">Modelo:<\/strong> YP188<\/p>\n<\/li>\n<li data-start=\"1392\" data-end=\"1413\">\n<p data-start=\"1394\" data-end=\"1413\"><strong data-start=\"1394\" data-end=\"1407\">Material:<\/strong> CLORURO DE POLIVINILO<\/p>\n<\/li>\n<li data-start=\"1414\" data-end=\"1463\">\n<p data-start=\"1416\" data-end=\"1463\"><strong data-start=\"1416\" data-end=\"1425\">Tipo:<\/strong> Junta inferior para puerta de ducha de cristal<\/p>\n<\/li>\n<li data-start=\"1464\" data-end=\"1531\">\n<p data-start=\"1466\" data-end=\"1531\"><strong data-start=\"1466\" data-end=\"1491\">Se adapta al grosor del cristal:<\/strong> 5\/16\u2033 (8 mm), 3\/8\u2033 (10 mm), 1\/2\u2033 (12 mm)<\/p>\n<\/li>\n<li data-start=\"1532\" data-end=\"1574\">\n<p data-start=\"1534\" data-end=\"1574\"><strong data-start=\"1534\" data-end=\"1547\">Funci\u00f3n:<\/strong> Prevenci\u00f3n de fugas de agua<\/p>\n<\/li>\n<li data-start=\"1575\" data-end=\"1617\">\n<p data-start=\"1577\" data-end=\"1617\"><strong data-start=\"1577\" data-end=\"1594\">Instalaci\u00f3n:<\/strong> No necesita adhesivo<\/p>\n<\/li>\n<\/ul>\n<p>Similar a <a href=\"https:\/\/showerglasshardware.com\/es-es\/product\/frameless-glass-shower-door-bottom-seal-strip-short-yp188x\/\"><em><strong>YP188X<\/strong><\/em><\/a>\uff1b<\/p>","protected":false},"excerpt":{"rendered":"<ul>\n<li>Tira de sellado inferior para puerta de ducha de cristal\uff1b<\/li>\n<li>CLORURO DE POLIVINILO<\/li>\n<li>Se adapta a vidrios de 5\/16 pulgadas (8 mm), 3\/8 pulgadas (10 mm) y 1\/2 pulgada (12 mm) de espesor.<\/li>\n<\/ul>","protected":false},"featured_media":4279,"comment_status":"open","ping_status":"closed","template":"","meta":{"_acf_changed":false},"product_brand":[],"product_cat":[114,168],"product_tag":[],"class_list":{"0":"post-4274","1":"product","2":"type-product","3":"status-publish","4":"has-post-thumbnail","6":"product_cat-shower-door-seals","7":"product_cat-shower-door-bottom-seal","8":"pa_finish-black-2","9":"pa_finish-clear","10":"pa_finish-customized-colors","11":"pa_glass-thickness-1-2-inch-12mm","12":"pa_glass-thickness-3-8-inch-10mm","13":"pa_glass-thickness-5-16-inch-8mm","14":"pa_material-vinyl","16":"first","17":"instock","18":"taxable","19":"shipping-taxable","20":"product-type-simple"},"acf":[],"_links":{"self":[{"href":"https:\/\/showerglasshardware.com\/es-es\/wp-json\/wp\/v2\/product\/4274","targetHints":{"allow":["GET"]}}],"collection":[{"href":"https:\/\/showerglasshardware.com\/es-es\/wp-json\/wp\/v2\/product"}],"about":[{"href":"https:\/\/showerglasshardware.com\/es-es\/wp-json\/wp\/v2\/types\/product"}],"replies":[{"embeddable":true,"href":"https:\/\/showerglasshardware.com\/es-es\/wp-json\/wp\/v2\/comments?post=4274"}],"version-history":[{"count":4,"href":"https:\/\/showerglasshardware.com\/es-es\/wp-json\/wp\/v2\/product\/4274\/revisions"}],"predecessor-version":[{"id":4581,"href":"https:\/\/showerglasshardware.com\/es-es\/wp-json\/wp\/v2\/product\/4274\/revisions\/4581"}],"wp:featuredmedia":[{"embeddable":true,"href":"https:\/\/showerglasshardware.com\/es-es\/wp-json\/wp\/v2\/media\/4279"}],"wp:attachment":[{"href":"https:\/\/showerglasshardware.com\/es-es\/wp-json\/wp\/v2\/media?parent=4274"}],"wp:term":[{"taxonomy":"product_brand","embeddable":true,"href":"https:\/\/showerglasshardware.com\/es-es\/wp-json\/wp\/v2\/product_brand?post=4274"},{"taxonomy":"product_cat","embeddable":true,"href":"https:\/\/showerglasshardware.com\/es-es\/wp-json\/wp\/v2\/product_cat?post=4274"},{"taxonomy":"product_tag","embeddable":true,"href":"https:\/\/showerglasshardware.com\/es-es\/wp-json\/wp\/v2\/product_tag?post=4274"}],"curies":[{"name":"wp","href":"https:\/\/api.w.org\/{rel}","templated":true}]}}