{"id":4290,"date":"2025-02-14T07:13:46","date_gmt":"2025-02-14T07:13:46","guid":{"rendered":"https:\/\/showerglasshardware.com\/?post_type=product&#038;p=4290"},"modified":"2025-08-14T09:02:48","modified_gmt":"2025-08-14T09:02:48","slug":"shower-glass-door-bottom-seal-strip-long-ring","status":"publish","type":"product","link":"https:\/\/showerglasshardware.com\/es-es\/product\/shower-glass-door-bottom-seal-strip-long-ring\/","title":{"rendered":"Tira de sellado inferior para puerta de cristal de ducha - Anillo largo YP306A"},"content":{"rendered":"<p data-start=\"440\" data-end=\"625\">La Tira de Sellado Inferior para Puerta de Cristal de Ducha YP306A - Anillo Largo est\u00e1 dise\u00f1ada para proporcionar una barrera efectiva contra el agua para puertas de ducha sin marco, manteniendo el suelo de su cuarto de ba\u00f1o seco y limpio.<\/p>\n<p data-start=\"627\" data-end=\"909\">Fabricada en PVC de alta calidad, esta tira de sellado cuenta con un dise\u00f1o de anillo largo para mejorar la estabilidad y el rendimiento de sellado. Se adapta a puertas de cristal de 5\/16\u2033 (8 mm), 3\/8\u2033 (10 mm) y 1\/2\u2033 (12 mm) de grosor y es f\u00e1cil de instalar sin adhesivos: basta con deslizarla o encajarla en el cristal.<\/p>\n<p data-start=\"911\" data-end=\"1054\">Su aspecto claro y minimalista combina a la perfecci\u00f3n con la decoraci\u00f3n de cualquier cuarto de ba\u00f1o, por lo que resulta ideal tanto para aplicaciones residenciales como comerciales.<\/p>\n<p data-start=\"1056\" data-end=\"1075\"><strong data-start=\"1056\" data-end=\"1073\">Caracter\u00edsticas clave:<\/strong><\/p>\n<ul data-start=\"1076\" data-end=\"1434\">\n<li data-start=\"1076\" data-end=\"1136\">\n<p data-start=\"1078\" data-end=\"1136\"><strong data-start=\"1078\" data-end=\"1091\">Material:<\/strong> PVC de primera calidad para mayor flexibilidad y durabilidad<\/p>\n<\/li>\n<li data-start=\"1137\" data-end=\"1204\">\n<p data-start=\"1139\" data-end=\"1204\"><strong data-start=\"1139\" data-end=\"1150\">Dise\u00f1o:<\/strong> Anillo largo para un ajuste seguro y una mejor estanqueidad<\/p>\n<\/li>\n<li data-start=\"1205\" data-end=\"1270\">\n<p data-start=\"1207\" data-end=\"1270\"><strong data-start=\"1207\" data-end=\"1231\">Compatibilidad de vidrio:<\/strong> Se adapta a cristales de 8 mm, 10 mm y 12 mm de grosor<\/p>\n<\/li>\n<li data-start=\"1271\" data-end=\"1324\">\n<p data-start=\"1273\" data-end=\"1324\"><strong data-start=\"1273\" data-end=\"1286\">Funci\u00f3n:<\/strong> Evita fugas de agua y salpicaduras<\/p>\n<\/li>\n<li data-start=\"1325\" data-end=\"1383\">\n<p data-start=\"1327\" data-end=\"1383\"><strong data-start=\"1327\" data-end=\"1344\">Instalaci\u00f3n:<\/strong> Deslizable o encajable sin adhesivo<\/p>\n<\/li>\n<li data-start=\"1384\" data-end=\"1434\">\n<p data-start=\"1386\" data-end=\"1434\"><strong data-start=\"1386\" data-end=\"1403\">Aplicaciones:<\/strong> Puertas de ducha de cristal sin marco<\/p>\n<\/li>\n<\/ul>\n<p data-start=\"1436\" data-end=\"1457\"><strong data-start=\"1436\" data-end=\"1455\">Especificaciones:<\/strong><\/p>\n<ul data-start=\"1458\" data-end=\"1717\">\n<li data-start=\"1458\" data-end=\"1479\">\n<p data-start=\"1460\" data-end=\"1479\"><strong data-start=\"1460\" data-end=\"1470\">Modelo:<\/strong> YP306A<\/p>\n<\/li>\n<li data-start=\"1480\" data-end=\"1541\">\n<p data-start=\"1482\" data-end=\"1541\"><strong data-start=\"1482\" data-end=\"1491\">Tipo:<\/strong> Tira de sellado inferior para puerta de cristal de ducha - anillo largo<\/p>\n<\/li>\n<li data-start=\"1542\" data-end=\"1563\">\n<p data-start=\"1544\" data-end=\"1563\"><strong data-start=\"1544\" data-end=\"1557\">Material:<\/strong> CLORURO DE POLIVINILO<\/p>\n<\/li>\n<li data-start=\"1564\" data-end=\"1631\">\n<p data-start=\"1566\" data-end=\"1631\"><strong data-start=\"1566\" data-end=\"1591\">Se adapta al grosor del cristal:<\/strong> 5\/16\u2033 (8 mm), 3\/8\u2033 (10 mm), 1\/2\u2033 (12 mm)<\/p>\n<\/li>\n<li data-start=\"1632\" data-end=\"1674\">\n<p data-start=\"1634\" data-end=\"1674\"><strong data-start=\"1634\" data-end=\"1647\">Funci\u00f3n:<\/strong> Prevenci\u00f3n de fugas de agua<\/p>\n<\/li>\n<li data-start=\"1675\" data-end=\"1717\">\n<p data-start=\"1677\" data-end=\"1717\"><strong data-start=\"1677\" data-end=\"1694\">Instalaci\u00f3n:<\/strong> No necesita adhesivo<\/p>\n<\/li>\n<\/ul>","protected":false},"excerpt":{"rendered":"<ul>\n<li>Tira de sellado inferior para puerta de cristal de ducha - Anillo largo<\/li>\n<li>Se adapta a grosores de cristal de 8 mm (5\/16 pulgada), 10 mm (3\/8 pulgada) y 12 mm (1\/2 pulgada).<\/li>\n<li>CLORURO DE POLIVINILO<\/li>\n<\/ul>","protected":false},"featured_media":4291,"comment_status":"open","ping_status":"closed","template":"","meta":{"_acf_changed":false},"product_brand":[],"product_cat":[114,168],"product_tag":[],"class_list":{"0":"post-4290","1":"product","2":"type-product","3":"status-publish","4":"has-post-thumbnail","6":"product_cat-shower-door-seals","7":"product_cat-shower-door-bottom-seal","8":"pa_finish-black-2","9":"pa_finish-clear","10":"pa_finish-customized-colors","11":"pa_glass-thickness-1-2-inch-12mm","12":"pa_glass-thickness-1-4-inch-6mm","13":"pa_glass-thickness-3-8-inch-10mm","14":"pa_glass-thickness-5-16-inch-8mm","15":"pa_material-vinyl","17":"first","18":"instock","19":"taxable","20":"shipping-taxable","21":"product-type-simple"},"acf":[],"_links":{"self":[{"href":"https:\/\/showerglasshardware.com\/es-es\/wp-json\/wp\/v2\/product\/4290","targetHints":{"allow":["GET"]}}],"collection":[{"href":"https:\/\/showerglasshardware.com\/es-es\/wp-json\/wp\/v2\/product"}],"about":[{"href":"https:\/\/showerglasshardware.com\/es-es\/wp-json\/wp\/v2\/types\/product"}],"replies":[{"embeddable":true,"href":"https:\/\/showerglasshardware.com\/es-es\/wp-json\/wp\/v2\/comments?post=4290"}],"version-history":[{"count":3,"href":"https:\/\/showerglasshardware.com\/es-es\/wp-json\/wp\/v2\/product\/4290\/revisions"}],"predecessor-version":[{"id":4663,"href":"https:\/\/showerglasshardware.com\/es-es\/wp-json\/wp\/v2\/product\/4290\/revisions\/4663"}],"wp:featuredmedia":[{"embeddable":true,"href":"https:\/\/showerglasshardware.com\/es-es\/wp-json\/wp\/v2\/media\/4291"}],"wp:attachment":[{"href":"https:\/\/showerglasshardware.com\/es-es\/wp-json\/wp\/v2\/media?parent=4290"}],"wp:term":[{"taxonomy":"product_brand","embeddable":true,"href":"https:\/\/showerglasshardware.com\/es-es\/wp-json\/wp\/v2\/product_brand?post=4290"},{"taxonomy":"product_cat","embeddable":true,"href":"https:\/\/showerglasshardware.com\/es-es\/wp-json\/wp\/v2\/product_cat?post=4290"},{"taxonomy":"product_tag","embeddable":true,"href":"https:\/\/showerglasshardware.com\/es-es\/wp-json\/wp\/v2\/product_tag?post=4290"}],"curies":[{"name":"wp","href":"https:\/\/api.w.org\/{rel}","templated":true}]}}