{"id":4296,"date":"2025-02-14T07:30:28","date_gmt":"2025-02-14T07:30:28","guid":{"rendered":"https:\/\/showerglasshardware.com\/?post_type=product&#038;p=4296"},"modified":"2025-08-11T04:07:04","modified_gmt":"2025-08-11T04:07:04","slug":"glass-shower-door-seal-bottom-door-seal-one-fin-yp301","status":"publish","type":"product","link":"https:\/\/showerglasshardware.com\/es-es\/product\/glass-shower-door-seal-bottom-door-seal-one-fin-yp301\/","title":{"rendered":"Sello de puerta de ducha de cristal Sello de puerta inferior Una aleta YP301A"},"content":{"rendered":"<p data-start=\"458\" data-end=\"621\">El <strong data-start=\"462\" data-end=\"515\">YP301A Junta inferior para puerta de ducha de cristal con una aleta<\/strong> es una soluci\u00f3n pr\u00e1ctica y fiable para evitar las fugas de agua en las mamparas de ducha de cristal sin marco.<\/p>\n<p data-start=\"623\" data-end=\"933\">Hecho de <strong data-start=\"633\" data-end=\"655\">vinilo de alta calidad<\/strong>Esta junta inferior est\u00e1 dise\u00f1ada para ajustarse perfectamente al borde inferior de la puerta de la ducha, con una \u00fanica aleta flexible que dirige eficazmente el agua hacia el interior de la ducha. Su dise\u00f1o claro y minimalista combina a la perfecci\u00f3n con cualquier estilo de ba\u00f1o, al tiempo que garantiza un rendimiento duradero.<\/p>\n<p data-start=\"935\" data-end=\"1100\">F\u00e1cil de instalar sin adhesivos, simplemente se desliza o encaja en el borde del cristal, lo que lo convierte en una opci\u00f3n c\u00f3moda tanto para proyectos de bricolaje como para instalaciones profesionales.<\/p>\n<p data-start=\"1102\" data-end=\"1119\"><strong data-start=\"1102\" data-end=\"1119\">Caracter\u00edsticas clave:<\/strong><\/p>\n<ul data-start=\"1120\" data-end=\"1527\">\n<li data-start=\"1120\" data-end=\"1187\">\n<p data-start=\"1122\" data-end=\"1187\"><strong data-start=\"1122\" data-end=\"1135\">Material:<\/strong> Vinilo de alta calidad para mayor durabilidad y resistencia al agua<\/p>\n<\/li>\n<li data-start=\"1188\" data-end=\"1257\">\n<p data-start=\"1190\" data-end=\"1257\"><strong data-start=\"1190\" data-end=\"1201\">Dise\u00f1o:<\/strong> Junta inferior de aleta \u00fanica para una desviaci\u00f3n eficaz del agua<\/p>\n<\/li>\n<li data-start=\"1258\" data-end=\"1326\">\n<p data-start=\"1260\" data-end=\"1326\"><strong data-start=\"1260\" data-end=\"1278\">Compatibilidad:<\/strong> Se adapta a espesores de vidrio de 8 mm, 10 mm y 12 mm<\/p>\n<\/li>\n<li data-start=\"1327\" data-end=\"1385\">\n<p data-start=\"1329\" data-end=\"1385\"><strong data-start=\"1329\" data-end=\"1342\">Funci\u00f3n:<\/strong> Ayuda a evitar fugas de agua y salpicaduras<\/p>\n<\/li>\n<li data-start=\"1386\" data-end=\"1454\">\n<p data-start=\"1388\" data-end=\"1454\"><strong data-start=\"1388\" data-end=\"1403\">Apariencia:<\/strong> Claro y minimalista, combina con cualquier dise\u00f1o de ducha<\/p>\n<\/li>\n<li data-start=\"1455\" data-end=\"1527\">\n<p data-start=\"1457\" data-end=\"1527\"><strong data-start=\"1457\" data-end=\"1474\">Instalaci\u00f3n:<\/strong> F\u00e1cil instalaci\u00f3n deslizante o a presi\u00f3n sin pegamento<\/p>\n<\/li>\n<\/ul>\n<p data-start=\"1529\" data-end=\"1548\"><strong data-start=\"1529\" data-end=\"1548\">Especificaciones:<\/strong><\/p>\n<ul data-start=\"1549\" data-end=\"1799\">\n<li data-start=\"1549\" data-end=\"1570\">\n<p data-start=\"1551\" data-end=\"1570\"><strong data-start=\"1551\" data-end=\"1561\">Modelo:<\/strong> YP301A<\/p>\n<\/li>\n<li data-start=\"1571\" data-end=\"1594\">\n<p data-start=\"1573\" data-end=\"1594\"><strong data-start=\"1573\" data-end=\"1586\">Material:<\/strong> Vinilo<\/p>\n<\/li>\n<li data-start=\"1595\" data-end=\"1638\">\n<p data-start=\"1597\" data-end=\"1638\"><strong data-start=\"1597\" data-end=\"1606\">Tipo:<\/strong> Junta inferior de la puerta con una aleta<\/p>\n<\/li>\n<li data-start=\"1639\" data-end=\"1706\">\n<p data-start=\"1641\" data-end=\"1706\"><strong data-start=\"1641\" data-end=\"1666\">Se adapta al grosor del cristal:<\/strong> 5\/16\u2033 (8 mm), 3\/8\u2033 (10 mm), 1\/2\u2033 (12 mm)<\/p>\n<\/li>\n<li data-start=\"1707\" data-end=\"1756\">\n<p data-start=\"1709\" data-end=\"1756\"><strong data-start=\"1709\" data-end=\"1725\">Solicitud:<\/strong> Puertas de ducha de cristal sin marco<\/p>\n<\/li>\n<li data-start=\"1757\" data-end=\"1799\">\n<p data-start=\"1759\" data-end=\"1799\"><strong data-start=\"1759\" data-end=\"1772\">Funci\u00f3n:<\/strong> Prevenci\u00f3n de fugas de agua<\/p>\n<\/li>\n<\/ul>","protected":false},"excerpt":{"rendered":"<ul>\n<li>Sello de puerta de ducha de cristal Sello de puerta inferior Una aleta YP301A<\/li>\n<li>Vinilo<\/li>\n<li>Se adapta a grosores de cristal de 8 mm (5\/16 pulgada), 10 mm (3\/8 pulgada) y 12 mm (1\/2 pulgada).<\/li>\n<\/ul>","protected":false},"featured_media":4298,"comment_status":"open","ping_status":"closed","template":"","meta":{"_acf_changed":false},"product_brand":[],"product_cat":[114,168,155],"product_tag":[],"class_list":{"0":"post-4296","1":"product","2":"type-product","3":"status-publish","4":"has-post-thumbnail","6":"product_cat-shower-door-seals","7":"product_cat-shower-door-bottom-seal","8":"product_cat-one-piece-bottom-rail-seal","9":"pa_finish-black-2","10":"pa_finish-clear","11":"pa_finish-customized-colors","12":"pa_glass-thickness-1-2-inch-12mm","13":"pa_glass-thickness-3-8-inch-10mm","14":"pa_glass-thickness-5-16-inch-8mm","15":"pa_material-vinyl","17":"first","18":"instock","19":"taxable","20":"shipping-taxable","21":"product-type-simple"},"acf":[],"_links":{"self":[{"href":"https:\/\/showerglasshardware.com\/es-es\/wp-json\/wp\/v2\/product\/4296","targetHints":{"allow":["GET"]}}],"collection":[{"href":"https:\/\/showerglasshardware.com\/es-es\/wp-json\/wp\/v2\/product"}],"about":[{"href":"https:\/\/showerglasshardware.com\/es-es\/wp-json\/wp\/v2\/types\/product"}],"replies":[{"embeddable":true,"href":"https:\/\/showerglasshardware.com\/es-es\/wp-json\/wp\/v2\/comments?post=4296"}],"version-history":[{"count":6,"href":"https:\/\/showerglasshardware.com\/es-es\/wp-json\/wp\/v2\/product\/4296\/revisions"}],"predecessor-version":[{"id":4570,"href":"https:\/\/showerglasshardware.com\/es-es\/wp-json\/wp\/v2\/product\/4296\/revisions\/4570"}],"wp:featuredmedia":[{"embeddable":true,"href":"https:\/\/showerglasshardware.com\/es-es\/wp-json\/wp\/v2\/media\/4298"}],"wp:attachment":[{"href":"https:\/\/showerglasshardware.com\/es-es\/wp-json\/wp\/v2\/media?parent=4296"}],"wp:term":[{"taxonomy":"product_brand","embeddable":true,"href":"https:\/\/showerglasshardware.com\/es-es\/wp-json\/wp\/v2\/product_brand?post=4296"},{"taxonomy":"product_cat","embeddable":true,"href":"https:\/\/showerglasshardware.com\/es-es\/wp-json\/wp\/v2\/product_cat?post=4296"},{"taxonomy":"product_tag","embeddable":true,"href":"https:\/\/showerglasshardware.com\/es-es\/wp-json\/wp\/v2\/product_tag?post=4296"}],"curies":[{"name":"wp","href":"https:\/\/api.w.org\/{rel}","templated":true}]}}