{"id":4304,"date":"2025-02-14T08:33:29","date_gmt":"2025-02-14T08:33:29","guid":{"rendered":"https:\/\/showerglasshardware.com\/?post_type=product&#038;p=4304"},"modified":"2025-08-11T05:50:58","modified_gmt":"2025-08-11T05:50:58","slug":"shower-door-sliding-seal-with-drip-rail","status":"publish","type":"product","link":"https:\/\/showerglasshardware.com\/es-es\/product\/shower-door-sliding-seal-with-drip-rail\/","title":{"rendered":"Sello deslizante para puerta de ducha con riel de goteo YP309S1"},"content":{"rendered":"<p data-start=\"440\" data-end=\"601\">La junta deslizante para puerta de ducha YP309S1 con riel de goteo est\u00e1 dise\u00f1ada para mantener seco el suelo de su cuarto de ba\u00f1o redirigiendo eficazmente el agua de vuelta a la zona de la ducha.<\/p>\n<p data-start=\"603\" data-end=\"776\">Fabricada en vinilo duradero, esta junta deslizante inferior cuenta con un riel de goteo integrado que reduce las salpicaduras y las fugas, a la vez que mantiene un aspecto limpio y moderno.<\/p>\n<p data-start=\"778\" data-end=\"1028\">Compatible con puertas de cristal de 5\/16\u2033 (8 mm), 3\/8\u2033 (10 mm) y 1\/2\u2033 (12 mm) de grosor, es perfecto para mamparas de ducha sin marco con puertas correderas. La instalaci\u00f3n es sencilla: basta con deslizarlo sobre el borde inferior del cristal sin necesidad de adhesivos.<\/p>\n<p data-start=\"1030\" data-end=\"1049\"><strong data-start=\"1030\" data-end=\"1047\">Caracter\u00edsticas clave:<\/strong><\/p>\n<ul data-start=\"1050\" data-end=\"1466\">\n<li data-start=\"1050\" data-end=\"1107\">\n<p data-start=\"1052\" data-end=\"1107\"><strong data-start=\"1052\" data-end=\"1065\">Material:<\/strong> Vinilo de alta calidad para un uso duradero<\/p>\n<\/li>\n<li data-start=\"1108\" data-end=\"1169\">\n<p data-start=\"1110\" data-end=\"1169\"><strong data-start=\"1110\" data-end=\"1121\">Dise\u00f1o:<\/strong> Junta deslizante inferior con goter\u00f3n integrado<\/p>\n<\/li>\n<li data-start=\"1170\" data-end=\"1235\">\n<p data-start=\"1172\" data-end=\"1235\"><strong data-start=\"1172\" data-end=\"1196\">Compatibilidad de vidrio:<\/strong> Se adapta a cristales de 8 mm, 10 mm y 12 mm de grosor<\/p>\n<\/li>\n<li data-start=\"1236\" data-end=\"1312\">\n<p data-start=\"1238\" data-end=\"1312\"><strong data-start=\"1238\" data-end=\"1251\">Funci\u00f3n:<\/strong> Evita las fugas de agua y redirige el agua hacia la ducha<\/p>\n<\/li>\n<li data-start=\"1313\" data-end=\"1368\">\n<p data-start=\"1315\" data-end=\"1368\"><strong data-start=\"1315\" data-end=\"1337\">F\u00e1cil instalaci\u00f3n:<\/strong> Dise\u00f1o deslizante sin pegamento<\/p>\n<\/li>\n<li data-start=\"1369\" data-end=\"1466\">\n<p data-start=\"1371\" data-end=\"1466\"><strong data-start=\"1371\" data-end=\"1388\">Aplicaciones:<\/strong> Puertas de ducha correderas de cristal sin marco en entornos residenciales y comerciales<\/p>\n<\/li>\n<\/ul>\n<p data-start=\"1468\" data-end=\"1489\"><strong data-start=\"1468\" data-end=\"1487\">Especificaciones:<\/strong><\/p>\n<ul data-start=\"1490\" data-end=\"1760\">\n<li data-start=\"1490\" data-end=\"1512\">\n<p data-start=\"1492\" data-end=\"1512\"><strong data-start=\"1492\" data-end=\"1502\">Modelo:<\/strong> YP309S1<\/p>\n<\/li>\n<li data-start=\"1513\" data-end=\"1536\">\n<p data-start=\"1515\" data-end=\"1536\"><strong data-start=\"1515\" data-end=\"1528\">Material:<\/strong> Vinilo<\/p>\n<\/li>\n<li data-start=\"1537\" data-end=\"1585\">\n<p data-start=\"1539\" data-end=\"1585\"><strong data-start=\"1539\" data-end=\"1548\">Tipo:<\/strong> Junta deslizante inferior con goter\u00f3n<\/p>\n<\/li>\n<li data-start=\"1586\" data-end=\"1653\">\n<p data-start=\"1588\" data-end=\"1653\"><strong data-start=\"1588\" data-end=\"1613\">Se adapta al grosor del cristal:<\/strong> 5\/16\u2033 (8 mm), 3\/8\u2033 (10 mm), 1\/2\u2033 (12 mm)<\/p>\n<\/li>\n<li data-start=\"1654\" data-end=\"1712\">\n<p data-start=\"1656\" data-end=\"1712\"><strong data-start=\"1656\" data-end=\"1669\">Funci\u00f3n:<\/strong> Redirecci\u00f3n del agua y prevenci\u00f3n de fugas<\/p>\n<\/li>\n<li data-start=\"1713\" data-end=\"1760\">\n<p data-start=\"1715\" data-end=\"1760\"><strong data-start=\"1715\" data-end=\"1732\">Instalaci\u00f3n:<\/strong> Deslizable sin adhesivo<\/p>\n<\/li>\n<\/ul>","protected":false},"excerpt":{"rendered":"<ul>\n<li>Junta deslizante inferior con goter\u00f3n;<\/li>\n<li>Se adapta a puertas de cristal de 5\/16 pulgadas (8 mm), 3\/8 pulgadas (10 mm) y 1\/2 pulgada (12 mm) de grosor;<\/li>\n<li>Vinilo;<\/li>\n<\/ul>","protected":false},"featured_media":4305,"comment_status":"open","ping_status":"closed","template":"","meta":{"_acf_changed":false},"product_brand":[],"product_cat":[114,168,152],"product_tag":[],"class_list":{"0":"post-4304","1":"product","2":"type-product","3":"status-publish","4":"has-post-thumbnail","6":"product_cat-shower-door-seals","7":"product_cat-shower-door-bottom-seal","8":"product_cat-drip-rail-seal","9":"pa_finish-black-2","10":"pa_finish-clear","11":"pa_finish-customized-colors","12":"pa_glass-thickness-1-2-inch-12mm","13":"pa_glass-thickness-3-8-inch-10mm","14":"pa_glass-thickness-5-16-inch-8mm","15":"pa_material-vinyl","17":"first","18":"instock","19":"taxable","20":"shipping-taxable","21":"product-type-simple"},"acf":[],"_links":{"self":[{"href":"https:\/\/showerglasshardware.com\/es-es\/wp-json\/wp\/v2\/product\/4304","targetHints":{"allow":["GET"]}}],"collection":[{"href":"https:\/\/showerglasshardware.com\/es-es\/wp-json\/wp\/v2\/product"}],"about":[{"href":"https:\/\/showerglasshardware.com\/es-es\/wp-json\/wp\/v2\/types\/product"}],"replies":[{"embeddable":true,"href":"https:\/\/showerglasshardware.com\/es-es\/wp-json\/wp\/v2\/comments?post=4304"}],"version-history":[{"count":4,"href":"https:\/\/showerglasshardware.com\/es-es\/wp-json\/wp\/v2\/product\/4304\/revisions"}],"predecessor-version":[{"id":4586,"href":"https:\/\/showerglasshardware.com\/es-es\/wp-json\/wp\/v2\/product\/4304\/revisions\/4586"}],"wp:featuredmedia":[{"embeddable":true,"href":"https:\/\/showerglasshardware.com\/es-es\/wp-json\/wp\/v2\/media\/4305"}],"wp:attachment":[{"href":"https:\/\/showerglasshardware.com\/es-es\/wp-json\/wp\/v2\/media?parent=4304"}],"wp:term":[{"taxonomy":"product_brand","embeddable":true,"href":"https:\/\/showerglasshardware.com\/es-es\/wp-json\/wp\/v2\/product_brand?post=4304"},{"taxonomy":"product_cat","embeddable":true,"href":"https:\/\/showerglasshardware.com\/es-es\/wp-json\/wp\/v2\/product_cat?post=4304"},{"taxonomy":"product_tag","embeddable":true,"href":"https:\/\/showerglasshardware.com\/es-es\/wp-json\/wp\/v2\/product_tag?post=4304"}],"curies":[{"name":"wp","href":"https:\/\/api.w.org\/{rel}","templated":true}]}}