{"id":442,"date":"2024-03-28T06:32:27","date_gmt":"2024-03-28T06:32:27","guid":{"rendered":"https:\/\/showerglasshardware.com\/?post_type=product&#038;p=442"},"modified":"2025-11-21T03:43:14","modified_gmt":"2025-11-21T03:43:14","slug":"180-glass-to-glass-spring-hinges-brass-sgh-1064","status":"publish","type":"product","link":"https:\/\/showerglasshardware.com\/es-es\/product\/180-glass-to-glass-spring-hinges-brass-sgh-1064\/","title":{"rendered":"Bisagras de muelle 180\u00b0 vidrio\/vidrio Lat\u00f3n SD1604"},"content":{"rendered":"<p data-start=\"475\" data-end=\"633\">Las bisagras de muelle de 180\u00b0 de lat\u00f3n para cristal SD1604 est\u00e1n dise\u00f1adas para ofrecer durabilidad, un funcionamiento suave y un mantenimiento sencillo en mamparas de ducha sin marco.<\/p>\n<p data-start=\"635\" data-end=\"831\">Fabricadas en lat\u00f3n macizo, estas bisagras de muelle de cristal a cristal se adaptan a cristales de 6 a 12 mm de grosor y cuentan con un mecanismo de autocierre a unos 30\u00b0 para mejorar la retenci\u00f3n del agua y la seguridad.<\/p>\n<p data-start=\"833\" data-end=\"1062\">Con una capacidad de carga m\u00e1xima de 35 kg por cada dos bisagras, son ideales para puertas de ducha de peso ligero a medio. El rango de apertura de 180\u00b0 proporciona flexibilidad para instalaciones que requieren un giro completo entre paneles de cristal alineados.<\/p>\n<p data-start=\"1064\" data-end=\"1083\"><strong data-start=\"1064\" data-end=\"1081\">Caracter\u00edsticas clave:<\/strong><\/p>\n<ul data-start=\"1084\" data-end=\"1517\">\n<li data-start=\"1084\" data-end=\"1130\">\n<p data-start=\"1086\" data-end=\"1130\"><strong data-start=\"1086\" data-end=\"1095\">Tipo:<\/strong> Bisagra de muelle 180\u00b0 vidrio-vidrio<\/p>\n<\/li>\n<li data-start=\"1131\" data-end=\"1198\">\n<p data-start=\"1133\" data-end=\"1198\"><strong data-start=\"1133\" data-end=\"1146\">Material:<\/strong> Lat\u00f3n macizo resistente a la corrosi\u00f3n y fuerte<\/p>\n<\/li>\n<li data-start=\"1199\" data-end=\"1251\">\n<p data-start=\"1201\" data-end=\"1251\"><strong data-start=\"1201\" data-end=\"1225\">Compatibilidad de vidrio:<\/strong> Se adapta a cristales de 6-12 mm de grosor<\/p>\n<\/li>\n<li data-start=\"1252\" data-end=\"1309\">\n<p data-start=\"1254\" data-end=\"1309\"><strong data-start=\"1254\" data-end=\"1272\">Capacidad de carga:<\/strong> Soporta hasta 35 kg por cada dos bisagras<\/p>\n<\/li>\n<li data-start=\"1310\" data-end=\"1365\">\n<p data-start=\"1312\" data-end=\"1365\"><strong data-start=\"1312\" data-end=\"1329\">Autocierre:<\/strong> Se cierra autom\u00e1ticamente a unos 30<\/p>\n<\/li>\n<li data-start=\"1366\" data-end=\"1427\">\n<p data-start=\"1368\" data-end=\"1427\"><strong data-start=\"1368\" data-end=\"1386\">Rango de apertura:<\/strong> 180\u00b0 para opciones de instalaci\u00f3n flexibles<\/p>\n<\/li>\n<li data-start=\"1428\" data-end=\"1517\">\n<p data-start=\"1430\" data-end=\"1517\"><strong data-start=\"1430\" data-end=\"1447\">Aplicaciones:<\/strong> Puertas de ducha de cristal sin marco en entornos residenciales y comerciales<\/p>\n<\/li>\n<\/ul>\n<p data-start=\"1519\" data-end=\"1540\"><strong data-start=\"1519\" data-end=\"1538\">Especificaciones:<\/strong><\/p>\n<ul data-start=\"1541\" data-end=\"1847\">\n<li data-start=\"1541\" data-end=\"1564\">\n<p data-start=\"1543\" data-end=\"1564\"><strong data-start=\"1543\" data-end=\"1553\">Modelo:<\/strong> SD1604<\/p>\n<\/li>\n<li data-start=\"1565\" data-end=\"1612\">\n<p data-start=\"1567\" data-end=\"1612\"><strong data-start=\"1567\" data-end=\"1576\">Tipo:<\/strong> Bisagra de muelle vidrio-vidrio, 180<\/p>\n<\/li>\n<li data-start=\"1613\" data-end=\"1636\">\n<p data-start=\"1615\" data-end=\"1636\"><strong data-start=\"1615\" data-end=\"1628\">Material:<\/strong> Lat\u00f3n<\/p>\n<\/li>\n<li data-start=\"1637\" data-end=\"1673\">\n<p data-start=\"1639\" data-end=\"1673\"><strong data-start=\"1639\" data-end=\"1664\">Se adapta al grosor del cristal:<\/strong> 6-12 mm<\/p>\n<\/li>\n<li data-start=\"1674\" data-end=\"1708\">\n<p data-start=\"1676\" data-end=\"1708\"><strong data-start=\"1676\" data-end=\"1694\">Capacidad de carga:<\/strong> 35kg \/ 2pcs<\/p>\n<\/li>\n<li data-start=\"1709\" data-end=\"1741\">\n<p data-start=\"1711\" data-end=\"1741\"><strong data-start=\"1711\" data-end=\"1734\">\u00c1ngulo de autocierre:<\/strong> ~30\u00b0<\/p>\n<\/li>\n<li data-start=\"1742\" data-end=\"1847\">\n<p data-start=\"1744\" data-end=\"1847\"><strong data-start=\"1744\" data-end=\"1763\">Opciones de acabado:<\/strong> Cromo pulido, n\u00edquel cepillado, oro pulido, negro mate, Gun Metal (opcional)<\/p>\n<\/li>\n<\/ul>\n<h2 id=\"tablepress-6-name\" class=\"tablepress-table-name tablepress-table-name-id-6\">Abrazaderas de lat\u00f3n para puertas de ducha Serie SD16xx<\/h2>\n\n<table id=\"tablepress-6\" class=\"tablepress tablepress-id-6\" aria-labelledby=\"tablepress-6-name\">\n<thead>\n<tr class=\"row-1\">\n\t<th class=\"column-1\"><strong>Modelo<\/strong><\/th><th class=\"column-2\"><strong>Imagen<\/strong><\/th><th class=\"column-3\"><strong>Tipo de montaje<\/strong><\/th><th class=\"column-4\"><strong>Tipo de cierre<\/strong><\/th><th class=\"column-5\"><strong>Ajustable<\/strong><\/th><th class=\"column-6\"><strong>Caracter\u00edstica<\/strong><\/th>\n<\/tr>\n<\/thead>\n<tbody class=\"row-striping row-hover\">\n<tr class=\"row-2\">\n\t<td class=\"column-1\"><a href=\"https:\/\/showerglasshardware.com\/es-es\/product\/90-degree-adjustable-brass-glass-to-wall-hinge-ac1601a\/\">SD1601A<\/a><\/td><td class=\"column-2\"><a href=\"https:\/\/showerglasshardware.com\/wp-content\/uploads\/2024\/05\/1601-5.jpg\"><img decoding=\"async\" src=\"https:\/\/showerglasshardware.com\/wp-content\/uploads\/2024\/05\/1601-5-300x300.jpg\" alt=\"Bisagra de lat\u00f3n de 90 grados ajustable a la pared en negro mate\" width=\"60\" height=\"60\" class=\"alignnone size-medium wp-image-1846\" title=\"\" srcset=\"https:\/\/showerglasshardware.com\/wp-content\/uploads\/2024\/05\/1601-5-300x300.jpg 300w, https:\/\/showerglasshardware.com\/wp-content\/uploads\/2024\/05\/1601-5-100x100.jpg 100w, https:\/\/showerglasshardware.com\/wp-content\/uploads\/2024\/05\/1601-5-600x600.jpg 600w, https:\/\/showerglasshardware.com\/wp-content\/uploads\/2024\/05\/1601-5-150x150.jpg 150w, https:\/\/showerglasshardware.com\/wp-content\/uploads\/2024\/05\/1601-5-768x768.jpg 768w, https:\/\/showerglasshardware.com\/wp-content\/uploads\/2024\/05\/1601-5-12x12.jpg 12w, https:\/\/showerglasshardware.com\/wp-content\/uploads\/2024\/05\/1601-5.jpg 800w\" sizes=\"(max-width: 60px) 100vw, 60px\" \/><\/a><\/td><td class=\"column-3\">Cristal a pared 90\u00b0 placa completa<\/td><td class=\"column-4\">Autocierre a unos 30\u00b0<\/td><td class=\"column-5\">S\u00ed<\/td><td class=\"column-6\">Con tapa<\/td>\n<\/tr>\n<tr class=\"row-3\">\n\t<td class=\"column-1\"><a href=\"https:\/\/showerglasshardware.com\/es-es\/product\/glass-to-wall-series-shower-glass-door-offset-hinge-brass-90\/\">SD1601L<\/a><\/td><td class=\"column-2\"><a href=\"https:\/\/showerglasshardware.com\/wp-content\/uploads\/2024\/04\/1601-5.jpg\"><img decoding=\"async\" src=\"https:\/\/showerglasshardware.com\/wp-content\/uploads\/2024\/04\/1601-5-300x300.jpg\" alt=\"Bisagra compensada de lat\u00f3n para puerta de ducha de cristal a 90 grados\" width=\"60\" height=\"60\" class=\"alignnone size-medium wp-image-1994\" title=\"\" srcset=\"https:\/\/showerglasshardware.com\/wp-content\/uploads\/2024\/04\/1601-5-300x300.jpg 300w, https:\/\/showerglasshardware.com\/wp-content\/uploads\/2024\/04\/1601-5-100x100.jpg 100w, https:\/\/showerglasshardware.com\/wp-content\/uploads\/2024\/04\/1601-5-600x600.jpg 600w, https:\/\/showerglasshardware.com\/wp-content\/uploads\/2024\/04\/1601-5-150x150.jpg 150w, https:\/\/showerglasshardware.com\/wp-content\/uploads\/2024\/04\/1601-5-768x768.jpg 768w, https:\/\/showerglasshardware.com\/wp-content\/uploads\/2024\/04\/1601-5-12x12.jpg 12w, https:\/\/showerglasshardware.com\/wp-content\/uploads\/2024\/04\/1601-5.jpg 800w\" sizes=\"(max-width: 60px) 100vw, 60px\" \/><\/a><\/td><td class=\"column-3\">Placa de vidrio a pared con desplazamiento de 90\u00b0<\/td><td class=\"column-4\">Autocierre a unos 30\u00b0<\/td><td class=\"column-5\">S\u00ed<\/td><td class=\"column-6\">Con tapa<\/td>\n<\/tr>\n<tr class=\"row-4\">\n\t<td class=\"column-1\"><a href=\"https:\/\/showerglasshardware.com\/es-es\/product\/90-degree-glass-to-glass-spring-hinges-sgh-1602\/\">SD1602<\/a><\/td><td class=\"column-2\"><a href=\"https:\/\/showerglasshardware.com\/wp-content\/uploads\/2024\/05\/1602-5.jpg\"><img decoding=\"async\" src=\"https:\/\/showerglasshardware.com\/wp-content\/uploads\/2024\/05\/1602-5-300x300.jpg\" alt=\"Muelles de bisagra para puerta de ducha sin marco negro mate\" width=\"60\" height=\"60\" class=\"alignnone size-medium wp-image-1897\" title=\"\" srcset=\"https:\/\/showerglasshardware.com\/wp-content\/uploads\/2024\/05\/1602-5-300x300.jpg 300w, https:\/\/showerglasshardware.com\/wp-content\/uploads\/2024\/05\/1602-5-100x100.jpg 100w, https:\/\/showerglasshardware.com\/wp-content\/uploads\/2024\/05\/1602-5-600x600.jpg 600w, https:\/\/showerglasshardware.com\/wp-content\/uploads\/2024\/05\/1602-5-150x150.jpg 150w, https:\/\/showerglasshardware.com\/wp-content\/uploads\/2024\/05\/1602-5-768x768.jpg 768w, https:\/\/showerglasshardware.com\/wp-content\/uploads\/2024\/05\/1602-5-12x12.jpg 12w, https:\/\/showerglasshardware.com\/wp-content\/uploads\/2024\/05\/1602-5.jpg 800w\" sizes=\"(max-width: 60px) 100vw, 60px\" \/><\/a><\/td><td class=\"column-3\">Vidrio a Vidrio 90\u00b0<\/td><td class=\"column-4\">Autocierre a unos 30\u00b0<\/td><td class=\"column-5\">S\u00ed<\/td><td class=\"column-6\">Con tapa<\/td>\n<\/tr>\n<tr class=\"row-5\">\n\t<td class=\"column-1\"><a href=\"https:\/\/showerglasshardware.com\/es-es\/product\/135-degree-glass-to-glass-spring-hinges-sgh-1603\/\">SD1603<\/a><\/td><td class=\"column-2\"><a href=\"https:\/\/showerglasshardware.com\/wp-content\/uploads\/2024\/03\/1603-5.jpg\"><img loading=\"lazy\" decoding=\"async\" src=\"https:\/\/showerglasshardware.com\/wp-content\/uploads\/2024\/03\/1603-5-300x300.jpg\" alt=\"Bisagra de muelle para puerta de cristal modelo SGH-1603\" width=\"60\" height=\"60\" class=\"alignnone size-medium wp-image-1881\" title=\"\" srcset=\"https:\/\/showerglasshardware.com\/wp-content\/uploads\/2024\/03\/1603-5-300x300.jpg 300w, https:\/\/showerglasshardware.com\/wp-content\/uploads\/2024\/03\/1603-5-100x100.jpg 100w, https:\/\/showerglasshardware.com\/wp-content\/uploads\/2024\/03\/1603-5-600x600.jpg 600w, https:\/\/showerglasshardware.com\/wp-content\/uploads\/2024\/03\/1603-5-150x150.jpg 150w, https:\/\/showerglasshardware.com\/wp-content\/uploads\/2024\/03\/1603-5-768x768.jpg 768w, https:\/\/showerglasshardware.com\/wp-content\/uploads\/2024\/03\/1603-5-12x12.jpg 12w, https:\/\/showerglasshardware.com\/wp-content\/uploads\/2024\/03\/1603-5.jpg 800w\" sizes=\"(max-width: 60px) 100vw, 60px\" \/><\/a><\/td><td class=\"column-3\">Vidrio a Vidrio 135\u00b0<\/td><td class=\"column-4\">Autocierre a unos 30\u00b0<\/td><td class=\"column-5\">S\u00ed<\/td><td class=\"column-6\">Con tapa<\/td>\n<\/tr>\n<tr class=\"row-6\">\n\t<td class=\"column-1\"><a href=\"https:\/\/showerglasshardware.com\/es-es\/product\/180-glass-to-glass-spring-hinges-brass-sgh-1064\/\">SD1604<\/a><\/td><td class=\"column-2\"><a href=\"https:\/\/showerglasshardware.com\/wp-content\/uploads\/2024\/03\/GHC1604A-6.jpg\"><img loading=\"lazy\" decoding=\"async\" src=\"https:\/\/showerglasshardware.com\/wp-content\/uploads\/2024\/03\/GHC1604A-6-300x300.jpg\" alt=\"Bisagra de muelle de lat\u00f3n que conecta los paneles de cristal a 180 grados\" width=\"60\" height=\"60\" class=\"alignnone size-medium wp-image-1876\" title=\"\" srcset=\"https:\/\/showerglasshardware.com\/wp-content\/uploads\/2024\/03\/GHC1604A-6-300x300.jpg 300w, https:\/\/showerglasshardware.com\/wp-content\/uploads\/2024\/03\/GHC1604A-6-100x100.jpg 100w, https:\/\/showerglasshardware.com\/wp-content\/uploads\/2024\/03\/GHC1604A-6-600x600.jpg 600w, https:\/\/showerglasshardware.com\/wp-content\/uploads\/2024\/03\/GHC1604A-6-150x150.jpg 150w, https:\/\/showerglasshardware.com\/wp-content\/uploads\/2024\/03\/GHC1604A-6-768x768.jpg 768w, https:\/\/showerglasshardware.com\/wp-content\/uploads\/2024\/03\/GHC1604A-6-12x12.jpg 12w, https:\/\/showerglasshardware.com\/wp-content\/uploads\/2024\/03\/GHC1604A-6.jpg 800w\" sizes=\"(max-width: 60px) 100vw, 60px\" \/><\/a><\/td><td class=\"column-3\">Vidrio a Vidrio 180\u00b0<\/td><td class=\"column-4\">Autocierre a unos 30\u00b0<\/td><td class=\"column-5\">S\u00ed<\/td><td class=\"column-6\">Con tapa<\/td>\n<\/tr>\n<tr class=\"row-7\">\n\t<td class=\"column-1\"><a href=\"https:\/\/showerglasshardware.com\/es-es\/product\/180-degree-glass-to-wall-spring-hinges-sgh-1605\/\">SD1605<\/a><\/td><td class=\"column-2\"><a href=\"https:\/\/showerglasshardware.com\/wp-content\/uploads\/2024\/03\/1605-5.jpg\"><img loading=\"lazy\" decoding=\"async\" src=\"https:\/\/showerglasshardware.com\/wp-content\/uploads\/2024\/03\/1605-5-300x300.jpg\" alt=\"Bisagra de muelle de cristal a pared en posici\u00f3n de apertura de 180 grados\" width=\"60\" height=\"60\" class=\"alignnone size-medium wp-image-1902\" title=\"\" srcset=\"https:\/\/showerglasshardware.com\/wp-content\/uploads\/2024\/03\/1605-5-300x300.jpg 300w, https:\/\/showerglasshardware.com\/wp-content\/uploads\/2024\/03\/1605-5-100x100.jpg 100w, https:\/\/showerglasshardware.com\/wp-content\/uploads\/2024\/03\/1605-5-600x600.jpg 600w, https:\/\/showerglasshardware.com\/wp-content\/uploads\/2024\/03\/1605-5-150x150.jpg 150w, https:\/\/showerglasshardware.com\/wp-content\/uploads\/2024\/03\/1605-5-768x768.jpg 768w, https:\/\/showerglasshardware.com\/wp-content\/uploads\/2024\/03\/1605-5-12x12.jpg 12w, https:\/\/showerglasshardware.com\/wp-content\/uploads\/2024\/03\/1605-5.jpg 800w\" sizes=\"(max-width: 60px) 100vw, 60px\" \/><\/a><\/td><td class=\"column-3\">Vidrio a pared 180\u00b0<\/td><td class=\"column-4\">Autocierre a unos 30\u00b0<\/td><td class=\"column-5\">S\u00ed<\/td><td class=\"column-6\">Con tapa<\/td>\n<\/tr>\n<\/tbody>\n<\/table>\n<!-- #tablepress-6 from cache -->","protected":false},"excerpt":{"rendered":"<ul>\n<li>Bisagras de resorte;<\/li>\n<li>Bisagras de vidrio a vidrio de 90\u00b0;<\/li>\n<li>Lat\u00f3n<\/li>\n<li>Espesor del vidrio: 6-12 mm;<\/li>\n<li>Autocierre a unos 30\u00b0;<\/li>\n<li>Peso m\u00e1ximo de la puerta de vidrio: 35 kg (2 piezas);<\/li>\n<\/ul>","protected":false},"featured_media":2303,"comment_status":"open","ping_status":"closed","template":"","meta":{"_acf_changed":false},"product_brand":[],"product_cat":[20,22],"product_tag":[171],"class_list":{"0":"post-442","1":"product","2":"type-product","3":"status-publish","4":"has-post-thumbnail","6":"product_cat-shower-door-hinges","7":"product_cat-glass-to-glass-hinges","8":"product_tag-glass-to-glass-hinges","9":"pa_closing-type-self-closing-at-about-30","10":"pa_finish-brushed-nickel","11":"pa_finish-chrome","12":"pa_finish-gold","13":"pa_finish-gun-metal","14":"pa_finish-black","15":"pa_glass-thickness-1-2-inch-12mm","16":"pa_glass-thickness-1-4-inch-6mm","17":"pa_glass-thickness-3-8-inch-10mm","18":"pa_glass-thickness-5-16-inch-8mm","19":"pa_hinge-swings-32","20":"pa_load-bearing-35kg-2pcs","21":"pa_material-brass","23":"first","24":"instock","25":"purchasable","26":"product-type-variable","27":"has-default-attributes"},"acf":[],"_links":{"self":[{"href":"https:\/\/showerglasshardware.com\/es-es\/wp-json\/wp\/v2\/product\/442","targetHints":{"allow":["GET"]}}],"collection":[{"href":"https:\/\/showerglasshardware.com\/es-es\/wp-json\/wp\/v2\/product"}],"about":[{"href":"https:\/\/showerglasshardware.com\/es-es\/wp-json\/wp\/v2\/types\/product"}],"replies":[{"embeddable":true,"href":"https:\/\/showerglasshardware.com\/es-es\/wp-json\/wp\/v2\/comments?post=442"}],"version-history":[{"count":5,"href":"https:\/\/showerglasshardware.com\/es-es\/wp-json\/wp\/v2\/product\/442\/revisions"}],"predecessor-version":[{"id":4898,"href":"https:\/\/showerglasshardware.com\/es-es\/wp-json\/wp\/v2\/product\/442\/revisions\/4898"}],"wp:featuredmedia":[{"embeddable":true,"href":"https:\/\/showerglasshardware.com\/es-es\/wp-json\/wp\/v2\/media\/2303"}],"wp:attachment":[{"href":"https:\/\/showerglasshardware.com\/es-es\/wp-json\/wp\/v2\/media?parent=442"}],"wp:term":[{"taxonomy":"product_brand","embeddable":true,"href":"https:\/\/showerglasshardware.com\/es-es\/wp-json\/wp\/v2\/product_brand?post=442"},{"taxonomy":"product_cat","embeddable":true,"href":"https:\/\/showerglasshardware.com\/es-es\/wp-json\/wp\/v2\/product_cat?post=442"},{"taxonomy":"product_tag","embeddable":true,"href":"https:\/\/showerglasshardware.com\/es-es\/wp-json\/wp\/v2\/product_tag?post=442"}],"curies":[{"name":"wp","href":"https:\/\/api.w.org\/{rel}","templated":true}]}}