{"id":4472,"date":"2025-04-23T07:14:02","date_gmt":"2025-04-23T07:14:02","guid":{"rendered":"https:\/\/showerglasshardware.com\/?post_type=product&#038;p=4472"},"modified":"2025-11-21T07:35:18","modified_gmt":"2025-11-21T07:35:18","slug":"90mm-wall-mount-short-back-plate-hinge-sgh-hy23","status":"publish","type":"product","link":"https:\/\/showerglasshardware.com\/es-es\/product\/90mm-wall-mount-short-back-plate-hinge-sgh-hy23\/","title":{"rendered":"Bisagra corta de 90 mm para montaje en pared SGH-HY23"},"content":{"rendered":"<p data-start=\"444\" data-end=\"700\">El <strong data-start=\"448\" data-end=\"505\">SGH-HY23 Bisagra de lat\u00f3n de 90 mm para placa posterior corta de montaje en pared<\/strong> est\u00e1 dise\u00f1ado para la instalaci\u00f3n segura y elegante de puertas de ducha de cristal sin marco. Fabricado en <strong data-start=\"600\" data-end=\"615\">lat\u00f3n macizo<\/strong>La resistencia a la corrosi\u00f3n y la durabilidad son excelentes.<\/p>\n<p data-start=\"702\" data-end=\"949\">Con su <strong data-start=\"711\" data-end=\"738\">dise\u00f1o de placa trasera corta<\/strong>Esta bisagra ofrece un aspecto limpio y minimalista a la vez que garantiza un fuerte apoyo de la pared al cristal. Es compatible con grosores de vidrio de 8 mm a 12 mm, lo que la hace vers\u00e1til para diversos dise\u00f1os de mamparas de ducha.<\/p>\n<p data-start=\"951\" data-end=\"1118\">Dos bisagras pueden soportar con seguridad un peso m\u00e1ximo de la puerta de <strong data-start=\"1006\" data-end=\"1014\">40kg<\/strong>El sistema de seguridad de la puerta, que garantiza un funcionamiento suave y estable de la puerta en aplicaciones de cuartos de ba\u00f1o residenciales y comerciales.<\/p>\n<p data-start=\"1120\" data-end=\"1139\"><strong data-start=\"1120\" data-end=\"1137\">Caracter\u00edsticas clave:<\/strong><\/p>\n<ul data-start=\"1140\" data-end=\"1565\">\n<li data-start=\"1140\" data-end=\"1197\">\n<p data-start=\"1142\" data-end=\"1197\"><strong data-start=\"1142\" data-end=\"1155\">Material:<\/strong> Lat\u00f3n macizo para mayor resistencia y durabilidad<\/p>\n<\/li>\n<li data-start=\"1198\" data-end=\"1272\">\n<p data-start=\"1200\" data-end=\"1272\"><strong data-start=\"1200\" data-end=\"1211\">Dise\u00f1o:<\/strong> Placa trasera corta de estilo mural para un aspecto limpio y moderno<\/p>\n<\/li>\n<li data-start=\"1273\" data-end=\"1338\">\n<p data-start=\"1275\" data-end=\"1338\"><strong data-start=\"1275\" data-end=\"1299\">Compatibilidad de vidrio:<\/strong> Se adapta a cristales de 8 mm, 10 mm y 12 mm de grosor<\/p>\n<\/li>\n<li data-start=\"1339\" data-end=\"1381\">\n<p data-start=\"1341\" data-end=\"1381\"><strong data-start=\"1341\" data-end=\"1359\">Capacidad de carga:<\/strong> 40 kg por dos bisagras<\/p>\n<\/li>\n<li data-start=\"1382\" data-end=\"1461\">\n<p data-start=\"1384\" data-end=\"1461\"><strong data-start=\"1384\" data-end=\"1405\">Funcionamiento suave:<\/strong> Dise\u00f1ado con precisi\u00f3n para ofrecer estabilidad y un movimiento silencioso<\/p>\n<\/li>\n<li data-start=\"1462\" data-end=\"1565\">\n<p data-start=\"1464\" data-end=\"1565\"><strong data-start=\"1464\" data-end=\"1481\">Aplicaciones:<\/strong> Adecuado para puertas de ducha de cristal sin marco en viviendas, hoteles y espacios comerciales<\/p>\n<\/li>\n<\/ul>\n<p data-start=\"1567\" data-end=\"1588\"><strong data-start=\"1567\" data-end=\"1586\">Especificaciones:<\/strong><\/p>\n<ul data-start=\"1589\" data-end=\"1864\">\n<li data-start=\"1589\" data-end=\"1612\">\n<p data-start=\"1591\" data-end=\"1612\"><strong data-start=\"1591\" data-end=\"1601\">Modelo:<\/strong> SGH-HY23<\/p>\n<\/li>\n<li data-start=\"1613\" data-end=\"1636\">\n<p data-start=\"1615\" data-end=\"1636\"><strong data-start=\"1615\" data-end=\"1628\">Material:<\/strong> Lat\u00f3n<\/p>\n<\/li>\n<li data-start=\"1637\" data-end=\"1684\">\n<p data-start=\"1639\" data-end=\"1684\"><strong data-start=\"1639\" data-end=\"1648\">Tipo:<\/strong> Bisagra de placa trasera corta para montaje en pared<\/p>\n<\/li>\n<li data-start=\"1685\" data-end=\"1703\">\n<p data-start=\"1687\" data-end=\"1703\"><strong data-start=\"1687\" data-end=\"1696\">Tama\u00f1o:<\/strong> 90 mm<\/p>\n<\/li>\n<li data-start=\"1704\" data-end=\"1771\">\n<p data-start=\"1706\" data-end=\"1771\"><strong data-start=\"1706\" data-end=\"1731\">Se adapta al grosor del cristal:<\/strong> 5\/16\u2033 (8 mm), 3\/8\u2033 (10 mm), 1\/2\u2033 (12 mm)<\/p>\n<\/li>\n<li data-start=\"1772\" data-end=\"1814\">\n<p data-start=\"1774\" data-end=\"1814\"><strong data-start=\"1774\" data-end=\"1792\">Capacidad de carga:<\/strong> 40 kg por dos bisagras<\/p>\n<\/li>\n<li data-start=\"1815\" data-end=\"1864\">\n<p data-start=\"1817\" data-end=\"1864\"><strong data-start=\"1817\" data-end=\"1833\">Solicitud:<\/strong> Puertas de ducha de cristal sin marco<\/p>\n<\/li>\n<\/ul>","protected":false},"excerpt":{"rendered":"<ul>\n<li>Lat\u00f3n<\/li>\n<li>Bisagra de placa posterior corta para montaje en pared<\/li>\n<li>Admite vidrio de 8 a 12 mm (5\/16\u2033 a 1\/2\u2033)<\/li>\n<li>Peso m\u00e1ximo de la puerta - 2 bisagras : 40 piezas<\/li>\n<\/ul>","protected":false},"featured_media":4474,"comment_status":"open","ping_status":"closed","template":"","meta":{"_acf_changed":false},"product_brand":[],"product_cat":[20,21],"product_tag":[131],"class_list":{"0":"post-4472","1":"product","2":"type-product","3":"status-publish","4":"has-post-thumbnail","6":"product_cat-shower-door-hinges","7":"product_cat-glass-to-wall-hinges","8":"product_tag-wall-mount-hinges","9":"pa_finish-brushed-nickel","10":"pa_finish-chrome","11":"pa_finish-gold","12":"pa_finish-black","13":"pa_glass-thickness-1-2-inch-12mm","14":"pa_glass-thickness-3-8-inch-10mm","15":"pa_glass-thickness-5-16-inch-8mm","16":"pa_load-bearing-40kg","17":"pa_material-brass","19":"first","20":"instock","21":"taxable","22":"shipping-taxable","23":"product-type-simple"},"acf":[],"_links":{"self":[{"href":"https:\/\/showerglasshardware.com\/es-es\/wp-json\/wp\/v2\/product\/4472","targetHints":{"allow":["GET"]}}],"collection":[{"href":"https:\/\/showerglasshardware.com\/es-es\/wp-json\/wp\/v2\/product"}],"about":[{"href":"https:\/\/showerglasshardware.com\/es-es\/wp-json\/wp\/v2\/types\/product"}],"replies":[{"embeddable":true,"href":"https:\/\/showerglasshardware.com\/es-es\/wp-json\/wp\/v2\/comments?post=4472"}],"version-history":[{"count":4,"href":"https:\/\/showerglasshardware.com\/es-es\/wp-json\/wp\/v2\/product\/4472\/revisions"}],"predecessor-version":[{"id":4571,"href":"https:\/\/showerglasshardware.com\/es-es\/wp-json\/wp\/v2\/product\/4472\/revisions\/4571"}],"wp:featuredmedia":[{"embeddable":true,"href":"https:\/\/showerglasshardware.com\/es-es\/wp-json\/wp\/v2\/media\/4474"}],"wp:attachment":[{"href":"https:\/\/showerglasshardware.com\/es-es\/wp-json\/wp\/v2\/media?parent=4472"}],"wp:term":[{"taxonomy":"product_brand","embeddable":true,"href":"https:\/\/showerglasshardware.com\/es-es\/wp-json\/wp\/v2\/product_brand?post=4472"},{"taxonomy":"product_cat","embeddable":true,"href":"https:\/\/showerglasshardware.com\/es-es\/wp-json\/wp\/v2\/product_cat?post=4472"},{"taxonomy":"product_tag","embeddable":true,"href":"https:\/\/showerglasshardware.com\/es-es\/wp-json\/wp\/v2\/product_tag?post=4472"}],"curies":[{"name":"wp","href":"https:\/\/api.w.org\/{rel}","templated":true}]}}