{"id":4493,"date":"2025-04-25T09:10:30","date_gmt":"2025-04-25T09:10:30","guid":{"rendered":"https:\/\/showerglasshardware.com\/?post_type=product&#038;p=4493"},"modified":"2025-11-21T07:29:10","modified_gmt":"2025-11-21T07:29:10","slug":"brass-shower-door-hinges-glass-to-wall-h6360vc","status":"publish","type":"product","link":"https:\/\/showerglasshardware.com\/es-es\/product\/brass-shower-door-hinges-glass-to-wall-h6360vc\/","title":{"rendered":"Bisagras de lat\u00f3n para puertas de ducha de cristal a pared H6360VC"},"content":{"rendered":"<p data-start=\"442\" data-end=\"714\">Las bisagras de lat\u00f3n para puertas de ducha H6360VC est\u00e1n dise\u00f1adas para una instalaci\u00f3n segura del cristal a la pared de las puertas de ducha sin marco. Fabricadas en lat\u00f3n macizo, estas bisagras ofrecen una durabilidad excepcional, resistencia a la corrosi\u00f3n y un acabado refinado que se adapta a los dise\u00f1os de ba\u00f1os modernos.<\/p>\n<p data-start=\"716\" data-end=\"1010\">Compatibles con cristales de 6 mm (1\/4\u2033) a 10 mm (3\/8\u2033) de grosor, dos bisagras pueden soportar con seguridad hasta 35 kg, garantizando un funcionamiento suave y estable de la puerta. El mecanismo de pivote de precisi\u00f3n proporciona un giro silencioso y sin esfuerzo, por lo que son ideales para aplicaciones residenciales y comerciales.<\/p>\n<p data-start=\"1012\" data-end=\"1031\"><strong data-start=\"1012\" data-end=\"1029\">Caracter\u00edsticas clave:<\/strong><\/p>\n<ul data-start=\"1032\" data-end=\"1422\">\n<li data-start=\"1032\" data-end=\"1103\">\n<p data-start=\"1034\" data-end=\"1103\"><strong data-start=\"1034\" data-end=\"1047\">Material:<\/strong> Lat\u00f3n macizo para una mayor resistencia y durabilidad<\/p>\n<\/li>\n<li data-start=\"1104\" data-end=\"1178\">\n<p data-start=\"1106\" data-end=\"1178\"><strong data-start=\"1106\" data-end=\"1117\">Dise\u00f1o:<\/strong> Bisagras murales de cristal a pared para puertas de ducha sin marco<\/p>\n<\/li>\n<li data-start=\"1179\" data-end=\"1244\">\n<p data-start=\"1181\" data-end=\"1244\"><strong data-start=\"1181\" data-end=\"1205\">Compatibilidad de vidrio:<\/strong> Se adapta a cristales de 6 mm (1\/4\u2033) a 10 mm (3\/8\u2033).<\/p>\n<\/li>\n<li data-start=\"1245\" data-end=\"1287\">\n<p data-start=\"1247\" data-end=\"1287\"><strong data-start=\"1247\" data-end=\"1265\">Capacidad de carga:<\/strong> 35 kg por dos bisagras<\/p>\n<\/li>\n<li data-start=\"1288\" data-end=\"1355\">\n<p data-start=\"1290\" data-end=\"1355\"><strong data-start=\"1290\" data-end=\"1314\">Resistente a la corrosi\u00f3n:<\/strong> Adecuado para cuartos de ba\u00f1o h\u00famedos<\/p>\n<\/li>\n<li data-start=\"1356\" data-end=\"1422\">\n<p data-start=\"1358\" data-end=\"1422\"><strong data-start=\"1358\" data-end=\"1375\">Aplicaciones:<\/strong> Mamparas de ducha residenciales y comerciales<\/p>\n<\/li>\n<\/ul>\n<p data-start=\"1424\" data-end=\"1445\"><strong data-start=\"1424\" data-end=\"1443\">Especificaciones:<\/strong><\/p>\n<ul data-start=\"1446\" data-end=\"1685\">\n<li data-start=\"1446\" data-end=\"1468\">\n<p data-start=\"1448\" data-end=\"1468\"><strong data-start=\"1448\" data-end=\"1458\">Modelo:<\/strong> H6360VC<\/p>\n<\/li>\n<li data-start=\"1469\" data-end=\"1492\">\n<p data-start=\"1471\" data-end=\"1492\"><strong data-start=\"1471\" data-end=\"1484\">Material:<\/strong> Lat\u00f3n<\/p>\n<\/li>\n<li data-start=\"1493\" data-end=\"1537\">\n<p data-start=\"1495\" data-end=\"1537\"><strong data-start=\"1495\" data-end=\"1504\">Tipo:<\/strong> Bisagra de cristal para montaje en pared<\/p>\n<\/li>\n<li data-start=\"1538\" data-end=\"1592\">\n<p data-start=\"1540\" data-end=\"1592\"><strong data-start=\"1540\" data-end=\"1565\">Se adapta al grosor del cristal:<\/strong> 6 mm (1\/4\u2033) - 10 mm (3\/8\u2033)<\/p>\n<\/li>\n<li data-start=\"1593\" data-end=\"1635\">\n<p data-start=\"1595\" data-end=\"1635\"><strong data-start=\"1595\" data-end=\"1613\">Capacidad de carga:<\/strong> 35 kg por dos bisagras<\/p>\n<\/li>\n<li data-start=\"1636\" data-end=\"1685\">\n<p data-start=\"1638\" data-end=\"1685\"><strong data-start=\"1638\" data-end=\"1654\">Solicitud:<\/strong> Puertas de ducha de cristal sin marco<\/p>\n<\/li>\n<\/ul>","protected":false},"excerpt":{"rendered":"<ul>\n<li>Bisagras de puerta de ducha de cristal a pared<\/li>\n<li>Bisagras de pared<\/li>\n<li>Lat\u00f3n<\/li>\n<li>Grosor del cristal: 6(1\/4\u2033)-10(3\/8\u2033)mm<\/li>\n<li>Capacidad de carga: 2 bisagras para una carga m\u00e1xima de 35kgs<\/li>\n<\/ul>","protected":false},"featured_media":4495,"comment_status":"open","ping_status":"closed","template":"","meta":{"_acf_changed":false},"product_brand":[],"product_cat":[21,20],"product_tag":[131],"class_list":{"0":"post-4493","1":"product","2":"type-product","3":"status-publish","4":"has-post-thumbnail","6":"product_cat-glass-to-wall-hinges","7":"product_cat-shower-door-hinges","8":"product_tag-wall-mount-hinges","9":"pa_finish-brushed-nickel","10":"pa_finish-chrome","11":"pa_finish-gold","12":"pa_finish-black","13":"pa_glass-thickness-1-4-inch-6mm","14":"pa_glass-thickness-3-8-inch-10mm","15":"pa_glass-thickness-5-16-inch-8mm","16":"pa_load-bearing-25kg-2pcs","17":"pa_material-brass","19":"first","20":"instock","21":"product-type-simple"},"acf":[],"_links":{"self":[{"href":"https:\/\/showerglasshardware.com\/es-es\/wp-json\/wp\/v2\/product\/4493","targetHints":{"allow":["GET"]}}],"collection":[{"href":"https:\/\/showerglasshardware.com\/es-es\/wp-json\/wp\/v2\/product"}],"about":[{"href":"https:\/\/showerglasshardware.com\/es-es\/wp-json\/wp\/v2\/types\/product"}],"replies":[{"embeddable":true,"href":"https:\/\/showerglasshardware.com\/es-es\/wp-json\/wp\/v2\/comments?post=4493"}],"version-history":[{"count":3,"href":"https:\/\/showerglasshardware.com\/es-es\/wp-json\/wp\/v2\/product\/4493\/revisions"}],"predecessor-version":[{"id":4579,"href":"https:\/\/showerglasshardware.com\/es-es\/wp-json\/wp\/v2\/product\/4493\/revisions\/4579"}],"wp:featuredmedia":[{"embeddable":true,"href":"https:\/\/showerglasshardware.com\/es-es\/wp-json\/wp\/v2\/media\/4495"}],"wp:attachment":[{"href":"https:\/\/showerglasshardware.com\/es-es\/wp-json\/wp\/v2\/media?parent=4493"}],"wp:term":[{"taxonomy":"product_brand","embeddable":true,"href":"https:\/\/showerglasshardware.com\/es-es\/wp-json\/wp\/v2\/product_brand?post=4493"},{"taxonomy":"product_cat","embeddable":true,"href":"https:\/\/showerglasshardware.com\/es-es\/wp-json\/wp\/v2\/product_cat?post=4493"},{"taxonomy":"product_tag","embeddable":true,"href":"https:\/\/showerglasshardware.com\/es-es\/wp-json\/wp\/v2\/product_tag?post=4493"}],"curies":[{"name":"wp","href":"https:\/\/api.w.org\/{rel}","templated":true}]}}