{"id":451,"date":"2024-03-28T06:41:00","date_gmt":"2024-03-28T06:41:00","guid":{"rendered":"https:\/\/showerglasshardware.com\/?post_type=product&#038;p=451"},"modified":"2025-11-21T03:39:01","modified_gmt":"2025-11-21T03:39:01","slug":"135-degree-glass-to-glass-spring-hinges-sgh-1603","status":"publish","type":"product","link":"https:\/\/showerglasshardware.com\/es-es\/product\/135-degree-glass-to-glass-spring-hinges-sgh-1603\/","title":{"rendered":"Bisagras de muelle de 135 grados para puertas de cristal SD1603"},"content":{"rendered":"<p data-start=\"555\" data-end=\"722\">La bisagra de muelle de 135\u00b0 para puertas de cristal SD1603 de lat\u00f3n est\u00e1 dise\u00f1ada para mamparas de ducha sin marco que requieren un rendimiento suave y fiable y un aspecto elegante.<\/p>\n<p data-start=\"724\" data-end=\"996\">Fabricada en lat\u00f3n macizo, esta bisagra ofrece una durabilidad y resistencia a la corrosi\u00f3n excepcionales, ideal para cuartos de ba\u00f1o h\u00famedos y mojados. La configuraci\u00f3n de cristal a cristal de 135\u00b0 permite instalar la puerta en \u00e1ngulo, ideal para mamparas de ducha en \u00e1ngulo o en esquina.<\/p>\n<p data-start=\"998\" data-end=\"1308\">Dispone de un mecanismo de autocierre que lleva autom\u00e1ticamente la puerta a una posici\u00f3n cerrada a unos 30\u00b0, mejorando la comodidad y la estanqueidad. Adecuada para cristal de 6-12 mm de grosor, esta bisagra soporta un peso m\u00e1ximo de puerta de 35 kg por cada dos bisagras, lo que garantiza tanto la seguridad como la estabilidad.<\/p>\n<p data-start=\"1310\" data-end=\"1329\"><strong data-start=\"1310\" data-end=\"1327\">Caracter\u00edsticas clave:<\/strong><\/p>\n<ul data-start=\"1330\" data-end=\"1785\">\n<li data-start=\"1330\" data-end=\"1388\">\n<p data-start=\"1332\" data-end=\"1388\"><strong data-start=\"1332\" data-end=\"1341\">Tipo:<\/strong> Bisagra de muelle de 135\u00b0 para puerta de ducha acristalada<\/p>\n<\/li>\n<li data-start=\"1389\" data-end=\"1456\">\n<p data-start=\"1391\" data-end=\"1456\"><strong data-start=\"1391\" data-end=\"1404\">Material:<\/strong> Lat\u00f3n macizo para mayor solidez y resistencia a la corrosi\u00f3n<\/p>\n<\/li>\n<li data-start=\"1457\" data-end=\"1518\">\n<p data-start=\"1459\" data-end=\"1518\"><strong data-start=\"1459\" data-end=\"1483\">Compatibilidad de vidrio:<\/strong> Se adapta a cristales templados de 6-12 mm de grosor<\/p>\n<\/li>\n<li data-start=\"1519\" data-end=\"1574\">\n<p data-start=\"1521\" data-end=\"1574\"><strong data-start=\"1521\" data-end=\"1538\">Autocierre:<\/strong> Se cierra autom\u00e1ticamente a unos 30<\/p>\n<\/li>\n<li data-start=\"1575\" data-end=\"1632\">\n<p data-start=\"1577\" data-end=\"1632\"><strong data-start=\"1577\" data-end=\"1595\">Capacidad de carga:<\/strong> Soporta hasta 35 kg por cada dos bisagras<\/p>\n<\/li>\n<li data-start=\"1633\" data-end=\"1704\">\n<p data-start=\"1635\" data-end=\"1704\"><strong data-start=\"1635\" data-end=\"1646\">Dise\u00f1o:<\/strong> Estilo sin marco con suave balanceo y alineaci\u00f3n precisa<\/p>\n<\/li>\n<li data-start=\"1705\" data-end=\"1785\">\n<p data-start=\"1707\" data-end=\"1785\"><strong data-start=\"1707\" data-end=\"1724\">Aplicaciones:<\/strong> Ideal para mamparas de ducha neo-angle y angulares sin marco<\/p>\n<\/li>\n<\/ul>\n<p data-start=\"1787\" data-end=\"1808\"><strong data-start=\"1787\" data-end=\"1806\">Especificaciones:<\/strong><\/p>\n<ul data-start=\"1809\" data-end=\"2126\">\n<li data-start=\"1809\" data-end=\"1830\">\n<p data-start=\"1811\" data-end=\"1830\"><strong data-start=\"1811\" data-end=\"1821\">Modelo:<\/strong> SD1603<\/p>\n<\/li>\n<li data-start=\"1831\" data-end=\"1877\">\n<p data-start=\"1833\" data-end=\"1877\"><strong data-start=\"1833\" data-end=\"1842\">Tipo:<\/strong> Bisagra de muelle de 135\u00b0 de cristal a cristal<\/p>\n<\/li>\n<li data-start=\"1878\" data-end=\"1901\">\n<p data-start=\"1880\" data-end=\"1901\"><strong data-start=\"1880\" data-end=\"1893\">Material:<\/strong> Lat\u00f3n<\/p>\n<\/li>\n<li data-start=\"1902\" data-end=\"1933\">\n<p data-start=\"1904\" data-end=\"1933\"><strong data-start=\"1904\" data-end=\"1924\">Grosor del vidrio:<\/strong> 6-12 mm<\/p>\n<\/li>\n<li data-start=\"1934\" data-end=\"1974\">\n<p data-start=\"1936\" data-end=\"1974\"><strong data-start=\"1936\" data-end=\"1956\">Peso m\u00e1ximo de la puerta:<\/strong> 35 kg \/ 2 bisagras<\/p>\n<\/li>\n<li data-start=\"1975\" data-end=\"2006\">\n<p data-start=\"1977\" data-end=\"2006\"><strong data-start=\"1977\" data-end=\"1994\">Autocierre:<\/strong> Alrededor de 30<\/p>\n<\/li>\n<li data-start=\"2007\" data-end=\"2031\">\n<p data-start=\"2009\" data-end=\"2031\"><strong data-start=\"2009\" data-end=\"2018\">Tama\u00f1o:<\/strong> 115 \u00d7 58 mm<\/p>\n<\/li>\n<li data-start=\"2032\" data-end=\"2126\">\n<p data-start=\"2034\" data-end=\"2126\"><strong data-start=\"2034\" data-end=\"2053\">Opciones de acabado:<\/strong> Cromo pulido, Oro pulido, N\u00edquel cepillado, Gun Metal, Negro mate<\/p>\n<\/li>\n<\/ul>\n<h2 id=\"tablepress-6-name\" class=\"tablepress-table-name tablepress-table-name-id-6\">Abrazaderas de lat\u00f3n para puertas de ducha Serie SD16xx<\/h2>\n\n<table id=\"tablepress-6\" class=\"tablepress tablepress-id-6\" aria-labelledby=\"tablepress-6-name\">\n<thead>\n<tr class=\"row-1\">\n\t<th class=\"column-1\"><strong>Modelo<\/strong><\/th><th class=\"column-2\"><strong>Imagen<\/strong><\/th><th class=\"column-3\"><strong>Tipo de montaje<\/strong><\/th><th class=\"column-4\"><strong>Tipo de cierre<\/strong><\/th><th class=\"column-5\"><strong>Ajustable<\/strong><\/th><th class=\"column-6\"><strong>Caracter\u00edstica<\/strong><\/th>\n<\/tr>\n<\/thead>\n<tbody class=\"row-striping row-hover\">\n<tr class=\"row-2\">\n\t<td class=\"column-1\"><a href=\"https:\/\/showerglasshardware.com\/es-es\/product\/90-degree-adjustable-brass-glass-to-wall-hinge-ac1601a\/\">SD1601A<\/a><\/td><td class=\"column-2\"><a href=\"https:\/\/showerglasshardware.com\/wp-content\/uploads\/2024\/05\/1601-5.jpg\"><img decoding=\"async\" src=\"https:\/\/showerglasshardware.com\/wp-content\/uploads\/2024\/05\/1601-5-300x300.jpg\" alt=\"Bisagra de lat\u00f3n de 90 grados ajustable a la pared en negro mate\" width=\"60\" height=\"60\" class=\"alignnone size-medium wp-image-1846\" title=\"\" srcset=\"https:\/\/showerglasshardware.com\/wp-content\/uploads\/2024\/05\/1601-5-300x300.jpg 300w, https:\/\/showerglasshardware.com\/wp-content\/uploads\/2024\/05\/1601-5-100x100.jpg 100w, https:\/\/showerglasshardware.com\/wp-content\/uploads\/2024\/05\/1601-5-600x600.jpg 600w, https:\/\/showerglasshardware.com\/wp-content\/uploads\/2024\/05\/1601-5-150x150.jpg 150w, https:\/\/showerglasshardware.com\/wp-content\/uploads\/2024\/05\/1601-5-768x768.jpg 768w, https:\/\/showerglasshardware.com\/wp-content\/uploads\/2024\/05\/1601-5-12x12.jpg 12w, https:\/\/showerglasshardware.com\/wp-content\/uploads\/2024\/05\/1601-5.jpg 800w\" sizes=\"(max-width: 60px) 100vw, 60px\" \/><\/a><\/td><td class=\"column-3\">Cristal a pared 90\u00b0 placa completa<\/td><td class=\"column-4\">Autocierre a unos 30\u00b0<\/td><td class=\"column-5\">S\u00ed<\/td><td class=\"column-6\">Con tapa<\/td>\n<\/tr>\n<tr class=\"row-3\">\n\t<td class=\"column-1\"><a href=\"https:\/\/showerglasshardware.com\/es-es\/product\/glass-to-wall-series-shower-glass-door-offset-hinge-brass-90\/\">SD1601L<\/a><\/td><td class=\"column-2\"><a href=\"https:\/\/showerglasshardware.com\/wp-content\/uploads\/2024\/04\/1601-5.jpg\"><img decoding=\"async\" src=\"https:\/\/showerglasshardware.com\/wp-content\/uploads\/2024\/04\/1601-5-300x300.jpg\" alt=\"Bisagra compensada de lat\u00f3n para puerta de ducha de cristal a 90 grados\" width=\"60\" height=\"60\" class=\"alignnone size-medium wp-image-1994\" title=\"\" srcset=\"https:\/\/showerglasshardware.com\/wp-content\/uploads\/2024\/04\/1601-5-300x300.jpg 300w, https:\/\/showerglasshardware.com\/wp-content\/uploads\/2024\/04\/1601-5-100x100.jpg 100w, https:\/\/showerglasshardware.com\/wp-content\/uploads\/2024\/04\/1601-5-600x600.jpg 600w, https:\/\/showerglasshardware.com\/wp-content\/uploads\/2024\/04\/1601-5-150x150.jpg 150w, https:\/\/showerglasshardware.com\/wp-content\/uploads\/2024\/04\/1601-5-768x768.jpg 768w, https:\/\/showerglasshardware.com\/wp-content\/uploads\/2024\/04\/1601-5-12x12.jpg 12w, https:\/\/showerglasshardware.com\/wp-content\/uploads\/2024\/04\/1601-5.jpg 800w\" sizes=\"(max-width: 60px) 100vw, 60px\" \/><\/a><\/td><td class=\"column-3\">Placa de vidrio a pared con desplazamiento de 90\u00b0<\/td><td class=\"column-4\">Autocierre a unos 30\u00b0<\/td><td class=\"column-5\">S\u00ed<\/td><td class=\"column-6\">Con tapa<\/td>\n<\/tr>\n<tr class=\"row-4\">\n\t<td class=\"column-1\"><a href=\"https:\/\/showerglasshardware.com\/es-es\/product\/90-degree-glass-to-glass-spring-hinges-sgh-1602\/\">SD1602<\/a><\/td><td class=\"column-2\"><a href=\"https:\/\/showerglasshardware.com\/wp-content\/uploads\/2024\/05\/1602-5.jpg\"><img decoding=\"async\" src=\"https:\/\/showerglasshardware.com\/wp-content\/uploads\/2024\/05\/1602-5-300x300.jpg\" alt=\"Muelles de bisagra para puerta de ducha sin marco negro mate\" width=\"60\" height=\"60\" class=\"alignnone size-medium wp-image-1897\" title=\"\" srcset=\"https:\/\/showerglasshardware.com\/wp-content\/uploads\/2024\/05\/1602-5-300x300.jpg 300w, https:\/\/showerglasshardware.com\/wp-content\/uploads\/2024\/05\/1602-5-100x100.jpg 100w, https:\/\/showerglasshardware.com\/wp-content\/uploads\/2024\/05\/1602-5-600x600.jpg 600w, https:\/\/showerglasshardware.com\/wp-content\/uploads\/2024\/05\/1602-5-150x150.jpg 150w, https:\/\/showerglasshardware.com\/wp-content\/uploads\/2024\/05\/1602-5-768x768.jpg 768w, https:\/\/showerglasshardware.com\/wp-content\/uploads\/2024\/05\/1602-5-12x12.jpg 12w, https:\/\/showerglasshardware.com\/wp-content\/uploads\/2024\/05\/1602-5.jpg 800w\" sizes=\"(max-width: 60px) 100vw, 60px\" \/><\/a><\/td><td class=\"column-3\">Vidrio a Vidrio 90\u00b0<\/td><td class=\"column-4\">Autocierre a unos 30\u00b0<\/td><td class=\"column-5\">S\u00ed<\/td><td class=\"column-6\">Con tapa<\/td>\n<\/tr>\n<tr class=\"row-5\">\n\t<td class=\"column-1\"><a href=\"https:\/\/showerglasshardware.com\/es-es\/product\/135-degree-glass-to-glass-spring-hinges-sgh-1603\/\">SD1603<\/a><\/td><td class=\"column-2\"><a href=\"https:\/\/showerglasshardware.com\/wp-content\/uploads\/2024\/03\/1603-5.jpg\"><img loading=\"lazy\" decoding=\"async\" src=\"https:\/\/showerglasshardware.com\/wp-content\/uploads\/2024\/03\/1603-5-300x300.jpg\" alt=\"Bisagra de muelle para puerta de cristal modelo SGH-1603\" width=\"60\" height=\"60\" class=\"alignnone size-medium wp-image-1881\" title=\"\" srcset=\"https:\/\/showerglasshardware.com\/wp-content\/uploads\/2024\/03\/1603-5-300x300.jpg 300w, https:\/\/showerglasshardware.com\/wp-content\/uploads\/2024\/03\/1603-5-100x100.jpg 100w, https:\/\/showerglasshardware.com\/wp-content\/uploads\/2024\/03\/1603-5-600x600.jpg 600w, https:\/\/showerglasshardware.com\/wp-content\/uploads\/2024\/03\/1603-5-150x150.jpg 150w, https:\/\/showerglasshardware.com\/wp-content\/uploads\/2024\/03\/1603-5-768x768.jpg 768w, https:\/\/showerglasshardware.com\/wp-content\/uploads\/2024\/03\/1603-5-12x12.jpg 12w, https:\/\/showerglasshardware.com\/wp-content\/uploads\/2024\/03\/1603-5.jpg 800w\" sizes=\"(max-width: 60px) 100vw, 60px\" \/><\/a><\/td><td class=\"column-3\">Vidrio a Vidrio 135\u00b0<\/td><td class=\"column-4\">Autocierre a unos 30\u00b0<\/td><td class=\"column-5\">S\u00ed<\/td><td class=\"column-6\">Con tapa<\/td>\n<\/tr>\n<tr class=\"row-6\">\n\t<td class=\"column-1\"><a href=\"https:\/\/showerglasshardware.com\/es-es\/product\/180-glass-to-glass-spring-hinges-brass-sgh-1064\/\">SD1604<\/a><\/td><td class=\"column-2\"><a href=\"https:\/\/showerglasshardware.com\/wp-content\/uploads\/2024\/03\/GHC1604A-6.jpg\"><img loading=\"lazy\" decoding=\"async\" src=\"https:\/\/showerglasshardware.com\/wp-content\/uploads\/2024\/03\/GHC1604A-6-300x300.jpg\" alt=\"Bisagra de muelle de lat\u00f3n que conecta los paneles de cristal a 180 grados\" width=\"60\" height=\"60\" class=\"alignnone size-medium wp-image-1876\" title=\"\" srcset=\"https:\/\/showerglasshardware.com\/wp-content\/uploads\/2024\/03\/GHC1604A-6-300x300.jpg 300w, https:\/\/showerglasshardware.com\/wp-content\/uploads\/2024\/03\/GHC1604A-6-100x100.jpg 100w, https:\/\/showerglasshardware.com\/wp-content\/uploads\/2024\/03\/GHC1604A-6-600x600.jpg 600w, https:\/\/showerglasshardware.com\/wp-content\/uploads\/2024\/03\/GHC1604A-6-150x150.jpg 150w, https:\/\/showerglasshardware.com\/wp-content\/uploads\/2024\/03\/GHC1604A-6-768x768.jpg 768w, https:\/\/showerglasshardware.com\/wp-content\/uploads\/2024\/03\/GHC1604A-6-12x12.jpg 12w, https:\/\/showerglasshardware.com\/wp-content\/uploads\/2024\/03\/GHC1604A-6.jpg 800w\" sizes=\"(max-width: 60px) 100vw, 60px\" \/><\/a><\/td><td class=\"column-3\">Vidrio a Vidrio 180\u00b0<\/td><td class=\"column-4\">Autocierre a unos 30\u00b0<\/td><td class=\"column-5\">S\u00ed<\/td><td class=\"column-6\">Con tapa<\/td>\n<\/tr>\n<tr class=\"row-7\">\n\t<td class=\"column-1\"><a href=\"https:\/\/showerglasshardware.com\/es-es\/product\/180-degree-glass-to-wall-spring-hinges-sgh-1605\/\">SD1605<\/a><\/td><td class=\"column-2\"><a href=\"https:\/\/showerglasshardware.com\/wp-content\/uploads\/2024\/03\/1605-5.jpg\"><img loading=\"lazy\" decoding=\"async\" src=\"https:\/\/showerglasshardware.com\/wp-content\/uploads\/2024\/03\/1605-5-300x300.jpg\" alt=\"Bisagra de muelle de cristal a pared en posici\u00f3n de apertura de 180 grados\" width=\"60\" height=\"60\" class=\"alignnone size-medium wp-image-1902\" title=\"\" srcset=\"https:\/\/showerglasshardware.com\/wp-content\/uploads\/2024\/03\/1605-5-300x300.jpg 300w, https:\/\/showerglasshardware.com\/wp-content\/uploads\/2024\/03\/1605-5-100x100.jpg 100w, https:\/\/showerglasshardware.com\/wp-content\/uploads\/2024\/03\/1605-5-600x600.jpg 600w, https:\/\/showerglasshardware.com\/wp-content\/uploads\/2024\/03\/1605-5-150x150.jpg 150w, https:\/\/showerglasshardware.com\/wp-content\/uploads\/2024\/03\/1605-5-768x768.jpg 768w, https:\/\/showerglasshardware.com\/wp-content\/uploads\/2024\/03\/1605-5-12x12.jpg 12w, https:\/\/showerglasshardware.com\/wp-content\/uploads\/2024\/03\/1605-5.jpg 800w\" sizes=\"(max-width: 60px) 100vw, 60px\" \/><\/a><\/td><td class=\"column-3\">Vidrio a pared 180\u00b0<\/td><td class=\"column-4\">Autocierre a unos 30\u00b0<\/td><td class=\"column-5\">S\u00ed<\/td><td class=\"column-6\">Con tapa<\/td>\n<\/tr>\n<\/tbody>\n<\/table>\n<!-- #tablepress-6 from cache -->","protected":false},"excerpt":{"rendered":"<ul>\n<li>Bisagra de muelle para puerta de cristal;<\/li>\n<li>Bisagras de resorte de vidrio a vidrio de 135\u00b0;<\/li>\n<li>Lat\u00f3n<\/li>\n<li>Espesor del vidrio: 6-12 mm;<\/li>\n<li>Autocierre a unos 30\u00b0;<\/li>\n<li>Peso m\u00e1ximo de la puerta de vidrio: 35 kg (2 piezas);<\/li>\n<\/ul>","protected":false},"featured_media":2302,"comment_status":"open","ping_status":"closed","template":"","meta":{"_acf_changed":false},"product_brand":[],"product_cat":[20,22],"product_tag":[171],"class_list":{"0":"post-451","1":"product","2":"type-product","3":"status-publish","4":"has-post-thumbnail","6":"product_cat-shower-door-hinges","7":"product_cat-glass-to-glass-hinges","8":"product_tag-glass-to-glass-hinges","9":"pa_closing-type-self-closing-at-about-30","10":"pa_finish-brushed-nickel","11":"pa_finish-chrome","12":"pa_finish-gold","13":"pa_finish-gun-metal","14":"pa_finish-black","15":"pa_glass-thickness-1-2-inch-12mm","16":"pa_glass-thickness-1-4-inch-6mm","17":"pa_glass-thickness-3-8-inch-10mm","18":"pa_glass-thickness-5-16-inch-8mm","19":"pa_hinge-swings-31","20":"pa_load-bearing-35kg-2pcs","21":"pa_material-brass","23":"first","24":"instock","25":"purchasable","26":"product-type-variable","27":"has-default-attributes"},"acf":[],"_links":{"self":[{"href":"https:\/\/showerglasshardware.com\/es-es\/wp-json\/wp\/v2\/product\/451","targetHints":{"allow":["GET"]}}],"collection":[{"href":"https:\/\/showerglasshardware.com\/es-es\/wp-json\/wp\/v2\/product"}],"about":[{"href":"https:\/\/showerglasshardware.com\/es-es\/wp-json\/wp\/v2\/types\/product"}],"replies":[{"embeddable":true,"href":"https:\/\/showerglasshardware.com\/es-es\/wp-json\/wp\/v2\/comments?post=451"}],"version-history":[{"count":4,"href":"https:\/\/showerglasshardware.com\/es-es\/wp-json\/wp\/v2\/product\/451\/revisions"}],"predecessor-version":[{"id":4897,"href":"https:\/\/showerglasshardware.com\/es-es\/wp-json\/wp\/v2\/product\/451\/revisions\/4897"}],"wp:featuredmedia":[{"embeddable":true,"href":"https:\/\/showerglasshardware.com\/es-es\/wp-json\/wp\/v2\/media\/2302"}],"wp:attachment":[{"href":"https:\/\/showerglasshardware.com\/es-es\/wp-json\/wp\/v2\/media?parent=451"}],"wp:term":[{"taxonomy":"product_brand","embeddable":true,"href":"https:\/\/showerglasshardware.com\/es-es\/wp-json\/wp\/v2\/product_brand?post=451"},{"taxonomy":"product_cat","embeddable":true,"href":"https:\/\/showerglasshardware.com\/es-es\/wp-json\/wp\/v2\/product_cat?post=451"},{"taxonomy":"product_tag","embeddable":true,"href":"https:\/\/showerglasshardware.com\/es-es\/wp-json\/wp\/v2\/product_tag?post=451"}],"curies":[{"name":"wp","href":"https:\/\/api.w.org\/{rel}","templated":true}]}}