{"id":459,"date":"2024-03-28T06:51:13","date_gmt":"2024-03-28T06:51:13","guid":{"rendered":"https:\/\/showerglasshardware.com\/?post_type=product&#038;p=459"},"modified":"2025-11-21T03:34:54","modified_gmt":"2025-11-21T03:34:54","slug":"90-degree-glass-to-glass-spring-hinges-sgh-1602","status":"publish","type":"product","link":"https:\/\/showerglasshardware.com\/es-es\/product\/90-degree-glass-to-glass-spring-hinges-sgh-1602\/","title":{"rendered":"Bisagra de 90 grados para puerta de ducha sin marco SD1602"},"content":{"rendered":"<p data-start=\"455\" data-end=\"605\">Las bisagras de muelle de 90\u00b0 de lat\u00f3n para vidrio SD1602 ofrecen durabilidad, un funcionamiento suave y un aspecto limpio sin marco para mamparas de ducha modernas.<\/p>\n<p data-start=\"607\" data-end=\"890\">Fabricadas en lat\u00f3n macizo para ofrecer resistencia a la corrosi\u00f3n y solidez duradera, estas bisagras est\u00e1n dise\u00f1adas para adaptarse a cristales de entre 6 y 12 mm de grosor. El mecanismo de muelle proporciona una funci\u00f3n de autocierre a unos 30\u00b0, lo que garantiza un cierre controlado para ayudar a mantener el agua dentro de la zona de ducha.<\/p>\n<p data-start=\"892\" data-end=\"1107\">Con una capacidad de carga m\u00e1xima de 35 kg por cada dos bisagras, la SGH-1602 es adecuada para puertas de ducha sin marco de peso ligero a medio, ofreciendo un rendimiento fiable tanto para instalaciones residenciales como comerciales.<\/p>\n<p data-start=\"1109\" data-end=\"1128\"><strong data-start=\"1109\" data-end=\"1126\">Caracter\u00edsticas clave:<\/strong><\/p>\n<ul data-start=\"1129\" data-end=\"1474\">\n<li data-start=\"1129\" data-end=\"1175\">\n<p data-start=\"1131\" data-end=\"1175\"><strong data-start=\"1131\" data-end=\"1140\">Tipo:<\/strong> Bisagras de muelle de 90\u00b0 vidrio-vidrio<\/p>\n<\/li>\n<li data-start=\"1176\" data-end=\"1240\">\n<p data-start=\"1178\" data-end=\"1240\"><strong data-start=\"1178\" data-end=\"1191\">Material:<\/strong> Lat\u00f3n macizo para mayor durabilidad y resistencia a la oxidaci\u00f3n<\/p>\n<\/li>\n<li data-start=\"1241\" data-end=\"1293\">\n<p data-start=\"1243\" data-end=\"1293\"><strong data-start=\"1243\" data-end=\"1267\">Compatibilidad de vidrio:<\/strong> Se adapta a cristales de 6-12 mm de grosor<\/p>\n<\/li>\n<li data-start=\"1294\" data-end=\"1351\">\n<p data-start=\"1296\" data-end=\"1351\"><strong data-start=\"1296\" data-end=\"1314\">Capacidad de carga:<\/strong> Soporta hasta 35 kg por cada dos bisagras<\/p>\n<\/li>\n<li data-start=\"1352\" data-end=\"1402\">\n<p data-start=\"1354\" data-end=\"1402\"><strong data-start=\"1354\" data-end=\"1371\">Autocierre:<\/strong> Se cierra autom\u00e1ticamente a ~30<\/p>\n<\/li>\n<li data-start=\"1403\" data-end=\"1474\">\n<p data-start=\"1405\" data-end=\"1474\"><strong data-start=\"1405\" data-end=\"1422\">Aplicaciones:<\/strong> Puertas de ducha sin marco en viviendas, hoteles y spas<\/p>\n<\/li>\n<\/ul>\n<p data-start=\"1476\" data-end=\"1497\"><strong data-start=\"1476\" data-end=\"1495\">Especificaciones:<\/strong><\/p>\n<ul data-start=\"1498\" data-end=\"1803\">\n<li data-start=\"1498\" data-end=\"1521\">\n<p data-start=\"1500\" data-end=\"1521\"><strong data-start=\"1500\" data-end=\"1510\">Modelo:<\/strong> SD1602<\/p>\n<\/li>\n<li data-start=\"1522\" data-end=\"1568\">\n<p data-start=\"1524\" data-end=\"1568\"><strong data-start=\"1524\" data-end=\"1533\">Tipo:<\/strong> Bisagra de muelle vidrio-vidrio, 90<\/p>\n<\/li>\n<li data-start=\"1569\" data-end=\"1592\">\n<p data-start=\"1571\" data-end=\"1592\"><strong data-start=\"1571\" data-end=\"1584\">Material:<\/strong> Lat\u00f3n<\/p>\n<\/li>\n<li data-start=\"1593\" data-end=\"1629\">\n<p data-start=\"1595\" data-end=\"1629\"><strong data-start=\"1595\" data-end=\"1620\">Se adapta al grosor del cristal:<\/strong> 6-12 mm<\/p>\n<\/li>\n<li data-start=\"1630\" data-end=\"1664\">\n<p data-start=\"1632\" data-end=\"1664\"><strong data-start=\"1632\" data-end=\"1650\">Capacidad de carga:<\/strong> 35kg \/ 2pcs<\/p>\n<\/li>\n<li data-start=\"1665\" data-end=\"1697\">\n<p data-start=\"1667\" data-end=\"1697\"><strong data-start=\"1667\" data-end=\"1690\">\u00c1ngulo de autocierre:<\/strong> ~30\u00b0<\/p>\n<\/li>\n<li data-start=\"1698\" data-end=\"1803\">\n<p data-start=\"1700\" data-end=\"1803\"><strong data-start=\"1700\" data-end=\"1719\">Opciones de acabado:<\/strong> Cromo pulido, n\u00edquel cepillado, oro pulido, negro mate, Gun Metal (opcional)<\/p>\n<\/li>\n<\/ul>\n<h2 id=\"tablepress-6-name\" class=\"tablepress-table-name tablepress-table-name-id-6\">Abrazaderas de lat\u00f3n para puertas de ducha Serie SD16xx<\/h2>\n\n<table id=\"tablepress-6\" class=\"tablepress tablepress-id-6\" aria-labelledby=\"tablepress-6-name\">\n<thead>\n<tr class=\"row-1\">\n\t<th class=\"column-1\"><strong>Modelo<\/strong><\/th><th class=\"column-2\"><strong>Imagen<\/strong><\/th><th class=\"column-3\"><strong>Tipo de montaje<\/strong><\/th><th class=\"column-4\"><strong>Tipo de cierre<\/strong><\/th><th class=\"column-5\"><strong>Ajustable<\/strong><\/th><th class=\"column-6\"><strong>Caracter\u00edstica<\/strong><\/th>\n<\/tr>\n<\/thead>\n<tbody class=\"row-striping row-hover\">\n<tr class=\"row-2\">\n\t<td class=\"column-1\"><a href=\"https:\/\/showerglasshardware.com\/es-es\/product\/90-degree-adjustable-brass-glass-to-wall-hinge-ac1601a\/\">SD1601A<\/a><\/td><td class=\"column-2\"><a href=\"https:\/\/showerglasshardware.com\/wp-content\/uploads\/2024\/05\/1601-5.jpg\"><img decoding=\"async\" src=\"https:\/\/showerglasshardware.com\/wp-content\/uploads\/2024\/05\/1601-5-300x300.jpg\" alt=\"Bisagra de lat\u00f3n de 90 grados ajustable a la pared en negro mate\" width=\"60\" height=\"60\" class=\"alignnone size-medium wp-image-1846\" title=\"\" srcset=\"https:\/\/showerglasshardware.com\/wp-content\/uploads\/2024\/05\/1601-5-300x300.jpg 300w, https:\/\/showerglasshardware.com\/wp-content\/uploads\/2024\/05\/1601-5-100x100.jpg 100w, https:\/\/showerglasshardware.com\/wp-content\/uploads\/2024\/05\/1601-5-600x600.jpg 600w, https:\/\/showerglasshardware.com\/wp-content\/uploads\/2024\/05\/1601-5-150x150.jpg 150w, https:\/\/showerglasshardware.com\/wp-content\/uploads\/2024\/05\/1601-5-768x768.jpg 768w, https:\/\/showerglasshardware.com\/wp-content\/uploads\/2024\/05\/1601-5-12x12.jpg 12w, https:\/\/showerglasshardware.com\/wp-content\/uploads\/2024\/05\/1601-5.jpg 800w\" sizes=\"(max-width: 60px) 100vw, 60px\" \/><\/a><\/td><td class=\"column-3\">Cristal a pared 90\u00b0 placa completa<\/td><td class=\"column-4\">Autocierre a unos 30\u00b0<\/td><td class=\"column-5\">S\u00ed<\/td><td class=\"column-6\">Con tapa<\/td>\n<\/tr>\n<tr class=\"row-3\">\n\t<td class=\"column-1\"><a href=\"https:\/\/showerglasshardware.com\/es-es\/product\/glass-to-wall-series-shower-glass-door-offset-hinge-brass-90\/\">SD1601L<\/a><\/td><td class=\"column-2\"><a href=\"https:\/\/showerglasshardware.com\/wp-content\/uploads\/2024\/04\/1601-5.jpg\"><img decoding=\"async\" src=\"https:\/\/showerglasshardware.com\/wp-content\/uploads\/2024\/04\/1601-5-300x300.jpg\" alt=\"Bisagra compensada de lat\u00f3n para puerta de ducha de cristal a 90 grados\" width=\"60\" height=\"60\" class=\"alignnone size-medium wp-image-1994\" title=\"\" srcset=\"https:\/\/showerglasshardware.com\/wp-content\/uploads\/2024\/04\/1601-5-300x300.jpg 300w, https:\/\/showerglasshardware.com\/wp-content\/uploads\/2024\/04\/1601-5-100x100.jpg 100w, https:\/\/showerglasshardware.com\/wp-content\/uploads\/2024\/04\/1601-5-600x600.jpg 600w, https:\/\/showerglasshardware.com\/wp-content\/uploads\/2024\/04\/1601-5-150x150.jpg 150w, https:\/\/showerglasshardware.com\/wp-content\/uploads\/2024\/04\/1601-5-768x768.jpg 768w, https:\/\/showerglasshardware.com\/wp-content\/uploads\/2024\/04\/1601-5-12x12.jpg 12w, https:\/\/showerglasshardware.com\/wp-content\/uploads\/2024\/04\/1601-5.jpg 800w\" sizes=\"(max-width: 60px) 100vw, 60px\" \/><\/a><\/td><td class=\"column-3\">Placa de vidrio a pared con desplazamiento de 90\u00b0<\/td><td class=\"column-4\">Autocierre a unos 30\u00b0<\/td><td class=\"column-5\">S\u00ed<\/td><td class=\"column-6\">Con tapa<\/td>\n<\/tr>\n<tr class=\"row-4\">\n\t<td class=\"column-1\"><a href=\"https:\/\/showerglasshardware.com\/es-es\/product\/90-degree-glass-to-glass-spring-hinges-sgh-1602\/\">SD1602<\/a><\/td><td class=\"column-2\"><a href=\"https:\/\/showerglasshardware.com\/wp-content\/uploads\/2024\/05\/1602-5.jpg\"><img decoding=\"async\" src=\"https:\/\/showerglasshardware.com\/wp-content\/uploads\/2024\/05\/1602-5-300x300.jpg\" alt=\"Muelles de bisagra para puerta de ducha sin marco negro mate\" width=\"60\" height=\"60\" class=\"alignnone size-medium wp-image-1897\" title=\"\" srcset=\"https:\/\/showerglasshardware.com\/wp-content\/uploads\/2024\/05\/1602-5-300x300.jpg 300w, https:\/\/showerglasshardware.com\/wp-content\/uploads\/2024\/05\/1602-5-100x100.jpg 100w, https:\/\/showerglasshardware.com\/wp-content\/uploads\/2024\/05\/1602-5-600x600.jpg 600w, https:\/\/showerglasshardware.com\/wp-content\/uploads\/2024\/05\/1602-5-150x150.jpg 150w, https:\/\/showerglasshardware.com\/wp-content\/uploads\/2024\/05\/1602-5-768x768.jpg 768w, https:\/\/showerglasshardware.com\/wp-content\/uploads\/2024\/05\/1602-5-12x12.jpg 12w, https:\/\/showerglasshardware.com\/wp-content\/uploads\/2024\/05\/1602-5.jpg 800w\" sizes=\"(max-width: 60px) 100vw, 60px\" \/><\/a><\/td><td class=\"column-3\">Vidrio a Vidrio 90\u00b0<\/td><td class=\"column-4\">Autocierre a unos 30\u00b0<\/td><td class=\"column-5\">S\u00ed<\/td><td class=\"column-6\">Con tapa<\/td>\n<\/tr>\n<tr class=\"row-5\">\n\t<td class=\"column-1\"><a href=\"https:\/\/showerglasshardware.com\/es-es\/product\/135-degree-glass-to-glass-spring-hinges-sgh-1603\/\">SD1603<\/a><\/td><td class=\"column-2\"><a href=\"https:\/\/showerglasshardware.com\/wp-content\/uploads\/2024\/03\/1603-5.jpg\"><img loading=\"lazy\" decoding=\"async\" src=\"https:\/\/showerglasshardware.com\/wp-content\/uploads\/2024\/03\/1603-5-300x300.jpg\" alt=\"Bisagra de muelle para puerta de cristal modelo SGH-1603\" width=\"60\" height=\"60\" class=\"alignnone size-medium wp-image-1881\" title=\"\" srcset=\"https:\/\/showerglasshardware.com\/wp-content\/uploads\/2024\/03\/1603-5-300x300.jpg 300w, https:\/\/showerglasshardware.com\/wp-content\/uploads\/2024\/03\/1603-5-100x100.jpg 100w, https:\/\/showerglasshardware.com\/wp-content\/uploads\/2024\/03\/1603-5-600x600.jpg 600w, https:\/\/showerglasshardware.com\/wp-content\/uploads\/2024\/03\/1603-5-150x150.jpg 150w, https:\/\/showerglasshardware.com\/wp-content\/uploads\/2024\/03\/1603-5-768x768.jpg 768w, https:\/\/showerglasshardware.com\/wp-content\/uploads\/2024\/03\/1603-5-12x12.jpg 12w, https:\/\/showerglasshardware.com\/wp-content\/uploads\/2024\/03\/1603-5.jpg 800w\" sizes=\"(max-width: 60px) 100vw, 60px\" \/><\/a><\/td><td class=\"column-3\">Vidrio a Vidrio 135\u00b0<\/td><td class=\"column-4\">Autocierre a unos 30\u00b0<\/td><td class=\"column-5\">S\u00ed<\/td><td class=\"column-6\">Con tapa<\/td>\n<\/tr>\n<tr class=\"row-6\">\n\t<td class=\"column-1\"><a href=\"https:\/\/showerglasshardware.com\/es-es\/product\/180-glass-to-glass-spring-hinges-brass-sgh-1064\/\">SD1604<\/a><\/td><td class=\"column-2\"><a href=\"https:\/\/showerglasshardware.com\/wp-content\/uploads\/2024\/03\/GHC1604A-6.jpg\"><img loading=\"lazy\" decoding=\"async\" src=\"https:\/\/showerglasshardware.com\/wp-content\/uploads\/2024\/03\/GHC1604A-6-300x300.jpg\" alt=\"Bisagra de muelle de lat\u00f3n que conecta los paneles de cristal a 180 grados\" width=\"60\" height=\"60\" class=\"alignnone size-medium wp-image-1876\" title=\"\" srcset=\"https:\/\/showerglasshardware.com\/wp-content\/uploads\/2024\/03\/GHC1604A-6-300x300.jpg 300w, https:\/\/showerglasshardware.com\/wp-content\/uploads\/2024\/03\/GHC1604A-6-100x100.jpg 100w, https:\/\/showerglasshardware.com\/wp-content\/uploads\/2024\/03\/GHC1604A-6-600x600.jpg 600w, https:\/\/showerglasshardware.com\/wp-content\/uploads\/2024\/03\/GHC1604A-6-150x150.jpg 150w, https:\/\/showerglasshardware.com\/wp-content\/uploads\/2024\/03\/GHC1604A-6-768x768.jpg 768w, https:\/\/showerglasshardware.com\/wp-content\/uploads\/2024\/03\/GHC1604A-6-12x12.jpg 12w, https:\/\/showerglasshardware.com\/wp-content\/uploads\/2024\/03\/GHC1604A-6.jpg 800w\" sizes=\"(max-width: 60px) 100vw, 60px\" \/><\/a><\/td><td class=\"column-3\">Vidrio a Vidrio 180\u00b0<\/td><td class=\"column-4\">Autocierre a unos 30\u00b0<\/td><td class=\"column-5\">S\u00ed<\/td><td class=\"column-6\">Con tapa<\/td>\n<\/tr>\n<tr class=\"row-7\">\n\t<td class=\"column-1\"><a href=\"https:\/\/showerglasshardware.com\/es-es\/product\/180-degree-glass-to-wall-spring-hinges-sgh-1605\/\">SD1605<\/a><\/td><td class=\"column-2\"><a href=\"https:\/\/showerglasshardware.com\/wp-content\/uploads\/2024\/03\/1605-5.jpg\"><img loading=\"lazy\" decoding=\"async\" src=\"https:\/\/showerglasshardware.com\/wp-content\/uploads\/2024\/03\/1605-5-300x300.jpg\" alt=\"Bisagra de muelle de cristal a pared en posici\u00f3n de apertura de 180 grados\" width=\"60\" height=\"60\" class=\"alignnone size-medium wp-image-1902\" title=\"\" srcset=\"https:\/\/showerglasshardware.com\/wp-content\/uploads\/2024\/03\/1605-5-300x300.jpg 300w, https:\/\/showerglasshardware.com\/wp-content\/uploads\/2024\/03\/1605-5-100x100.jpg 100w, https:\/\/showerglasshardware.com\/wp-content\/uploads\/2024\/03\/1605-5-600x600.jpg 600w, https:\/\/showerglasshardware.com\/wp-content\/uploads\/2024\/03\/1605-5-150x150.jpg 150w, https:\/\/showerglasshardware.com\/wp-content\/uploads\/2024\/03\/1605-5-768x768.jpg 768w, https:\/\/showerglasshardware.com\/wp-content\/uploads\/2024\/03\/1605-5-12x12.jpg 12w, https:\/\/showerglasshardware.com\/wp-content\/uploads\/2024\/03\/1605-5.jpg 800w\" sizes=\"(max-width: 60px) 100vw, 60px\" \/><\/a><\/td><td class=\"column-3\">Vidrio a pared 180\u00b0<\/td><td class=\"column-4\">Autocierre a unos 30\u00b0<\/td><td class=\"column-5\">S\u00ed<\/td><td class=\"column-6\">Con tapa<\/td>\n<\/tr>\n<\/tbody>\n<\/table>\n<!-- #tablepress-6 from cache -->","protected":false},"excerpt":{"rendered":"<ul>\n<li>Muelles de bisagra para puertas de ducha sin marco;<\/li>\n<li>Bisagras de resorte de vidrio a vidrio de 90\u00b0;<\/li>\n<li>Lat\u00f3n<\/li>\n<li>Espesor del vidrio: 6-12 mm;<\/li>\n<li>Autocierre a unos 30\u00b0;<\/li>\n<li>Peso m\u00e1ximo de la puerta de vidrio: 35 kg (2 piezas);<\/li>\n<\/ul>","protected":false},"featured_media":2301,"comment_status":"open","ping_status":"closed","template":"","meta":{"_acf_changed":false},"product_brand":[],"product_cat":[20,22],"product_tag":[171],"class_list":{"0":"post-459","1":"product","2":"type-product","3":"status-publish","4":"has-post-thumbnail","6":"product_cat-shower-door-hinges","7":"product_cat-glass-to-glass-hinges","8":"product_tag-glass-to-glass-hinges","9":"pa_closing-type-self-closing-at-about-30","10":"pa_finish-brushed-nickel","11":"pa_finish-chrome","12":"pa_finish-gold","13":"pa_finish-gun-metal","14":"pa_finish-black","15":"pa_glass-thickness-1-2-inch-12mm","16":"pa_glass-thickness-1-4-inch-6mm","17":"pa_glass-thickness-3-8-inch-10mm","18":"pa_glass-thickness-5-16-inch-8mm","19":"pa_hinge-swings-30","20":"pa_load-bearing-35kg-2pcs","21":"pa_material-brass","23":"first","24":"instock","25":"purchasable","26":"product-type-variable","27":"has-default-attributes"},"acf":[],"_links":{"self":[{"href":"https:\/\/showerglasshardware.com\/es-es\/wp-json\/wp\/v2\/product\/459","targetHints":{"allow":["GET"]}}],"collection":[{"href":"https:\/\/showerglasshardware.com\/es-es\/wp-json\/wp\/v2\/product"}],"about":[{"href":"https:\/\/showerglasshardware.com\/es-es\/wp-json\/wp\/v2\/types\/product"}],"replies":[{"embeddable":true,"href":"https:\/\/showerglasshardware.com\/es-es\/wp-json\/wp\/v2\/comments?post=459"}],"version-history":[{"count":5,"href":"https:\/\/showerglasshardware.com\/es-es\/wp-json\/wp\/v2\/product\/459\/revisions"}],"predecessor-version":[{"id":4896,"href":"https:\/\/showerglasshardware.com\/es-es\/wp-json\/wp\/v2\/product\/459\/revisions\/4896"}],"wp:featuredmedia":[{"embeddable":true,"href":"https:\/\/showerglasshardware.com\/es-es\/wp-json\/wp\/v2\/media\/2301"}],"wp:attachment":[{"href":"https:\/\/showerglasshardware.com\/es-es\/wp-json\/wp\/v2\/media?parent=459"}],"wp:term":[{"taxonomy":"product_brand","embeddable":true,"href":"https:\/\/showerglasshardware.com\/es-es\/wp-json\/wp\/v2\/product_brand?post=459"},{"taxonomy":"product_cat","embeddable":true,"href":"https:\/\/showerglasshardware.com\/es-es\/wp-json\/wp\/v2\/product_cat?post=459"},{"taxonomy":"product_tag","embeddable":true,"href":"https:\/\/showerglasshardware.com\/es-es\/wp-json\/wp\/v2\/product_tag?post=459"}],"curies":[{"name":"wp","href":"https:\/\/api.w.org\/{rel}","templated":true}]}}