{"id":4796,"date":"2025-10-09T05:53:40","date_gmt":"2025-10-09T05:53:40","guid":{"rendered":"https:\/\/showerglasshardware.com\/?post_type=product&#038;p=4796"},"modified":"2025-10-12T15:01:01","modified_gmt":"2025-10-12T15:01:01","slug":"sd9045a-brass-90-glass-to-wall-clamp-clip-with-cover","status":"publish","type":"product","link":"https:\/\/showerglasshardware.com\/es-es\/product\/sd9045a-brass-90-glass-to-wall-clamp-clip-with-cover\/","title":{"rendered":"SD9045A Abrazadera de lat\u00f3n de 90\u00b0 para vidrio a pared con tapa"},"content":{"rendered":"<p data-start=\"528\" data-end=\"681\">El clip de sujeci\u00f3n de 90\u00b0 de lat\u00f3n SD9045A para cristal a pared con tapa es un accesorio de primera calidad dise\u00f1ado para mamparas de ducha sin marco y mamparas de cristal.<\/p>\n<p data-start=\"683\" data-end=\"1026\">Fabricada en lat\u00f3n macizo, esta abrazadera ofrece una durabilidad y resistencia a la corrosi\u00f3n excepcionales, garantizando una larga vida \u00fatil en entornos h\u00famedos. La configuraci\u00f3n de 90\u00b0 vidrio-pared proporciona una conexi\u00f3n estable entre los paneles de vidrio y las superficies de la pared, mientras que la cubierta decorativa oculta los tornillos para un aspecto refinado y elegante.<\/p>\n<p data-start=\"1028\" data-end=\"1300\">El tama\u00f1o de 90\u00d745 mm lo hace adecuado para una amplia gama de instalaciones de ducha. Se adapta a cristales de 8-12 mm de grosor con un orificio de corte redondo, lo que permite un montaje preciso y seguro. Hay disponibles m\u00faltiples acabados de superficie para combinar con los herrajes de la ducha y la decoraci\u00f3n del ba\u00f1o.<\/p>\n<p data-start=\"1302\" data-end=\"1321\"><strong data-start=\"1302\" data-end=\"1319\">Caracter\u00edsticas clave:<\/strong><\/p>\n<ul data-start=\"1322\" data-end=\"1726\">\n<li data-start=\"1322\" data-end=\"1383\">\n<p data-start=\"1324\" data-end=\"1383\"><strong data-start=\"1324\" data-end=\"1333\">Tipo:<\/strong> Abrazadera de lat\u00f3n de 90\u00b0 para ducha de cristal a pared con tapa<\/p>\n<\/li>\n<li data-start=\"1384\" data-end=\"1451\">\n<p data-start=\"1386\" data-end=\"1451\"><strong data-start=\"1386\" data-end=\"1399\">Material:<\/strong> Lat\u00f3n macizo para mayor solidez y resistencia a la corrosi\u00f3n<\/p>\n<\/li>\n<li data-start=\"1452\" data-end=\"1475\">\n<p data-start=\"1454\" data-end=\"1475\"><strong data-start=\"1454\" data-end=\"1463\">Tama\u00f1o:<\/strong> 90 \u00d7 45 mm<\/p>\n<\/li>\n<li data-start=\"1476\" data-end=\"1528\">\n<p data-start=\"1478\" data-end=\"1528\"><strong data-start=\"1478\" data-end=\"1502\">Compatibilidad de vidrio:<\/strong> Se adapta a cristales de 8-12 mm de grosor<\/p>\n<\/li>\n<li data-start=\"1529\" data-end=\"1562\">\n<p data-start=\"1531\" data-end=\"1562\"><strong data-start=\"1531\" data-end=\"1549\">Recorte de cristal:<\/strong> Agujero redondo<\/p>\n<\/li>\n<li data-start=\"1563\" data-end=\"1633\">\n<p data-start=\"1565\" data-end=\"1633\"><strong data-start=\"1565\" data-end=\"1576\">Dise\u00f1o:<\/strong> Abrazadera sin marco con tapa decorativa para un aspecto limpio<\/p>\n<\/li>\n<li data-start=\"1634\" data-end=\"1726\">\n<p data-start=\"1636\" data-end=\"1726\"><strong data-start=\"1636\" data-end=\"1653\">Aplicaciones:<\/strong> Adecuado para mamparas de ducha sin marco y mamparas de cristal para cuartos de ba\u00f1o<\/p>\n<\/li>\n<\/ul>\n<p data-start=\"1728\" data-end=\"1749\"><strong data-start=\"1728\" data-end=\"1747\">Especificaciones:<\/strong><\/p>\n<ul data-start=\"1750\" data-end=\"2035\">\n<li data-start=\"1750\" data-end=\"1772\">\n<p data-start=\"1752\" data-end=\"1772\"><strong data-start=\"1752\" data-end=\"1762\">Modelo:<\/strong> SD9045A<\/p>\n<\/li>\n<li data-start=\"1773\" data-end=\"1821\">\n<p data-start=\"1775\" data-end=\"1821\"><strong data-start=\"1775\" data-end=\"1784\">Tipo:<\/strong> Abrazadera de 90\u00b0 vidrio-pared con tapa<\/p>\n<\/li>\n<li data-start=\"1822\" data-end=\"1845\">\n<p data-start=\"1824\" data-end=\"1845\"><strong data-start=\"1824\" data-end=\"1837\">Material:<\/strong> Lat\u00f3n<\/p>\n<\/li>\n<li data-start=\"1846\" data-end=\"1869\">\n<p data-start=\"1848\" data-end=\"1869\"><strong data-start=\"1848\" data-end=\"1857\">Tama\u00f1o:<\/strong> 90 \u00d7 45 mm<\/p>\n<\/li>\n<li data-start=\"1870\" data-end=\"1906\">\n<p data-start=\"1872\" data-end=\"1906\"><strong data-start=\"1872\" data-end=\"1897\">Se adapta al grosor del cristal:<\/strong> 8-12 mm<\/p>\n<\/li>\n<li data-start=\"1907\" data-end=\"1940\">\n<p data-start=\"1909\" data-end=\"1940\"><strong data-start=\"1909\" data-end=\"1927\">Recorte de cristal:<\/strong> Agujero redondo<\/p>\n<\/li>\n<li data-start=\"1941\" data-end=\"2035\">\n<p data-start=\"1943\" data-end=\"2035\"><strong data-start=\"1943\" data-end=\"1962\">Opciones de acabado:<\/strong> Cromo pulido, Oro pulido, N\u00edquel cepillado, Gun Metal, Negro mate<\/p>\n<\/li>\n<\/ul>\n<h2 id=\"tablepress-4-name\" class=\"tablepress-table-name tablepress-table-name-id-4\">Abrazaderas de lat\u00f3n para puertas de ducha Serie SD9045<\/h2>\n\n<table id=\"tablepress-4\" class=\"tablepress tablepress-id-4\" aria-labelledby=\"tablepress-4-name\">\n<thead>\n<tr class=\"row-1\">\n\t<th class=\"column-1\"><strong>Modelo<\/strong><\/th><th class=\"column-2\"><strong>Imagen<\/strong><\/th><th class=\"column-3\"><strong>Tipo<\/strong><\/th><th class=\"column-4\"><strong>\u00c1ngulo<\/strong><\/th><th class=\"column-5\"><strong>Forma<\/strong><\/th><th class=\"column-6\"><strong>Caracter\u00edstica<\/strong><\/th>\n<\/tr>\n<\/thead>\n<tbody class=\"row-striping row-hover\">\n<tr class=\"row-2\">\n\t<td class=\"column-1\"><a href=\"https:\/\/showerglasshardware.com\/es-es\/product\/sd9045a-brass-90-glass-to-wall-clamp-clip-with-cover\/\">SD9045A<\/a><\/td><td class=\"column-2\"><a href=\"https:\/\/showerglasshardware.com\/wp-content\/uploads\/2025\/10\/SD9045A-Black-Size.jpg\"><img decoding=\"async\" src=\"https:\/\/showerglasshardware.com\/wp-content\/uploads\/2025\/10\/SD9045A-Black-Size-300x300.jpg\" alt=\"SD9045A Abrazadera de lat\u00f3n de 90\u00b0 para vidrio a pared con tapa Tama\u00f1o\" width=\"60\" height=\"60\" class=\"alignnone size-medium wp-image-4818\" title=\"\" srcset=\"https:\/\/showerglasshardware.com\/wp-content\/uploads\/2025\/10\/SD9045A-Black-Size-300x300.jpg 300w, https:\/\/showerglasshardware.com\/wp-content\/uploads\/2025\/10\/SD9045A-Black-Size-150x150.jpg 150w, https:\/\/showerglasshardware.com\/wp-content\/uploads\/2025\/10\/SD9045A-Black-Size-768x768.jpg 768w, https:\/\/showerglasshardware.com\/wp-content\/uploads\/2025\/10\/SD9045A-Black-Size-12x12.jpg 12w, https:\/\/showerglasshardware.com\/wp-content\/uploads\/2025\/10\/SD9045A-Black-Size-600x600.jpg 600w, https:\/\/showerglasshardware.com\/wp-content\/uploads\/2025\/10\/SD9045A-Black-Size-100x100.jpg 100w, https:\/\/showerglasshardware.com\/wp-content\/uploads\/2025\/10\/SD9045A-Black-Size.jpg 800w\" sizes=\"(max-width: 60px) 100vw, 60px\" \/><\/a><\/td><td class=\"column-3\">Vidrio a pared<\/td><td class=\"column-4\">90\u00b0<\/td><td class=\"column-5\">Rect\u00e1ngulo<\/td><td class=\"column-6\">Con tapa, corte redondo<\/td>\n<\/tr>\n<tr class=\"row-3\">\n\t<td class=\"column-1\"><a href=\"https:\/\/showerglasshardware.com\/es-es\/product\/sd9045b-l-shape-brass-90-glass-to-wall-clip-bracket\/\">SD9045B<\/a><\/td><td class=\"column-2\"><a href=\"https:\/\/showerglasshardware.com\/wp-content\/uploads\/2025\/10\/SD9045B-Black-Size.jpg\"><img decoding=\"async\" src=\"https:\/\/showerglasshardware.com\/wp-content\/uploads\/2025\/10\/SD9045B-Black-Size-300x300.jpg\" alt=\"SD9045B Abrazadera de lat\u00f3n en forma de L de 90\u00b0 para vidrio a pared Tama\u00f1o\" width=\"60\" height=\"60\" class=\"alignnone size-medium wp-image-4821\" title=\"\" srcset=\"https:\/\/showerglasshardware.com\/wp-content\/uploads\/2025\/10\/SD9045B-Black-Size-300x300.jpg 300w, https:\/\/showerglasshardware.com\/wp-content\/uploads\/2025\/10\/SD9045B-Black-Size-150x150.jpg 150w, https:\/\/showerglasshardware.com\/wp-content\/uploads\/2025\/10\/SD9045B-Black-Size-768x768.jpg 768w, https:\/\/showerglasshardware.com\/wp-content\/uploads\/2025\/10\/SD9045B-Black-Size-12x12.jpg 12w, https:\/\/showerglasshardware.com\/wp-content\/uploads\/2025\/10\/SD9045B-Black-Size-600x600.jpg 600w, https:\/\/showerglasshardware.com\/wp-content\/uploads\/2025\/10\/SD9045B-Black-Size-100x100.jpg 100w, https:\/\/showerglasshardware.com\/wp-content\/uploads\/2025\/10\/SD9045B-Black-Size.jpg 800w\" sizes=\"(max-width: 60px) 100vw, 60px\" \/><\/a><\/td><td class=\"column-3\">Vidrio a pared<\/td><td class=\"column-4\">90\u00b0<\/td><td class=\"column-5\">Rect\u00e1ngulo<\/td><td class=\"column-6\">Con cubierta, alta estabilidad<\/td>\n<\/tr>\n<tr class=\"row-4\">\n\t<td class=\"column-1\"><a href=\"https:\/\/showerglasshardware.com\/es-es\/product\/sd9045c-brass-90-glass-to-glass-clamp-clip-with-cover\/\">SD9045C<\/a><\/td><td class=\"column-2\"><a href=\"https:\/\/showerglasshardware.com\/wp-content\/uploads\/2025\/10\/SD9045C-Black-Size.jpg\"><img decoding=\"async\" src=\"https:\/\/showerglasshardware.com\/wp-content\/uploads\/2025\/10\/SD9045C-Black-Size-300x300.jpg\" alt=\"\" width=\"60\" height=\"60\" class=\"alignnone size-medium wp-image-4830\" title=\"\" srcset=\"https:\/\/showerglasshardware.com\/wp-content\/uploads\/2025\/10\/SD9045C-Black-Size-300x300.jpg 300w, https:\/\/showerglasshardware.com\/wp-content\/uploads\/2025\/10\/SD9045C-Black-Size-150x150.jpg 150w, https:\/\/showerglasshardware.com\/wp-content\/uploads\/2025\/10\/SD9045C-Black-Size-768x768.jpg 768w, https:\/\/showerglasshardware.com\/wp-content\/uploads\/2025\/10\/SD9045C-Black-Size-12x12.jpg 12w, https:\/\/showerglasshardware.com\/wp-content\/uploads\/2025\/10\/SD9045C-Black-Size-600x600.jpg 600w, https:\/\/showerglasshardware.com\/wp-content\/uploads\/2025\/10\/SD9045C-Black-Size-100x100.jpg 100w, https:\/\/showerglasshardware.com\/wp-content\/uploads\/2025\/10\/SD9045C-Black-Size.jpg 800w\" sizes=\"(max-width: 60px) 100vw, 60px\" \/><\/a><\/td><td class=\"column-3\">De vidrio a vidrio<\/td><td class=\"column-4\">90\u00b0<\/td><td class=\"column-5\">Rect\u00e1ngulo<\/td><td class=\"column-6\">Con tapa, acabado limpio<\/td>\n<\/tr>\n<\/tbody>\n<\/table>\n<!-- #tablepress-4 from cache -->","protected":false},"excerpt":{"rendered":"<ul>\n<li>Lat\u00f3n<\/li>\n<li>90\u00d745 mm<\/li>\n<li>Grosor de la puerta de cristal 8-12 mm<\/li>\n<li>Abrazadera de 90\u00b0 vidrio-pared con tapa<\/li>\n<li>Recorte de cristal Agujero redondo<\/li>\n<li>Acabado: Cromo Pulido; Oro pulido; n\u00edquel cepillado; Metal de pistola; Negro mate<\/li>\n<\/ul>","protected":false},"featured_media":4817,"comment_status":"open","ping_status":"closed","template":"","meta":{"_acf_changed":false},"product_brand":[],"product_cat":[24,110],"product_tag":[],"class_list":{"0":"post-4796","1":"product","2":"type-product","3":"status-publish","4":"has-post-thumbnail","6":"product_cat-shower-glass-clamps","7":"product_cat-wall-mount-clamps","8":"pa_finish-brushed-nickel","9":"pa_finish-chrome","10":"pa_finish-gold","11":"pa_finish-gun-metal","12":"pa_finish-black","13":"pa_glass-thickness-1-2-inch-12mm","14":"pa_glass-thickness-3-8-inch-10mm","15":"pa_glass-thickness-5-16-inch-8mm","16":"pa_load-bearing-45kg-2pcs","17":"pa_material-brass","19":"first","20":"instock","21":"taxable","22":"shipping-taxable","23":"product-type-simple"},"acf":[],"_links":{"self":[{"href":"https:\/\/showerglasshardware.com\/es-es\/wp-json\/wp\/v2\/product\/4796","targetHints":{"allow":["GET"]}}],"collection":[{"href":"https:\/\/showerglasshardware.com\/es-es\/wp-json\/wp\/v2\/product"}],"about":[{"href":"https:\/\/showerglasshardware.com\/es-es\/wp-json\/wp\/v2\/types\/product"}],"replies":[{"embeddable":true,"href":"https:\/\/showerglasshardware.com\/es-es\/wp-json\/wp\/v2\/comments?post=4796"}],"version-history":[{"count":2,"href":"https:\/\/showerglasshardware.com\/es-es\/wp-json\/wp\/v2\/product\/4796\/revisions"}],"predecessor-version":[{"id":4865,"href":"https:\/\/showerglasshardware.com\/es-es\/wp-json\/wp\/v2\/product\/4796\/revisions\/4865"}],"wp:featuredmedia":[{"embeddable":true,"href":"https:\/\/showerglasshardware.com\/es-es\/wp-json\/wp\/v2\/media\/4817"}],"wp:attachment":[{"href":"https:\/\/showerglasshardware.com\/es-es\/wp-json\/wp\/v2\/media?parent=4796"}],"wp:term":[{"taxonomy":"product_brand","embeddable":true,"href":"https:\/\/showerglasshardware.com\/es-es\/wp-json\/wp\/v2\/product_brand?post=4796"},{"taxonomy":"product_cat","embeddable":true,"href":"https:\/\/showerglasshardware.com\/es-es\/wp-json\/wp\/v2\/product_cat?post=4796"},{"taxonomy":"product_tag","embeddable":true,"href":"https:\/\/showerglasshardware.com\/es-es\/wp-json\/wp\/v2\/product_tag?post=4796"}],"curies":[{"name":"wp","href":"https:\/\/api.w.org\/{rel}","templated":true}]}}