{"id":4798,"date":"2025-10-08T09:03:29","date_gmt":"2025-10-08T09:03:29","guid":{"rendered":"https:\/\/showerglasshardware.com\/?post_type=product&#038;p=4798"},"modified":"2025-10-12T15:01:14","modified_gmt":"2025-10-12T15:01:14","slug":"sd9045c-brass-90-glass-to-glass-clamp-clip-with-cover","status":"publish","type":"product","link":"https:\/\/showerglasshardware.com\/es-es\/product\/sd9045c-brass-90-glass-to-glass-clamp-clip-with-cover\/","title":{"rendered":"SD9045C Abrazadera de lat\u00f3n de 90\u00b0 para vidrio con tapa"},"content":{"rendered":"<p data-start=\"594\" data-end=\"743\">El clip de sujeci\u00f3n de 90\u00b0 de vidrio a vidrio SD9045C de lat\u00f3n con tapa es un conector de primera calidad para mamparas de ducha sin marco y mamparas de vidrio.<\/p>\n<p data-start=\"745\" data-end=\"1064\">Fabricada en lat\u00f3n macizo, esta abrazadera rectangular de 90\u00b0 vidrio-vidrio proporciona una excelente durabilidad y resistencia a la corrosi\u00f3n, ideal para entornos de ba\u00f1o h\u00famedos. La cubierta decorativa oculta los tornillos de instalaci\u00f3n, ofreciendo un aspecto limpio y de alta gama adecuado tanto para espacios residenciales como comerciales.<\/p>\n<p data-start=\"1066\" data-end=\"1344\">Dise\u00f1ada para cristal de 8-12 mm de grosor, la SD9045C conecta de forma segura dos paneles de cristal en un \u00e1ngulo de 90\u00b0, soportando hasta 45 kg por cada dos abrazaderas. Su elegante forma rectangular complementa los dise\u00f1os de ba\u00f1o modernos y combina a la perfecci\u00f3n con las bisagras y asideros de ducha de lat\u00f3n a juego.<\/p>\n<p data-start=\"1346\" data-end=\"1365\"><strong data-start=\"1346\" data-end=\"1363\">Caracter\u00edsticas clave:<\/strong><\/p>\n<ul data-start=\"1366\" data-end=\"1771\">\n<li data-start=\"1366\" data-end=\"1428\">\n<p data-start=\"1368\" data-end=\"1428\"><strong data-start=\"1368\" data-end=\"1377\">Tipo:<\/strong> Abrazadera de ducha de 90\u00b0 de lat\u00f3n vidrio-vidrio con tapa<\/p>\n<\/li>\n<li data-start=\"1429\" data-end=\"1500\">\n<p data-start=\"1431\" data-end=\"1500\"><strong data-start=\"1431\" data-end=\"1444\">Material:<\/strong> Lat\u00f3n macizo para una mayor solidez y resistencia a la oxidaci\u00f3n<\/p>\n<\/li>\n<li data-start=\"1501\" data-end=\"1569\">\n<p data-start=\"1503\" data-end=\"1569\"><strong data-start=\"1503\" data-end=\"1514\">Dise\u00f1o:<\/strong> Pinza esquinera rectangular de cristal con tapa decorativa<\/p>\n<\/li>\n<li data-start=\"1570\" data-end=\"1622\">\n<p data-start=\"1572\" data-end=\"1622\"><strong data-start=\"1572\" data-end=\"1596\">Compatibilidad de vidrio:<\/strong> Se adapta a cristales de 8-12 mm de grosor<\/p>\n<\/li>\n<li data-start=\"1623\" data-end=\"1680\">\n<p data-start=\"1625\" data-end=\"1680\"><strong data-start=\"1625\" data-end=\"1643\">Capacidad de carga:<\/strong> Soporta hasta 45 kg por cada dos abrazaderas<\/p>\n<\/li>\n<li data-start=\"1681\" data-end=\"1771\">\n<p data-start=\"1683\" data-end=\"1771\"><strong data-start=\"1683\" data-end=\"1700\">Aplicaciones:<\/strong> Ideal para puertas de ducha de cristal sin marco, paneles fijos y mamparas<\/p>\n<\/li>\n<\/ul>\n<p data-start=\"1773\" data-end=\"1794\"><strong data-start=\"1773\" data-end=\"1792\">Especificaciones:<\/strong><\/p>\n<ul data-start=\"1795\" data-end=\"2087\">\n<li data-start=\"1795\" data-end=\"1817\">\n<p data-start=\"1797\" data-end=\"1817\"><strong data-start=\"1797\" data-end=\"1807\">Modelo:<\/strong> SD9045C<\/p>\n<\/li>\n<li data-start=\"1818\" data-end=\"1867\">\n<p data-start=\"1820\" data-end=\"1867\"><strong data-start=\"1820\" data-end=\"1829\">Tipo:<\/strong> Abrazadera de 90\u00b0 vidrio-vidrio con tapa<\/p>\n<\/li>\n<li data-start=\"1868\" data-end=\"1891\">\n<p data-start=\"1870\" data-end=\"1891\"><strong data-start=\"1870\" data-end=\"1883\">Material:<\/strong> Lat\u00f3n<\/p>\n<\/li>\n<li data-start=\"1892\" data-end=\"1918\">\n<p data-start=\"1894\" data-end=\"1918\"><strong data-start=\"1894\" data-end=\"1904\">Forma:<\/strong> Rectangular<\/p>\n<\/li>\n<li data-start=\"1919\" data-end=\"1955\">\n<p data-start=\"1921\" data-end=\"1955\"><strong data-start=\"1921\" data-end=\"1946\">Se adapta al grosor del cristal:<\/strong> 8-12 mm<\/p>\n<\/li>\n<li data-start=\"1956\" data-end=\"1992\">\n<p data-start=\"1958\" data-end=\"1992\"><strong data-start=\"1958\" data-end=\"1978\">Peso m\u00e1ximo de la puerta:<\/strong> 45kg \/ 2pcs<\/p>\n<\/li>\n<li data-start=\"1993\" data-end=\"2087\">\n<p data-start=\"1995\" data-end=\"2087\"><strong data-start=\"1995\" data-end=\"2014\">Opciones de acabado:<\/strong> Cromo pulido, Oro pulido, N\u00edquel cepillado, Gun Metal, Negro mate<\/p>\n<\/li>\n<\/ul>\n<h2 id=\"tablepress-4-name\" class=\"tablepress-table-name tablepress-table-name-id-4\">Abrazaderas de lat\u00f3n para puertas de ducha Serie SD9045<\/h2>\n\n<table id=\"tablepress-4\" class=\"tablepress tablepress-id-4\" aria-labelledby=\"tablepress-4-name\">\n<thead>\n<tr class=\"row-1\">\n\t<th class=\"column-1\"><strong>Modelo<\/strong><\/th><th class=\"column-2\"><strong>Imagen<\/strong><\/th><th class=\"column-3\"><strong>Tipo<\/strong><\/th><th class=\"column-4\"><strong>\u00c1ngulo<\/strong><\/th><th class=\"column-5\"><strong>Forma<\/strong><\/th><th class=\"column-6\"><strong>Caracter\u00edstica<\/strong><\/th>\n<\/tr>\n<\/thead>\n<tbody class=\"row-striping row-hover\">\n<tr class=\"row-2\">\n\t<td class=\"column-1\"><a href=\"https:\/\/showerglasshardware.com\/es-es\/product\/sd9045a-brass-90-glass-to-wall-clamp-clip-with-cover\/\">SD9045A<\/a><\/td><td class=\"column-2\"><a href=\"https:\/\/showerglasshardware.com\/wp-content\/uploads\/2025\/10\/SD9045A-Black-Size.jpg\"><img decoding=\"async\" src=\"https:\/\/showerglasshardware.com\/wp-content\/uploads\/2025\/10\/SD9045A-Black-Size-300x300.jpg\" alt=\"SD9045A Abrazadera de lat\u00f3n de 90\u00b0 para vidrio a pared con tapa Tama\u00f1o\" width=\"60\" height=\"60\" class=\"alignnone size-medium wp-image-4818\" title=\"\" srcset=\"https:\/\/showerglasshardware.com\/wp-content\/uploads\/2025\/10\/SD9045A-Black-Size-300x300.jpg 300w, https:\/\/showerglasshardware.com\/wp-content\/uploads\/2025\/10\/SD9045A-Black-Size-150x150.jpg 150w, https:\/\/showerglasshardware.com\/wp-content\/uploads\/2025\/10\/SD9045A-Black-Size-768x768.jpg 768w, https:\/\/showerglasshardware.com\/wp-content\/uploads\/2025\/10\/SD9045A-Black-Size-12x12.jpg 12w, https:\/\/showerglasshardware.com\/wp-content\/uploads\/2025\/10\/SD9045A-Black-Size-600x600.jpg 600w, https:\/\/showerglasshardware.com\/wp-content\/uploads\/2025\/10\/SD9045A-Black-Size-100x100.jpg 100w, https:\/\/showerglasshardware.com\/wp-content\/uploads\/2025\/10\/SD9045A-Black-Size.jpg 800w\" sizes=\"(max-width: 60px) 100vw, 60px\" \/><\/a><\/td><td class=\"column-3\">Vidrio a pared<\/td><td class=\"column-4\">90\u00b0<\/td><td class=\"column-5\">Rect\u00e1ngulo<\/td><td class=\"column-6\">Con tapa, corte redondo<\/td>\n<\/tr>\n<tr class=\"row-3\">\n\t<td class=\"column-1\"><a href=\"https:\/\/showerglasshardware.com\/es-es\/product\/sd9045b-l-shape-brass-90-glass-to-wall-clip-bracket\/\">SD9045B<\/a><\/td><td class=\"column-2\"><a href=\"https:\/\/showerglasshardware.com\/wp-content\/uploads\/2025\/10\/SD9045B-Black-Size.jpg\"><img decoding=\"async\" src=\"https:\/\/showerglasshardware.com\/wp-content\/uploads\/2025\/10\/SD9045B-Black-Size-300x300.jpg\" alt=\"SD9045B Abrazadera de lat\u00f3n en forma de L de 90\u00b0 para vidrio a pared Tama\u00f1o\" width=\"60\" height=\"60\" class=\"alignnone size-medium wp-image-4821\" title=\"\" srcset=\"https:\/\/showerglasshardware.com\/wp-content\/uploads\/2025\/10\/SD9045B-Black-Size-300x300.jpg 300w, https:\/\/showerglasshardware.com\/wp-content\/uploads\/2025\/10\/SD9045B-Black-Size-150x150.jpg 150w, https:\/\/showerglasshardware.com\/wp-content\/uploads\/2025\/10\/SD9045B-Black-Size-768x768.jpg 768w, https:\/\/showerglasshardware.com\/wp-content\/uploads\/2025\/10\/SD9045B-Black-Size-12x12.jpg 12w, https:\/\/showerglasshardware.com\/wp-content\/uploads\/2025\/10\/SD9045B-Black-Size-600x600.jpg 600w, https:\/\/showerglasshardware.com\/wp-content\/uploads\/2025\/10\/SD9045B-Black-Size-100x100.jpg 100w, https:\/\/showerglasshardware.com\/wp-content\/uploads\/2025\/10\/SD9045B-Black-Size.jpg 800w\" sizes=\"(max-width: 60px) 100vw, 60px\" \/><\/a><\/td><td class=\"column-3\">Vidrio a pared<\/td><td class=\"column-4\">90\u00b0<\/td><td class=\"column-5\">Rect\u00e1ngulo<\/td><td class=\"column-6\">Con cubierta, alta estabilidad<\/td>\n<\/tr>\n<tr class=\"row-4\">\n\t<td class=\"column-1\"><a href=\"https:\/\/showerglasshardware.com\/es-es\/product\/sd9045c-brass-90-glass-to-glass-clamp-clip-with-cover\/\">SD9045C<\/a><\/td><td class=\"column-2\"><a href=\"https:\/\/showerglasshardware.com\/wp-content\/uploads\/2025\/10\/SD9045C-Black-Size.jpg\"><img decoding=\"async\" src=\"https:\/\/showerglasshardware.com\/wp-content\/uploads\/2025\/10\/SD9045C-Black-Size-300x300.jpg\" alt=\"\" width=\"60\" height=\"60\" class=\"alignnone size-medium wp-image-4830\" title=\"\" srcset=\"https:\/\/showerglasshardware.com\/wp-content\/uploads\/2025\/10\/SD9045C-Black-Size-300x300.jpg 300w, https:\/\/showerglasshardware.com\/wp-content\/uploads\/2025\/10\/SD9045C-Black-Size-150x150.jpg 150w, https:\/\/showerglasshardware.com\/wp-content\/uploads\/2025\/10\/SD9045C-Black-Size-768x768.jpg 768w, https:\/\/showerglasshardware.com\/wp-content\/uploads\/2025\/10\/SD9045C-Black-Size-12x12.jpg 12w, https:\/\/showerglasshardware.com\/wp-content\/uploads\/2025\/10\/SD9045C-Black-Size-600x600.jpg 600w, https:\/\/showerglasshardware.com\/wp-content\/uploads\/2025\/10\/SD9045C-Black-Size-100x100.jpg 100w, https:\/\/showerglasshardware.com\/wp-content\/uploads\/2025\/10\/SD9045C-Black-Size.jpg 800w\" sizes=\"(max-width: 60px) 100vw, 60px\" \/><\/a><\/td><td class=\"column-3\">De vidrio a vidrio<\/td><td class=\"column-4\">90\u00b0<\/td><td class=\"column-5\">Rect\u00e1ngulo<\/td><td class=\"column-6\">Con tapa, acabado limpio<\/td>\n<\/tr>\n<\/tbody>\n<\/table>\n<!-- #tablepress-4 from cache -->","protected":false},"excerpt":{"rendered":"<ul>\n<li>Material de lat\u00f3n<\/li>\n<li>Pinza esquinera de cristal rectangular con tapa<\/li>\n<li>Abrazaderas de vidrio a vidrio de 90\u00b0<\/li>\n<li>Espesor del vidrio: 8-12 mm;<\/li>\n<li>Peso m\u00e1ximo de la puerta de vidrio: 45 kg (2 piezas);<\/li>\n<li>Acabado: Cromo Pulido; Oro pulido; n\u00edquel cepillado; Metal de pistola; Negro mate<\/li>\n<\/ul>","protected":false},"featured_media":4829,"comment_status":"open","ping_status":"closed","template":"","meta":{"_acf_changed":false},"product_brand":[],"product_cat":[24,109],"product_tag":[],"class_list":{"0":"post-4798","1":"product","2":"type-product","3":"status-publish","4":"has-post-thumbnail","6":"product_cat-shower-glass-clamps","7":"product_cat-glass-to-glass-clamps","8":"pa_finish-brushed-nickel","9":"pa_finish-chrome","10":"pa_finish-gold","11":"pa_finish-gun-metal","12":"pa_finish-black","13":"pa_glass-thickness-1-2-inch-12mm","14":"pa_glass-thickness-3-8-inch-10mm","15":"pa_glass-thickness-5-16-inch-8mm","16":"pa_load-bearing-45kg-2pcs","17":"pa_material-brass","19":"first","20":"instock","21":"taxable","22":"shipping-taxable","23":"product-type-simple"},"acf":[],"_links":{"self":[{"href":"https:\/\/showerglasshardware.com\/es-es\/wp-json\/wp\/v2\/product\/4798","targetHints":{"allow":["GET"]}}],"collection":[{"href":"https:\/\/showerglasshardware.com\/es-es\/wp-json\/wp\/v2\/product"}],"about":[{"href":"https:\/\/showerglasshardware.com\/es-es\/wp-json\/wp\/v2\/types\/product"}],"replies":[{"embeddable":true,"href":"https:\/\/showerglasshardware.com\/es-es\/wp-json\/wp\/v2\/comments?post=4798"}],"version-history":[{"count":4,"href":"https:\/\/showerglasshardware.com\/es-es\/wp-json\/wp\/v2\/product\/4798\/revisions"}],"predecessor-version":[{"id":4866,"href":"https:\/\/showerglasshardware.com\/es-es\/wp-json\/wp\/v2\/product\/4798\/revisions\/4866"}],"wp:featuredmedia":[{"embeddable":true,"href":"https:\/\/showerglasshardware.com\/es-es\/wp-json\/wp\/v2\/media\/4829"}],"wp:attachment":[{"href":"https:\/\/showerglasshardware.com\/es-es\/wp-json\/wp\/v2\/media?parent=4798"}],"wp:term":[{"taxonomy":"product_brand","embeddable":true,"href":"https:\/\/showerglasshardware.com\/es-es\/wp-json\/wp\/v2\/product_brand?post=4798"},{"taxonomy":"product_cat","embeddable":true,"href":"https:\/\/showerglasshardware.com\/es-es\/wp-json\/wp\/v2\/product_cat?post=4798"},{"taxonomy":"product_tag","embeddable":true,"href":"https:\/\/showerglasshardware.com\/es-es\/wp-json\/wp\/v2\/product_tag?post=4798"}],"curies":[{"name":"wp","href":"https:\/\/api.w.org\/{rel}","templated":true}]}}