{"id":4807,"date":"2025-10-12T14:19:36","date_gmt":"2025-10-12T14:19:36","guid":{"rendered":"https:\/\/showerglasshardware.com\/?post_type=product&#038;p=4807"},"modified":"2025-10-12T15:08:18","modified_gmt":"2025-10-12T15:08:18","slug":"sdc141-square-brass-90-glass-to-wall-clamp-clip","status":"publish","type":"product","link":"https:\/\/showerglasshardware.com\/es-es\/product\/sdc141-square-brass-90-glass-to-wall-clamp-clip\/","title":{"rendered":"SDC141 Pinza cuadrada de lat\u00f3n de 90\u00b0 para vidrio a pared"},"content":{"rendered":"<p data-start=\"614\" data-end=\"766\">El clip de sujeci\u00f3n de 90\u00b0 de lat\u00f3n cuadrado SDC141 para cristal a pared proporciona una soluci\u00f3n fiable y elegante para fijar paneles de cristal de ducha sin marco a las paredes.<\/p>\n<p data-start=\"768\" data-end=\"1144\">Fabricada en lat\u00f3n macizo, esta abrazadera ofrece una excelente solidez, resistencia a la corrosi\u00f3n y durabilidad a largo plazo, lo que la hace perfecta para su uso en cuartos de ba\u00f1o h\u00famedos. La configuraci\u00f3n de 90\u00b0 entre el cristal y la pared garantiza una instalaci\u00f3n segura y estable, mientras que el dise\u00f1o compacto cuadrado de 45\u00d745 mm aporta una est\u00e9tica limpia y moderna que se adapta a las mamparas de ducha contempor\u00e1neas.<\/p>\n<p data-start=\"1146\" data-end=\"1353\">Dise\u00f1ada para adaptarse a cristales de 6 a 12 mm de grosor, la SDC141 soporta hasta 35 kg por cada dos abrazaderas, ofreciendo a la vez rendimiento y estilo. El recorte de orificio redondo garantiza una f\u00e1cil alineaci\u00f3n y precisi\u00f3n de instalaci\u00f3n.<\/p>\n<p data-start=\"1355\" data-end=\"1374\"><strong data-start=\"1355\" data-end=\"1372\">Caracter\u00edsticas clave:<\/strong><\/p>\n<ul data-start=\"1375\" data-end=\"1771\">\n<li data-start=\"1375\" data-end=\"1425\">\n<p data-start=\"1377\" data-end=\"1425\"><strong data-start=\"1377\" data-end=\"1386\">Tipo:<\/strong> abrazadera cuadrada de lat\u00f3n de 90\u00b0 para vidrio a pared<\/p>\n<\/li>\n<li data-start=\"1426\" data-end=\"1495\">\n<p data-start=\"1428\" data-end=\"1495\"><strong data-start=\"1428\" data-end=\"1441\">Material:<\/strong> Lat\u00f3n macizo para mayor durabilidad y resistencia a la corrosi\u00f3n<\/p>\n<\/li>\n<li data-start=\"1496\" data-end=\"1548\">\n<p data-start=\"1498\" data-end=\"1548\"><strong data-start=\"1498\" data-end=\"1522\">Compatibilidad de vidrio:<\/strong> Se adapta a cristales de 6-12 mm de grosor<\/p>\n<\/li>\n<li data-start=\"1549\" data-end=\"1606\">\n<p data-start=\"1551\" data-end=\"1606\"><strong data-start=\"1551\" data-end=\"1569\">Capacidad de carga:<\/strong> Soporta hasta 35 kg por cada dos abrazaderas<\/p>\n<\/li>\n<li data-start=\"1607\" data-end=\"1685\">\n<p data-start=\"1609\" data-end=\"1685\"><strong data-start=\"1609\" data-end=\"1620\">Dise\u00f1o:<\/strong> Cuerpo cuadrado de 45\u00d745 mm, dise\u00f1o minimalista con orificio de corte redondo<\/p>\n<\/li>\n<li data-start=\"1686\" data-end=\"1771\">\n<p data-start=\"1688\" data-end=\"1771\"><strong data-start=\"1688\" data-end=\"1705\">Aplicaciones:<\/strong> Puertas de ducha sin marco, mamparas de cristal y mamparas modernas<\/p>\n<\/li>\n<\/ul>\n<p data-start=\"1773\" data-end=\"1794\"><strong data-start=\"1773\" data-end=\"1792\">Especificaciones:<\/strong><\/p>\n<ul data-start=\"1795\" data-end=\"2154\">\n<li data-start=\"1795\" data-end=\"1816\">\n<p data-start=\"1797\" data-end=\"1816\"><strong data-start=\"1797\" data-end=\"1807\">Modelo:<\/strong> SDC141<\/p>\n<\/li>\n<li data-start=\"1817\" data-end=\"1861\">\n<p data-start=\"1819\" data-end=\"1861\"><strong data-start=\"1819\" data-end=\"1828\">Tipo:<\/strong> Abrazadera cuadrada de 90\u00b0 vidrio-pared<\/p>\n<\/li>\n<li data-start=\"1862\" data-end=\"1885\">\n<p data-start=\"1864\" data-end=\"1885\"><strong data-start=\"1864\" data-end=\"1877\">Material:<\/strong> Lat\u00f3n<\/p>\n<\/li>\n<li data-start=\"1886\" data-end=\"1907\">\n<p data-start=\"1888\" data-end=\"1907\"><strong data-start=\"1888\" data-end=\"1898\">Forma:<\/strong> Cuadrado<\/p>\n<\/li>\n<li data-start=\"1908\" data-end=\"1931\">\n<p data-start=\"1910\" data-end=\"1931\"><strong data-start=\"1910\" data-end=\"1919\">Tama\u00f1o:<\/strong> 45 \u00d7 45 mm<\/p>\n<\/li>\n<li data-start=\"1932\" data-end=\"1968\">\n<p data-start=\"1934\" data-end=\"1968\"><strong data-start=\"1934\" data-end=\"1959\">Se adapta al grosor del cristal:<\/strong> 6-12 mm<\/p>\n<\/li>\n<li data-start=\"1969\" data-end=\"2005\">\n<p data-start=\"1971\" data-end=\"2005\"><strong data-start=\"1971\" data-end=\"1991\">Peso m\u00e1ximo de la puerta:<\/strong> 35kg \/ 2pcs<\/p>\n<\/li>\n<li data-start=\"2006\" data-end=\"2059\">\n<p data-start=\"2008\" data-end=\"2059\"><strong data-start=\"2008\" data-end=\"2026\">Recorte de cristal:<\/strong> Agujero redondo (\u00d816, separaci\u00f3n 22mm)<\/p>\n<\/li>\n<li data-start=\"2060\" data-end=\"2154\">\n<p data-start=\"2062\" data-end=\"2154\"><strong data-start=\"2062\" data-end=\"2081\">Opciones de acabado:<\/strong> Cromo pulido, Oro pulido, N\u00edquel cepillado, Gun Metal, Negro mate<\/p>\n<\/li>\n<\/ul>\n<h2 id=\"tablepress-3-name\" class=\"tablepress-table-name tablepress-table-name-id-3\">Abrazaderas de lat\u00f3n para puertas de ducha de cristal Serie SDC<\/h2>\n\n<table id=\"tablepress-3\" class=\"tablepress tablepress-id-3\" aria-labelledby=\"tablepress-3-name\">\n<thead>\n<tr class=\"row-1\">\n\t<th class=\"column-1\"><strong>Modelo<\/strong><\/th><th class=\"column-2\"><strong>Imagen<\/strong><\/th><th class=\"column-3\"><strong>Tipo<\/strong><\/th><th class=\"column-4\"><strong>\u00c1ngulo<\/strong><\/th><th class=\"column-5\"><strong>Forma<\/strong><\/th><th class=\"column-6\"><strong>Tama\u00f1o<\/strong><\/th><th class=\"column-7\"><strong>Caracter\u00edstica<\/strong><\/th>\n<\/tr>\n<\/thead>\n<tbody class=\"row-striping row-hover\">\n<tr class=\"row-2\">\n\t<td class=\"column-1\"><a href=\"https:\/\/showerglasshardware.com\/es-es\/product\/sdc140b-square-brass-90-glass-to-wall-round-hole-clip\/\">SDC140B<\/a><\/td><td class=\"column-2\"><a href=\"https:\/\/showerglasshardware.com\/wp-content\/uploads\/2025\/10\/SDC140B-Square-Brass-90\u00b0-Glass-to-Wall-Round-Hole-Clip-Size.jpg\"><img decoding=\"async\" src=\"https:\/\/showerglasshardware.com\/wp-content\/uploads\/2025\/10\/SDC140B-Square-Brass-90\u00b0-Glass-to-Wall-Round-Hole-Clip-Size-300x300.jpg\" alt=\"SDC140B Lat\u00f3n Cuadrado 90\u00b0 Vidrio a Pared Agujero Redondo Tama\u00f1o Clip\" width=\"60\" height=\"60\" class=\"alignnone size-medium wp-image-4849\" title=\"\" srcset=\"https:\/\/showerglasshardware.com\/wp-content\/uploads\/2025\/10\/SDC140B-Square-Brass-90\u00b0-Glass-to-Wall-Round-Hole-Clip-Size-300x300.jpg 300w, https:\/\/showerglasshardware.com\/wp-content\/uploads\/2025\/10\/SDC140B-Square-Brass-90\u00b0-Glass-to-Wall-Round-Hole-Clip-Size-150x150.jpg 150w, https:\/\/showerglasshardware.com\/wp-content\/uploads\/2025\/10\/SDC140B-Square-Brass-90\u00b0-Glass-to-Wall-Round-Hole-Clip-Size-768x768.jpg 768w, https:\/\/showerglasshardware.com\/wp-content\/uploads\/2025\/10\/SDC140B-Square-Brass-90\u00b0-Glass-to-Wall-Round-Hole-Clip-Size-12x12.jpg 12w, https:\/\/showerglasshardware.com\/wp-content\/uploads\/2025\/10\/SDC140B-Square-Brass-90\u00b0-Glass-to-Wall-Round-Hole-Clip-Size-600x600.jpg 600w, https:\/\/showerglasshardware.com\/wp-content\/uploads\/2025\/10\/SDC140B-Square-Brass-90\u00b0-Glass-to-Wall-Round-Hole-Clip-Size-100x100.jpg 100w, https:\/\/showerglasshardware.com\/wp-content\/uploads\/2025\/10\/SDC140B-Square-Brass-90\u00b0-Glass-to-Wall-Round-Hole-Clip-Size.jpg 800w\" sizes=\"(max-width: 60px) 100vw, 60px\" \/><\/a><\/td><td class=\"column-3\">Vidrio a pared<\/td><td class=\"column-4\">90\u00b0<\/td><td class=\"column-5\">Cuadrado<\/td><td class=\"column-6\">45\u00d745 mm<\/td><td class=\"column-7\">Agujero redondo, compacto<\/td>\n<\/tr>\n<tr class=\"row-3\">\n\t<td class=\"column-1\"><a href=\"https:\/\/showerglasshardware.com\/es-es\/product\/sdc140c-square-brass-180-glass-to-wall-long-clamp\/\">SDC140C<\/a><\/td><td class=\"column-2\"><a href=\"https:\/\/showerglasshardware.com\/wp-content\/uploads\/2025\/10\/SDC140C-Black-Size.jpg\"><img decoding=\"async\" src=\"https:\/\/showerglasshardware.com\/wp-content\/uploads\/2025\/10\/SDC140C-Black-Size-300x300.jpg\" alt=\"SDC140C Lat\u00f3n cuadrado 180\u00b0 Vidrio a pared Abrazadera larga Tama\u00f1o\" width=\"60\" height=\"60\" class=\"alignnone size-medium wp-image-4837\" title=\"\" srcset=\"https:\/\/showerglasshardware.com\/wp-content\/uploads\/2025\/10\/SDC140C-Black-Size-300x300.jpg 300w, https:\/\/showerglasshardware.com\/wp-content\/uploads\/2025\/10\/SDC140C-Black-Size-150x150.jpg 150w, https:\/\/showerglasshardware.com\/wp-content\/uploads\/2025\/10\/SDC140C-Black-Size-768x768.jpg 768w, https:\/\/showerglasshardware.com\/wp-content\/uploads\/2025\/10\/SDC140C-Black-Size-12x12.jpg 12w, https:\/\/showerglasshardware.com\/wp-content\/uploads\/2025\/10\/SDC140C-Black-Size-600x600.jpg 600w, https:\/\/showerglasshardware.com\/wp-content\/uploads\/2025\/10\/SDC140C-Black-Size-100x100.jpg 100w, https:\/\/showerglasshardware.com\/wp-content\/uploads\/2025\/10\/SDC140C-Black-Size.jpg 800w\" sizes=\"(max-width: 60px) 100vw, 60px\" \/><\/a><\/td><td class=\"column-3\">Vidrio a pared<\/td><td class=\"column-4\">180\u00b0<\/td><td class=\"column-5\">Cuadrado<\/td><td class=\"column-6\">45\u00d792 mm<\/td><td class=\"column-7\">Pinza larga<\/td>\n<\/tr>\n<tr class=\"row-4\">\n\t<td class=\"column-1\"><a href=\"https:\/\/showerglasshardware.com\/es-es\/product\/sdc141-square-brass-90-glass-to-wall-clamp-clip\/\">SDC141<\/a><\/td><td class=\"column-2\"><a href=\"https:\/\/showerglasshardware.com\/wp-content\/uploads\/2025\/10\/SDC141-Square-Brass-90\u00b0-Glass-to-Wall-Clamp-Clip-Size.jpg\"><img decoding=\"async\" src=\"https:\/\/showerglasshardware.com\/wp-content\/uploads\/2025\/10\/SDC141-Square-Brass-90\u00b0-Glass-to-Wall-Clamp-Clip-Size-300x300.jpg\" alt=\"SDC141 Abrazadera cuadrada de lat\u00f3n de 90\u00b0 para vidrio a pared Tama\u00f1o de la abrazadera\" width=\"60\" height=\"60\" class=\"alignnone size-medium wp-image-4846\" title=\"\" srcset=\"https:\/\/showerglasshardware.com\/wp-content\/uploads\/2025\/10\/SDC141-Square-Brass-90\u00b0-Glass-to-Wall-Clamp-Clip-Size-300x300.jpg 300w, https:\/\/showerglasshardware.com\/wp-content\/uploads\/2025\/10\/SDC141-Square-Brass-90\u00b0-Glass-to-Wall-Clamp-Clip-Size-150x150.jpg 150w, https:\/\/showerglasshardware.com\/wp-content\/uploads\/2025\/10\/SDC141-Square-Brass-90\u00b0-Glass-to-Wall-Clamp-Clip-Size-768x768.jpg 768w, https:\/\/showerglasshardware.com\/wp-content\/uploads\/2025\/10\/SDC141-Square-Brass-90\u00b0-Glass-to-Wall-Clamp-Clip-Size-12x12.jpg 12w, https:\/\/showerglasshardware.com\/wp-content\/uploads\/2025\/10\/SDC141-Square-Brass-90\u00b0-Glass-to-Wall-Clamp-Clip-Size-600x600.jpg 600w, https:\/\/showerglasshardware.com\/wp-content\/uploads\/2025\/10\/SDC141-Square-Brass-90\u00b0-Glass-to-Wall-Clamp-Clip-Size-100x100.jpg 100w, https:\/\/showerglasshardware.com\/wp-content\/uploads\/2025\/10\/SDC141-Square-Brass-90\u00b0-Glass-to-Wall-Clamp-Clip-Size.jpg 800w\" sizes=\"(max-width: 60px) 100vw, 60px\" \/><\/a><\/td><td class=\"column-3\">Vidrio a pared<\/td><td class=\"column-4\">90\u00b0<\/td><td class=\"column-5\">Cuadrado<\/td><td class=\"column-6\">45\u00d745 mm<\/td><td class=\"column-7\">Agujero est\u00e1ndar<\/td>\n<\/tr>\n<tr class=\"row-5\">\n\t<td class=\"column-1\"><a href=\"https:\/\/showerglasshardware.com\/es-es\/product\/sdc142-square-brass-90-glass-to-glass-clamp-clip\/\">SDC142<\/a><\/td><td class=\"column-2\"><a href=\"https:\/\/showerglasshardware.com\/wp-content\/uploads\/2025\/10\/SDC142-Square-Brass-90\u00b0-Glass-to-Glass-Clamp-Clip-Size.jpg\"><img loading=\"lazy\" decoding=\"async\" src=\"https:\/\/showerglasshardware.com\/wp-content\/uploads\/2025\/10\/SDC142-Square-Brass-90\u00b0-Glass-to-Glass-Clamp-Clip-Size-300x300.jpg\" alt=\"SDC142 Abrazadera cuadrada de lat\u00f3n de 90\u00b0 de vidrio a vidrio Tama\u00f1o de la abrazadera\" width=\"60\" height=\"60\" class=\"alignnone size-medium wp-image-4852\" title=\"\" srcset=\"https:\/\/showerglasshardware.com\/wp-content\/uploads\/2025\/10\/SDC142-Square-Brass-90\u00b0-Glass-to-Glass-Clamp-Clip-Size-300x300.jpg 300w, https:\/\/showerglasshardware.com\/wp-content\/uploads\/2025\/10\/SDC142-Square-Brass-90\u00b0-Glass-to-Glass-Clamp-Clip-Size-150x150.jpg 150w, https:\/\/showerglasshardware.com\/wp-content\/uploads\/2025\/10\/SDC142-Square-Brass-90\u00b0-Glass-to-Glass-Clamp-Clip-Size-768x768.jpg 768w, https:\/\/showerglasshardware.com\/wp-content\/uploads\/2025\/10\/SDC142-Square-Brass-90\u00b0-Glass-to-Glass-Clamp-Clip-Size-12x12.jpg 12w, https:\/\/showerglasshardware.com\/wp-content\/uploads\/2025\/10\/SDC142-Square-Brass-90\u00b0-Glass-to-Glass-Clamp-Clip-Size-600x600.jpg 600w, https:\/\/showerglasshardware.com\/wp-content\/uploads\/2025\/10\/SDC142-Square-Brass-90\u00b0-Glass-to-Glass-Clamp-Clip-Size-100x100.jpg 100w, https:\/\/showerglasshardware.com\/wp-content\/uploads\/2025\/10\/SDC142-Square-Brass-90\u00b0-Glass-to-Glass-Clamp-Clip-Size.jpg 800w\" sizes=\"(max-width: 60px) 100vw, 60px\" \/><\/a><\/td><td class=\"column-3\">De vidrio a vidrio<\/td><td class=\"column-4\">90\u00b0<\/td><td class=\"column-5\">Cuadrado<\/td><td class=\"column-6\">45\u00d745 mm<\/td><td class=\"column-7\">Abrazadera de esquina<\/td>\n<\/tr>\n<tr class=\"row-6\">\n\t<td class=\"column-1\"><a href=\"https:\/\/showerglasshardware.com\/es-es\/product\/sdc143-square-brass-135-glass-to-glass-bracket-clip\/\">SDC143<\/a><\/td><td class=\"column-2\"><a href=\"https:\/\/showerglasshardware.com\/wp-content\/uploads\/2025\/10\/SDC143-Square-Brass-135\u00b0-Glass-to-Glass-Bracket-Clip-Size.jpg\"><img loading=\"lazy\" decoding=\"async\" src=\"https:\/\/showerglasshardware.com\/wp-content\/uploads\/2025\/10\/SDC143-Square-Brass-135\u00b0-Glass-to-Glass-Bracket-Clip-Size-300x300.jpg\" alt=\"SDC142 Pinza cuadrada de lat\u00f3n de 90\u00b0 para vidrio a vidrio Tama\u00f1o de pinza\" width=\"60\" height=\"60\" class=\"alignnone size-medium wp-image-4842\" title=\"\" srcset=\"https:\/\/showerglasshardware.com\/wp-content\/uploads\/2025\/10\/SDC143-Square-Brass-135\u00b0-Glass-to-Glass-Bracket-Clip-Size-300x300.jpg 300w, https:\/\/showerglasshardware.com\/wp-content\/uploads\/2025\/10\/SDC143-Square-Brass-135\u00b0-Glass-to-Glass-Bracket-Clip-Size-150x150.jpg 150w, https:\/\/showerglasshardware.com\/wp-content\/uploads\/2025\/10\/SDC143-Square-Brass-135\u00b0-Glass-to-Glass-Bracket-Clip-Size-768x768.jpg 768w, https:\/\/showerglasshardware.com\/wp-content\/uploads\/2025\/10\/SDC143-Square-Brass-135\u00b0-Glass-to-Glass-Bracket-Clip-Size-12x12.jpg 12w, https:\/\/showerglasshardware.com\/wp-content\/uploads\/2025\/10\/SDC143-Square-Brass-135\u00b0-Glass-to-Glass-Bracket-Clip-Size-600x600.jpg 600w, https:\/\/showerglasshardware.com\/wp-content\/uploads\/2025\/10\/SDC143-Square-Brass-135\u00b0-Glass-to-Glass-Bracket-Clip-Size-100x100.jpg 100w, https:\/\/showerglasshardware.com\/wp-content\/uploads\/2025\/10\/SDC143-Square-Brass-135\u00b0-Glass-to-Glass-Bracket-Clip-Size.jpg 800w\" sizes=\"(max-width: 60px) 100vw, 60px\" \/><\/a><\/td><td class=\"column-3\">De vidrio a vidrio<\/td><td class=\"column-4\">135\u00b0<\/td><td class=\"column-5\">Cuadrado<\/td><td class=\"column-6\">45\u00d745 mm<\/td><td class=\"column-7\">Conexi\u00f3n en \u00e1ngulo<\/td>\n<\/tr>\n<tr class=\"row-7\">\n\t<td class=\"column-1\"><a href=\"https:\/\/showerglasshardware.com\/es-es\/product\/sdc144-square-brass-180-glass-to-glass-clamp-clip\/\">SDC144<\/a><\/td><td class=\"column-2\"><a href=\"https:\/\/showerglasshardware.com\/wp-content\/uploads\/2025\/10\/SDC144-Black-Size.jpg\"><img loading=\"lazy\" decoding=\"async\" src=\"https:\/\/showerglasshardware.com\/wp-content\/uploads\/2025\/10\/SDC144-Black-Size-300x300.jpg\" alt=\"SDC144 Pinza cuadrada de lat\u00f3n de 180\u00b0 para sujeci\u00f3n de vidrio a vidrio\" width=\"60\" height=\"60\" class=\"alignnone size-medium wp-image-4834\" title=\"\" srcset=\"https:\/\/showerglasshardware.com\/wp-content\/uploads\/2025\/10\/SDC144-Black-Size-300x300.jpg 300w, https:\/\/showerglasshardware.com\/wp-content\/uploads\/2025\/10\/SDC144-Black-Size-150x150.jpg 150w, https:\/\/showerglasshardware.com\/wp-content\/uploads\/2025\/10\/SDC144-Black-Size-768x768.jpg 768w, https:\/\/showerglasshardware.com\/wp-content\/uploads\/2025\/10\/SDC144-Black-Size-12x12.jpg 12w, https:\/\/showerglasshardware.com\/wp-content\/uploads\/2025\/10\/SDC144-Black-Size-600x600.jpg 600w, https:\/\/showerglasshardware.com\/wp-content\/uploads\/2025\/10\/SDC144-Black-Size-100x100.jpg 100w, https:\/\/showerglasshardware.com\/wp-content\/uploads\/2025\/10\/SDC144-Black-Size.jpg 800w\" sizes=\"(max-width: 60px) 100vw, 60px\" \/><\/a><\/td><td class=\"column-3\">De vidrio a vidrio<\/td><td class=\"column-4\">180\u00b0<\/td><td class=\"column-5\">Cuadrado<\/td><td class=\"column-6\">45\u00d792 mm<\/td><td class=\"column-7\">Conexi\u00f3n en l\u00ednea<\/td>\n<\/tr>\n<\/tbody>\n<\/table>\n<!-- #tablepress-3 from cache -->","protected":false},"excerpt":{"rendered":"<p>Abrazadera cuadrada de 90\u00b0 de lat\u00f3n macizo para mamparas de ducha sin marco. Se adapta a cristal de 6-12 mm, soporta 35 kg por dos abrazaderas. Dise\u00f1o compacto de 45\u00d745 mm con orificio de corte redondo.<\/p>","protected":false},"featured_media":4845,"comment_status":"open","ping_status":"closed","template":"","meta":{"_acf_changed":false},"product_brand":[],"product_cat":[24,110],"product_tag":[],"class_list":{"0":"post-4807","1":"product","2":"type-product","3":"status-publish","4":"has-post-thumbnail","6":"product_cat-shower-glass-clamps","7":"product_cat-wall-mount-clamps","8":"pa_finish-brushed-nickel","9":"pa_finish-chrome","10":"pa_finish-gold","11":"pa_finish-gun-metal","12":"pa_finish-black","13":"pa_glass-thickness-1-2-inch-12mm","14":"pa_glass-thickness-1-4-inch-6mm","15":"pa_glass-thickness-3-8-inch-10mm","16":"pa_glass-thickness-5-16-inch-8mm","17":"pa_load-bearing-35kg-2pcs","18":"pa_material-brass","20":"first","21":"instock","22":"taxable","23":"shipping-taxable","24":"product-type-simple"},"acf":[],"_links":{"self":[{"href":"https:\/\/showerglasshardware.com\/es-es\/wp-json\/wp\/v2\/product\/4807","targetHints":{"allow":["GET"]}}],"collection":[{"href":"https:\/\/showerglasshardware.com\/es-es\/wp-json\/wp\/v2\/product"}],"about":[{"href":"https:\/\/showerglasshardware.com\/es-es\/wp-json\/wp\/v2\/types\/product"}],"replies":[{"embeddable":true,"href":"https:\/\/showerglasshardware.com\/es-es\/wp-json\/wp\/v2\/comments?post=4807"}],"version-history":[{"count":4,"href":"https:\/\/showerglasshardware.com\/es-es\/wp-json\/wp\/v2\/product\/4807\/revisions"}],"predecessor-version":[{"id":5303,"href":"https:\/\/showerglasshardware.com\/es-es\/wp-json\/wp\/v2\/product\/4807\/revisions\/5303"}],"wp:featuredmedia":[{"embeddable":true,"href":"https:\/\/showerglasshardware.com\/es-es\/wp-json\/wp\/v2\/media\/4845"}],"wp:attachment":[{"href":"https:\/\/showerglasshardware.com\/es-es\/wp-json\/wp\/v2\/media?parent=4807"}],"wp:term":[{"taxonomy":"product_brand","embeddable":true,"href":"https:\/\/showerglasshardware.com\/es-es\/wp-json\/wp\/v2\/product_brand?post=4807"},{"taxonomy":"product_cat","embeddable":true,"href":"https:\/\/showerglasshardware.com\/es-es\/wp-json\/wp\/v2\/product_cat?post=4807"},{"taxonomy":"product_tag","embeddable":true,"href":"https:\/\/showerglasshardware.com\/es-es\/wp-json\/wp\/v2\/product_tag?post=4807"}],"curies":[{"name":"wp","href":"https:\/\/api.w.org\/{rel}","templated":true}]}}