{"id":4809,"date":"2025-10-12T14:13:19","date_gmt":"2025-10-12T14:13:19","guid":{"rendered":"https:\/\/showerglasshardware.com\/?post_type=product&#038;p=4809"},"modified":"2025-12-22T01:17:57","modified_gmt":"2025-12-22T01:17:57","slug":"sdc142-square-brass-90-glass-to-glass-clamp-clip","status":"publish","type":"product","link":"https:\/\/showerglasshardware.com\/es-es\/product\/sdc142-square-brass-90-glass-to-glass-clamp-clip\/","title":{"rendered":"SDC142 Pinza cuadrada de lat\u00f3n de 90\u00b0 para vidrio a vidrio"},"content":{"rendered":"<p data-start=\"590\" data-end=\"733\">El SDC142 Square Brass 90\u00b0 Glass to Glass Clamp Clip es un conector duradero y elegante para mamparas y puertas de ducha de cristal sin marco.<\/p>\n<p data-start=\"735\" data-end=\"1043\">Fabricada en lat\u00f3n macizo, esta abrazadera proporciona una excelente solidez y resistencia a la corrosi\u00f3n, ideal para entornos de ba\u00f1o h\u00famedos. La configuraci\u00f3n de 90\u00b0 vidrio-vidrio permite una conexi\u00f3n precisa en \u00e1ngulo recto entre dos paneles de vidrio, de uso com\u00fan en mamparas de ducha, cub\u00edculos y esquinas de vidrio.<\/p>\n<p data-start=\"1045\" data-end=\"1324\">Con un dise\u00f1o cuadrado compacto de 45\u00d745 mm, este modelo ofrece un aspecto moderno y minimalista al tiempo que mantiene una alta funcionalidad. Dise\u00f1ado para cristales de 6-12 mm de grosor, puede soportar hasta 35 kg por cada dos abrazaderas. El recorte de orificio redondo garantiza una instalaci\u00f3n segura y sencilla.<\/p>\n<p data-start=\"1326\" data-end=\"1345\"><strong data-start=\"1326\" data-end=\"1343\">Caracter\u00edsticas clave:<\/strong><\/p>\n<ul data-start=\"1346\" data-end=\"1744\">\n<li data-start=\"1346\" data-end=\"1397\">\n<p data-start=\"1348\" data-end=\"1397\"><strong data-start=\"1348\" data-end=\"1357\">Tipo:<\/strong> abrazadera cuadrada de lat\u00f3n de 90\u00b0 vidrio-vidrio<\/p>\n<\/li>\n<li data-start=\"1398\" data-end=\"1460\">\n<p data-start=\"1400\" data-end=\"1460\"><strong data-start=\"1400\" data-end=\"1413\">Material:<\/strong> Lat\u00f3n macizo para mayor solidez y resistencia a la oxidaci\u00f3n<\/p>\n<\/li>\n<li data-start=\"1461\" data-end=\"1513\">\n<p data-start=\"1463\" data-end=\"1513\"><strong data-start=\"1463\" data-end=\"1487\">Compatibilidad de vidrio:<\/strong> Se adapta a cristales de 6-12 mm de grosor<\/p>\n<\/li>\n<li data-start=\"1514\" data-end=\"1571\">\n<p data-start=\"1516\" data-end=\"1571\"><strong data-start=\"1516\" data-end=\"1534\">Capacidad de carga:<\/strong> Soporta hasta 35 kg por cada dos abrazaderas<\/p>\n<\/li>\n<li data-start=\"1572\" data-end=\"1639\">\n<p data-start=\"1574\" data-end=\"1639\"><strong data-start=\"1574\" data-end=\"1585\">Dise\u00f1o:<\/strong> Forma cuadrada (45\u00d745 mm) con corte redondo de precisi\u00f3n<\/p>\n<\/li>\n<li data-start=\"1640\" data-end=\"1744\">\n<p data-start=\"1642\" data-end=\"1744\"><strong data-start=\"1642\" data-end=\"1659\">Aplicaciones:<\/strong> Perfecto para mamparas de ducha de cristal sin marco, juntas angulares y mamparas de cristal<\/p>\n<\/li>\n<\/ul>\n<p data-start=\"1746\" data-end=\"1767\"><strong data-start=\"1746\" data-end=\"1765\">Especificaciones:<\/strong><\/p>\n<ul data-start=\"1768\" data-end=\"2127\">\n<li data-start=\"1768\" data-end=\"1789\">\n<p data-start=\"1770\" data-end=\"1789\"><strong data-start=\"1770\" data-end=\"1780\">Modelo:<\/strong> SDC142<\/p>\n<\/li>\n<li data-start=\"1790\" data-end=\"1835\">\n<p data-start=\"1792\" data-end=\"1835\"><strong data-start=\"1792\" data-end=\"1801\">Tipo:<\/strong> Abrazadera cuadrada de 90\u00b0 vidrio-vidrio<\/p>\n<\/li>\n<li data-start=\"1836\" data-end=\"1859\">\n<p data-start=\"1838\" data-end=\"1859\"><strong data-start=\"1838\" data-end=\"1851\">Material:<\/strong> Lat\u00f3n<\/p>\n<\/li>\n<li data-start=\"1860\" data-end=\"1881\">\n<p data-start=\"1862\" data-end=\"1881\"><strong data-start=\"1862\" data-end=\"1872\">Forma:<\/strong> Cuadrado<\/p>\n<\/li>\n<li data-start=\"1882\" data-end=\"1905\">\n<p data-start=\"1884\" data-end=\"1905\"><strong data-start=\"1884\" data-end=\"1893\">Tama\u00f1o:<\/strong> 45 \u00d7 45 mm<\/p>\n<\/li>\n<li data-start=\"1906\" data-end=\"1942\">\n<p data-start=\"1908\" data-end=\"1942\"><strong data-start=\"1908\" data-end=\"1933\">Se adapta al grosor del cristal:<\/strong> 6-12 mm<\/p>\n<\/li>\n<li data-start=\"1943\" data-end=\"1979\">\n<p data-start=\"1945\" data-end=\"1979\"><strong data-start=\"1945\" data-end=\"1965\">Peso m\u00e1ximo de la puerta:<\/strong> 35kg \/ 2pcs<\/p>\n<\/li>\n<li data-start=\"1980\" data-end=\"2032\">\n<p data-start=\"1982\" data-end=\"2032\"><strong data-start=\"1982\" data-end=\"2000\">Recorte de cristal:<\/strong> Agujero redondo (espaciado \u00d816-22mm)<\/p>\n<\/li>\n<li data-start=\"2033\" data-end=\"2127\">\n<p data-start=\"2035\" data-end=\"2127\"><strong data-start=\"2035\" data-end=\"2054\">Opciones de acabado:<\/strong> Cromo pulido, Oro pulido, N\u00edquel cepillado, Gun Metal, Negro mate<\/p>\n<\/li>\n<\/ul>\n<h2 id=\"tablepress-3-name\" class=\"tablepress-table-name tablepress-table-name-id-3\">Abrazaderas de lat\u00f3n para puertas de ducha de cristal Serie SDC<\/h2>\n\n<table id=\"tablepress-3\" class=\"tablepress tablepress-id-3\" aria-labelledby=\"tablepress-3-name\">\n<thead>\n<tr class=\"row-1\">\n\t<th class=\"column-1\"><strong>Modelo<\/strong><\/th><th class=\"column-2\"><strong>Imagen<\/strong><\/th><th class=\"column-3\"><strong>Tipo<\/strong><\/th><th class=\"column-4\"><strong>\u00c1ngulo<\/strong><\/th><th class=\"column-5\"><strong>Forma<\/strong><\/th><th class=\"column-6\"><strong>Tama\u00f1o<\/strong><\/th><th class=\"column-7\"><strong>Caracter\u00edstica<\/strong><\/th>\n<\/tr>\n<\/thead>\n<tbody class=\"row-striping row-hover\">\n<tr class=\"row-2\">\n\t<td class=\"column-1\"><a href=\"https:\/\/showerglasshardware.com\/es-es\/product\/sdc140b-square-brass-90-glass-to-wall-round-hole-clip\/\">SDC140B<\/a><\/td><td class=\"column-2\"><a href=\"https:\/\/showerglasshardware.com\/wp-content\/uploads\/2025\/10\/SDC140B-Square-Brass-90\u00b0-Glass-to-Wall-Round-Hole-Clip-Size.jpg\"><img decoding=\"async\" src=\"https:\/\/showerglasshardware.com\/wp-content\/uploads\/2025\/10\/SDC140B-Square-Brass-90\u00b0-Glass-to-Wall-Round-Hole-Clip-Size-300x300.jpg\" alt=\"SDC140B Lat\u00f3n Cuadrado 90\u00b0 Vidrio a Pared Agujero Redondo Tama\u00f1o Clip\" width=\"60\" height=\"60\" class=\"alignnone size-medium wp-image-4849\" title=\"\" srcset=\"https:\/\/showerglasshardware.com\/wp-content\/uploads\/2025\/10\/SDC140B-Square-Brass-90\u00b0-Glass-to-Wall-Round-Hole-Clip-Size-300x300.jpg 300w, https:\/\/showerglasshardware.com\/wp-content\/uploads\/2025\/10\/SDC140B-Square-Brass-90\u00b0-Glass-to-Wall-Round-Hole-Clip-Size-150x150.jpg 150w, https:\/\/showerglasshardware.com\/wp-content\/uploads\/2025\/10\/SDC140B-Square-Brass-90\u00b0-Glass-to-Wall-Round-Hole-Clip-Size-768x768.jpg 768w, https:\/\/showerglasshardware.com\/wp-content\/uploads\/2025\/10\/SDC140B-Square-Brass-90\u00b0-Glass-to-Wall-Round-Hole-Clip-Size-12x12.jpg 12w, https:\/\/showerglasshardware.com\/wp-content\/uploads\/2025\/10\/SDC140B-Square-Brass-90\u00b0-Glass-to-Wall-Round-Hole-Clip-Size-600x600.jpg 600w, https:\/\/showerglasshardware.com\/wp-content\/uploads\/2025\/10\/SDC140B-Square-Brass-90\u00b0-Glass-to-Wall-Round-Hole-Clip-Size-100x100.jpg 100w, https:\/\/showerglasshardware.com\/wp-content\/uploads\/2025\/10\/SDC140B-Square-Brass-90\u00b0-Glass-to-Wall-Round-Hole-Clip-Size.jpg 800w\" sizes=\"(max-width: 60px) 100vw, 60px\" \/><\/a><\/td><td class=\"column-3\">Vidrio a pared<\/td><td class=\"column-4\">90\u00b0<\/td><td class=\"column-5\">Cuadrado<\/td><td class=\"column-6\">45\u00d745 mm<\/td><td class=\"column-7\">Agujero redondo, compacto<\/td>\n<\/tr>\n<tr class=\"row-3\">\n\t<td class=\"column-1\"><a href=\"https:\/\/showerglasshardware.com\/es-es\/product\/sdc140c-square-brass-180-glass-to-wall-long-clamp\/\">SDC140C<\/a><\/td><td class=\"column-2\"><a href=\"https:\/\/showerglasshardware.com\/wp-content\/uploads\/2025\/10\/SDC140C-Black-Size.jpg\"><img decoding=\"async\" src=\"https:\/\/showerglasshardware.com\/wp-content\/uploads\/2025\/10\/SDC140C-Black-Size-300x300.jpg\" alt=\"SDC140C Lat\u00f3n cuadrado 180\u00b0 Vidrio a pared Abrazadera larga Tama\u00f1o\" width=\"60\" height=\"60\" class=\"alignnone size-medium wp-image-4837\" title=\"\" srcset=\"https:\/\/showerglasshardware.com\/wp-content\/uploads\/2025\/10\/SDC140C-Black-Size-300x300.jpg 300w, https:\/\/showerglasshardware.com\/wp-content\/uploads\/2025\/10\/SDC140C-Black-Size-150x150.jpg 150w, https:\/\/showerglasshardware.com\/wp-content\/uploads\/2025\/10\/SDC140C-Black-Size-768x768.jpg 768w, https:\/\/showerglasshardware.com\/wp-content\/uploads\/2025\/10\/SDC140C-Black-Size-12x12.jpg 12w, https:\/\/showerglasshardware.com\/wp-content\/uploads\/2025\/10\/SDC140C-Black-Size-600x600.jpg 600w, https:\/\/showerglasshardware.com\/wp-content\/uploads\/2025\/10\/SDC140C-Black-Size-100x100.jpg 100w, https:\/\/showerglasshardware.com\/wp-content\/uploads\/2025\/10\/SDC140C-Black-Size.jpg 800w\" sizes=\"(max-width: 60px) 100vw, 60px\" \/><\/a><\/td><td class=\"column-3\">Vidrio a pared<\/td><td class=\"column-4\">180\u00b0<\/td><td class=\"column-5\">Cuadrado<\/td><td class=\"column-6\">45\u00d792 mm<\/td><td class=\"column-7\">Pinza larga<\/td>\n<\/tr>\n<tr class=\"row-4\">\n\t<td class=\"column-1\"><a href=\"https:\/\/showerglasshardware.com\/es-es\/product\/sdc141-square-brass-90-glass-to-wall-clamp-clip\/\">SDC141<\/a><\/td><td class=\"column-2\"><a href=\"https:\/\/showerglasshardware.com\/wp-content\/uploads\/2025\/10\/SDC141-Square-Brass-90\u00b0-Glass-to-Wall-Clamp-Clip-Size.jpg\"><img decoding=\"async\" src=\"https:\/\/showerglasshardware.com\/wp-content\/uploads\/2025\/10\/SDC141-Square-Brass-90\u00b0-Glass-to-Wall-Clamp-Clip-Size-300x300.jpg\" alt=\"SDC141 Abrazadera cuadrada de lat\u00f3n de 90\u00b0 para vidrio a pared Tama\u00f1o de la abrazadera\" width=\"60\" height=\"60\" class=\"alignnone size-medium wp-image-4846\" title=\"\" srcset=\"https:\/\/showerglasshardware.com\/wp-content\/uploads\/2025\/10\/SDC141-Square-Brass-90\u00b0-Glass-to-Wall-Clamp-Clip-Size-300x300.jpg 300w, https:\/\/showerglasshardware.com\/wp-content\/uploads\/2025\/10\/SDC141-Square-Brass-90\u00b0-Glass-to-Wall-Clamp-Clip-Size-150x150.jpg 150w, https:\/\/showerglasshardware.com\/wp-content\/uploads\/2025\/10\/SDC141-Square-Brass-90\u00b0-Glass-to-Wall-Clamp-Clip-Size-768x768.jpg 768w, https:\/\/showerglasshardware.com\/wp-content\/uploads\/2025\/10\/SDC141-Square-Brass-90\u00b0-Glass-to-Wall-Clamp-Clip-Size-12x12.jpg 12w, https:\/\/showerglasshardware.com\/wp-content\/uploads\/2025\/10\/SDC141-Square-Brass-90\u00b0-Glass-to-Wall-Clamp-Clip-Size-600x600.jpg 600w, https:\/\/showerglasshardware.com\/wp-content\/uploads\/2025\/10\/SDC141-Square-Brass-90\u00b0-Glass-to-Wall-Clamp-Clip-Size-100x100.jpg 100w, https:\/\/showerglasshardware.com\/wp-content\/uploads\/2025\/10\/SDC141-Square-Brass-90\u00b0-Glass-to-Wall-Clamp-Clip-Size.jpg 800w\" sizes=\"(max-width: 60px) 100vw, 60px\" \/><\/a><\/td><td class=\"column-3\">Vidrio a pared<\/td><td class=\"column-4\">90\u00b0<\/td><td class=\"column-5\">Cuadrado<\/td><td class=\"column-6\">45\u00d745 mm<\/td><td class=\"column-7\">Agujero est\u00e1ndar<\/td>\n<\/tr>\n<tr class=\"row-5\">\n\t<td class=\"column-1\"><a href=\"https:\/\/showerglasshardware.com\/es-es\/product\/sdc142-square-brass-90-glass-to-glass-clamp-clip\/\">SDC142<\/a><\/td><td class=\"column-2\"><a href=\"https:\/\/showerglasshardware.com\/wp-content\/uploads\/2025\/10\/SDC142-Square-Brass-90\u00b0-Glass-to-Glass-Clamp-Clip-Size.jpg\"><img loading=\"lazy\" decoding=\"async\" src=\"https:\/\/showerglasshardware.com\/wp-content\/uploads\/2025\/10\/SDC142-Square-Brass-90\u00b0-Glass-to-Glass-Clamp-Clip-Size-300x300.jpg\" alt=\"SDC142 Abrazadera cuadrada de lat\u00f3n de 90\u00b0 de vidrio a vidrio Tama\u00f1o de la abrazadera\" width=\"60\" height=\"60\" class=\"alignnone size-medium wp-image-4852\" title=\"\" srcset=\"https:\/\/showerglasshardware.com\/wp-content\/uploads\/2025\/10\/SDC142-Square-Brass-90\u00b0-Glass-to-Glass-Clamp-Clip-Size-300x300.jpg 300w, https:\/\/showerglasshardware.com\/wp-content\/uploads\/2025\/10\/SDC142-Square-Brass-90\u00b0-Glass-to-Glass-Clamp-Clip-Size-150x150.jpg 150w, https:\/\/showerglasshardware.com\/wp-content\/uploads\/2025\/10\/SDC142-Square-Brass-90\u00b0-Glass-to-Glass-Clamp-Clip-Size-768x768.jpg 768w, https:\/\/showerglasshardware.com\/wp-content\/uploads\/2025\/10\/SDC142-Square-Brass-90\u00b0-Glass-to-Glass-Clamp-Clip-Size-12x12.jpg 12w, https:\/\/showerglasshardware.com\/wp-content\/uploads\/2025\/10\/SDC142-Square-Brass-90\u00b0-Glass-to-Glass-Clamp-Clip-Size-600x600.jpg 600w, https:\/\/showerglasshardware.com\/wp-content\/uploads\/2025\/10\/SDC142-Square-Brass-90\u00b0-Glass-to-Glass-Clamp-Clip-Size-100x100.jpg 100w, https:\/\/showerglasshardware.com\/wp-content\/uploads\/2025\/10\/SDC142-Square-Brass-90\u00b0-Glass-to-Glass-Clamp-Clip-Size.jpg 800w\" sizes=\"(max-width: 60px) 100vw, 60px\" \/><\/a><\/td><td class=\"column-3\">De vidrio a vidrio<\/td><td class=\"column-4\">90\u00b0<\/td><td class=\"column-5\">Cuadrado<\/td><td class=\"column-6\">45\u00d745 mm<\/td><td class=\"column-7\">Abrazadera de esquina<\/td>\n<\/tr>\n<tr class=\"row-6\">\n\t<td class=\"column-1\"><a href=\"https:\/\/showerglasshardware.com\/es-es\/product\/sdc143-square-brass-135-glass-to-glass-bracket-clip\/\">SDC143<\/a><\/td><td class=\"column-2\"><a href=\"https:\/\/showerglasshardware.com\/wp-content\/uploads\/2025\/10\/SDC143-Square-Brass-135\u00b0-Glass-to-Glass-Bracket-Clip-Size.jpg\"><img loading=\"lazy\" decoding=\"async\" src=\"https:\/\/showerglasshardware.com\/wp-content\/uploads\/2025\/10\/SDC143-Square-Brass-135\u00b0-Glass-to-Glass-Bracket-Clip-Size-300x300.jpg\" alt=\"SDC142 Pinza cuadrada de lat\u00f3n de 90\u00b0 para vidrio a vidrio Tama\u00f1o de pinza\" width=\"60\" height=\"60\" class=\"alignnone size-medium wp-image-4842\" title=\"\" srcset=\"https:\/\/showerglasshardware.com\/wp-content\/uploads\/2025\/10\/SDC143-Square-Brass-135\u00b0-Glass-to-Glass-Bracket-Clip-Size-300x300.jpg 300w, https:\/\/showerglasshardware.com\/wp-content\/uploads\/2025\/10\/SDC143-Square-Brass-135\u00b0-Glass-to-Glass-Bracket-Clip-Size-150x150.jpg 150w, https:\/\/showerglasshardware.com\/wp-content\/uploads\/2025\/10\/SDC143-Square-Brass-135\u00b0-Glass-to-Glass-Bracket-Clip-Size-768x768.jpg 768w, https:\/\/showerglasshardware.com\/wp-content\/uploads\/2025\/10\/SDC143-Square-Brass-135\u00b0-Glass-to-Glass-Bracket-Clip-Size-12x12.jpg 12w, https:\/\/showerglasshardware.com\/wp-content\/uploads\/2025\/10\/SDC143-Square-Brass-135\u00b0-Glass-to-Glass-Bracket-Clip-Size-600x600.jpg 600w, https:\/\/showerglasshardware.com\/wp-content\/uploads\/2025\/10\/SDC143-Square-Brass-135\u00b0-Glass-to-Glass-Bracket-Clip-Size-100x100.jpg 100w, https:\/\/showerglasshardware.com\/wp-content\/uploads\/2025\/10\/SDC143-Square-Brass-135\u00b0-Glass-to-Glass-Bracket-Clip-Size.jpg 800w\" sizes=\"(max-width: 60px) 100vw, 60px\" \/><\/a><\/td><td class=\"column-3\">De vidrio a vidrio<\/td><td class=\"column-4\">135\u00b0<\/td><td class=\"column-5\">Cuadrado<\/td><td class=\"column-6\">45\u00d745 mm<\/td><td class=\"column-7\">Conexi\u00f3n en \u00e1ngulo<\/td>\n<\/tr>\n<tr class=\"row-7\">\n\t<td class=\"column-1\"><a href=\"https:\/\/showerglasshardware.com\/es-es\/product\/sdc144-square-brass-180-glass-to-glass-clamp-clip\/\">SDC144<\/a><\/td><td class=\"column-2\"><a href=\"https:\/\/showerglasshardware.com\/wp-content\/uploads\/2025\/10\/SDC144-Black-Size.jpg\"><img loading=\"lazy\" decoding=\"async\" src=\"https:\/\/showerglasshardware.com\/wp-content\/uploads\/2025\/10\/SDC144-Black-Size-300x300.jpg\" alt=\"SDC144 Pinza cuadrada de lat\u00f3n de 180\u00b0 para sujeci\u00f3n de vidrio a vidrio\" width=\"60\" height=\"60\" class=\"alignnone size-medium wp-image-4834\" title=\"\" srcset=\"https:\/\/showerglasshardware.com\/wp-content\/uploads\/2025\/10\/SDC144-Black-Size-300x300.jpg 300w, https:\/\/showerglasshardware.com\/wp-content\/uploads\/2025\/10\/SDC144-Black-Size-150x150.jpg 150w, https:\/\/showerglasshardware.com\/wp-content\/uploads\/2025\/10\/SDC144-Black-Size-768x768.jpg 768w, https:\/\/showerglasshardware.com\/wp-content\/uploads\/2025\/10\/SDC144-Black-Size-12x12.jpg 12w, https:\/\/showerglasshardware.com\/wp-content\/uploads\/2025\/10\/SDC144-Black-Size-600x600.jpg 600w, https:\/\/showerglasshardware.com\/wp-content\/uploads\/2025\/10\/SDC144-Black-Size-100x100.jpg 100w, https:\/\/showerglasshardware.com\/wp-content\/uploads\/2025\/10\/SDC144-Black-Size.jpg 800w\" sizes=\"(max-width: 60px) 100vw, 60px\" \/><\/a><\/td><td class=\"column-3\">De vidrio a vidrio<\/td><td class=\"column-4\">180\u00b0<\/td><td class=\"column-5\">Cuadrado<\/td><td class=\"column-6\">45\u00d792 mm<\/td><td class=\"column-7\">Conexi\u00f3n en l\u00ednea<\/td>\n<\/tr>\n<\/tbody>\n<\/table>\n<!-- #tablepress-3 from cache -->\n<p>&nbsp;<\/p>\n<p>&nbsp;<\/p>","protected":false},"excerpt":{"rendered":"<p>Abrazadera cuadrada de 90\u00b0 de lat\u00f3n macizo para mamparas de ducha sin marco. Se adapta a cristal de 6-12 mm, soporta 35 kg por dos abrazaderas. Dise\u00f1o compacto de 45\u00d745 mm con orificio de corte redondo.<\/p>\n<p>&nbsp;<\/p>\n<p>&nbsp;<\/p>","protected":false},"featured_media":4843,"comment_status":"open","ping_status":"closed","template":"","meta":{"_acf_changed":false},"product_brand":[],"product_cat":[24,109],"product_tag":[],"class_list":{"0":"post-4809","1":"product","2":"type-product","3":"status-publish","4":"has-post-thumbnail","6":"product_cat-shower-glass-clamps","7":"product_cat-glass-to-glass-clamps","8":"pa_finish-brushed-nickel","9":"pa_finish-chrome","10":"pa_finish-gold","11":"pa_finish-gun-metal","12":"pa_finish-black","13":"pa_glass-thickness-1-2-inch-12mm","14":"pa_glass-thickness-1-4-inch-6mm","15":"pa_glass-thickness-3-8-inch-10mm","16":"pa_glass-thickness-5-16-inch-8mm","17":"pa_load-bearing-35kg-2pcs","18":"pa_material-brass","20":"first","21":"instock","22":"taxable","23":"shipping-taxable","24":"product-type-simple"},"acf":[],"_links":{"self":[{"href":"https:\/\/showerglasshardware.com\/es-es\/wp-json\/wp\/v2\/product\/4809","targetHints":{"allow":["GET"]}}],"collection":[{"href":"https:\/\/showerglasshardware.com\/es-es\/wp-json\/wp\/v2\/product"}],"about":[{"href":"https:\/\/showerglasshardware.com\/es-es\/wp-json\/wp\/v2\/types\/product"}],"replies":[{"embeddable":true,"href":"https:\/\/showerglasshardware.com\/es-es\/wp-json\/wp\/v2\/comments?post=4809"}],"version-history":[{"count":5,"href":"https:\/\/showerglasshardware.com\/es-es\/wp-json\/wp\/v2\/product\/4809\/revisions"}],"predecessor-version":[{"id":4857,"href":"https:\/\/showerglasshardware.com\/es-es\/wp-json\/wp\/v2\/product\/4809\/revisions\/4857"}],"wp:featuredmedia":[{"embeddable":true,"href":"https:\/\/showerglasshardware.com\/es-es\/wp-json\/wp\/v2\/media\/4843"}],"wp:attachment":[{"href":"https:\/\/showerglasshardware.com\/es-es\/wp-json\/wp\/v2\/media?parent=4809"}],"wp:term":[{"taxonomy":"product_brand","embeddable":true,"href":"https:\/\/showerglasshardware.com\/es-es\/wp-json\/wp\/v2\/product_brand?post=4809"},{"taxonomy":"product_cat","embeddable":true,"href":"https:\/\/showerglasshardware.com\/es-es\/wp-json\/wp\/v2\/product_cat?post=4809"},{"taxonomy":"product_tag","embeddable":true,"href":"https:\/\/showerglasshardware.com\/es-es\/wp-json\/wp\/v2\/product_tag?post=4809"}],"curies":[{"name":"wp","href":"https:\/\/api.w.org\/{rel}","templated":true}]}}