{"id":4811,"date":"2025-10-12T14:02:54","date_gmt":"2025-10-12T14:02:54","guid":{"rendered":"https:\/\/showerglasshardware.com\/?post_type=product&#038;p=4811"},"modified":"2025-10-12T15:09:10","modified_gmt":"2025-10-12T15:09:10","slug":"sdc143-square-brass-135-glass-to-glass-bracket-clip","status":"publish","type":"product","link":"https:\/\/showerglasshardware.com\/es-es\/product\/sdc143-square-brass-135-glass-to-glass-bracket-clip\/","title":{"rendered":"SDC143 Escuadra de lat\u00f3n 135\u00b0 Clip de escuadra de vidrio a vidrio"},"content":{"rendered":"<p data-start=\"613\" data-end=\"789\">El SDC143 Square Brass 135\u00b0 Glass to Glass Bracket Clip es un herraje de precisi\u00f3n dise\u00f1ado para mamparas de ducha sin marco que requieren conexiones de vidrio en \u00e1ngulo.<\/p>\n<p data-start=\"791\" data-end=\"1071\">Fabricada en lat\u00f3n macizo, esta abrazadera garantiza una excelente solidez, resistencia a la corrosi\u00f3n y durabilidad a largo plazo. La configuraci\u00f3n de cristal a cristal de 135\u00b0 permite realizar uniones angulares seguras entre paneles de cristal fijos, utilizadas habitualmente en mamparas de ducha neoangulares o angulares.<\/p>\n<p data-start=\"1073\" data-end=\"1356\">Con su perfil cuadrado (45\u00d745 mm), la SDC143 ofrece un aspecto limpio y moderno, ideal para dise\u00f1os de ba\u00f1os minimalistas. Dise\u00f1ado para adaptarse a cristales de 6-12 mm de grosor, soporta hasta 35 kg por cada dos abrazaderas y cuenta con un orificio de corte redondo para una instalaci\u00f3n precisa y un agarre firme.<\/p>\n<p data-start=\"1358\" data-end=\"1377\"><strong data-start=\"1358\" data-end=\"1375\">Caracter\u00edsticas clave:<\/strong><\/p>\n<ul data-start=\"1378\" data-end=\"1786\">\n<li data-start=\"1378\" data-end=\"1439\">\n<p data-start=\"1380\" data-end=\"1439\"><strong data-start=\"1380\" data-end=\"1389\">Tipo:<\/strong> Soporte cuadrado de lat\u00f3n 135\u00b0 para ducha vidrio-vidrio<\/p>\n<\/li>\n<li data-start=\"1440\" data-end=\"1507\">\n<p data-start=\"1442\" data-end=\"1507\"><strong data-start=\"1442\" data-end=\"1455\">Material:<\/strong> Lat\u00f3n macizo para mayor solidez y resistencia a la corrosi\u00f3n<\/p>\n<\/li>\n<li data-start=\"1508\" data-end=\"1578\">\n<p data-start=\"1510\" data-end=\"1578\"><strong data-start=\"1510\" data-end=\"1521\">Dise\u00f1o:<\/strong> Forma cuadrada, \u00e1ngulo de 135\u00b0 para conexiones de ducha en \u00e1ngulo<\/p>\n<\/li>\n<li data-start=\"1579\" data-end=\"1631\">\n<p data-start=\"1581\" data-end=\"1631\"><strong data-start=\"1581\" data-end=\"1605\">Compatibilidad de vidrio:<\/strong> Se adapta a cristales de 6-12 mm de grosor<\/p>\n<\/li>\n<li data-start=\"1632\" data-end=\"1689\">\n<p data-start=\"1634\" data-end=\"1689\"><strong data-start=\"1634\" data-end=\"1652\">Capacidad de carga:<\/strong> Soporta hasta 35 kg por cada dos abrazaderas<\/p>\n<\/li>\n<li data-start=\"1690\" data-end=\"1786\">\n<p data-start=\"1692\" data-end=\"1786\"><strong data-start=\"1692\" data-end=\"1709\">Aplicaciones:<\/strong> Mamparas de ducha de cristal sin marco, \u00e1ngulos neo y mamparas de cristal<\/p>\n<\/li>\n<\/ul>\n<p data-start=\"1788\" data-end=\"1809\"><strong data-start=\"1788\" data-end=\"1807\">Especificaciones:<\/strong><\/p>\n<ul data-start=\"1810\" data-end=\"2151\">\n<li data-start=\"1810\" data-end=\"1831\">\n<p data-start=\"1812\" data-end=\"1831\"><strong data-start=\"1812\" data-end=\"1822\">Modelo:<\/strong> SDC143<\/p>\n<\/li>\n<li data-start=\"1832\" data-end=\"1878\">\n<p data-start=\"1834\" data-end=\"1878\"><strong data-start=\"1834\" data-end=\"1843\">Tipo:<\/strong> Abrazadera cuadrada 135\u00b0 vidrio-vidrio<\/p>\n<\/li>\n<li data-start=\"1879\" data-end=\"1902\">\n<p data-start=\"1881\" data-end=\"1902\"><strong data-start=\"1881\" data-end=\"1894\">Material:<\/strong> Lat\u00f3n<\/p>\n<\/li>\n<li data-start=\"1903\" data-end=\"1924\">\n<p data-start=\"1905\" data-end=\"1924\"><strong data-start=\"1905\" data-end=\"1915\">Forma:<\/strong> Cuadrado<\/p>\n<\/li>\n<li data-start=\"1925\" data-end=\"1948\">\n<p data-start=\"1927\" data-end=\"1948\"><strong data-start=\"1927\" data-end=\"1936\">Tama\u00f1o:<\/strong> 45 \u00d7 45 mm<\/p>\n<\/li>\n<li data-start=\"1949\" data-end=\"1985\">\n<p data-start=\"1951\" data-end=\"1985\"><strong data-start=\"1951\" data-end=\"1976\">Se adapta al grosor del cristal:<\/strong> 6-12 mm<\/p>\n<\/li>\n<li data-start=\"1986\" data-end=\"2022\">\n<p data-start=\"1988\" data-end=\"2022\"><strong data-start=\"1988\" data-end=\"2008\">Peso m\u00e1ximo de la puerta:<\/strong> 35kg \/ 2pcs<\/p>\n<\/li>\n<li data-start=\"2023\" data-end=\"2056\">\n<p data-start=\"2025\" data-end=\"2056\"><strong data-start=\"2025\" data-end=\"2043\">Recorte de cristal:<\/strong> Agujero redondo<\/p>\n<\/li>\n<li data-start=\"2057\" data-end=\"2151\">\n<p data-start=\"2059\" data-end=\"2151\"><strong data-start=\"2059\" data-end=\"2078\">Opciones de acabado:<\/strong> Cromo pulido, Oro pulido, N\u00edquel cepillado, Gun Metal, Negro mate<\/p>\n<\/li>\n<\/ul>\n<h2 id=\"tablepress-3-name\" class=\"tablepress-table-name tablepress-table-name-id-3\">Abrazaderas de lat\u00f3n para puertas de ducha de cristal Serie SDC<\/h2>\n\n<table id=\"tablepress-3\" class=\"tablepress tablepress-id-3\" aria-labelledby=\"tablepress-3-name\">\n<thead>\n<tr class=\"row-1\">\n\t<th class=\"column-1\"><strong>Modelo<\/strong><\/th><th class=\"column-2\"><strong>Imagen<\/strong><\/th><th class=\"column-3\"><strong>Tipo<\/strong><\/th><th class=\"column-4\"><strong>\u00c1ngulo<\/strong><\/th><th class=\"column-5\"><strong>Forma<\/strong><\/th><th class=\"column-6\"><strong>Tama\u00f1o<\/strong><\/th><th class=\"column-7\"><strong>Caracter\u00edstica<\/strong><\/th>\n<\/tr>\n<\/thead>\n<tbody class=\"row-striping row-hover\">\n<tr class=\"row-2\">\n\t<td class=\"column-1\"><a href=\"https:\/\/showerglasshardware.com\/es-es\/product\/sdc140b-square-brass-90-glass-to-wall-round-hole-clip\/\">SDC140B<\/a><\/td><td class=\"column-2\"><a href=\"https:\/\/showerglasshardware.com\/wp-content\/uploads\/2025\/10\/SDC140B-Square-Brass-90\u00b0-Glass-to-Wall-Round-Hole-Clip-Size.jpg\"><img decoding=\"async\" src=\"https:\/\/showerglasshardware.com\/wp-content\/uploads\/2025\/10\/SDC140B-Square-Brass-90\u00b0-Glass-to-Wall-Round-Hole-Clip-Size-300x300.jpg\" alt=\"SDC140B Lat\u00f3n Cuadrado 90\u00b0 Vidrio a Pared Agujero Redondo Tama\u00f1o Clip\" width=\"60\" height=\"60\" class=\"alignnone size-medium wp-image-4849\" title=\"\" srcset=\"https:\/\/showerglasshardware.com\/wp-content\/uploads\/2025\/10\/SDC140B-Square-Brass-90\u00b0-Glass-to-Wall-Round-Hole-Clip-Size-300x300.jpg 300w, https:\/\/showerglasshardware.com\/wp-content\/uploads\/2025\/10\/SDC140B-Square-Brass-90\u00b0-Glass-to-Wall-Round-Hole-Clip-Size-150x150.jpg 150w, https:\/\/showerglasshardware.com\/wp-content\/uploads\/2025\/10\/SDC140B-Square-Brass-90\u00b0-Glass-to-Wall-Round-Hole-Clip-Size-768x768.jpg 768w, https:\/\/showerglasshardware.com\/wp-content\/uploads\/2025\/10\/SDC140B-Square-Brass-90\u00b0-Glass-to-Wall-Round-Hole-Clip-Size-12x12.jpg 12w, https:\/\/showerglasshardware.com\/wp-content\/uploads\/2025\/10\/SDC140B-Square-Brass-90\u00b0-Glass-to-Wall-Round-Hole-Clip-Size-600x600.jpg 600w, https:\/\/showerglasshardware.com\/wp-content\/uploads\/2025\/10\/SDC140B-Square-Brass-90\u00b0-Glass-to-Wall-Round-Hole-Clip-Size-100x100.jpg 100w, https:\/\/showerglasshardware.com\/wp-content\/uploads\/2025\/10\/SDC140B-Square-Brass-90\u00b0-Glass-to-Wall-Round-Hole-Clip-Size.jpg 800w\" sizes=\"(max-width: 60px) 100vw, 60px\" \/><\/a><\/td><td class=\"column-3\">Vidrio a pared<\/td><td class=\"column-4\">90\u00b0<\/td><td class=\"column-5\">Cuadrado<\/td><td class=\"column-6\">45\u00d745 mm<\/td><td class=\"column-7\">Agujero redondo, compacto<\/td>\n<\/tr>\n<tr class=\"row-3\">\n\t<td class=\"column-1\"><a href=\"https:\/\/showerglasshardware.com\/es-es\/product\/sdc140c-square-brass-180-glass-to-wall-long-clamp\/\">SDC140C<\/a><\/td><td class=\"column-2\"><a href=\"https:\/\/showerglasshardware.com\/wp-content\/uploads\/2025\/10\/SDC140C-Black-Size.jpg\"><img decoding=\"async\" src=\"https:\/\/showerglasshardware.com\/wp-content\/uploads\/2025\/10\/SDC140C-Black-Size-300x300.jpg\" alt=\"SDC140C Lat\u00f3n cuadrado 180\u00b0 Vidrio a pared Abrazadera larga Tama\u00f1o\" width=\"60\" height=\"60\" class=\"alignnone size-medium wp-image-4837\" title=\"\" srcset=\"https:\/\/showerglasshardware.com\/wp-content\/uploads\/2025\/10\/SDC140C-Black-Size-300x300.jpg 300w, https:\/\/showerglasshardware.com\/wp-content\/uploads\/2025\/10\/SDC140C-Black-Size-150x150.jpg 150w, https:\/\/showerglasshardware.com\/wp-content\/uploads\/2025\/10\/SDC140C-Black-Size-768x768.jpg 768w, https:\/\/showerglasshardware.com\/wp-content\/uploads\/2025\/10\/SDC140C-Black-Size-12x12.jpg 12w, https:\/\/showerglasshardware.com\/wp-content\/uploads\/2025\/10\/SDC140C-Black-Size-600x600.jpg 600w, https:\/\/showerglasshardware.com\/wp-content\/uploads\/2025\/10\/SDC140C-Black-Size-100x100.jpg 100w, https:\/\/showerglasshardware.com\/wp-content\/uploads\/2025\/10\/SDC140C-Black-Size.jpg 800w\" sizes=\"(max-width: 60px) 100vw, 60px\" \/><\/a><\/td><td class=\"column-3\">Vidrio a pared<\/td><td class=\"column-4\">180\u00b0<\/td><td class=\"column-5\">Cuadrado<\/td><td class=\"column-6\">45\u00d792 mm<\/td><td class=\"column-7\">Pinza larga<\/td>\n<\/tr>\n<tr class=\"row-4\">\n\t<td class=\"column-1\"><a href=\"https:\/\/showerglasshardware.com\/es-es\/product\/sdc141-square-brass-90-glass-to-wall-clamp-clip\/\">SDC141<\/a><\/td><td class=\"column-2\"><a href=\"https:\/\/showerglasshardware.com\/wp-content\/uploads\/2025\/10\/SDC141-Square-Brass-90\u00b0-Glass-to-Wall-Clamp-Clip-Size.jpg\"><img decoding=\"async\" src=\"https:\/\/showerglasshardware.com\/wp-content\/uploads\/2025\/10\/SDC141-Square-Brass-90\u00b0-Glass-to-Wall-Clamp-Clip-Size-300x300.jpg\" alt=\"SDC141 Abrazadera cuadrada de lat\u00f3n de 90\u00b0 para vidrio a pared Tama\u00f1o de la abrazadera\" width=\"60\" height=\"60\" class=\"alignnone size-medium wp-image-4846\" title=\"\" srcset=\"https:\/\/showerglasshardware.com\/wp-content\/uploads\/2025\/10\/SDC141-Square-Brass-90\u00b0-Glass-to-Wall-Clamp-Clip-Size-300x300.jpg 300w, https:\/\/showerglasshardware.com\/wp-content\/uploads\/2025\/10\/SDC141-Square-Brass-90\u00b0-Glass-to-Wall-Clamp-Clip-Size-150x150.jpg 150w, https:\/\/showerglasshardware.com\/wp-content\/uploads\/2025\/10\/SDC141-Square-Brass-90\u00b0-Glass-to-Wall-Clamp-Clip-Size-768x768.jpg 768w, https:\/\/showerglasshardware.com\/wp-content\/uploads\/2025\/10\/SDC141-Square-Brass-90\u00b0-Glass-to-Wall-Clamp-Clip-Size-12x12.jpg 12w, https:\/\/showerglasshardware.com\/wp-content\/uploads\/2025\/10\/SDC141-Square-Brass-90\u00b0-Glass-to-Wall-Clamp-Clip-Size-600x600.jpg 600w, https:\/\/showerglasshardware.com\/wp-content\/uploads\/2025\/10\/SDC141-Square-Brass-90\u00b0-Glass-to-Wall-Clamp-Clip-Size-100x100.jpg 100w, https:\/\/showerglasshardware.com\/wp-content\/uploads\/2025\/10\/SDC141-Square-Brass-90\u00b0-Glass-to-Wall-Clamp-Clip-Size.jpg 800w\" sizes=\"(max-width: 60px) 100vw, 60px\" \/><\/a><\/td><td class=\"column-3\">Vidrio a pared<\/td><td class=\"column-4\">90\u00b0<\/td><td class=\"column-5\">Cuadrado<\/td><td class=\"column-6\">45\u00d745 mm<\/td><td class=\"column-7\">Agujero est\u00e1ndar<\/td>\n<\/tr>\n<tr class=\"row-5\">\n\t<td class=\"column-1\"><a href=\"https:\/\/showerglasshardware.com\/es-es\/product\/sdc142-square-brass-90-glass-to-glass-clamp-clip\/\">SDC142<\/a><\/td><td class=\"column-2\"><a href=\"https:\/\/showerglasshardware.com\/wp-content\/uploads\/2025\/10\/SDC142-Square-Brass-90\u00b0-Glass-to-Glass-Clamp-Clip-Size.jpg\"><img loading=\"lazy\" decoding=\"async\" src=\"https:\/\/showerglasshardware.com\/wp-content\/uploads\/2025\/10\/SDC142-Square-Brass-90\u00b0-Glass-to-Glass-Clamp-Clip-Size-300x300.jpg\" alt=\"SDC142 Abrazadera cuadrada de lat\u00f3n de 90\u00b0 de vidrio a vidrio Tama\u00f1o de la abrazadera\" width=\"60\" height=\"60\" class=\"alignnone size-medium wp-image-4852\" title=\"\" srcset=\"https:\/\/showerglasshardware.com\/wp-content\/uploads\/2025\/10\/SDC142-Square-Brass-90\u00b0-Glass-to-Glass-Clamp-Clip-Size-300x300.jpg 300w, https:\/\/showerglasshardware.com\/wp-content\/uploads\/2025\/10\/SDC142-Square-Brass-90\u00b0-Glass-to-Glass-Clamp-Clip-Size-150x150.jpg 150w, https:\/\/showerglasshardware.com\/wp-content\/uploads\/2025\/10\/SDC142-Square-Brass-90\u00b0-Glass-to-Glass-Clamp-Clip-Size-768x768.jpg 768w, https:\/\/showerglasshardware.com\/wp-content\/uploads\/2025\/10\/SDC142-Square-Brass-90\u00b0-Glass-to-Glass-Clamp-Clip-Size-12x12.jpg 12w, https:\/\/showerglasshardware.com\/wp-content\/uploads\/2025\/10\/SDC142-Square-Brass-90\u00b0-Glass-to-Glass-Clamp-Clip-Size-600x600.jpg 600w, https:\/\/showerglasshardware.com\/wp-content\/uploads\/2025\/10\/SDC142-Square-Brass-90\u00b0-Glass-to-Glass-Clamp-Clip-Size-100x100.jpg 100w, https:\/\/showerglasshardware.com\/wp-content\/uploads\/2025\/10\/SDC142-Square-Brass-90\u00b0-Glass-to-Glass-Clamp-Clip-Size.jpg 800w\" sizes=\"(max-width: 60px) 100vw, 60px\" \/><\/a><\/td><td class=\"column-3\">De vidrio a vidrio<\/td><td class=\"column-4\">90\u00b0<\/td><td class=\"column-5\">Cuadrado<\/td><td class=\"column-6\">45\u00d745 mm<\/td><td class=\"column-7\">Abrazadera de esquina<\/td>\n<\/tr>\n<tr class=\"row-6\">\n\t<td class=\"column-1\"><a href=\"https:\/\/showerglasshardware.com\/es-es\/product\/sdc143-square-brass-135-glass-to-glass-bracket-clip\/\">SDC143<\/a><\/td><td class=\"column-2\"><a href=\"https:\/\/showerglasshardware.com\/wp-content\/uploads\/2025\/10\/SDC143-Square-Brass-135\u00b0-Glass-to-Glass-Bracket-Clip-Size.jpg\"><img loading=\"lazy\" decoding=\"async\" src=\"https:\/\/showerglasshardware.com\/wp-content\/uploads\/2025\/10\/SDC143-Square-Brass-135\u00b0-Glass-to-Glass-Bracket-Clip-Size-300x300.jpg\" alt=\"SDC142 Pinza cuadrada de lat\u00f3n de 90\u00b0 para vidrio a vidrio Tama\u00f1o de pinza\" width=\"60\" height=\"60\" class=\"alignnone size-medium wp-image-4842\" title=\"\" srcset=\"https:\/\/showerglasshardware.com\/wp-content\/uploads\/2025\/10\/SDC143-Square-Brass-135\u00b0-Glass-to-Glass-Bracket-Clip-Size-300x300.jpg 300w, https:\/\/showerglasshardware.com\/wp-content\/uploads\/2025\/10\/SDC143-Square-Brass-135\u00b0-Glass-to-Glass-Bracket-Clip-Size-150x150.jpg 150w, https:\/\/showerglasshardware.com\/wp-content\/uploads\/2025\/10\/SDC143-Square-Brass-135\u00b0-Glass-to-Glass-Bracket-Clip-Size-768x768.jpg 768w, https:\/\/showerglasshardware.com\/wp-content\/uploads\/2025\/10\/SDC143-Square-Brass-135\u00b0-Glass-to-Glass-Bracket-Clip-Size-12x12.jpg 12w, https:\/\/showerglasshardware.com\/wp-content\/uploads\/2025\/10\/SDC143-Square-Brass-135\u00b0-Glass-to-Glass-Bracket-Clip-Size-600x600.jpg 600w, https:\/\/showerglasshardware.com\/wp-content\/uploads\/2025\/10\/SDC143-Square-Brass-135\u00b0-Glass-to-Glass-Bracket-Clip-Size-100x100.jpg 100w, https:\/\/showerglasshardware.com\/wp-content\/uploads\/2025\/10\/SDC143-Square-Brass-135\u00b0-Glass-to-Glass-Bracket-Clip-Size.jpg 800w\" sizes=\"(max-width: 60px) 100vw, 60px\" \/><\/a><\/td><td class=\"column-3\">De vidrio a vidrio<\/td><td class=\"column-4\">135\u00b0<\/td><td class=\"column-5\">Cuadrado<\/td><td class=\"column-6\">45\u00d745 mm<\/td><td class=\"column-7\">Conexi\u00f3n en \u00e1ngulo<\/td>\n<\/tr>\n<tr class=\"row-7\">\n\t<td class=\"column-1\"><a href=\"https:\/\/showerglasshardware.com\/es-es\/product\/sdc144-square-brass-180-glass-to-glass-clamp-clip\/\">SDC144<\/a><\/td><td class=\"column-2\"><a href=\"https:\/\/showerglasshardware.com\/wp-content\/uploads\/2025\/10\/SDC144-Black-Size.jpg\"><img loading=\"lazy\" decoding=\"async\" src=\"https:\/\/showerglasshardware.com\/wp-content\/uploads\/2025\/10\/SDC144-Black-Size-300x300.jpg\" alt=\"SDC144 Pinza cuadrada de lat\u00f3n de 180\u00b0 para sujeci\u00f3n de vidrio a vidrio\" width=\"60\" height=\"60\" class=\"alignnone size-medium wp-image-4834\" title=\"\" srcset=\"https:\/\/showerglasshardware.com\/wp-content\/uploads\/2025\/10\/SDC144-Black-Size-300x300.jpg 300w, https:\/\/showerglasshardware.com\/wp-content\/uploads\/2025\/10\/SDC144-Black-Size-150x150.jpg 150w, https:\/\/showerglasshardware.com\/wp-content\/uploads\/2025\/10\/SDC144-Black-Size-768x768.jpg 768w, https:\/\/showerglasshardware.com\/wp-content\/uploads\/2025\/10\/SDC144-Black-Size-12x12.jpg 12w, https:\/\/showerglasshardware.com\/wp-content\/uploads\/2025\/10\/SDC144-Black-Size-600x600.jpg 600w, https:\/\/showerglasshardware.com\/wp-content\/uploads\/2025\/10\/SDC144-Black-Size-100x100.jpg 100w, https:\/\/showerglasshardware.com\/wp-content\/uploads\/2025\/10\/SDC144-Black-Size.jpg 800w\" sizes=\"(max-width: 60px) 100vw, 60px\" \/><\/a><\/td><td class=\"column-3\">De vidrio a vidrio<\/td><td class=\"column-4\">180\u00b0<\/td><td class=\"column-5\">Cuadrado<\/td><td class=\"column-6\">45\u00d792 mm<\/td><td class=\"column-7\">Conexi\u00f3n en l\u00ednea<\/td>\n<\/tr>\n<\/tbody>\n<\/table>\n<!-- #tablepress-3 from cache -->","protected":false},"excerpt":{"rendered":"<p>Soporte cuadrado de 135\u00b0 de lat\u00f3n macizo para mamparas de ducha sin marco. Se adapta a cristal de 6-12 mm, soporta 35 kg por cada dos abrazaderas. Disponible en acabados cromo, dorado, n\u00edquel cepillado, Gun Metal y negro mate.<\/p>","protected":false},"featured_media":4841,"comment_status":"open","ping_status":"closed","template":"","meta":{"_acf_changed":false},"product_brand":[],"product_cat":[24,109],"product_tag":[],"class_list":{"0":"post-4811","1":"product","2":"type-product","3":"status-publish","4":"has-post-thumbnail","6":"product_cat-shower-glass-clamps","7":"product_cat-glass-to-glass-clamps","8":"pa_finish-brushed-nickel","9":"pa_finish-chrome","10":"pa_finish-gold","11":"pa_finish-gun-metal","12":"pa_finish-black","13":"pa_glass-thickness-1-2-inch-12mm","14":"pa_glass-thickness-1-4-inch-6mm","15":"pa_glass-thickness-3-8-inch-10mm","16":"pa_glass-thickness-5-16-inch-8mm","17":"pa_load-bearing-35kg-2pcs","18":"pa_material-brass","20":"first","21":"instock","22":"taxable","23":"shipping-taxable","24":"product-type-simple"},"acf":[],"_links":{"self":[{"href":"https:\/\/showerglasshardware.com\/es-es\/wp-json\/wp\/v2\/product\/4811","targetHints":{"allow":["GET"]}}],"collection":[{"href":"https:\/\/showerglasshardware.com\/es-es\/wp-json\/wp\/v2\/product"}],"about":[{"href":"https:\/\/showerglasshardware.com\/es-es\/wp-json\/wp\/v2\/types\/product"}],"replies":[{"embeddable":true,"href":"https:\/\/showerglasshardware.com\/es-es\/wp-json\/wp\/v2\/comments?post=4811"}],"version-history":[{"count":4,"href":"https:\/\/showerglasshardware.com\/es-es\/wp-json\/wp\/v2\/product\/4811\/revisions"}],"predecessor-version":[{"id":4860,"href":"https:\/\/showerglasshardware.com\/es-es\/wp-json\/wp\/v2\/product\/4811\/revisions\/4860"}],"wp:featuredmedia":[{"embeddable":true,"href":"https:\/\/showerglasshardware.com\/es-es\/wp-json\/wp\/v2\/media\/4841"}],"wp:attachment":[{"href":"https:\/\/showerglasshardware.com\/es-es\/wp-json\/wp\/v2\/media?parent=4811"}],"wp:term":[{"taxonomy":"product_brand","embeddable":true,"href":"https:\/\/showerglasshardware.com\/es-es\/wp-json\/wp\/v2\/product_brand?post=4811"},{"taxonomy":"product_cat","embeddable":true,"href":"https:\/\/showerglasshardware.com\/es-es\/wp-json\/wp\/v2\/product_cat?post=4811"},{"taxonomy":"product_tag","embeddable":true,"href":"https:\/\/showerglasshardware.com\/es-es\/wp-json\/wp\/v2\/product_tag?post=4811"}],"curies":[{"name":"wp","href":"https:\/\/api.w.org\/{rel}","templated":true}]}}