{"id":4819,"date":"2025-10-09T06:24:37","date_gmt":"2025-10-09T06:24:37","guid":{"rendered":"https:\/\/showerglasshardware.com\/?post_type=product&#038;p=4819"},"modified":"2025-10-12T15:00:48","modified_gmt":"2025-10-12T15:00:48","slug":"sd9045b-l-shape-brass-90-glass-to-wall-clip-bracket","status":"publish","type":"product","link":"https:\/\/showerglasshardware.com\/es-es\/product\/sd9045b-l-shape-brass-90-glass-to-wall-clip-bracket\/","title":{"rendered":"SD9045B Abrazadera de lat\u00f3n en forma de L de 90\u00b0 para vidrio a pared"},"content":{"rendered":"<p data-start=\"582\" data-end=\"732\">El soporte de clip de 90\u00b0 de lat\u00f3n en forma de L SD9045B para cristal a pared es un accesorio de primera calidad dise\u00f1ado para mamparas de ducha sin marco seguras y elegantes.<\/p>\n<p data-start=\"734\" data-end=\"1094\">Fabricada en lat\u00f3n macizo, esta abrazadera de esquina para cristal en forma de L garantiza una excelente solidez y resistencia a la corrosi\u00f3n, por lo que resulta ideal para su uso en entornos de ba\u00f1o con alta humedad. El dise\u00f1o de 90\u00b0 para montaje en pared proporciona una conexi\u00f3n estable entre el panel de cristal y la pared, mientras que la cubierta decorativa oculta los tornillos de montaje para un acabado limpio y elegante.<\/p>\n<p data-start=\"1096\" data-end=\"1406\">Dise\u00f1ada para cristal de 8-12 mm de grosor, la SD9045B puede soportar hasta 45 kg por cada dos abrazaderas, lo que la hace adecuada para puertas de cristal de peso medio a elevado. Su dise\u00f1o en forma de L mejora la resistencia y proporciona un soporte adicional en las juntas de las esquinas. Dispone de m\u00faltiples opciones de acabado para combinar perfectamente con los herrajes de su ducha.<\/p>\n<p data-start=\"1408\" data-end=\"1427\"><strong data-start=\"1408\" data-end=\"1425\">Caracter\u00edsticas clave:<\/strong><\/p>\n<ul data-start=\"1428\" data-end=\"1856\">\n<li data-start=\"1428\" data-end=\"1490\">\n<p data-start=\"1430\" data-end=\"1490\"><strong data-start=\"1430\" data-end=\"1439\">Tipo:<\/strong> Abrazadera de lat\u00f3n en forma de L de 90\u00b0 para vidrio a pared con tapa<\/p>\n<\/li>\n<li data-start=\"1491\" data-end=\"1560\">\n<p data-start=\"1493\" data-end=\"1560\"><strong data-start=\"1493\" data-end=\"1506\">Material:<\/strong> Lat\u00f3n macizo para mayor durabilidad y resistencia a la corrosi\u00f3n<\/p>\n<\/li>\n<li data-start=\"1561\" data-end=\"1613\">\n<p data-start=\"1563\" data-end=\"1613\"><strong data-start=\"1563\" data-end=\"1587\">Compatibilidad de vidrio:<\/strong> Se adapta a cristales de 8-12 mm de grosor<\/p>\n<\/li>\n<li data-start=\"1614\" data-end=\"1671\">\n<p data-start=\"1616\" data-end=\"1671\"><strong data-start=\"1616\" data-end=\"1634\">Capacidad de carga:<\/strong> Soporta hasta 45 kg por cada dos abrazaderas<\/p>\n<\/li>\n<li data-start=\"1672\" data-end=\"1750\">\n<p data-start=\"1674\" data-end=\"1750\"><strong data-start=\"1674\" data-end=\"1685\">Dise\u00f1o:<\/strong> Soporte mural de 90\u00b0 con tapa, en forma de L para mayor estabilidad<\/p>\n<\/li>\n<li data-start=\"1751\" data-end=\"1856\">\n<p data-start=\"1753\" data-end=\"1856\"><strong data-start=\"1753\" data-end=\"1770\">Aplicaciones:<\/strong> Puertas de ducha sin marco, mamparas de cristal y cerramientos en viviendas, hoteles y spas<\/p>\n<\/li>\n<\/ul>\n<p data-start=\"1858\" data-end=\"1879\"><strong data-start=\"1858\" data-end=\"1877\">Especificaciones:<\/strong><\/p>\n<ul data-start=\"1880\" data-end=\"2152\">\n<li data-start=\"1880\" data-end=\"1902\">\n<p data-start=\"1882\" data-end=\"1902\"><strong data-start=\"1882\" data-end=\"1892\">Modelo:<\/strong> SD9045B<\/p>\n<\/li>\n<li data-start=\"1903\" data-end=\"1959\">\n<p data-start=\"1905\" data-end=\"1959\"><strong data-start=\"1905\" data-end=\"1914\">Tipo:<\/strong> Abrazadera de vidrio a pared en forma de L de 90\u00b0 con tapa<\/p>\n<\/li>\n<li data-start=\"1960\" data-end=\"1983\">\n<p data-start=\"1962\" data-end=\"1983\"><strong data-start=\"1962\" data-end=\"1975\">Material:<\/strong> Lat\u00f3n<\/p>\n<\/li>\n<li data-start=\"1984\" data-end=\"2020\">\n<p data-start=\"1986\" data-end=\"2020\"><strong data-start=\"1986\" data-end=\"2011\">Se adapta al grosor del cristal:<\/strong> 8-12 mm<\/p>\n<\/li>\n<li data-start=\"2021\" data-end=\"2057\">\n<p data-start=\"2023\" data-end=\"2057\"><strong data-start=\"2023\" data-end=\"2043\">Peso m\u00e1ximo de la puerta:<\/strong> 45kg \/ 2pcs<\/p>\n<\/li>\n<li data-start=\"2058\" data-end=\"2152\">\n<p data-start=\"2060\" data-end=\"2152\"><strong data-start=\"2060\" data-end=\"2079\">Opciones de acabado:<\/strong> Cromo pulido, Oro pulido, N\u00edquel cepillado, Gun Metal, Negro mate<\/p>\n<\/li>\n<\/ul>\n<h2 id=\"tablepress-4-name\" class=\"tablepress-table-name tablepress-table-name-id-4\">Abrazaderas de lat\u00f3n para puertas de ducha Serie SD9045<\/h2>\n\n<table id=\"tablepress-4\" class=\"tablepress tablepress-id-4\" aria-labelledby=\"tablepress-4-name\">\n<thead>\n<tr class=\"row-1\">\n\t<th class=\"column-1\"><strong>Modelo<\/strong><\/th><th class=\"column-2\"><strong>Imagen<\/strong><\/th><th class=\"column-3\"><strong>Tipo<\/strong><\/th><th class=\"column-4\"><strong>\u00c1ngulo<\/strong><\/th><th class=\"column-5\"><strong>Forma<\/strong><\/th><th class=\"column-6\"><strong>Caracter\u00edstica<\/strong><\/th>\n<\/tr>\n<\/thead>\n<tbody class=\"row-striping row-hover\">\n<tr class=\"row-2\">\n\t<td class=\"column-1\"><a href=\"https:\/\/showerglasshardware.com\/es-es\/product\/sd9045a-brass-90-glass-to-wall-clamp-clip-with-cover\/\">SD9045A<\/a><\/td><td class=\"column-2\"><a href=\"https:\/\/showerglasshardware.com\/wp-content\/uploads\/2025\/10\/SD9045A-Black-Size.jpg\"><img decoding=\"async\" src=\"https:\/\/showerglasshardware.com\/wp-content\/uploads\/2025\/10\/SD9045A-Black-Size-300x300.jpg\" alt=\"SD9045A Abrazadera de lat\u00f3n de 90\u00b0 para vidrio a pared con tapa Tama\u00f1o\" width=\"60\" height=\"60\" class=\"alignnone size-medium wp-image-4818\" title=\"\" srcset=\"https:\/\/showerglasshardware.com\/wp-content\/uploads\/2025\/10\/SD9045A-Black-Size-300x300.jpg 300w, https:\/\/showerglasshardware.com\/wp-content\/uploads\/2025\/10\/SD9045A-Black-Size-150x150.jpg 150w, https:\/\/showerglasshardware.com\/wp-content\/uploads\/2025\/10\/SD9045A-Black-Size-768x768.jpg 768w, https:\/\/showerglasshardware.com\/wp-content\/uploads\/2025\/10\/SD9045A-Black-Size-12x12.jpg 12w, https:\/\/showerglasshardware.com\/wp-content\/uploads\/2025\/10\/SD9045A-Black-Size-600x600.jpg 600w, https:\/\/showerglasshardware.com\/wp-content\/uploads\/2025\/10\/SD9045A-Black-Size-100x100.jpg 100w, https:\/\/showerglasshardware.com\/wp-content\/uploads\/2025\/10\/SD9045A-Black-Size.jpg 800w\" sizes=\"(max-width: 60px) 100vw, 60px\" \/><\/a><\/td><td class=\"column-3\">Vidrio a pared<\/td><td class=\"column-4\">90\u00b0<\/td><td class=\"column-5\">Rect\u00e1ngulo<\/td><td class=\"column-6\">Con tapa, corte redondo<\/td>\n<\/tr>\n<tr class=\"row-3\">\n\t<td class=\"column-1\"><a href=\"https:\/\/showerglasshardware.com\/es-es\/product\/sd9045b-l-shape-brass-90-glass-to-wall-clip-bracket\/\">SD9045B<\/a><\/td><td class=\"column-2\"><a href=\"https:\/\/showerglasshardware.com\/wp-content\/uploads\/2025\/10\/SD9045B-Black-Size.jpg\"><img decoding=\"async\" src=\"https:\/\/showerglasshardware.com\/wp-content\/uploads\/2025\/10\/SD9045B-Black-Size-300x300.jpg\" alt=\"SD9045B Abrazadera de lat\u00f3n en forma de L de 90\u00b0 para vidrio a pared Tama\u00f1o\" width=\"60\" height=\"60\" class=\"alignnone size-medium wp-image-4821\" title=\"\" srcset=\"https:\/\/showerglasshardware.com\/wp-content\/uploads\/2025\/10\/SD9045B-Black-Size-300x300.jpg 300w, https:\/\/showerglasshardware.com\/wp-content\/uploads\/2025\/10\/SD9045B-Black-Size-150x150.jpg 150w, https:\/\/showerglasshardware.com\/wp-content\/uploads\/2025\/10\/SD9045B-Black-Size-768x768.jpg 768w, https:\/\/showerglasshardware.com\/wp-content\/uploads\/2025\/10\/SD9045B-Black-Size-12x12.jpg 12w, https:\/\/showerglasshardware.com\/wp-content\/uploads\/2025\/10\/SD9045B-Black-Size-600x600.jpg 600w, https:\/\/showerglasshardware.com\/wp-content\/uploads\/2025\/10\/SD9045B-Black-Size-100x100.jpg 100w, https:\/\/showerglasshardware.com\/wp-content\/uploads\/2025\/10\/SD9045B-Black-Size.jpg 800w\" sizes=\"(max-width: 60px) 100vw, 60px\" \/><\/a><\/td><td class=\"column-3\">Vidrio a pared<\/td><td class=\"column-4\">90\u00b0<\/td><td class=\"column-5\">Rect\u00e1ngulo<\/td><td class=\"column-6\">Con cubierta, alta estabilidad<\/td>\n<\/tr>\n<tr class=\"row-4\">\n\t<td class=\"column-1\"><a href=\"https:\/\/showerglasshardware.com\/es-es\/product\/sd9045c-brass-90-glass-to-glass-clamp-clip-with-cover\/\">SD9045C<\/a><\/td><td class=\"column-2\"><a href=\"https:\/\/showerglasshardware.com\/wp-content\/uploads\/2025\/10\/SD9045C-Black-Size.jpg\"><img decoding=\"async\" src=\"https:\/\/showerglasshardware.com\/wp-content\/uploads\/2025\/10\/SD9045C-Black-Size-300x300.jpg\" alt=\"\" width=\"60\" height=\"60\" class=\"alignnone size-medium wp-image-4830\" title=\"\" srcset=\"https:\/\/showerglasshardware.com\/wp-content\/uploads\/2025\/10\/SD9045C-Black-Size-300x300.jpg 300w, https:\/\/showerglasshardware.com\/wp-content\/uploads\/2025\/10\/SD9045C-Black-Size-150x150.jpg 150w, https:\/\/showerglasshardware.com\/wp-content\/uploads\/2025\/10\/SD9045C-Black-Size-768x768.jpg 768w, https:\/\/showerglasshardware.com\/wp-content\/uploads\/2025\/10\/SD9045C-Black-Size-12x12.jpg 12w, https:\/\/showerglasshardware.com\/wp-content\/uploads\/2025\/10\/SD9045C-Black-Size-600x600.jpg 600w, https:\/\/showerglasshardware.com\/wp-content\/uploads\/2025\/10\/SD9045C-Black-Size-100x100.jpg 100w, https:\/\/showerglasshardware.com\/wp-content\/uploads\/2025\/10\/SD9045C-Black-Size.jpg 800w\" sizes=\"(max-width: 60px) 100vw, 60px\" \/><\/a><\/td><td class=\"column-3\">De vidrio a vidrio<\/td><td class=\"column-4\">90\u00b0<\/td><td class=\"column-5\">Rect\u00e1ngulo<\/td><td class=\"column-6\">Con tapa, acabado limpio<\/td>\n<\/tr>\n<\/tbody>\n<\/table>\n<!-- #tablepress-4 from cache -->","protected":false},"excerpt":{"rendered":"<ul>\n<li>Material de lat\u00f3n<\/li>\n<li>Abrazadera de esquina para cristal en forma de L con tapa<\/li>\n<li>Abrazaderas de 90\u00b0 para montaje en pared<\/li>\n<li>Espesor del vidrio: 8-12 mm;<\/li>\n<li>Peso m\u00e1ximo de la puerta de vidrio: 45 kg (2 piezas);<\/li>\n<li>Acabado: Cromo Pulido; Oro pulido; n\u00edquel cepillado; Metal de pistola; Negro mate<\/li>\n<\/ul>","protected":false},"featured_media":4820,"comment_status":"open","ping_status":"closed","template":"","meta":{"_acf_changed":false},"product_brand":[],"product_cat":[24,110],"product_tag":[],"class_list":{"0":"post-4819","1":"product","2":"type-product","3":"status-publish","4":"has-post-thumbnail","6":"product_cat-shower-glass-clamps","7":"product_cat-wall-mount-clamps","8":"pa_finish-brushed-nickel","9":"pa_finish-chrome","10":"pa_finish-gold","11":"pa_finish-gun-metal","12":"pa_finish-black","13":"pa_glass-thickness-1-2-inch-12mm","14":"pa_glass-thickness-3-8-inch-10mm","15":"pa_glass-thickness-5-16-inch-8mm","16":"pa_load-bearing-45kg-2pcs","17":"pa_material-brass","19":"first","20":"instock","21":"taxable","22":"shipping-taxable","23":"product-type-simple"},"acf":[],"_links":{"self":[{"href":"https:\/\/showerglasshardware.com\/es-es\/wp-json\/wp\/v2\/product\/4819","targetHints":{"allow":["GET"]}}],"collection":[{"href":"https:\/\/showerglasshardware.com\/es-es\/wp-json\/wp\/v2\/product"}],"about":[{"href":"https:\/\/showerglasshardware.com\/es-es\/wp-json\/wp\/v2\/types\/product"}],"replies":[{"embeddable":true,"href":"https:\/\/showerglasshardware.com\/es-es\/wp-json\/wp\/v2\/comments?post=4819"}],"version-history":[{"count":2,"href":"https:\/\/showerglasshardware.com\/es-es\/wp-json\/wp\/v2\/product\/4819\/revisions"}],"predecessor-version":[{"id":4864,"href":"https:\/\/showerglasshardware.com\/es-es\/wp-json\/wp\/v2\/product\/4819\/revisions\/4864"}],"wp:featuredmedia":[{"embeddable":true,"href":"https:\/\/showerglasshardware.com\/es-es\/wp-json\/wp\/v2\/media\/4820"}],"wp:attachment":[{"href":"https:\/\/showerglasshardware.com\/es-es\/wp-json\/wp\/v2\/media?parent=4819"}],"wp:term":[{"taxonomy":"product_brand","embeddable":true,"href":"https:\/\/showerglasshardware.com\/es-es\/wp-json\/wp\/v2\/product_brand?post=4819"},{"taxonomy":"product_cat","embeddable":true,"href":"https:\/\/showerglasshardware.com\/es-es\/wp-json\/wp\/v2\/product_cat?post=4819"},{"taxonomy":"product_tag","embeddable":true,"href":"https:\/\/showerglasshardware.com\/es-es\/wp-json\/wp\/v2\/product_tag?post=4819"}],"curies":[{"name":"wp","href":"https:\/\/api.w.org\/{rel}","templated":true}]}}