{"id":537,"date":"2024-03-29T02:34:42","date_gmt":"2024-03-29T02:34:42","guid":{"rendered":"https:\/\/showerglasshardware.com\/?post_type=product&#038;p=537"},"modified":"2025-10-08T08:47:18","modified_gmt":"2025-10-08T08:47:18","slug":"shower-room-brass-glass-to-wall-90-square-clamps-single-hole-sgh-180c","status":"publish","type":"product","link":"https:\/\/showerglasshardware.com\/es-es\/product\/shower-room-brass-glass-to-wall-90-square-clamps-single-hole-sgh-180c\/","title":{"rendered":"Abrazaderas cuadradas de 90\u00b0 para cristal a pared SGH-SD180C"},"content":{"rendered":"<p data-start=\"613\" data-end=\"750\">La abrazadera cuadrada de 90\u00b0 de lat\u00f3n SGH-SD180C para cristal a pared es un herraje de cristal duradero y moderno dise\u00f1ado para mamparas de ducha sin marco.<\/p>\n<p data-start=\"752\" data-end=\"1099\">Fabricado en lat\u00f3n macizo, ofrece gran solidez y resistencia a la corrosi\u00f3n, lo que garantiza su fiabilidad a largo plazo en cuartos de ba\u00f1o h\u00famedos. La configuraci\u00f3n de 90\u00b0 cristal-pared proporciona una conexi\u00f3n segura entre los paneles de cristal fijos y las superficies de la pared, mientras que el dise\u00f1o cuadrado realza el aspecto limpio y minimalista de los ba\u00f1os contempor\u00e1neos.<\/p>\n<p data-start=\"1101\" data-end=\"1341\">Con un sistema de montaje de un solo orificio, la instalaci\u00f3n es r\u00e1pida y segura. Dise\u00f1ada para cristal de 6-12 mm de grosor, la SGH-SD180C soporta hasta 35 kg por cada dos abrazaderas, lo que la hace ideal para aplicaciones de ducha residenciales y comerciales.<\/p>\n<p data-start=\"1343\" data-end=\"1362\"><strong data-start=\"1343\" data-end=\"1360\">Caracter\u00edsticas clave:<\/strong><\/p>\n<ul data-start=\"1363\" data-end=\"1767\">\n<li data-start=\"1363\" data-end=\"1434\">\n<p data-start=\"1365\" data-end=\"1434\"><strong data-start=\"1365\" data-end=\"1374\">Tipo:<\/strong> abrazadera de ducha cuadrada de 90\u00b0 de lat\u00f3n para cristal a pared (orificio \u00fanico)<\/p>\n<\/li>\n<li data-start=\"1435\" data-end=\"1499\">\n<p data-start=\"1437\" data-end=\"1499\"><strong data-start=\"1437\" data-end=\"1450\">Material:<\/strong> Lat\u00f3n macizo para mayor durabilidad y resistencia a la oxidaci\u00f3n<\/p>\n<\/li>\n<li data-start=\"1500\" data-end=\"1552\">\n<p data-start=\"1502\" data-end=\"1552\"><strong data-start=\"1502\" data-end=\"1526\">Compatibilidad de vidrio:<\/strong> Se adapta a cristales de 6-12 mm de grosor<\/p>\n<\/li>\n<li data-start=\"1553\" data-end=\"1610\">\n<p data-start=\"1555\" data-end=\"1610\"><strong data-start=\"1555\" data-end=\"1573\">Capacidad de carga:<\/strong> Soporta hasta 35 kg por cada dos abrazaderas<\/p>\n<\/li>\n<li data-start=\"1611\" data-end=\"1667\">\n<p data-start=\"1613\" data-end=\"1667\"><strong data-start=\"1613\" data-end=\"1624\">Dise\u00f1o:<\/strong> Estilo cuadrado para un aspecto moderno sin marco<\/p>\n<\/li>\n<li data-start=\"1668\" data-end=\"1767\">\n<p data-start=\"1670\" data-end=\"1767\"><strong data-start=\"1670\" data-end=\"1687\">Aplicaciones:<\/strong> Adecuado para puertas y paneles de ducha sin marco en ba\u00f1os, hoteles y spas<\/p>\n<\/li>\n<\/ul>\n<p data-start=\"1769\" data-end=\"1790\"><strong data-start=\"1769\" data-end=\"1788\">Especificaciones:<\/strong><\/p>\n<ul data-start=\"1791\" data-end=\"2067\">\n<li data-start=\"1791\" data-end=\"1816\">\n<p data-start=\"1793\" data-end=\"1816\"><strong data-start=\"1793\" data-end=\"1803\">Modelo:<\/strong> SGH-SD180C<\/p>\n<\/li>\n<li data-start=\"1817\" data-end=\"1874\">\n<p data-start=\"1819\" data-end=\"1874\"><strong data-start=\"1819\" data-end=\"1828\">Tipo:<\/strong> Abrazadera cuadrada vidrio-pared, 90\u00b0 agujero \u00fanico<\/p>\n<\/li>\n<li data-start=\"1875\" data-end=\"1898\">\n<p data-start=\"1877\" data-end=\"1898\"><strong data-start=\"1877\" data-end=\"1890\">Material:<\/strong> Lat\u00f3n<\/p>\n<\/li>\n<li data-start=\"1899\" data-end=\"1935\">\n<p data-start=\"1901\" data-end=\"1935\"><strong data-start=\"1901\" data-end=\"1926\">Se adapta al grosor del cristal:<\/strong> 6-12 mm<\/p>\n<\/li>\n<li data-start=\"1936\" data-end=\"1972\">\n<p data-start=\"1938\" data-end=\"1972\"><strong data-start=\"1938\" data-end=\"1958\">Peso m\u00e1ximo de la puerta:<\/strong> 35kg \/ 2pcs<\/p>\n<\/li>\n<li data-start=\"1973\" data-end=\"2067\">\n<p data-start=\"1975\" data-end=\"2067\"><strong data-start=\"1975\" data-end=\"1994\">Opciones de acabado:<\/strong> Cromo pulido, Oro pulido, N\u00edquel cepillado, Gun Metal, Negro mate<\/p>\n<\/li>\n<\/ul>","protected":false},"excerpt":{"rendered":"<ul>\n<li>Material de lat\u00f3n<\/li>\n<li>Abrazaderas cuadradas<\/li>\n<li>Espesor del vidrio: 6-12 mm;<\/li>\n<li>Peso m\u00e1ximo de la puerta de vidrio: 35 kg (2 piezas);<\/li>\n<li>Acabado: Cromo Pulido; Oro pulido; n\u00edquel cepillado; Metal de pistola; Negro mate<\/li>\n<\/ul>\n<p><!-- notionvc: a9eae75d-0436-41ac-8760-57c5d15135a1 --><\/p>","protected":false},"featured_media":543,"comment_status":"open","ping_status":"closed","template":"","meta":{"_acf_changed":false},"product_brand":[],"product_cat":[24],"product_tag":[55],"class_list":{"0":"post-537","1":"product","2":"type-product","3":"status-publish","4":"has-post-thumbnail","6":"product_cat-shower-glass-clamps","7":"product_tag-90-degree-glass-to-wall-clamp","8":"pa_finish-brushed-nickel","9":"pa_finish-chrome","10":"pa_finish-gold","11":"pa_finish-gun-metal","12":"pa_finish-black","13":"pa_glass-thickness-6-12mm","14":"pa_material-brass","16":"first","17":"instock","18":"taxable","19":"shipping-taxable","20":"product-type-simple"},"acf":[],"_links":{"self":[{"href":"https:\/\/showerglasshardware.com\/es-es\/wp-json\/wp\/v2\/product\/537","targetHints":{"allow":["GET"]}}],"collection":[{"href":"https:\/\/showerglasshardware.com\/es-es\/wp-json\/wp\/v2\/product"}],"about":[{"href":"https:\/\/showerglasshardware.com\/es-es\/wp-json\/wp\/v2\/types\/product"}],"replies":[{"embeddable":true,"href":"https:\/\/showerglasshardware.com\/es-es\/wp-json\/wp\/v2\/comments?post=537"}],"version-history":[{"count":3,"href":"https:\/\/showerglasshardware.com\/es-es\/wp-json\/wp\/v2\/product\/537\/revisions"}],"predecessor-version":[{"id":4795,"href":"https:\/\/showerglasshardware.com\/es-es\/wp-json\/wp\/v2\/product\/537\/revisions\/4795"}],"wp:featuredmedia":[{"embeddable":true,"href":"https:\/\/showerglasshardware.com\/es-es\/wp-json\/wp\/v2\/media\/543"}],"wp:attachment":[{"href":"https:\/\/showerglasshardware.com\/es-es\/wp-json\/wp\/v2\/media?parent=537"}],"wp:term":[{"taxonomy":"product_brand","embeddable":true,"href":"https:\/\/showerglasshardware.com\/es-es\/wp-json\/wp\/v2\/product_brand?post=537"},{"taxonomy":"product_cat","embeddable":true,"href":"https:\/\/showerglasshardware.com\/es-es\/wp-json\/wp\/v2\/product_cat?post=537"},{"taxonomy":"product_tag","embeddable":true,"href":"https:\/\/showerglasshardware.com\/es-es\/wp-json\/wp\/v2\/product_tag?post=537"}],"curies":[{"name":"wp","href":"https:\/\/api.w.org\/{rel}","templated":true}]}}