{"id":549,"date":"2024-03-29T02:57:43","date_gmt":"2024-03-29T02:57:43","guid":{"rendered":"https:\/\/showerglasshardware.com\/?post_type=product&#038;p=549"},"modified":"2025-09-25T13:37:31","modified_gmt":"2025-09-25T13:37:31","slug":"shower-room-brass-glass-to-wall-180-square-clamps-single-hole-sgh-180","status":"publish","type":"product","link":"https:\/\/showerglasshardware.com\/es-es\/product\/shower-room-brass-glass-to-wall-180-square-clamps-single-hole-sgh-180\/","title":{"rendered":"Abrazaderas cuadradas de 180\u00b0 para vidrio a pared SGH-SD180"},"content":{"rendered":"<p data-start=\"550\" data-end=\"676\">La abrazadera cuadrada de lat\u00f3n para vidrio y pared SGH-SD180 es un accesorio resistente y elegante dise\u00f1ado para mamparas de ducha sin marco.<\/p>\n<p data-start=\"678\" data-end=\"951\">Fabricada en lat\u00f3n macizo, esta abrazadera garantiza una gran durabilidad y resistencia a la corrosi\u00f3n, por lo que es ideal para cuartos de ba\u00f1o h\u00famedos. El dise\u00f1o de 180\u00b0 del cristal a la pared proporciona una conexi\u00f3n segura, mientras que el perfil cuadrado ofrece un aspecto moderno y limpio.<\/p>\n<p data-start=\"953\" data-end=\"1267\">Dise\u00f1ada para cristal de 6-12 mm de grosor, esta abrazadera soporta hasta 35 kg por cada dos abrazaderas, lo que la hace adecuada para puertas de ducha de cristal sin marco de tama\u00f1o medio. Su montaje de un solo orificio permite una instalaci\u00f3n f\u00e1cil y segura, mientras que las m\u00faltiples opciones de acabado le permiten coordinar con su hardware de ba\u00f1o existente.<\/p>\n<p data-start=\"1269\" data-end=\"1288\"><strong data-start=\"1269\" data-end=\"1286\">Caracter\u00edsticas clave:<\/strong><\/p>\n<ul data-start=\"1289\" data-end=\"1693\">\n<li data-start=\"1289\" data-end=\"1361\">\n<p data-start=\"1291\" data-end=\"1361\"><strong data-start=\"1291\" data-end=\"1300\">Tipo:<\/strong> abrazadera de ducha cuadrada de lat\u00f3n de 180\u00b0 para cristal a pared (orificio \u00fanico)<\/p>\n<\/li>\n<li data-start=\"1362\" data-end=\"1429\">\n<p data-start=\"1364\" data-end=\"1429\"><strong data-start=\"1364\" data-end=\"1377\">Material:<\/strong> Lat\u00f3n macizo para mayor solidez y resistencia a la corrosi\u00f3n<\/p>\n<\/li>\n<li data-start=\"1430\" data-end=\"1482\">\n<p data-start=\"1432\" data-end=\"1482\"><strong data-start=\"1432\" data-end=\"1456\">Compatibilidad de vidrio:<\/strong> Se adapta a cristales de 6-12 mm de grosor<\/p>\n<\/li>\n<li data-start=\"1483\" data-end=\"1540\">\n<p data-start=\"1485\" data-end=\"1540\"><strong data-start=\"1485\" data-end=\"1503\">Capacidad de carga:<\/strong> Soporta hasta 35 kg por cada dos abrazaderas<\/p>\n<\/li>\n<li data-start=\"1541\" data-end=\"1604\">\n<p data-start=\"1543\" data-end=\"1604\"><strong data-start=\"1543\" data-end=\"1554\">Dise\u00f1o:<\/strong> Forma cuadrada con conexi\u00f3n vidrio-pared de 180<\/p>\n<\/li>\n<li data-start=\"1605\" data-end=\"1693\">\n<p data-start=\"1607\" data-end=\"1693\"><strong data-start=\"1607\" data-end=\"1624\">Aplicaciones:<\/strong> Perfecto para mamparas de ducha sin marco en viviendas, hoteles y spas<\/p>\n<\/li>\n<\/ul>\n<p data-start=\"1695\" data-end=\"1716\"><strong data-start=\"1695\" data-end=\"1714\">Especificaciones:<\/strong><\/p>\n<ul data-start=\"1717\" data-end=\"1993\">\n<li data-start=\"1717\" data-end=\"1741\">\n<p data-start=\"1719\" data-end=\"1741\"><strong data-start=\"1719\" data-end=\"1729\">Modelo:<\/strong> SGH-SD180<\/p>\n<\/li>\n<li data-start=\"1742\" data-end=\"1800\">\n<p data-start=\"1744\" data-end=\"1800\"><strong data-start=\"1744\" data-end=\"1753\">Tipo:<\/strong> Abrazadera cuadrada vidrio-pared, 180\u00b0 un orificio<\/p>\n<\/li>\n<li data-start=\"1801\" data-end=\"1824\">\n<p data-start=\"1803\" data-end=\"1824\"><strong data-start=\"1803\" data-end=\"1816\">Material:<\/strong> Lat\u00f3n<\/p>\n<\/li>\n<li data-start=\"1825\" data-end=\"1861\">\n<p data-start=\"1827\" data-end=\"1861\"><strong data-start=\"1827\" data-end=\"1852\">Se adapta al grosor del cristal:<\/strong> 6-12 mm<\/p>\n<\/li>\n<li data-start=\"1862\" data-end=\"1898\">\n<p data-start=\"1864\" data-end=\"1898\"><strong data-start=\"1864\" data-end=\"1884\">Peso m\u00e1ximo de la puerta:<\/strong> 35kg \/ 2pcs<\/p>\n<\/li>\n<li data-start=\"1899\" data-end=\"1993\">\n<p data-start=\"1901\" data-end=\"1993\"><strong data-start=\"1901\" data-end=\"1920\">Opciones de acabado:<\/strong> Cromo pulido, Oro pulido, N\u00edquel cepillado, Gun Metal, Negro mate<\/p>\n<\/li>\n<\/ul>","protected":false},"excerpt":{"rendered":"<ul>\n<li>Material de lat\u00f3n<\/li>\n<li>Abrazaderas cuadradas<\/li>\n<li>Vidrio a pared 180\u00b0<\/li>\n<li>Espesor del vidrio: 6-12 mm;<\/li>\n<li>Peso m\u00e1ximo de la puerta de vidrio: 35 kg (2 piezas);<\/li>\n<li>Acabado: Cromo Pulido; Oro pulido; n\u00edquel cepillado; Metal de pistola; Negro mate<\/li>\n<\/ul>\n<p><!-- notionvc: a9eae75d-0436-41ac-8760-57c5d15135a1 --><\/p>","protected":false},"featured_media":4768,"comment_status":"open","ping_status":"closed","template":"","meta":{"_acf_changed":false},"product_brand":[],"product_cat":[24,110],"product_tag":[56],"class_list":{"0":"post-549","1":"product","2":"type-product","3":"status-publish","4":"has-post-thumbnail","6":"product_cat-shower-glass-clamps","7":"product_cat-wall-mount-clamps","8":"product_tag-180-degree-glass-to-wall-clamp","9":"pa_finish-brushed-nickel","10":"pa_finish-chrome","11":"pa_finish-gold","12":"pa_finish-gun-metal","13":"pa_finish-black","14":"pa_glass-thickness-1-2-inch-12mm","15":"pa_glass-thickness-1-4-inch-6mm","16":"pa_glass-thickness-3-8-inch-10mm","17":"pa_glass-thickness-5-16-inch-8mm","18":"pa_material-brass","20":"first","21":"instock","22":"purchasable","23":"product-type-variable"},"acf":[],"_links":{"self":[{"href":"https:\/\/showerglasshardware.com\/es-es\/wp-json\/wp\/v2\/product\/549","targetHints":{"allow":["GET"]}}],"collection":[{"href":"https:\/\/showerglasshardware.com\/es-es\/wp-json\/wp\/v2\/product"}],"about":[{"href":"https:\/\/showerglasshardware.com\/es-es\/wp-json\/wp\/v2\/types\/product"}],"replies":[{"embeddable":true,"href":"https:\/\/showerglasshardware.com\/es-es\/wp-json\/wp\/v2\/comments?post=549"}],"version-history":[{"count":4,"href":"https:\/\/showerglasshardware.com\/es-es\/wp-json\/wp\/v2\/product\/549\/revisions"}],"predecessor-version":[{"id":4769,"href":"https:\/\/showerglasshardware.com\/es-es\/wp-json\/wp\/v2\/product\/549\/revisions\/4769"}],"wp:featuredmedia":[{"embeddable":true,"href":"https:\/\/showerglasshardware.com\/es-es\/wp-json\/wp\/v2\/media\/4768"}],"wp:attachment":[{"href":"https:\/\/showerglasshardware.com\/es-es\/wp-json\/wp\/v2\/media?parent=549"}],"wp:term":[{"taxonomy":"product_brand","embeddable":true,"href":"https:\/\/showerglasshardware.com\/es-es\/wp-json\/wp\/v2\/product_brand?post=549"},{"taxonomy":"product_cat","embeddable":true,"href":"https:\/\/showerglasshardware.com\/es-es\/wp-json\/wp\/v2\/product_cat?post=549"},{"taxonomy":"product_tag","embeddable":true,"href":"https:\/\/showerglasshardware.com\/es-es\/wp-json\/wp\/v2\/product_tag?post=549"}],"curies":[{"name":"wp","href":"https:\/\/api.w.org\/{rel}","templated":true}]}}