{"id":564,"date":"2024-03-29T03:17:17","date_gmt":"2024-03-29T03:17:17","guid":{"rendered":"https:\/\/showerglasshardware.com\/?post_type=product&#038;p=564"},"modified":"2025-12-22T01:22:03","modified_gmt":"2025-12-22T01:22:03","slug":"glass-to-glass-buy-glass-shower-door-clamps-sgh-183","status":"publish","type":"product","link":"https:\/\/showerglasshardware.com\/es-es\/product\/glass-to-glass-buy-glass-shower-door-clamps-sgh-183\/","title":{"rendered":"Ducha de lat\u00f3n 135 \u00b0 de vidrio a vidrio Comprar abrazaderas de puerta de ducha de vidrio SGH-SD183"},"content":{"rendered":"<p data-start=\"555\" data-end=\"700\">La abrazadera cuadrada de lat\u00f3n SGH-SD183 de cristal a cristal es un herraje de alta calidad dise\u00f1ado para mamparas de ducha sin marco con conexiones en \u00e1ngulo.<\/p>\n<p data-start=\"702\" data-end=\"1002\">Fabricadas en lat\u00f3n macizo, estas abrazaderas garantizan durabilidad y una excelente resistencia a la corrosi\u00f3n en entornos de ba\u00f1o h\u00famedos. La configuraci\u00f3n de cristal a cristal de 135\u00b0 es ideal para conectar paneles fijos y puertas de ducha en esquinas en \u00e1ngulo, proporcionando tanto estabilidad estructural como un aspecto moderno.<\/p>\n<p data-start=\"1004\" data-end=\"1239\">Con su dise\u00f1o cuadrado, la SGH-SD183 ofrece un aspecto limpio y contempor\u00e1neo. Adecuada para cristal de 6-12 mm de grosor, esta abrazadera soporta hasta 35 kg por cada dos abrazaderas y est\u00e1 disponible en varios acabados para combinar con la decoraci\u00f3n de su ba\u00f1o.<\/p>\n<p data-start=\"1241\" data-end=\"1260\"><strong data-start=\"1241\" data-end=\"1258\">Caracter\u00edsticas clave:<\/strong><\/p>\n<ul data-start=\"1261\" data-end=\"1673\">\n<li data-start=\"1261\" data-end=\"1326\">\n<p data-start=\"1263\" data-end=\"1326\"><strong data-start=\"1263\" data-end=\"1272\">Tipo:<\/strong> Abrazaderas cuadradas de lat\u00f3n de 135\u00b0 para puertas de ducha de cristal a cristal<\/p>\n<\/li>\n<li data-start=\"1327\" data-end=\"1389\">\n<p data-start=\"1329\" data-end=\"1389\"><strong data-start=\"1329\" data-end=\"1342\">Material:<\/strong> Lat\u00f3n macizo para mayor solidez y resistencia a la oxidaci\u00f3n<\/p>\n<\/li>\n<li data-start=\"1390\" data-end=\"1442\">\n<p data-start=\"1392\" data-end=\"1442\"><strong data-start=\"1392\" data-end=\"1416\">Compatibilidad de vidrio:<\/strong> Se adapta a cristales de 6-12 mm de grosor<\/p>\n<\/li>\n<li data-start=\"1443\" data-end=\"1500\">\n<p data-start=\"1445\" data-end=\"1500\"><strong data-start=\"1445\" data-end=\"1463\">Capacidad de carga:<\/strong> Soporta hasta 35 kg por cada dos abrazaderas<\/p>\n<\/li>\n<li data-start=\"1501\" data-end=\"1567\">\n<p data-start=\"1503\" data-end=\"1567\"><strong data-start=\"1503\" data-end=\"1514\">Dise\u00f1o:<\/strong> Perfil cuadrado con conexi\u00f3n de cristal a cristal de 135<\/p>\n<\/li>\n<li data-start=\"1568\" data-end=\"1673\">\n<p data-start=\"1570\" data-end=\"1673\"><strong data-start=\"1570\" data-end=\"1587\">Aplicaciones:<\/strong> Perfecto para puertas de ducha sin marco y mamparas en \u00e1ngulo en hogares, hoteles y spas<\/p>\n<\/li>\n<\/ul>\n<p data-start=\"1675\" data-end=\"1696\"><strong data-start=\"1675\" data-end=\"1694\">Especificaciones:<\/strong><\/p>\n<ul data-start=\"1697\" data-end=\"1962\">\n<li data-start=\"1697\" data-end=\"1721\">\n<p data-start=\"1699\" data-end=\"1721\"><strong data-start=\"1699\" data-end=\"1709\">Modelo:<\/strong> SGH-SD183<\/p>\n<\/li>\n<li data-start=\"1722\" data-end=\"1769\">\n<p data-start=\"1724\" data-end=\"1769\"><strong data-start=\"1724\" data-end=\"1733\">Tipo:<\/strong> Abrazadera cuadrada vidrio-vidrio, 135<\/p>\n<\/li>\n<li data-start=\"1770\" data-end=\"1793\">\n<p data-start=\"1772\" data-end=\"1793\"><strong data-start=\"1772\" data-end=\"1785\">Material:<\/strong> Lat\u00f3n<\/p>\n<\/li>\n<li data-start=\"1794\" data-end=\"1830\">\n<p data-start=\"1796\" data-end=\"1830\"><strong data-start=\"1796\" data-end=\"1821\">Se adapta al grosor del cristal:<\/strong> 6-12 mm<\/p>\n<\/li>\n<li data-start=\"1831\" data-end=\"1867\">\n<p data-start=\"1833\" data-end=\"1867\"><strong data-start=\"1833\" data-end=\"1853\">Peso m\u00e1ximo de la puerta:<\/strong> 35kg \/ 2pcs<\/p>\n<\/li>\n<li data-start=\"1868\" data-end=\"1962\">\n<p data-start=\"1870\" data-end=\"1962\"><strong data-start=\"1870\" data-end=\"1889\">Opciones de acabado:<\/strong> Cromo pulido, Oro pulido, N\u00edquel cepillado, Gun Metal, Negro mate<\/p>\n<\/li>\n<\/ul>\n<p>&nbsp;<\/p>\n<p>&nbsp;<\/p>","protected":false},"excerpt":{"rendered":"<ul>\n<li>Material de lat\u00f3n<\/li>\n<li>Abrazaderas cuadradas<\/li>\n<li>Abrazaderas de 135\u00b0 para puertas de ducha de cristal<\/li>\n<li>Espesor del vidrio: 6-12 mm;<\/li>\n<li>Peso m\u00e1ximo de la puerta de vidrio: 35 kg (2 piezas);<\/li>\n<li>Acabado: Cromo Pulido; Oro pulido; n\u00edquel cepillado; Metal de pistola; Negro mate<\/li>\n<\/ul>\n<p><!-- notionvc: a9eae75d-0436-41ac-8760-57c5d15135a1 --><\/p>\n<p>&nbsp;<\/p>\n<p>&nbsp;<\/p>","protected":false},"featured_media":4773,"comment_status":"open","ping_status":"closed","template":"","meta":{"_acf_changed":false},"product_brand":[],"product_cat":[24,109],"product_tag":[59],"class_list":{"0":"post-564","1":"product","2":"type-product","3":"status-publish","4":"has-post-thumbnail","6":"product_cat-shower-glass-clamps","7":"product_cat-glass-to-glass-clamps","8":"product_tag-135-degree-glass-to-glass-clamps","9":"pa_finish-brushed-nickel","10":"pa_finish-chrome","11":"pa_finish-gold","12":"pa_finish-gun-metal","13":"pa_finish-black","14":"pa_glass-thickness-1-2-inch-12mm","15":"pa_glass-thickness-1-4-inch-6mm","16":"pa_glass-thickness-3-8-inch-10mm","17":"pa_glass-thickness-5-16-inch-8mm","18":"pa_material-brass","20":"first","21":"instock","22":"purchasable","23":"product-type-variable"},"acf":[],"_links":{"self":[{"href":"https:\/\/showerglasshardware.com\/es-es\/wp-json\/wp\/v2\/product\/564","targetHints":{"allow":["GET"]}}],"collection":[{"href":"https:\/\/showerglasshardware.com\/es-es\/wp-json\/wp\/v2\/product"}],"about":[{"href":"https:\/\/showerglasshardware.com\/es-es\/wp-json\/wp\/v2\/types\/product"}],"replies":[{"embeddable":true,"href":"https:\/\/showerglasshardware.com\/es-es\/wp-json\/wp\/v2\/comments?post=564"}],"version-history":[{"count":5,"href":"https:\/\/showerglasshardware.com\/es-es\/wp-json\/wp\/v2\/product\/564\/revisions"}],"predecessor-version":[{"id":5178,"href":"https:\/\/showerglasshardware.com\/es-es\/wp-json\/wp\/v2\/product\/564\/revisions\/5178"}],"wp:featuredmedia":[{"embeddable":true,"href":"https:\/\/showerglasshardware.com\/es-es\/wp-json\/wp\/v2\/media\/4773"}],"wp:attachment":[{"href":"https:\/\/showerglasshardware.com\/es-es\/wp-json\/wp\/v2\/media?parent=564"}],"wp:term":[{"taxonomy":"product_brand","embeddable":true,"href":"https:\/\/showerglasshardware.com\/es-es\/wp-json\/wp\/v2\/product_brand?post=564"},{"taxonomy":"product_cat","embeddable":true,"href":"https:\/\/showerglasshardware.com\/es-es\/wp-json\/wp\/v2\/product_cat?post=564"},{"taxonomy":"product_tag","embeddable":true,"href":"https:\/\/showerglasshardware.com\/es-es\/wp-json\/wp\/v2\/product_tag?post=564"}],"curies":[{"name":"wp","href":"https:\/\/api.w.org\/{rel}","templated":true}]}}