{"id":801,"date":"2024-04-09T02:32:44","date_gmt":"2024-04-09T02:32:44","guid":{"rendered":"https:\/\/showerglasshardware.com\/?post_type=product&#038;p=801"},"modified":"2025-11-21T03:21:12","modified_gmt":"2025-11-21T03:21:12","slug":"glass-to-glass-series-shower-glass-door-hinges-brass-180","status":"publish","type":"product","link":"https:\/\/showerglasshardware.com\/es-es\/product\/glass-to-glass-series-shower-glass-door-hinges-brass-180\/","title":{"rendered":"Bisagras para puertas de vidrio de ducha serie Glass to Glass | Lat\u00f3n |180\u00b0 SGH204"},"content":{"rendered":"<p data-start=\"478\" data-end=\"677\">Las bisagras SGH204 de lat\u00f3n de 180\u00b0 para puertas de ducha de cristal a cristal combinan una construcci\u00f3n robusta con un ajuste preciso, lo que las hace ideales para mamparas de ducha sin marco que requieren un aspecto limpio y moderno.<\/p>\n<p data-start=\"679\" data-end=\"1017\">Estas bisagras, fabricadas en lat\u00f3n macizo para ofrecer una fuerza y una resistencia a la corrosi\u00f3n superiores, est\u00e1n dise\u00f1adas para cristales de 6 a 10 mm de grosor y pueden soportar hasta 45 kg por cada dos bisagras. El \u00e1ngulo ajustable de la bisagra permite un ajuste preciso durante la instalaci\u00f3n, mientras que las tapas de la bola de resorte ocultan los tornillos para una apariencia elegante y refinada.<\/p>\n<p data-start=\"1019\" data-end=\"1281\">La funci\u00f3n de autocierre a unos 30\u00b0 garantiza un cierre suave y controlado, ayudando a mantener el agua dentro de la ducha. Con un rango de apertura de 180\u00b0, el SGH204 es adecuado para conexiones de paneles de cristal en l\u00ednea en ba\u00f1os residenciales o comerciales de gama alta.<\/p>\n<p data-start=\"1283\" data-end=\"1302\"><strong data-start=\"1283\" data-end=\"1300\">Caracter\u00edsticas clave:<\/strong><\/p>\n<ul data-start=\"1303\" data-end=\"1796\">\n<li data-start=\"1303\" data-end=\"1355\">\n<p data-start=\"1305\" data-end=\"1355\"><strong data-start=\"1305\" data-end=\"1314\">Tipo:<\/strong> Bisagras de 180\u00b0 para puertas de ducha de cristal a cristal<\/p>\n<\/li>\n<li data-start=\"1356\" data-end=\"1425\">\n<p data-start=\"1358\" data-end=\"1425\"><strong data-start=\"1358\" data-end=\"1371\">Material:<\/strong> Lat\u00f3n macizo para mayor durabilidad y resistencia a la corrosi\u00f3n<\/p>\n<\/li>\n<li data-start=\"1426\" data-end=\"1478\">\n<p data-start=\"1428\" data-end=\"1478\"><strong data-start=\"1428\" data-end=\"1452\">Compatibilidad de vidrio:<\/strong> Se adapta a cristales de 6-10 mm de grosor<\/p>\n<\/li>\n<li data-start=\"1479\" data-end=\"1536\">\n<p data-start=\"1481\" data-end=\"1536\"><strong data-start=\"1481\" data-end=\"1499\">Capacidad de carga:<\/strong> Soporta hasta 45 kg por cada dos bisagras<\/p>\n<\/li>\n<li data-start=\"1537\" data-end=\"1587\">\n<p data-start=\"1539\" data-end=\"1587\"><strong data-start=\"1539\" data-end=\"1556\">Autocierre:<\/strong> Se cierra autom\u00e1ticamente a ~30<\/p>\n<\/li>\n<li data-start=\"1588\" data-end=\"1655\">\n<p data-start=\"1590\" data-end=\"1655\"><strong data-start=\"1590\" data-end=\"1608\">Ajustabilidad:<\/strong> \u00c1ngulo de bisagra ajustable para una alineaci\u00f3n precisa<\/p>\n<\/li>\n<li data-start=\"1656\" data-end=\"1713\">\n<p data-start=\"1658\" data-end=\"1713\"><strong data-start=\"1658\" data-end=\"1669\">Dise\u00f1o:<\/strong> Tapones de bola de resorte para un acabado limpio<\/p>\n<\/li>\n<li data-start=\"1714\" data-end=\"1796\">\n<p data-start=\"1716\" data-end=\"1796\"><strong data-start=\"1716\" data-end=\"1733\">Aplicaciones:<\/strong> Mamparas de ducha de cristal sin marco en viviendas, hoteles y spas<\/p>\n<\/li>\n<\/ul>\n<p data-start=\"1798\" data-end=\"1819\"><strong data-start=\"1798\" data-end=\"1817\">Especificaciones:<\/strong><\/p>\n<ul data-start=\"1820\" data-end=\"2134\">\n<li data-start=\"1820\" data-end=\"1841\">\n<p data-start=\"1822\" data-end=\"1841\"><strong data-start=\"1822\" data-end=\"1832\">Modelo:<\/strong> SGH204<\/p>\n<\/li>\n<li data-start=\"1842\" data-end=\"1882\">\n<p data-start=\"1844\" data-end=\"1882\"><strong data-start=\"1844\" data-end=\"1853\">Tipo:<\/strong> Bisagra de cristal a cristal, 180<\/p>\n<\/li>\n<li data-start=\"1883\" data-end=\"1906\">\n<p data-start=\"1885\" data-end=\"1906\"><strong data-start=\"1885\" data-end=\"1898\">Material:<\/strong> Lat\u00f3n<\/p>\n<\/li>\n<li data-start=\"1907\" data-end=\"1943\">\n<p data-start=\"1909\" data-end=\"1943\"><strong data-start=\"1909\" data-end=\"1934\">Se adapta al grosor del cristal:<\/strong> 6-10 mm<\/p>\n<\/li>\n<li data-start=\"1944\" data-end=\"1978\">\n<p data-start=\"1946\" data-end=\"1978\"><strong data-start=\"1946\" data-end=\"1964\">Capacidad de carga:<\/strong> 45kg \/ 2pcs<\/p>\n<\/li>\n<li data-start=\"1979\" data-end=\"2011\">\n<p data-start=\"1981\" data-end=\"2011\"><strong data-start=\"1981\" data-end=\"2004\">\u00c1ngulo de autocierre:<\/strong> ~30\u00b0<\/p>\n<\/li>\n<li data-start=\"2012\" data-end=\"2039\">\n<p data-start=\"2014\" data-end=\"2039\"><strong data-start=\"2014\" data-end=\"2032\">Rango de apertura:<\/strong> 180\u00b0<\/p>\n<\/li>\n<li data-start=\"2040\" data-end=\"2134\">\n<p data-start=\"2042\" data-end=\"2134\"><strong data-start=\"2042\" data-end=\"2061\">Opciones de acabado:<\/strong> Cromo pulido, Oro pulido, N\u00edquel cepillado, Gun Metal, Negro mate<\/p>\n<\/li>\n<\/ul>","protected":false},"excerpt":{"rendered":"<ul>\n<li>Material: lat\u00f3n<\/li>\n<li>Espesor del vidrio: 6\u201310 mm<\/li>\n<li>Autocierre a unos 30\u00b0<\/li>\n<li>M\u00e1x. peso de la puerta de vidrio: 45 kg \/ 2 piezas<\/li>\n<li>\u00c1ngulo de bisagra ajustable<\/li>\n<li>Tapas protectoras de bolas de resorte<\/li>\n<li>Acabado: Cromo Pulido; Oro pulido; Niquel pulido; Metal de pistola; Negro mate<\/li>\n<\/ul>","protected":false},"featured_media":2298,"comment_status":"open","ping_status":"closed","template":"","meta":{"_acf_changed":false},"product_brand":[],"product_cat":[20,22],"product_tag":[171],"class_list":{"0":"post-801","1":"product","2":"type-product","3":"status-publish","4":"has-post-thumbnail","6":"product_cat-shower-door-hinges","7":"product_cat-glass-to-glass-hinges","8":"product_tag-glass-to-glass-hinges","9":"pa_finish-brushed-nickel","10":"pa_finish-chrome","11":"pa_finish-gold","12":"pa_finish-gun-metal","13":"pa_finish-black","14":"pa_glass-thickness-6-10-mm","15":"pa_load-bearing-45kg-2pcs","16":"pa_material-brass","18":"first","19":"instock","20":"purchasable","21":"product-type-variable","22":"has-default-attributes"},"acf":[],"_links":{"self":[{"href":"https:\/\/showerglasshardware.com\/es-es\/wp-json\/wp\/v2\/product\/801","targetHints":{"allow":["GET"]}}],"collection":[{"href":"https:\/\/showerglasshardware.com\/es-es\/wp-json\/wp\/v2\/product"}],"about":[{"href":"https:\/\/showerglasshardware.com\/es-es\/wp-json\/wp\/v2\/types\/product"}],"replies":[{"embeddable":true,"href":"https:\/\/showerglasshardware.com\/es-es\/wp-json\/wp\/v2\/comments?post=801"}],"version-history":[{"count":3,"href":"https:\/\/showerglasshardware.com\/es-es\/wp-json\/wp\/v2\/product\/801\/revisions"}],"predecessor-version":[{"id":4696,"href":"https:\/\/showerglasshardware.com\/es-es\/wp-json\/wp\/v2\/product\/801\/revisions\/4696"}],"wp:featuredmedia":[{"embeddable":true,"href":"https:\/\/showerglasshardware.com\/es-es\/wp-json\/wp\/v2\/media\/2298"}],"wp:attachment":[{"href":"https:\/\/showerglasshardware.com\/es-es\/wp-json\/wp\/v2\/media?parent=801"}],"wp:term":[{"taxonomy":"product_brand","embeddable":true,"href":"https:\/\/showerglasshardware.com\/es-es\/wp-json\/wp\/v2\/product_brand?post=801"},{"taxonomy":"product_cat","embeddable":true,"href":"https:\/\/showerglasshardware.com\/es-es\/wp-json\/wp\/v2\/product_cat?post=801"},{"taxonomy":"product_tag","embeddable":true,"href":"https:\/\/showerglasshardware.com\/es-es\/wp-json\/wp\/v2\/product_tag?post=801"}],"curies":[{"name":"wp","href":"https:\/\/api.w.org\/{rel}","templated":true}]}}